{"id":72277,"date":"2015-10-06T12:21:51","date_gmt":"2015-10-06T12:21:51","guid":{"rendered":"http:\/\/www.kovan.si\/de\/kovan-proizvodnja-kovinskih-izdelkov\/"},"modified":"2023-06-30T12:17:31","modified_gmt":"2023-06-30T12:17:31","slug":"kovan-loesungen-des-herstellungsprozesses","status":"publish","type":"page","link":"https:\/\/www.kovan.si\/de\/","title":{"rendered":"Kovan \u2013  L\u00f6sungen des Herstellungsprozesses"},"content":{"rendered":"<p>[vc_row type=&#8221;full_page_width&#8221; padding_top=&#8221;&#8221; padding_bottom=&#8221;&#8221; css=&#8221;.vc_custom_1451747024312{margin-bottom: 12px !important;}&#8221;][vc_column css=&#8221;.vc_custom_1451675335363{margin-bottom: -35px !important;padding-right: 0px !important;padding-left: 0px !important;}&#8221;][layerslider_vc id=&#8221;3&#8243;][\/vc_column][\/vc_row][vc_row type=&#8221;container&#8221; css=&#8221;.vc_custom_1477211790261{margin-bottom: 0px !important;}&#8221;][vc_column width=&#8221;5\/6&#8243; offset=&#8221;vc_hidden-lg vc_hidden-md&#8221; css=&#8221;.vc_custom_1477211830660{margin-bottom: -40px !important;}&#8221;][vc_column_text]<a href=\"http:\/\/www.bisnode.si\/produkti-in-resitve\/aaa\" target=\"_blank\" rel=\"noopener noreferrer\"><img loading=\"lazy\" class=\"aligncenter\" src=\"http:\/\/aaa.bisnode.si\/banner\/banner_bonitetna_ocena.php?id=2372380&amp;type=2&amp;lang=en\" width=\"372\" height=\"100\" border=\"0\" \/><\/a>[\/vc_column_text][\/vc_column][vc_column width=&#8221;1\/6&#8243; css=&#8221;.vc_custom_1477211871066{margin-bottom: 0px !important;}&#8221;][\/vc_column][\/vc_row][vc_row type=&#8221;container&#8221; padding_top=&#8221;&#8221; padding_bottom=&#8221;&#8221; css=&#8221;.vc_custom_1451747032411{margin-bottom: 12px !important;}&#8221;][vc_column][vc_column_text]<\/p>\n<h3 style=\"text-align: center;\">Unsere Einzigartigkeit zeigt sich im ganzen Spektrum des Einkaufsprozesses, und unsere Qualit\u00e4t wird st\u00e4ndig durch schnelleLieferzeiten und den besten Preisen im Vergleich zu Qualit\u00e4t best\u00e4tigt. Das Resultat \u2013 Kundenzufriedenheit! \u00a0<a href=\"\/?page_id=72928\">Holen Sie sich das Angebot.<\/a><\/h3>\n<p>[\/vc_column_text][\/vc_column][\/vc_row][vc_row video_bg=&#8221;yes&#8221; video_bg_url=&#8221;&#8221; video_bg_parallax=&#8221;content-moving&#8221; type=&#8221;container&#8221; padding_top=&#8221;&#8221; padding_bottom=&#8221;&#8221; css=&#8221;.vc_custom_1476999597522{margin-bottom: 15px !important;}&#8221;][vc_column width=&#8221;1\/3&#8243;][vc_single_image image=&#8221;72318&#8243; img_size=&#8221;640&#215;320&#8243; onclick=&#8221;custom_link&#8221; link=&#8221;http:\/\/www.kovan.si\/de\/herstellungsprogramm\/&#8221; el_class=&#8221;zoom&#8221; css=&#8221;.vc_custom_1483616841306{margin-bottom: -10px !important;}&#8221;][vc_column_text]<\/p>\n<h4 class=\"feature\"><a href=\"\/?page_id=72284\">Herstellungsprogramm<\/a><\/h4>\n<p><span style=\"color: #999999;\">Wir konzentrieren uns auf die Herstellung von wichtigen Ersatzteile f\u00fcr verschiedene Applikationen<\/span>[\/vc_column_text][\/vc_column][vc_column width=&#8221;1\/3&#8243;][vc_single_image image=&#8221;72370&#8243; img_size=&#8221;640&#215;320&#8243; onclick=&#8221;custom_link&#8221; link=&#8221;http:\/\/www.kovan.si\/de\/dienstleistungen\/&#8221; el_class=&#8221;zoom&#8221; css=&#8221;.vc_custom_1483616903308{margin-bottom: -10px !important;}&#8221;][vc_column_text]<\/p>\n<h4 class=\"feature\"><a href=\"\/?page_id=72850\">Dienstleistungen<\/a><\/h4>\n<p><span style=\"color: #999999;\">Wir f\u00fchren verschiedene Dienstleistungen von mechanischen und W\u00e4rmebehandlungen durch.<\/span>[\/vc_column_text][\/vc_column][vc_column width=&#8221;1\/3&#8243;][vc_single_image image=&#8221;72719&#8243; img_size=&#8221;640&#215;320&#8243; onclick=&#8221;custom_link&#8221; link=&#8221;http:\/\/www.kovan.si\/de\/vertretungsprogramm\/&#8221; el_class=&#8221;zoom&#8221; css=&#8221;.vc_custom_1483616925810{margin-bottom: -10px !important;}&#8221;][vc_column_text]<\/p>\n<h4 class=\"feature\"><a href=\"\/?page_id=72862\">Vertretungsprogramm<\/a><\/h4>\n<p><span style=\"color: #999999;\">Wir vertreten angesehene Maschinenhersteller der Stahlindustrie.<\/span>[\/vc_column_text][\/vc_column][\/vc_row][vc_row type=&#8221;container&#8221; padding_top=&#8221;&#8221; padding_bottom=&#8221;&#8221; css=&#8221;.vc_custom_1451746999255{margin-bottom: 35px !important;}&#8221;][vc_column width=&#8221;1\/3&#8243;][vc_single_image image=&#8221;72403&#8243; img_size=&#8221;large&#8221; onclick=&#8221;custom_link&#8221; link=&#8221;http:\/\/www.kovan.si\/de\/schwarzmetalurgie-vermarktung\/&#8221; el_class=&#8221;zoom&#8221; css=&#8221;.vc_custom_1483616954394{margin-bottom: -10px !important;}&#8221;][vc_column_text]<\/p>\n<h4 class=\"feature\"><a href=\"\/?page_id=72903\">Verkauf der Schwarzmetalurgie<\/a><\/h4>\n<p><span style=\"color: #999999;\">Auf einer Stelle k\u00f6nnen sie sich die Vorleistungsg\u00fcter, wie Stahl, Stahlrohre und so weiter besorgen.<\/span>[\/vc_column_text][\/vc_column][vc_column width=&#8221;1\/3&#8243;][vc_single_image image=&#8221;72580&#8243; img_size=&#8221;640&#215;320&#8243; onclick=&#8221;custom_link&#8221; link=&#8221;http:\/\/www.kovan.si\/de\/ersatzteile-fuer-alle-arten-von-baumaschinen\/&#8221; el_class=&#8221;zoom&#8221; css=&#8221;.vc_custom_1483616999020{margin-bottom: -10px !important;}&#8221;][vc_column_text]<\/p>\n<h4 class=\"feature\"><a href=\"\/?page_id=72854\">Teile f\u00fcr alle Baumaschinen<\/a><\/h4>\n<p><span style=\"color: #999999;\">Wir bieten eine breite Palette von Ersatzteilen f\u00fcr alle Arten von Baumaschinen.<\/span>[\/vc_column_text][\/vc_column][vc_column width=&#8221;1\/3&#8243;][vc_single_image image=&#8221;72670&#8243; img_size=&#8221;640&#215;320&#8243; onclick=&#8221;custom_link&#8221; link=&#8221;http:\/\/www.kovan.si\/de\/qualitaetssicherung\/&#8221; el_class=&#8221;zoom&#8221; css=&#8221;.vc_custom_1483617122423{margin-bottom: -10px !important;}&#8221;][vc_column_text]<\/p>\n<h4 class=\"feature\"><a href=\"\/?page_id=72920\">Qualit\u00e4tssicherung <\/a><\/h4>\n<p><span style=\"color: #999999;\">Die Qualit\u00e4tssicherung h\u00e4lt und erh\u00f6ht den Marktteil auf jedem Schritt.<\/span>[\/vc_column_text][\/vc_column][\/vc_row][vc_row type=&#8221;container&#8221; padding_top=&#8221;&#8221; padding_bottom=&#8221;&#8221; css=&#8221;.vc_custom_1444833000148{margin-bottom: 15px !important;}&#8221;][vc_column][vc_separator color=&#8221;#e0e0e0&#8243; type=&#8221;normal&#8221; thickness=&#8221;1&#8243; up=&#8221;&#8221; down=&#8221;&#8221;][\/vc_column][\/vc_row][vc_row type=&#8221;container&#8221; padding_top=&#8221;&#8221; padding_bottom=&#8221;&#8221; css=&#8221;.vc_custom_1476989606037{margin-bottom: 10px !important;padding-top: 10px !important;}&#8221;][vc_column css=&#8221;.vc_custom_1451773427166{margin-bottom: 0px !important;}&#8221;][vc_column_text css=&#8221;.vc_custom_1483617327648{margin-bottom: 0px !important;}&#8221;]<\/p>\n<h2 style=\"margin-top: 22px;\">\u00dcber uns<\/h2>\n<p>[\/vc_column_text][vc_column_text]<\/p>\n<h5 style=\"text-align: justify;\"><span style=\"color: #666666;\">Die Geschichte des Unternehmens reicht ins Jahr 2002 zur\u00fcck, als der Einzelunternehmer Andrej \u010crnkovi\u010d die Firma gr\u00fcndete, die im Jahr 2008 in Kovan GmbH umbenannt wurde. Von der Gr\u00fcndung bis heute besteht unser Team aus <strong>jungen<\/strong>, <strong>erfolgreichen<\/strong> und vor allem sehr <strong>ambiti\u00f6sen<\/strong> Angestellten. Zus\u00e4tzliche Ausbildung und der Transfer neuer Kenntnisse steht bei uns im Vordergrund. Von Jahr zu Jahr streben wir nach einer gr\u00f6\u00dferen Spezialisierung und der Erf\u00fcllung unserer Ziele, damit die Entwicklung neuer Produkte, die Verbesserung der Technologie und die Anpassung an die Umgebung m\u00f6glich sind.<\/span><\/h5>\n<h5 style=\"text-align: justify;\"><span style=\"color: #666666;\">Das Unternehmen besteht aus der <strong>Produktion<\/strong> und <strong>Marketing<\/strong>. Die Haupteigenschaften der Produktion umfassen die Fertigung verschiedener Maschinenteilen, Dreharbeit, Fr\u00e4sen, Schwei\u00dfen, Innen- und Au\u00dfenverzahnung, Bands\u00e4gen, induktives H\u00e4rten, Verbrennung der gebrochenen Gewindebohrer oder Schrauben in verschiedenen Geh\u00e4usen, Ultraschallkontrolle, Kontrollvermessung der Oberfl\u00e4chenbehandlung und Produkth\u00e4rte, und Sanierung der Gleitelemente auf Arbeitsmaschinen. <\/span><\/h5>\n<h5 style=\"text-align: justify;\"><span style=\"color: #666666;\">Das<strong> Marketing<\/strong> konzentriert sich aber vor allem an die Handlung der Materiale gebraucht in der Schwarzmetallurgie (Schmiedest\u00fccke, Gussst\u00fccke, Walzringe, Stahl, dickwandige Rohre, Hydraulikrohre und so weiter). Ein sicheres und konkurrierendes Angebot vor allem bei der Lieferung schwer lieferbarer Materiale von nicht-standardisierten Dimensionen zeichnet uns aus. Wir besch\u00e4ftigen uns auch mit dem Verkauf von Maschinen und Werkzeugen f\u00fcr internationale Hersteller in der Stahlindustrie. Unser Angebot umfasst das ganze Spektrum von L\u00f6sungen des Herstellungsprozesses, von den Materialen zum Zerschnitt, Werkzeugmaschinen, und Werkzeugen bis zu den Ger\u00e4ten f\u00fcr die Manipulation und der finalen Markierung. <\/span><\/h5>\n<p>[\/vc_column_text][\/vc_column][\/vc_row][vc_row type=&#8221;container&#8221; padding_top=&#8221;&#8221; padding_bottom=&#8221;&#8221; css=&#8221;.vc_custom_1449270557833{margin-bottom: 75px !important;}&#8221;][vc_column][vc_separator color=&#8221;#e0e0e0&#8243; type=&#8221;normal&#8221; thickness=&#8221;1&#8243; up=&#8221;&#8221; down=&#8221;20px&#8221;][vc_column_text css=&#8221;.vc_custom_1483617780520{margin-top: 30px !important;margin-bottom: 30px !important;}&#8221;]<\/p>\n<h2 style=\"margin-top: 52px;\">Unsere Partner<\/h2>\n<p>[\/vc_column_text]        \n\t<script type=\"text\/javascript\">\n\n\tjQuery(document).ready(function($) {\n\n\t\t$(\"#owlslider_1120476597\").owlCarousel({\n\t\t\tautoPlay: 4000, \n\t\t\titems : 5,\n\t\t\tpagination : false,\n\t\t\tstopOnHover : true,\n\t\t\titemsDesktop : [1199,4],\n\t\t\titemsDesktopSmall : [979,3]\n\t\t}); \n\t});\n\n\t<\/script>\n\n<div class=\"cg-logos\">\n\t<div class=\"row\">\n\t\t<div id=\"owlslider_1120476597\" class=\"owl-carousel\">\n\t\t\t\t\t\t\t\n\t\t\t\t\n\t\t\t\t<div class=\"item\">\n\t\t\t\t\t<a href=\"http:\/\/www.ermaksan.com.tr\">\n\t\t\t\t\t\t<img alt=\"logo\" src=\"http:\/\/www.kovan.si\/wp-content\/uploads\/2016\/10\/Ermaksan-6.png\">\n\t\t\t\t\t<\/a>\n\t\t\t\t<\/div>\n\n\t\t\t\n\t\t\t\t\n\t\t\t\t<div class=\"item\">\n\t\t\t\t\t<a href=\"http:\/\/www.sahinlermetal.com\">\n\t\t\t\t\t\t<img alt=\"logo\" src=\"http:\/\/www.kovan.si\/wp-content\/uploads\/2016\/10\/Sahinler_Isitan-2.png\">\n\t\t\t\t\t<\/a>\n\t\t\t\t<\/div>\n\n\t\t\t\n\t\t\t\t\n\t\t\t\t<div class=\"item\">\n\t\t\t\t\t<a href=\"http:\/\/www.sic-marking.com\">\n\t\t\t\t\t\t<img alt=\"logo\" src=\"http:\/\/www.kovan.si\/wp-content\/uploads\/2016\/10\/SIC-2.png\">\n\t\t\t\t\t<\/a>\n\t\t\t\t<\/div>\n\n\t\t\t\n\t\t\t\t\n\t\t\t\t<div class=\"item\">\n\t\t\t\t\t<a href=\"http:\/\/www.messer-cs.com\">\n\t\t\t\t\t\t<img alt=\"logo\" src=\"http:\/\/www.kovan.si\/wp-content\/uploads\/2016\/10\/Messer.png\">\n\t\t\t\t\t<\/a>\n\t\t\t\t<\/div>\n\n\t\t\t\n\t\t\t\t\n\t\t\t\t<div class=\"item\">\n\t\t\t\t\t<a href=\"http:\/\/www.geka.es\">\n\t\t\t\t\t\t<img alt=\"logo\" src=\"http:\/\/www.kovan.si\/wp-content\/uploads\/2016\/10\/Geka-1.png\">\n\t\t\t\t\t<\/a>\n\t\t\t\t<\/div>\n\n\t\t\t\n\t\t\t\t\n\t\t\t\t<div class=\"item\">\n\t\t\t\t\t<a href=\"www.tractel.com\">\n\t\t\t\t\t\t<img alt=\"logo\" src=\"http:\/\/www.kovan.si\/wp-content\/uploads\/2016\/10\/Tractel.png\">\n\t\t\t\t\t<\/a>\n\t\t\t\t<\/div>\n\n\t\t\t\t\t\t\n\t\t\t\n\t\t<\/div>\n\t<\/div>\n<\/div>\n\n[\/vc_column][\/vc_row][vc_row type=&#8221;container&#8221; padding_top=&#8221;&#8221; padding_bottom=&#8221;&#8221; css=&#8221;.vc_custom_1476912254940{margin-right: 15px !important;margin-bottom: 65px !important;margin-left: 15px !important;border-top-width: 1px !important;border-right-width: 1px !important;border-bottom-width: 1px !important;border-left-width: 1px !important;padding-top: 20px !important;padding-bottom: 10px !important;border-left-color: #e0e0e0 !important;border-left-style: solid !important;border-right-color: #e0e0e0 !important;border-right-style: solid !important;border-top-color: #e0e0e0 !important;border-top-style: solid !important;border-bottom-color: #e0e0e0 !important;border-bottom-style: solid !important;}&#8221;][vc_column][vc_row_inner css=&#8221;.vc_custom_1449279899888{margin-bottom: 0px !important;}&#8221;][vc_column_inner][vc_column_text css=&#8221;.vc_custom_1481223694247{margin-bottom: 20px !important;}&#8221;]<\/p>\n<h4 style=\"text-align: center;\">Wir beherrschen das ganze Spektrum der Stahlindustrie, lassen Sie uns Ihr Nummer Eins Lieferkontakt sein.<\/h4>\n<p>[\/vc_column_text][\/vc_column_inner][\/vc_row_inner][vc_row_inner css=&#8221;.vc_custom_1451746561576{margin-bottom: -10px !important;}&#8221;][vc_column_inner width=&#8221;1\/4&#8243;][\/vc_column_inner][vc_column_inner width=&#8221;2\/4&#8243;][vc_btn title=&#8221;Mehr \u00fcber Uns! \u2013 Onlineanfrageform!&#8221; shape=&#8221;square&#8221; color=&#8221;orange&#8221; size=&#8221;lg&#8221; align=&#8221;center&#8221; link=&#8221;url:https%3A%2F%2Fwww.kovan.si%2Fde%2Fkontakte%2F|title:Kontakte||&#8221; el_class=&#8221;kovan-orange&#8221;][\/vc_column_inner][vc_column_inner width=&#8221;1\/4&#8243;][\/vc_column_inner][\/vc_row_inner][vc_row_inner][vc_column_inner width=&#8221;1\/4&#8243;][\/vc_column_inner][vc_column_inner width=&#8221;2\/4&#8243;][\/vc_column_inner][vc_column_inner width=&#8221;1\/4&#8243;][\/vc_column_inner][\/vc_row_inner][\/vc_column][\/vc_row][vc_row type=&#8221;full_page_width_inner_container&#8221; padding_top=&#8221;&#8221; padding_bottom=&#8221;&#8221; css=&#8221;.vc_custom_1451746382893{margin-bottom: 0px !important;padding-top: 15px !important;padding-bottom: 55px !important;background: #1a1a1a url(http:\/\/factory.commercegurus.com\/wp-content\/uploads\/2015\/10\/glass_bg.jpg?id=70876) !important;background-position: center !important;background-repeat: no-repeat !important;background-size: cover !important;}&#8221;][vc_column][vc_column_text css=&#8221;.vc_custom_1483620376413{margin-bottom: 25px !important;}&#8221;]<\/p>\n<h2 style=\"text-align: center;\"><span style=\"color: #ffffff;\">Was tun Sie Ihren Partner<\/span><\/h2>\n<p>[\/vc_column_text][vc_separator color=&#8221;#3c3c3c&#8221; type=&#8221;normal&#8221; thickness=&#8221;1&#8243; up=&#8221;&#8221; down=&#8221;&#8221;][vc_tta_pageable no_fill_content_area=&#8221;1&#8243; autoplay=&#8221;4&#8243; active_section=&#8221;1&#8243; pagination_style=&#8221;outline-square&#8221; pagination_color=&#8221;white&#8221;][vc_tta_section title=&#8221;Section 1&#8243; tab_id=&#8221;1476904887994-e70039d4-8659&#8243;][vc_single_image image=&#8221;72587&#8243; img_size=&#8221;medium&#8221; alignment=&#8221;center&#8221; css_animation=&#8221;top-to-bottom&#8221; css=&#8221;.vc_custom_1476343540387{margin-bottom: 0px !important;}&#8221;][vc_column_text css_animation=&#8221;bottom-to-top&#8221;]<\/p>\n<h5><span style=\"color: #ffffff;\">Kovan ist f\u00fcr uns ein langj\u00e4hriger und strategisch wichtiger Partner, und unterst\u00fctzt uns in unseren Anwendungen mit Ihrem know how. Die Lieferungen sowie die schnellen Reaktionen auf Sonderw\u00fcnsche sind bei unseren knapp kalkulierten Durchlaufzeiten sehr zuverl\u00e4ssig, und erlauben uns, unsere Kunden bestm\u00f6glich zufriedenzustellen.<\/span><\/h5>\n<p>Die Qualit\u00e4t entspricht und \u00fcbertrifft teilweise unsere hohen Anforderungen, durch Verwendung eines h\u00f6herwertigeren Materials.<\/p>\n<p><span style=\"color: #666666;\">Vodja upravljanja z materiali.<\/span>[\/vc_column_text][\/vc_tta_section][vc_tta_section title=&#8221;Section 2&#8243; tab_id=&#8221;1476904888111-84d37570-381c&#8221;][vc_single_image image=&#8221;72717&#8243; img_size=&#8221;medium&#8221; alignment=&#8221;center&#8221; css_animation=&#8221;top-to-bottom&#8221; css=&#8221;.vc_custom_1476906076399{margin-bottom: 0px !important;}&#8221;][vc_column_text css_animation=&#8221;bottom-to-top&#8221;]<\/p>\n<h5><span style=\"color: #ffffff;\">Als langj\u00e4hriger Partner des Unternehmens Kovan sch\u00e4tze ich die hohe Qualit\u00e4t der Produkte, die absolute Liefertreue, als auch die Flexibilit\u00e4t bei \u00c4nderungen von Lieferterminen und Produkten, um den Kunden zu 100% zufrieden zu stellen\u201c<\/span><\/h5>\n<p><span style=\"color: #666666;\">Christian Bischoff<\/span>[\/vc_column_text][\/vc_tta_section][\/vc_tta_pageable][vc_row_inner css=&#8221;.vc_custom_1451746355599{margin-bottom: -20px !important;padding-top: 40px !important;}&#8221;][vc_column_inner width=&#8221;1\/2&#8243; css=&#8221;.vc_custom_1449529391432{margin-bottom: 35px !important;}&#8221;][\/vc_column_inner][vc_column_inner width=&#8221;1\/2&#8243; css=&#8221;.vc_custom_1449529401726{margin-bottom: 35px !important;}&#8221;][\/vc_column_inner][\/vc_row_inner][vc_separator color=&#8221;#3c3c3c&#8221; type=&#8221;normal&#8221; thickness=&#8221;1&#8243; up=&#8221;&#8221; down=&#8221;&#8221;][\/vc_column][\/vc_row]<\/p>\n","protected":false},"excerpt":{"rendered":"<p>[vc_row type=&#8221;full_page_width&#8221; padding_top=&#8221;&#8221; padding_bottom=&#8221;&#8221; css=&#8221;.vc_custom_1451747024312{margin-bottom: 12px !important;}&#8221;][vc_column css=&#8221;.vc_custom_1451675335363{margin-bottom: -35px !important;padding-right: 0px !important;padding-left: 0px !important;}&#8221;][layerslider_vc id=&#8221;3&#8243;][\/vc_column][\/vc_row][vc_row type=&#8221;container&#8221; css=&#8221;.vc_custom_1477211790261{margin-bottom: 0px !important;}&#8221;][vc_column width=&#8221;5\/6&#8243; offset=&#8221;vc_hidden-lg vc_hidden-md&#8221; css=&#8221;.vc_custom_1477211830660{margin-bottom: -40px !important;}&#8221;][vc_column_text][\/vc_column_text][\/vc_column][vc_column width=&#8221;1\/6&#8243; css=&#8221;.vc_custom_1477211871066{margin-bottom: 0px !important;}&#8221;][\/vc_column][\/vc_row][vc_row type=&#8221;container&#8221; padding_top=&#8221;&#8221; padding_bottom=&#8221;&#8221; css=&#8221;.vc_custom_1451747032411{margin-bottom: 12px !important;}&#8221;][vc_column][vc_column_text] Unsere Einzigartigkeit zeigt sich im ganzen Spektrum des Einkaufsprozesses, und unsere Qualit\u00e4t wird st\u00e4ndig durch schnelleLieferzeiten und den besten Preisen [&hellip;]<\/p>\n","protected":false},"author":1,"featured_media":0,"parent":0,"menu_order":0,"comment_status":"closed","ping_status":"closed","template":"page-full-width.php","meta":[],"yst_prominent_words":[],"_links":{"self":[{"href":"https:\/\/www.kovan.si\/de\/wp-json\/wp\/v2\/pages\/72277"}],"collection":[{"href":"https:\/\/www.kovan.si\/de\/wp-json\/wp\/v2\/pages"}],"about":[{"href":"https:\/\/www.kovan.si\/de\/wp-json\/wp\/v2\/types\/page"}],"author":[{"embeddable":true,"href":"https:\/\/www.kovan.si\/de\/wp-json\/wp\/v2\/users\/1"}],"replies":[{"embeddable":true,"href":"https:\/\/www.kovan.si\/de\/wp-json\/wp\/v2\/comments?post=72277"}],"version-history":[{"count":19,"href":"https:\/\/www.kovan.si\/de\/wp-json\/wp\/v2\/pages\/72277\/revisions"}],"predecessor-version":[{"id":87610,"href":"https:\/\/www.kovan.si\/de\/wp-json\/wp\/v2\/pages\/72277\/revisions\/87610"}],"wp:attachment":[{"href":"https:\/\/www.kovan.si\/de\/wp-json\/wp\/v2\/media?parent=72277"}],"wp:term":[{"taxonomy":"yst_prominent_words","embeddable":true,"href":"https:\/\/www.kovan.si\/de\/wp-json\/wp\/v2\/yst_prominent_words?post=72277"}],"curies":[{"name":"wp","href":"https:\/\/api.w.org\/{rel}","templated":true}]}}