{"id":72838,"date":"2016-10-12T15:37:40","date_gmt":"2016-10-12T15:37:40","guid":{"rendered":"http:\/\/www.kovan.si\/de\/proizvodni-program\/pastorki-in-zobniki\/"},"modified":"2017-01-04T11:51:05","modified_gmt":"2017-01-04T11:51:05","slug":"ritzel-und-zahnraeder","status":"publish","type":"page","link":"https:\/\/www.kovan.si\/de\/herstellungsprogramm\/ritzel-und-zahnraeder\/","title":{"rendered":"Ritzel und Zahnr\u00e4der"},"content":{"rendered":"<p>[vc_row type=&#8221;container&#8221; padding_top=&#8221;&#8221; padding_bottom=&#8221;&#8221; css=&#8221;.vc_custom_1449576470084{margin-bottom: 0px !important;}&#8221;][vc_column width=&#8221;1\/2&#8243;][vc_column_text]Kovan GmbH fertigt Ritzel und Zahnr\u00e4der von verschiedenen Formen und Dimensionen nach technischer Dokumentation oder nach Modell.<\/p>\n<ul>\n<li>Zahnr\u00e4der mit innen- und Au\u00dfenverzahnung<\/li>\n<li>Zylinderr\u00e4der<\/li>\n<li>Kegelr\u00e4der<\/li>\n<li>Zyklo-Palloid Zahnr\u00e4der<\/li>\n<li>Zahnkupplungen<\/li>\n<li>Verschiedene Formen von Ritzeln<\/li>\n<\/ul>\n<p>Sie sind in Bau- oder Bergbaumaschinen, Kr\u00e4nen, Transportger\u00e4ten und anderen Applikationen gebraucht.<\/p>\n<p>Die Ritzel und Zahnr\u00e4der sind aus hochwertigen Materialen hergestellt. Diese Materiale sind von angesehenen europ\u00e4ischen Lieferanten gekauft (42CrMo4V, 30CrNiMo8V, 16MnCr5, Ck 45, St 52-3, X2CrNiMoN 2253 und so weiter).<\/p>\n<p>Alle Ritzel und Zahnr\u00e4der sind nach Standard-Norm und Qualit\u00e4t hergestellt. Auf den Wunsch des Kunden k\u00f6nnen wir auch andere Zertifikate bekommen (Lloyd&#8217;s Zertifikat, DNV, ABS, GL und andere).<\/p>\n<p>Die Ritzel und Zahnr\u00e4der k\u00f6nnen nach Kundenwunsch thermisch- oder chemisch bearbeitet werden.<\/p>\n<ul>\n<li>induktives H\u00e4rten<\/li>\n<li>H\u00e4rten in der Schutzatmosph\u00e4re<\/li>\n<li>mit Nickel<\/li>\n<li>Zementierung<\/li>\n<li>Verzinkung (wei\u00df, schwarz, golden und so weiter)<\/li>\n<li>Hartverchromung<\/li>\n<li>und mehr<\/li>\n<\/ul>\n<p>[\/vc_column_text][\/vc_column][vc_column width=&#8221;1\/2&#8243;][vc_images_carousel images=&#8221;71967,71199,71200,71201,71202,71203&#8243; img_size=&#8221;390&#215;267&#8243; mode=&#8221;vertical&#8221; autoplay=&#8221;yes&#8221; wrap=&#8221;yes&#8221; css=&#8221;.vc_custom_1477046006424{margin-bottom: 0px !important;padding-bottom: 0px !important;}&#8221;][\/vc_column][\/vc_row][vc_row type=&#8221;container&#8221; padding_top=&#8221;&#8221; padding_bottom=&#8221;&#8221; css=&#8221;.vc_custom_1444503683289{margin-bottom: 0px !important;}&#8221;][vc_column][vc_separator color=&#8221;#e2e2e2&#8243; type=&#8221;normal&#8221; thickness=&#8221;1&#8243; up=&#8221;&#8221; down=&#8221;&#8221; el_class=&#8221;dotted&#8221;][\/vc_column][\/vc_row][vc_row type=&#8221;container&#8221; padding_top=&#8221;&#8221; padding_bottom=&#8221;&#8221;][vc_column][vc_column_text]<\/p>\n<h2>Holen Sie sich das Angebot<\/h2>\n<p>[\/vc_column_text]<div role=\"form\" class=\"wpcf7\" id=\"wpcf7-f72926-o1\" lang=\"en-US\" dir=\"ltr\">\n<div class=\"screen-reader-response\"><\/div>\n<form action=\"\/de\/wp-json\/wp\/v2\/pages\/72838#wpcf7-f72926-o1\" method=\"post\" class=\"wpcf7-form\" novalidate=\"novalidate\">\n<div style=\"display: none;\">\n<input type=\"hidden\" name=\"_wpcf7\" value=\"72926\" \/>\n<input type=\"hidden\" name=\"_wpcf7_version\" value=\"5.1.5\" \/>\n<input type=\"hidden\" name=\"_wpcf7_locale\" value=\"en_US\" \/>\n<input type=\"hidden\" name=\"_wpcf7_unit_tag\" value=\"wpcf7-f72926-o1\" \/>\n<input type=\"hidden\" name=\"_wpcf7_container_post\" value=\"0\" \/>\n<\/div>\n<div class=\"row\">\n<div class=\"col-lg-6 col-md-6\">\n<p>Ihr Name (obligatorisch)<br \/>\n    <span class=\"wpcf7-form-control-wrap your-name\"><input type=\"text\" name=\"your-name\" value=\"\" size=\"40\" class=\"wpcf7-form-control wpcf7-text wpcf7-validates-as-required\" aria-required=\"true\" aria-invalid=\"false\" \/><\/span> <\/p>\n<p>Ihre E-Mail Adresse (obligatorisch)<br \/>\n    <span class=\"wpcf7-form-control-wrap your-email\"><input type=\"email\" name=\"your-email\" value=\"\" size=\"40\" class=\"wpcf7-form-control wpcf7-text wpcf7-email wpcf7-validates-as-required wpcf7-validates-as-email\" aria-required=\"true\" aria-invalid=\"false\" \/><\/span> <\/p>\n<p>Ihre Telefonnummer (obligatorisch)<br \/>\n<span class=\"wpcf7-form-control-wrap your-phone\"><input type=\"tel\" name=\"your-phone\" value=\"\" size=\"40\" class=\"wpcf7-form-control wpcf7-text wpcf7-tel wpcf7-validates-as-required wpcf7-validates-as-tel\" aria-required=\"true\" aria-invalid=\"false\" \/><\/span><\/p>\n<p>Name des Unternehmens<br \/>\n    <span class=\"wpcf7-form-control-wrap company-name\"><input type=\"text\" name=\"company-name\" value=\"\" size=\"40\" class=\"wpcf7-form-control wpcf7-text\" aria-invalid=\"false\" \/><\/span> <\/p>\n<\/div>\n<div class=\"col-lg-6 col-md-6\">\n<p>Ihre Anforderungen<br \/>\n    <span class=\"wpcf7-form-control-wrap your-requirements\"><textarea name=\"your-requirements\" cols=\"40\" rows=\"10\" class=\"wpcf7-form-control wpcf7-textarea\" aria-invalid=\"false\"><\/textarea><\/span> <\/p>\n<\/div>\n<\/div>\n<p><input type=\"submit\" value=\"Schicken\" class=\"wpcf7-form-control wpcf7-submit\" \/><\/p>\n<div class=\"wpcf7-response-output wpcf7-display-none\"><\/div><\/form><\/div>[\/vc_column][\/vc_row]<\/p>\n","protected":false},"excerpt":{"rendered":"<p>[vc_row type=&#8221;container&#8221; padding_top=&#8221;&#8221; padding_bottom=&#8221;&#8221; css=&#8221;.vc_custom_1449576470084{margin-bottom: 0px !important;}&#8221;][vc_column width=&#8221;1\/2&#8243;][vc_column_text]Kovan GmbH fertigt Ritzel und Zahnr\u00e4der von verschiedenen Formen und Dimensionen nach technischer Dokumentation oder nach Modell. Zahnr\u00e4der mit innen- und Au\u00dfenverzahnung Zylinderr\u00e4der Kegelr\u00e4der Zyklo-Palloid Zahnr\u00e4der Zahnkupplungen Verschiedene Formen von Ritzeln Sie sind in Bau- oder Bergbaumaschinen, Kr\u00e4nen, Transportger\u00e4ten und anderen Applikationen gebraucht. Die Ritzel und Zahnr\u00e4der sind [&hellip;]<\/p>\n","protected":false},"author":1,"featured_media":72409,"parent":72284,"menu_order":4,"comment_status":"closed","ping_status":"closed","template":"","meta":[],"yst_prominent_words":[],"_links":{"self":[{"href":"https:\/\/www.kovan.si\/de\/wp-json\/wp\/v2\/pages\/72838"}],"collection":[{"href":"https:\/\/www.kovan.si\/de\/wp-json\/wp\/v2\/pages"}],"about":[{"href":"https:\/\/www.kovan.si\/de\/wp-json\/wp\/v2\/types\/page"}],"author":[{"embeddable":true,"href":"https:\/\/www.kovan.si\/de\/wp-json\/wp\/v2\/users\/1"}],"replies":[{"embeddable":true,"href":"https:\/\/www.kovan.si\/de\/wp-json\/wp\/v2\/comments?post=72838"}],"version-history":[{"count":3,"href":"https:\/\/www.kovan.si\/de\/wp-json\/wp\/v2\/pages\/72838\/revisions"}],"predecessor-version":[{"id":72944,"href":"https:\/\/www.kovan.si\/de\/wp-json\/wp\/v2\/pages\/72838\/revisions\/72944"}],"up":[{"embeddable":true,"href":"https:\/\/www.kovan.si\/de\/wp-json\/wp\/v2\/pages\/72284"}],"wp:featuredmedia":[{"embeddable":true,"href":"https:\/\/www.kovan.si\/de\/wp-json\/wp\/v2\/media\/72409"}],"wp:attachment":[{"href":"https:\/\/www.kovan.si\/de\/wp-json\/wp\/v2\/media?parent=72838"}],"wp:term":[{"taxonomy":"yst_prominent_words","embeddable":true,"href":"https:\/\/www.kovan.si\/de\/wp-json\/wp\/v2\/yst_prominent_words?post=72838"}],"curies":[{"name":"wp","href":"https:\/\/api.w.org\/{rel}","templated":true}]}}