{"id":72850,"date":"2016-10-11T19:09:03","date_gmt":"2016-10-11T19:09:03","guid":{"rendered":"http:\/\/www.kovan.si\/de\/storitve\/"},"modified":"2023-06-23T06:11:07","modified_gmt":"2023-06-23T06:11:07","slug":"dienstleistungen","status":"publish","type":"page","link":"https:\/\/www.kovan.si\/de\/dienstleistungen\/","title":{"rendered":"Dienstleistungen und induktives H\u00e4rten?"},"content":{"rendered":"<p>[vc_row type=&#8221;container&#8221; padding_top=&#8221;&#8221; padding_bottom=&#8221;&#8221; css=&#8221;.vc_custom_1449576470084{margin-bottom: 0px !important;}&#8221;][vc_column width=&#8221;1\/2&#8243;][vc_column_text]<span class=\"il\">Kovan<\/span>\u00a0d.o.o. ist ein Unternehmen, das umfassende L\u00f6sungen bietet. Ein Kunde, der uns bereits ausprobiert hat, wei\u00df, dass unsere Palette an F\u00e4higkeiten \u00fcber das \u00dcbliche hinausgeht. Neben den Standarddienstleistungen der mechanischen Bearbeitung wie Drehen, Fr\u00e4sen, Bohren und Verzahnen bieten wir auch W\u00e4rmebehandlungsl\u00f6sungen an.<\/p>\n<h2>Was ist induktives H\u00e4rten?<\/h2>\n<p>Die W\u00e4rmebehandlung (induktives H\u00e4rten) beinhaltet das Erhitzen des gew\u00fcnschten Metalls und anschlie\u00dfendes schnelles Abk\u00fchlen. Die erste Phase wird Austenitisierung genannt, und die zweite Phase ist die Umwandlung von Austenit. Die W\u00e4rmebehandlung (induktives H\u00e4rten) wird angewendet, um bestimmte Eigenschaften von St\u00e4hlen zu erzielen, die f\u00fcr einen bestimmten Anwendungsbereich am besten geeignet sind. Mit diesem Verfahren erreichen wir die gew\u00fcnschte Mikrostruktur und eine optimale Kombination mechanischer Eigenschaften. Um die W\u00e4rmebehandlung durchzuf\u00fchren, ist es wichtig, die Prozesse beim Erhitzen und Abk\u00fchlen des Stahls gut zu verstehen.<\/p>\n<p>Das Erhitzen des Materials kann durch Eintauchen in B\u00e4der, Flammenerhitzung und induktives Erhitzen mit hochfrequenter Stromversorgung erfolgen. Beim induktiven Erhitzen flie\u00dft ein hochfrequenter elektrischer Strom durch die Induktionsspule und erzeugt ein variables Magnetfeld. Dieses Magnetfeld induziert einen Strom an der Oberfl\u00e4che des Materials. Die Frequenz bestimmt die Eindringtiefe der Erw\u00e4rmung.<\/p>\n<p>Das induktive H\u00e4rten, das eine unserer vielen angebotenen Dienstleistungen ist, hat mehrere Vorteile gegen\u00fcber anderen W\u00e4rmebehandlungsverfahren. Es eignet sich besonders f\u00fcr Serienauftr\u00e4ge, da es eine einfachere Automatisierung des Prozesses, eine bessere Steuerung der H\u00e4rtevertiefe, h\u00f6here Geschwindigkeiten und geringere Verformungen des Produkts erm\u00f6glicht.<\/p>\n<p><span class=\"il\">Kovan<\/span>\u00a0d.o.o. bietet also eine umfassende L\u00f6sung von der mechanischen bis zur W\u00e4rmebehandlung! Probieren Sie uns aus!<\/p>\n<p>&nbsp;<\/p>\n<ul>\n<li>Drehen auf CNC Drehmaschinen (bis \u2300 460 x 1500 mm)<\/li>\n<li>Drehen auf klassischen Drehmaschinen (bis \u2300 460 x 2000 mm)<\/li>\n<li>Drehen auf CNC Karusselldrehmaschinen (bis \u2300 1500 mm)<\/li>\n<li>Fr\u00e4sen auf klassischen und CNC Fr\u00e4smaschinen<\/li>\n<li>Bohren auf klassischen und CNC Bohrmaschinen<\/li>\n<li>Au\u00dfenverzahnung (bis \u2300 1500 mm und M=50)<\/li>\n<li>Innenverzahnung (bis \u2300 2000 mm)<\/li>\n<li>Schneiden auf Bands\u00e4gen (bis \u2300 420 mm)<\/li>\n<li>Schlosser und Schwei\u00dfarbeiten<\/li>\n<li>Plasmaschneidroboter<\/li>\n<li>Induktives H\u00e4rten<\/li>\n<li>Ultraschallkontrolle von Schwei\u00dfst\u00fccken und Materialen<\/li>\n<li>Ausbrennen von gebrochenen Bohrer in Geh\u00e4usen<\/li>\n<\/ul>\n<p>Dienstleistungen in der verifizierten Kooperation:<\/p>\n<ul>\n<li>Verzinkung<\/li>\n<li>H\u00e4rten in der Schutzatmosph\u00e4re<\/li>\n<li>Gas- und Plasmanitrieren<\/li>\n<li>Zementierung<\/li>\n<li>Hartverchromung<\/li>\n<\/ul>\n<p>[\/vc_column_text][\/vc_column][vc_column width=&#8221;1\/2&#8243;][vc_video link=&#8221;https:\/\/www.youtube.com\/watch?v=sjp0HX4hIWY&#8221; css=&#8221;.vc_custom_1476213060888{margin-bottom: 0px !important;padding-bottom: 0px !important;}&#8221;][\/vc_column][\/vc_row][vc_row type=&#8221;container&#8221; padding_top=&#8221;&#8221; padding_bottom=&#8221;&#8221; css=&#8221;.vc_custom_1444503683289{margin-bottom: 0px !important;}&#8221;][vc_column][vc_separator color=&#8221;#e2e2e2&#8243; type=&#8221;normal&#8221; thickness=&#8221;1&#8243; up=&#8221;&#8221; down=&#8221;&#8221; el_class=&#8221;dotted&#8221;][\/vc_column][\/vc_row][vc_row type=&#8221;container&#8221; padding_top=&#8221;&#8221; padding_bottom=&#8221;&#8221;][vc_column][vc_column_text]<\/p>\n<h2>Bekommen Sie das Angebot<\/h2>\n<p>[\/vc_column_text]<div role=\"form\" class=\"wpcf7\" id=\"wpcf7-f72926-o1\" lang=\"en-US\" dir=\"ltr\">\n<div class=\"screen-reader-response\"><\/div>\n<form action=\"\/de\/wp-json\/wp\/v2\/pages\/72850#wpcf7-f72926-o1\" method=\"post\" class=\"wpcf7-form\" novalidate=\"novalidate\">\n<div style=\"display: none;\">\n<input type=\"hidden\" name=\"_wpcf7\" value=\"72926\" \/>\n<input type=\"hidden\" name=\"_wpcf7_version\" value=\"5.1.5\" \/>\n<input type=\"hidden\" name=\"_wpcf7_locale\" value=\"en_US\" \/>\n<input type=\"hidden\" name=\"_wpcf7_unit_tag\" value=\"wpcf7-f72926-o1\" \/>\n<input type=\"hidden\" name=\"_wpcf7_container_post\" value=\"0\" \/>\n<\/div>\n<div class=\"row\">\n<div class=\"col-lg-6 col-md-6\">\n<p>Ihr Name (obligatorisch)<br \/>\n    <span class=\"wpcf7-form-control-wrap your-name\"><input type=\"text\" name=\"your-name\" value=\"\" size=\"40\" class=\"wpcf7-form-control wpcf7-text wpcf7-validates-as-required\" aria-required=\"true\" aria-invalid=\"false\" \/><\/span> <\/p>\n<p>Ihre E-Mail Adresse (obligatorisch)<br \/>\n    <span class=\"wpcf7-form-control-wrap your-email\"><input type=\"email\" name=\"your-email\" value=\"\" size=\"40\" class=\"wpcf7-form-control wpcf7-text wpcf7-email wpcf7-validates-as-required wpcf7-validates-as-email\" aria-required=\"true\" aria-invalid=\"false\" \/><\/span> <\/p>\n<p>Ihre Telefonnummer (obligatorisch)<br \/>\n<span class=\"wpcf7-form-control-wrap your-phone\"><input type=\"tel\" name=\"your-phone\" value=\"\" size=\"40\" class=\"wpcf7-form-control wpcf7-text wpcf7-tel wpcf7-validates-as-required wpcf7-validates-as-tel\" aria-required=\"true\" aria-invalid=\"false\" \/><\/span><\/p>\n<p>Name des Unternehmens<br \/>\n    <span class=\"wpcf7-form-control-wrap company-name\"><input type=\"text\" name=\"company-name\" value=\"\" size=\"40\" class=\"wpcf7-form-control wpcf7-text\" aria-invalid=\"false\" \/><\/span> <\/p>\n<\/div>\n<div class=\"col-lg-6 col-md-6\">\n<p>Ihre Anforderungen<br \/>\n    <span class=\"wpcf7-form-control-wrap your-requirements\"><textarea name=\"your-requirements\" cols=\"40\" rows=\"10\" class=\"wpcf7-form-control wpcf7-textarea\" aria-invalid=\"false\"><\/textarea><\/span> <\/p>\n<\/div>\n<\/div>\n<p><input type=\"submit\" value=\"Schicken\" class=\"wpcf7-form-control wpcf7-submit\" \/><\/p>\n<div class=\"wpcf7-response-output wpcf7-display-none\"><\/div><\/form><\/div>[\/vc_column][\/vc_row]<\/p>\n","protected":false},"excerpt":{"rendered":"<p>[vc_row type=&#8221;container&#8221; padding_top=&#8221;&#8221; padding_bottom=&#8221;&#8221; css=&#8221;.vc_custom_1449576470084{margin-bottom: 0px !important;}&#8221;][vc_column width=&#8221;1\/2&#8243;][vc_column_text]Kovan\u00a0d.o.o. ist ein Unternehmen, das umfassende L\u00f6sungen bietet. Ein Kunde, der uns bereits ausprobiert hat, wei\u00df, dass unsere Palette an F\u00e4higkeiten \u00fcber das \u00dcbliche hinausgeht. Neben den Standarddienstleistungen der mechanischen Bearbeitung wie Drehen, Fr\u00e4sen, Bohren und Verzahnen bieten wir auch W\u00e4rmebehandlungsl\u00f6sungen an. Was ist induktives H\u00e4rten? Die W\u00e4rmebehandlung [&hellip;]<\/p>\n","protected":false},"author":1,"featured_media":0,"parent":0,"menu_order":0,"comment_status":"closed","ping_status":"closed","template":"","meta":[],"yst_prominent_words":[],"_links":{"self":[{"href":"https:\/\/www.kovan.si\/de\/wp-json\/wp\/v2\/pages\/72850"}],"collection":[{"href":"https:\/\/www.kovan.si\/de\/wp-json\/wp\/v2\/pages"}],"about":[{"href":"https:\/\/www.kovan.si\/de\/wp-json\/wp\/v2\/types\/page"}],"author":[{"embeddable":true,"href":"https:\/\/www.kovan.si\/de\/wp-json\/wp\/v2\/users\/1"}],"replies":[{"embeddable":true,"href":"https:\/\/www.kovan.si\/de\/wp-json\/wp\/v2\/comments?post=72850"}],"version-history":[{"count":5,"href":"https:\/\/www.kovan.si\/de\/wp-json\/wp\/v2\/pages\/72850\/revisions"}],"predecessor-version":[{"id":87603,"href":"https:\/\/www.kovan.si\/de\/wp-json\/wp\/v2\/pages\/72850\/revisions\/87603"}],"wp:attachment":[{"href":"https:\/\/www.kovan.si\/de\/wp-json\/wp\/v2\/media?parent=72850"}],"wp:term":[{"taxonomy":"yst_prominent_words","embeddable":true,"href":"https:\/\/www.kovan.si\/de\/wp-json\/wp\/v2\/yst_prominent_words?post=72850"}],"curies":[{"name":"wp","href":"https:\/\/api.w.org\/{rel}","templated":true}]}}