{"id":72857,"date":"2016-10-11T21:01:35","date_gmt":"2016-10-11T21:01:35","guid":{"rendered":"http:\/\/www.kovan.si\/de\/sic-marking\/"},"modified":"2023-09-05T06:29:20","modified_gmt":"2023-09-05T06:29:20","slug":"sic-marking","status":"publish","type":"page","link":"https:\/\/www.kovan.si\/de\/vertretungsprogramm\/sic-marking\/","title":{"rendered":"SIC Marking"},"content":{"rendered":"<p>[vc_row type=&#8221;container&#8221; padding_top=&#8221;&#8221; padding_bottom=&#8221;&#8221; css=&#8221;.vc_custom_1449576470084{margin-bottom: 0px !important;}&#8221;][vc_column width=&#8221;1\/2&#8243;][vc_column_text]<span lang=\"de-DE\">In der heutigen Zeit ist die R\u00fcckverfolgbarkeit immer wichtiger und auch geforderter. Die eingebauten Materiale werden markiert, nicht nur wegen der R\u00fcckverfolgbarkeit im Produktionsprozess, sondern auch wegen der R\u00fcckverfolgbarkeit der eingebauten Materiale und deren Materialzertifikate. Damit die Markierung dauerhaft ist, muss sie mechanisch (Nadel- oder Ritzmarkierung) gemacht werden, was wir mit den Ger\u00e4ten von SIC Marking garantieren. <\/span><\/p>\n<p align=\"justify\"><span lang=\"de-DE\">Dieses Markierungsger\u00e4t ist in der Automobil-, Raumfahrt-, Metallverarbeitungs- und Elektroindustrie, sowohl als auch Kunststoffindustrie, Milit\u00e4rindustrie und f\u00fcr medizinische Ger\u00e4te gebraucht. Wir bieten L\u00f6sungen mit Technologien f\u00fcr dauerhaftes Markieren und Schreiben auf allen Materialarten, von Plastik bis Stahlh\u00e4rte 62 Hrc.<\/span><\/p>\n<p align=\"justify\"><span lang=\"de-DE\">Die Ger\u00e4te k\u00f6nnen mobil, auf einer S\u00e4ule oder integriert in die Produktionslinie sein, abh\u00e4ngig von dem Wunsch des Kunden. Alle Ger\u00e4te haben einen Controller, wo die angepasste PC\u2011Software hochgeladen wird, sodass sie automatisch oder manuell bedient werden kann.<\/span><\/p>\n<p align=\"justify\"><span lang=\"de-DE\">Die offizielle Webseite: <a href=\"http:\/\/www.sic-marking.com\/\">www.sic-marking.com<\/a><\/span><\/p>\n<p>[\/vc_column_text][\/vc_column][vc_column width=&#8221;1\/2&#8243;][vc_single_image image=&#8221;87624&#8243; img_size=&#8221;medium&#8221; alignment=&#8221;center&#8221;][vc_images_carousel images=&#8221;72390,72391,72392&#8243; img_size=&#8221;390&#215;267&#8243; mode=&#8221;vertical&#8221; speed=&#8221;4000&#8243; autoplay=&#8221;yes&#8221; wrap=&#8221;yes&#8221; css=&#8221;.vc_custom_1476219512461{margin-bottom: 0px !important;padding-bottom: 0px !important;}&#8221;][vc_separator color=&#8221;&#8221; type=&#8221;normal&#8221; thickness=&#8221;&#8221; up=&#8221;20&#8243; down=&#8221;20&#8243; css=&#8221;.vc_custom_1483612722514{margin-top: 20px !important;padding-bottom: 20px !important;}&#8221;][vc_video link=&#8221;https:\/\/www.youtube.com\/watch?v=Zycjya2IuxI&amp;feature=youtu.be&#8221; css=&#8221;.vc_custom_1479974059178{margin-bottom: 0px !important;border-bottom-width: 0px !important;padding-bottom: 0px !important;}&#8221;][\/vc_column][\/vc_row][vc_row type=&#8221;container&#8221; padding_top=&#8221;&#8221; padding_bottom=&#8221;&#8221; css=&#8221;.vc_custom_1444503683289{margin-bottom: 0px !important;}&#8221;][vc_column][vc_separator color=&#8221;#e2e2e2&#8243; type=&#8221;normal&#8221; thickness=&#8221;1&#8243; up=&#8221;&#8221; down=&#8221;&#8221; el_class=&#8221;dotted&#8221;][vc_column_text]<\/p>\n<h3>Catalogues<\/h3>\n<p>[\/vc_column_text][vc_row_inner][vc_column_inner width=&#8221;1\/3&#8243;][vc_btn title=&#8221;Series e10 &#8211; column mounted dot peen marking machines&#8221; style=&#8221;classic&#8221; shape=&#8221;square&#8221; size=&#8221;sm&#8221; i_icon_fontawesome=&#8221;fa fa-file-pdf-o&#8221; link=&#8221;url:http%3A%2F%2Fwww.kovan.si%2Fwp-content%2Fuploads%2F2016%2F10%2Fe10_range_column_2013-1.pdf|||&#8221; add_icon=&#8221;true&#8221;][vc_btn title=&#8221;Series e10 &#8211; portable marking machines&#8221; style=&#8221;classic&#8221; shape=&#8221;square&#8221; size=&#8221;sm&#8221; i_icon_fontawesome=&#8221;fa fa-file-pdf-o&#8221; link=&#8221;url:http%3A%2F%2Fwww.kovan.si%2Fwp-content%2Fuploads%2F2016%2F10%2Fe10_range_portable_2013-1.pdf|||&#8221; add_icon=&#8221;true&#8221;][vc_btn title=&#8221;e10R control unit&#8221; style=&#8221;classic&#8221; shape=&#8221;square&#8221; size=&#8221;sm&#8221; i_icon_fontawesome=&#8221;fa fa-file-pdf-o&#8221; link=&#8221;url:http%3A%2F%2Fwww.kovan.si%2Fwp-content%2Fuploads%2F2016%2F10%2F1-_flyer_e10_r_us-1.pdf|||&#8221; add_icon=&#8221;true&#8221;][\/vc_column_inner][vc_column_inner width=&#8221;1\/3&#8243;][vc_btn title=&#8221;Series e10 &#8211; integrated dot peen marking machines&#8221; style=&#8221;classic&#8221; shape=&#8221;square&#8221; size=&#8221;sm&#8221; i_icon_fontawesome=&#8221;fa fa-file-pdf-o&#8221; link=&#8221;url:http%3A%2F%2Fwww.kovan.si%2Fwp-content%2Fuploads%2F2016%2F10%2Fe10_range__integrated_mp_2014-1.pdf|||&#8221; add_icon=&#8221;true&#8221;][vc_btn title=&#8221;Series e9&#8243; style=&#8221;classic&#8221; shape=&#8221;square&#8221; size=&#8221;sm&#8221; i_icon_fontawesome=&#8221;fa fa-file-pdf-o&#8221; link=&#8221;url:http%3A%2F%2Fwww.kovan.si%2Fwp-content%2Fuploads%2F2016%2F10%2Fe9_range_2013-1.pdf|||&#8221; add_icon=&#8221;true&#8221;][vc_btn title=&#8221; i53 marking head&#8221; style=&#8221;classic&#8221; shape=&#8221;square&#8221; size=&#8221;sm&#8221; i_icon_fontawesome=&#8221;fa fa-file-pdf-o&#8221; link=&#8221;url:http%3A%2F%2Fwww.kovan.si%2Fwp-content%2Fuploads%2F2016%2F10%2Fflyer_e10r_i53_us_hd-1.pdf|||&#8221; add_icon=&#8221;true&#8221;][\/vc_column_inner][vc_column_inner width=&#8221;1\/3&#8243;][vc_btn title=&#8221; Series e10 &#8211; integrated scribing marking heads&#8221; style=&#8221;classic&#8221; shape=&#8221;square&#8221; size=&#8221;sm&#8221; i_icon_fontawesome=&#8221;fa fa-file-pdf-o&#8221; link=&#8221;url:http%3A%2F%2Fwww.kovan.si%2Fwp-content%2Fuploads%2F2016%2F10%2Fe10_range_integrated_s_2013-1.pdf|||&#8221; add_icon=&#8221;true&#8221;][vc_btn title=&#8221;e10 control unit&#8221; style=&#8221;classic&#8221; shape=&#8221;square&#8221; size=&#8221;sm&#8221; i_icon_fontawesome=&#8221;fa fa-file-pdf-o&#8221; link=&#8221;url:http%3A%2F%2Fwww.kovan.si%2Fwp-content%2Fuploads%2F2016%2F10%2F2-_flyer_e10_us-1.pdf|||&#8221; add_icon=&#8221;true&#8221;][vc_btn title=&#8221; Fiber laser marking machines&#8221; style=&#8221;classic&#8221; shape=&#8221;square&#8221; size=&#8221;sm&#8221; i_icon_fontawesome=&#8221;fa fa-file-pdf-o&#8221; link=&#8221;url:http%3A%2F%2Fwww.kovan.si%2Fwp-content%2Fuploads%2F2016%2F10%2Fflyer_laser_fibre_us_2013-1.pdf|||&#8221; add_icon=&#8221;true&#8221;][\/vc_column_inner][\/vc_row_inner][\/vc_column][\/vc_row][vc_row type=&#8221;container&#8221; padding_top=&#8221;&#8221; padding_bottom=&#8221;&#8221; css=&#8221;.vc_custom_1444503683289{margin-bottom: 0px !important;}&#8221;][vc_column][vc_separator color=&#8221;#e2e2e2&#8243; type=&#8221;normal&#8221; thickness=&#8221;1&#8243; up=&#8221;&#8221; down=&#8221;&#8221; el_class=&#8221;dotted&#8221;][\/vc_column][\/vc_row][vc_row type=&#8221;container&#8221; padding_top=&#8221;&#8221; padding_bottom=&#8221;&#8221;][vc_column][vc_column_text]<\/p>\n<h2>Holen Sie sich das Angebot<\/h2>\n<p>[\/vc_column_text]<div role=\"form\" class=\"wpcf7\" id=\"wpcf7-f72926-o1\" lang=\"en-US\" dir=\"ltr\">\n<div class=\"screen-reader-response\"><\/div>\n<form action=\"\/de\/wp-json\/wp\/v2\/pages\/72857#wpcf7-f72926-o1\" method=\"post\" class=\"wpcf7-form\" novalidate=\"novalidate\">\n<div style=\"display: none;\">\n<input type=\"hidden\" name=\"_wpcf7\" value=\"72926\" \/>\n<input type=\"hidden\" name=\"_wpcf7_version\" value=\"5.1.5\" \/>\n<input type=\"hidden\" name=\"_wpcf7_locale\" value=\"en_US\" \/>\n<input type=\"hidden\" name=\"_wpcf7_unit_tag\" value=\"wpcf7-f72926-o1\" \/>\n<input type=\"hidden\" name=\"_wpcf7_container_post\" value=\"0\" \/>\n<\/div>\n<div class=\"row\">\n<div class=\"col-lg-6 col-md-6\">\n<p>Ihr Name (obligatorisch)<br \/>\n    <span class=\"wpcf7-form-control-wrap your-name\"><input type=\"text\" name=\"your-name\" value=\"\" size=\"40\" class=\"wpcf7-form-control wpcf7-text wpcf7-validates-as-required\" aria-required=\"true\" aria-invalid=\"false\" \/><\/span> <\/p>\n<p>Ihre E-Mail Adresse (obligatorisch)<br \/>\n    <span class=\"wpcf7-form-control-wrap your-email\"><input type=\"email\" name=\"your-email\" value=\"\" size=\"40\" class=\"wpcf7-form-control wpcf7-text wpcf7-email wpcf7-validates-as-required wpcf7-validates-as-email\" aria-required=\"true\" aria-invalid=\"false\" \/><\/span> <\/p>\n<p>Ihre Telefonnummer (obligatorisch)<br \/>\n<span class=\"wpcf7-form-control-wrap your-phone\"><input type=\"tel\" name=\"your-phone\" value=\"\" size=\"40\" class=\"wpcf7-form-control wpcf7-text wpcf7-tel wpcf7-validates-as-required wpcf7-validates-as-tel\" aria-required=\"true\" aria-invalid=\"false\" \/><\/span><\/p>\n<p>Name des Unternehmens<br \/>\n    <span class=\"wpcf7-form-control-wrap company-name\"><input type=\"text\" name=\"company-name\" value=\"\" size=\"40\" class=\"wpcf7-form-control wpcf7-text\" aria-invalid=\"false\" \/><\/span> <\/p>\n<\/div>\n<div class=\"col-lg-6 col-md-6\">\n<p>Ihre Anforderungen<br \/>\n    <span class=\"wpcf7-form-control-wrap your-requirements\"><textarea name=\"your-requirements\" cols=\"40\" rows=\"10\" class=\"wpcf7-form-control wpcf7-textarea\" aria-invalid=\"false\"><\/textarea><\/span> <\/p>\n<\/div>\n<\/div>\n<p><input type=\"submit\" value=\"Schicken\" class=\"wpcf7-form-control wpcf7-submit\" \/><\/p>\n<div class=\"wpcf7-response-output wpcf7-display-none\"><\/div><\/form><\/div>[\/vc_column][\/vc_row]<\/p>\n","protected":false},"excerpt":{"rendered":"<p>[vc_row type=&#8221;container&#8221; padding_top=&#8221;&#8221; padding_bottom=&#8221;&#8221; css=&#8221;.vc_custom_1449576470084{margin-bottom: 0px !important;}&#8221;][vc_column width=&#8221;1\/2&#8243;][vc_column_text]In der heutigen Zeit ist die R\u00fcckverfolgbarkeit immer wichtiger und auch geforderter. Die eingebauten Materiale werden markiert, nicht nur wegen der R\u00fcckverfolgbarkeit im Produktionsprozess, sondern auch wegen der R\u00fcckverfolgbarkeit der eingebauten Materiale und deren Materialzertifikate. Damit die Markierung dauerhaft ist, muss sie mechanisch (Nadel- oder Ritzmarkierung) gemacht werden, [&hellip;]<\/p>\n","protected":false},"author":1,"featured_media":72390,"parent":72862,"menu_order":0,"comment_status":"closed","ping_status":"closed","template":"","meta":[],"yst_prominent_words":[],"_links":{"self":[{"href":"https:\/\/www.kovan.si\/de\/wp-json\/wp\/v2\/pages\/72857"}],"collection":[{"href":"https:\/\/www.kovan.si\/de\/wp-json\/wp\/v2\/pages"}],"about":[{"href":"https:\/\/www.kovan.si\/de\/wp-json\/wp\/v2\/types\/page"}],"author":[{"embeddable":true,"href":"https:\/\/www.kovan.si\/de\/wp-json\/wp\/v2\/users\/1"}],"replies":[{"embeddable":true,"href":"https:\/\/www.kovan.si\/de\/wp-json\/wp\/v2\/comments?post=72857"}],"version-history":[{"count":8,"href":"https:\/\/www.kovan.si\/de\/wp-json\/wp\/v2\/pages\/72857\/revisions"}],"predecessor-version":[{"id":87635,"href":"https:\/\/www.kovan.si\/de\/wp-json\/wp\/v2\/pages\/72857\/revisions\/87635"}],"up":[{"embeddable":true,"href":"https:\/\/www.kovan.si\/de\/wp-json\/wp\/v2\/pages\/72862"}],"wp:featuredmedia":[{"embeddable":true,"href":"https:\/\/www.kovan.si\/de\/wp-json\/wp\/v2\/media\/72390"}],"wp:attachment":[{"href":"https:\/\/www.kovan.si\/de\/wp-json\/wp\/v2\/media?parent=72857"}],"wp:term":[{"taxonomy":"yst_prominent_words","embeddable":true,"href":"https:\/\/www.kovan.si\/de\/wp-json\/wp\/v2\/yst_prominent_words?post=72857"}],"curies":[{"name":"wp","href":"https:\/\/api.w.org\/{rel}","templated":true}]}}