{"id":72862,"date":"2016-10-11T20:37:38","date_gmt":"2016-10-11T20:37:38","guid":{"rendered":"http:\/\/www.kovan.si\/de\/zastopstva\/"},"modified":"2023-09-05T06:23:48","modified_gmt":"2023-09-05T06:23:48","slug":"vertretungsprogramm","status":"publish","type":"page","link":"https:\/\/www.kovan.si\/de\/vertretungsprogramm\/","title":{"rendered":"Vertretungsprogramm"},"content":{"rendered":"<p>[vc_row type=&#8221;container&#8221; padding_top=&#8221;&#8221; padding_bottom=&#8221;&#8221;][vc_column width=&#8221;1\/3&#8243; css=&#8221;.vc_custom_1451766709466{margin-bottom: 35px !important;}&#8221;][vc_single_image image=&#8221;72721&#8243; img_size=&#8221;full&#8221; onclick=&#8221;custom_link&#8221; css_animation=&#8221;bottom-to-top&#8221; link=&#8221;http:\/\/www.kovan.si\/de\/vertretungsprogramm\/ermaksan\/&#8221; css=&#8221;.vc_custom_1483613126039{border-bottom-width: 0px !important;}&#8221; el_class=&#8221;zoom&#8221;][vc_column_text css=&#8221;.vc_custom_1483613115163{margin-top: -15px !important;margin-bottom: 20px !important;padding-right: 5px !important;}&#8221;]<\/p>\n<h4><a href=\"\/?page_id=72880\">Ermaksan <\/a><\/h4>\n<h6>der Bearbeitungsindustrie<\/h6>\n<div class=\"vc_hidden-sm vc_hidden-xs\" style=\"height: 23px;\"><\/div>\n<p><a class=\"more-link\" href=\"\/?page_id=72880\">Weiterlesen<\/a>[\/vc_column_text][\/vc_column][vc_column width=&#8221;1\/3&#8243; css=&#8221;.vc_custom_1451766722338{margin-bottom: 35px !important;}&#8221;][vc_single_image image=&#8221;87624&#8243; img_size=&#8221;full&#8221; onclick=&#8221;custom_link&#8221; css_animation=&#8221;bottom-to-top&#8221; link=&#8221;http:\/\/www.kovan.si\/de\/vertretungsprogramm\/sic-marking\/&#8221; css=&#8221;.vc_custom_1693895029463{border-bottom-width: 0px !important;}&#8221; el_class=&#8221;zoom&#8221;][vc_column_text css=&#8221;.vc_custom_1483612809118{margin-top: -15px !important;margin-bottom: 20px !important;padding-right: 5px !important;}&#8221;]<\/p>\n<h4><a href=\"\/?page_id=72857\">SIC Marking<\/a><\/h4>\n<h6>Markierungsger\u00e4te<\/h6>\n<div class=\"vc_hidden-sm vc_hidden-xs\" style=\"height: 23px;\"><\/div>\n<p><a class=\"more-link\" href=\"\/?page_id=72857\">Weiterlesen<\/a>[\/vc_column_text][\/vc_column][vc_column width=&#8221;1\/3&#8243; css=&#8221;.vc_custom_1476910696558{margin-top: 0px !important;margin-bottom: 35px !important;}&#8221;][vc_single_image image=&#8221;72737&#8243; img_size=&#8221;large&#8221; alignment=&#8221;center&#8221; onclick=&#8221;custom_link&#8221; css_animation=&#8221;bottom-to-top&#8221; link=&#8221;http:\/\/www.kovan.si\/de\/vertretungsprogramm\/maquinaria-geka-s\/&#8221; el_class=&#8221;zoom&#8221;][vc_column_text css=&#8221;.vc_custom_1483613192433{margin-top: -15px !important;margin-bottom: 20px !important;padding-right: 0px !important;}&#8221;]<\/p>\n<h4><a href=\"\/?page_id=72891\">Geka<\/a><\/h4>\n<h6>Maschinen zum Stanzen und Schneiden von Profilen und Blechen<\/h6>\n<p><a class=\"more-link\" href=\"\/?page_id=72891\">Weiterlesen<\/a>[\/vc_column_text][\/vc_column][\/vc_row][vc_row type=&#8221;container&#8221; padding_top=&#8221;&#8221; padding_bottom=&#8221;&#8221; css=&#8221;.vc_custom_1451766655032{margin-bottom: 20px !important;}&#8221;][vc_column width=&#8221;1\/3&#8243; css=&#8221;.vc_custom_1476982535396{margin-bottom: 35px !important;}&#8221;][vc_single_image image=&#8221;72724&#8243; img_size=&#8221;large&#8221; alignment=&#8221;center&#8221; onclick=&#8221;custom_link&#8221; css_animation=&#8221;bottom-to-top&#8221; link=&#8221;http:\/\/www.kovan.si\/de\/vertretungsprogramm\/tractel-s-s\/&#8221; css=&#8221;.vc_custom_1483613279594{border-bottom-width: 0px !important;}&#8221; el_class=&#8221;zoom&#8221;][vc_column_text css=&#8221;.vc_custom_1483613270542{margin-top: -15px !important;margin-bottom: 20px !important;padding-right: 10px !important;}&#8221;]<\/p>\n<h4><a href=\"\/?page_id=72894\">Tractel<\/a><\/h4>\n<h6>Hebe- und F\u00f6rdereinrichtungen und Arbeitsschutzausr\u00fcstung<\/h6>\n<div class=\"vc_hidden-sm vc_hidden-xs\" style=\"height: 23px;\"><\/div>\n<p><a class=\"more-link\" href=\"\/?page_id=72894\">Weiterlesen<\/a>[\/vc_column_text][\/vc_column][vc_column width=&#8221;1\/3&#8243; css=&#8221;.vc_custom_1444993804144{margin-bottom: 35px !important;}&#8221;][vc_single_image image=&#8221;72725&#8243; img_size=&#8221;large&#8221; alignment=&#8221;center&#8221; onclick=&#8221;custom_link&#8221; css_animation=&#8221;bottom-to-top&#8221; link=&#8221;http:\/\/www.kovan.si\/zastopstva\/messer-cutting-welding-gmbh\/&#8221; css=&#8221;.vc_custom_1476987234112{border-bottom-width: 0px !important;}&#8221; el_class=&#8221;zoom&#8221;][vc_column_text css=&#8221;.vc_custom_1483613368514{margin-top: -15px !important;margin-bottom: 20px !important;padding-right: 5px !important;}&#8221;]<\/p>\n<h4><a href=\"\/?page_id=72865\">Messer<\/a><\/h4>\n<h6>Schwei\u00df- und Schneidetechnik<\/h6>\n<div class=\"vc_hidden-sm vc_hidden-xs\" style=\"height: 46px;\"><\/div>\n<p><a class=\"more-link\" href=\"\/?page_id=72865\">Weiterlesen<\/a>[\/vc_column_text][\/vc_column][vc_column width=&#8221;1\/3&#8243; css=&#8221;.vc_custom_1444993811709{margin-bottom: 35px !important;}&#8221;][vc_single_image image=&#8221;72726&#8243; img_size=&#8221;large&#8221; alignment=&#8221;center&#8221; onclick=&#8221;custom_link&#8221; css_animation=&#8221;bottom-to-top&#8221; link=&#8221;http:\/\/www.kovan.si\/de\/vertretungsprogramm\/narex-mte-s-r-o\/&#8221; css=&#8221;.vc_custom_1483613469228{border-bottom-width: 0px !important;}&#8221; el_class=&#8221;zoom&#8221;][vc_column_text css=&#8221;.vc_custom_1483613459928{margin-top: -15px !important;margin-bottom: 20px !important;padding-right: 0px !important;}&#8221;]<\/p>\n<h4><a href=\"\/?page_id=72886\">Narex MTE<\/a><\/h4>\n<h6>Werkzeuge und Ausr\u00fcstungen zum Bohren, Fr\u00e4sen und Schneiden von Innen- und Au\u00dfengewinden.<\/h6>\n<p><a class=\"more-link\" href=\"\/?page_id=72886\">Weiterlesen<\/a>[\/vc_column_text][\/vc_column][\/vc_row][vc_row type=&#8221;container&#8221; padding_top=&#8221;&#8221; padding_bottom=&#8221;&#8221; css=&#8221;.vc_custom_1451766655032{margin-bottom: 20px !important;}&#8221;][vc_column width=&#8221;1\/3&#8243; css=&#8221;.vc_custom_1444993797023{margin-bottom: 35px !important;}&#8221;][vc_single_image image=&#8221;72727&#8243; img_size=&#8221;large&#8221; alignment=&#8221;center&#8221; onclick=&#8221;custom_link&#8221; css_animation=&#8221;bottom-to-top&#8221; link=&#8221;http:\/\/www.kovan.si\/de\/vertretungsprogramm\/krei-ma\/&#8221; css=&#8221;.vc_custom_1483613557782{border-bottom-width: 0px !important;}&#8221; el_class=&#8221;zoom&#8221;][vc_column_text css=&#8221;.vc_custom_1483613549160{margin-top: -15px !important;margin-bottom: 20px !important;padding-right: 10px !important;}&#8221;]<\/p>\n<h4><a href=\"\/?page_id=72883\">Krei-ma<\/a><\/h4>\n<h6>Transportanlagen f\u00fcr die Industrie<\/h6>\n<div class=\"vc_hidden-sm vc_hidden-xs\" style=\"height: 46px;\"><\/div>\n<p><a class=\"more-link\" href=\"\/?page_id=72883\">Weiterlesen<\/a>[\/vc_column_text][\/vc_column][vc_column width=&#8221;1\/3&#8243; css=&#8221;.vc_custom_1444993804144{margin-bottom: 35px !important;}&#8221;][vc_single_image image=&#8221;72728&#8243; img_size=&#8221;large&#8221; alignment=&#8221;center&#8221; onclick=&#8221;custom_link&#8221; css_animation=&#8221;bottom-to-top&#8221; link=&#8221;http:\/\/www.kovan.si\/de\/vertretungsprogramm\/alme-gerima-gmbh\/&#8221; css=&#8221;.vc_custom_1483613632807{border-bottom-width: 0px !important;}&#8221; el_class=&#8221;zoom&#8221;][vc_column_text css=&#8221;.vc_custom_1483614485028{margin-top: -15px !important;margin-bottom: 20px !important;padding-right: 5px !important;}&#8221;]<\/p>\n<h4><a href=\"\/?page_id=72877\">Gerima GmbH<\/a><\/h4>\n<h6>Vorbereitung der Schwei\u00dfr\u00e4nder<\/h6>\n<div class=\"vc_hidden-sm vc_hidden-xs\" style=\"height: 46px;\"><\/div>\n<p><a class=\"more-link\" href=\"\/?page_id=72877\">Weiterlesen<\/a>[\/vc_column_text][\/vc_column][vc_column width=&#8221;1\/3&#8243; css=&#8221;.vc_custom_1444993811709{margin-bottom: 35px !important;}&#8221;][vc_single_image image=&#8221;72729&#8243; img_size=&#8221;large&#8221; alignment=&#8221;center&#8221; onclick=&#8221;custom_link&#8221; css_animation=&#8221;bottom-to-top&#8221; link=&#8221;http:\/\/www.kovan.si\/de\/vertretungsprogramm\/pilous-tmj-s-r-o\/&#8221; css=&#8221;.vc_custom_1483613764507{border-bottom-width: 0px !important;}&#8221; el_class=&#8221;zoom&#8221;][vc_column_text css=&#8221;.vc_custom_1483614470780{margin-top: -15px !important;margin-bottom: 20px !important;padding-right: 0px !important;}&#8221;]<\/p>\n<h4><a href=\"\/?page_id=72889\">Pilous<\/a><\/h4>\n<h6>Wir vertreten das Unternehmen Pilous-TMJ, das Bands\u00e4gen zum Schneiden<\/h6>\n<div class=\"vc_hidden-sm vc_hidden-xs\" style=\"height: 0px;\"><\/div>\n<p><a class=\"more-link\" href=\"\/?page_id=72889\">Weiterlesen<\/a>[\/vc_column_text][\/vc_column][\/vc_row][vc_row type=&#8221;container&#8221; padding_top=&#8221;&#8221; padding_bottom=&#8221;&#8221; css=&#8221;.vc_custom_1451766655032{margin-bottom: 20px !important;}&#8221;][vc_column width=&#8221;1\/3&#8243;][vc_single_image image=&#8221;72738&#8243; img_size=&#8221;large&#8221; alignment=&#8221;center&#8221; onclick=&#8221;custom_link&#8221; css_animation=&#8221;bottom-to-top&#8221; link=&#8221;http:\/\/www.kovan.si\/de\/vertretungsprogramm\/adal\/&#8221; css=&#8221;.vc_custom_1483613959057{border-bottom-width: 0px !important;}&#8221; el_class=&#8221;zoom&#8221;][vc_column_text css=&#8221;.vc_custom_1483613949685{margin-top: -15px !important;margin-bottom: 20px !important;padding-right: 10px !important;}&#8221;]<\/p>\n<h4><a href=\"\/?page_id=72923\">Adal<\/a><\/h4>\n<h6>Bands\u00e4gene<\/h6>\n<p><a class=\"more-link\" href=\"\/?page_id=72923\">Weiterlesen<\/a>[\/vc_column_text][\/vc_column][vc_column width=&#8221;1\/3&#8243; css=&#8221;.vc_custom_1444993804144{margin-bottom: 35px !important;}&#8221;][vc_single_image image=&#8221;72731&#8243; img_size=&#8221;large&#8221; alignment=&#8221;center&#8221; onclick=&#8221;custom_link&#8221; css_animation=&#8221;bottom-to-top&#8221; link=&#8221;http:\/\/www.kovan.si\/de\/vertretungsprogramm\/der-bandsaegen\/&#8221; css=&#8221;.vc_custom_1483614046311{border-bottom-width: 0px !important;}&#8221; el_class=&#8221;zoom&#8221;][vc_column_text css=&#8221;.vc_custom_1483614034834{margin-top: -15px !important;margin-bottom: 20px !important;padding-right: 5px !important;}&#8221;]<\/p>\n<h4><a href=\"\/?page_id=72900\">der Bands\u00e4gen <\/a><\/h4>\n<h6>der Bands\u00e4gen<\/h6>\n<p><a class=\"more-link\" href=\"\/?page_id=72900\">Weiterlesen<\/a>[\/vc_column_text][\/vc_column][vc_column width=&#8221;1\/3&#8243; css=&#8221;.vc_custom_1444993811709{margin-bottom: 35px !important;}&#8221;][vc_single_image image=&#8221;72734&#8243; img_size=&#8221;large&#8221; alignment=&#8221;center&#8221; onclick=&#8221;custom_link&#8221; css_animation=&#8221;bottom-to-top&#8221; link=&#8221;http:\/\/www.kovan.si\/zastopstva\/saet-group\/&#8221; css=&#8221;.vc_custom_1476987304129{margin-bottom: 40px !important;border-bottom-width: 0px !important;}&#8221; el_class=&#8221;zoom&#8221;][vc_column_text css=&#8221;.vc_custom_1483614386651{margin-top: -15px !important;margin-bottom: 20px !important;padding-right: 5px !important;}&#8221;]<\/p>\n<h4><a href=\"\/?page_id=72868\">SAET GROUP<\/a><\/h4>\n<h6>Induktoren, Duschen und K\u00fchlsysteme f\u00fcr H\u00e4rten.<\/h6>\n<p><a class=\"more-link\" href=\"\/?page_id=72868\">Weiterlesen<\/a>[\/vc_column_text][\/vc_column][\/vc_row][vc_row type=&#8221;container&#8221; padding_top=&#8221;&#8221; padding_bottom=&#8221;&#8221; css=&#8221;.vc_custom_1451766655032{margin-bottom: 20px !important;}&#8221;][vc_column width=&#8221;1\/3&#8243; css=&#8221;.vc_custom_1444993797023{margin-bottom: 35px !important;}&#8221;][vc_single_image image=&#8221;72740&#8243; img_size=&#8221;large&#8221; alignment=&#8221;center&#8221; onclick=&#8221;custom_link&#8221; css_animation=&#8221;bottom-to-top&#8221; link=&#8221;http:\/\/www.kovan.si\/de\/vertretungsprogramm\/isitan-sahinnler\/&#8221; css=&#8221;.vc_custom_1483614297038{border-bottom-width: 0px !important;}&#8221; el_class=&#8221;zoom&#8221;][vc_column_text css=&#8221;.vc_custom_1483614549500{margin-top: -15px !important;margin-bottom: 20px !important;padding-right: 10px !important;}&#8221;]<\/p>\n<h4><a href=\"\/?page_id=72860\">ISITAN \u2013 SAHINNLER<\/a><\/h4>\n<h6>Profil- und Blechbiegemaschinen<\/h6>\n<div class=\"vc_hidden-sm vc_hidden-xs\" style=\"height: 23px;\"><\/div>\n<p><a class=\"more-link\" href=\"\/?page_id=72860\">Weiterlesen<\/a>[\/vc_column_text][\/vc_column][vc_column width=&#8221;1\/3&#8243; css=&#8221;.vc_custom_1523961790912{margin-bottom: 35px !important;}&#8221; offset=&#8221;vc_hidden-lg vc_hidden-md vc_hidden-sm vc_hidden-xs&#8221;][vc_column_text css=&#8221;.vc_custom_1483614095719{margin-top: -15px !important;margin-bottom: 20px !important;padding-right: 0px !important;}&#8221;]<\/p>\n<h4><a href=\"\/?page_id=72897\">Schwei\u00dfdrahten <\/a><\/h4>\n<h6>Schwei\u00dfdrahten<\/h6>\n<p><a class=\"more-link\" href=\"\/?page_id=72897\">Weiterlesen<\/a>[\/vc_column_text][vc_single_image image=&#8221;72732&#8243; img_size=&#8221;large&#8221; alignment=&#8221;center&#8221; onclick=&#8221;custom_link&#8221; css_animation=&#8221;bottom-to-top&#8221; link=&#8221;http:\/\/www.kovan.si\/de\/vertretungsprogramm\/schweissdrahten\/&#8221; css=&#8221;.vc_custom_1483614108600{border-bottom-width: 0px !important;}&#8221; el_class=&#8221;zoom&#8221;][\/vc_column][\/vc_row]<\/p>\n","protected":false},"excerpt":{"rendered":"<p>[vc_row type=&#8221;container&#8221; padding_top=&#8221;&#8221; padding_bottom=&#8221;&#8221;][vc_column width=&#8221;1\/3&#8243; css=&#8221;.vc_custom_1451766709466{margin-bottom: 35px !important;}&#8221;][vc_single_image image=&#8221;72721&#8243; img_size=&#8221;full&#8221; onclick=&#8221;custom_link&#8221; css_animation=&#8221;bottom-to-top&#8221; link=&#8221;http:\/\/www.kovan.si\/de\/vertretungsprogramm\/ermaksan\/&#8221; css=&#8221;.vc_custom_1483613126039{border-bottom-width: 0px !important;}&#8221; el_class=&#8221;zoom&#8221;][vc_column_text css=&#8221;.vc_custom_1483613115163{margin-top: -15px !important;margin-bottom: 20px !important;padding-right: 5px !important;}&#8221;] Ermaksan der Bearbeitungsindustrie Weiterlesen[\/vc_column_text][\/vc_column][vc_column width=&#8221;1\/3&#8243; css=&#8221;.vc_custom_1451766722338{margin-bottom: 35px !important;}&#8221;][vc_single_image image=&#8221;87624&#8243; img_size=&#8221;full&#8221; onclick=&#8221;custom_link&#8221; css_animation=&#8221;bottom-to-top&#8221; link=&#8221;http:\/\/www.kovan.si\/de\/vertretungsprogramm\/sic-marking\/&#8221; css=&#8221;.vc_custom_1693895029463{border-bottom-width: 0px !important;}&#8221; el_class=&#8221;zoom&#8221;][vc_column_text css=&#8221;.vc_custom_1483612809118{margin-top: -15px !important;margin-bottom: 20px !important;padding-right: 5px !important;}&#8221;] SIC Marking Markierungsger\u00e4te Weiterlesen[\/vc_column_text][\/vc_column][vc_column width=&#8221;1\/3&#8243; css=&#8221;.vc_custom_1476910696558{margin-top: 0px [&hellip;]<\/p>\n","protected":false},"author":1,"featured_media":72609,"parent":0,"menu_order":0,"comment_status":"closed","ping_status":"closed","template":"","meta":[],"yst_prominent_words":[],"_links":{"self":[{"href":"https:\/\/www.kovan.si\/de\/wp-json\/wp\/v2\/pages\/72862"}],"collection":[{"href":"https:\/\/www.kovan.si\/de\/wp-json\/wp\/v2\/pages"}],"about":[{"href":"https:\/\/www.kovan.si\/de\/wp-json\/wp\/v2\/types\/page"}],"author":[{"embeddable":true,"href":"https:\/\/www.kovan.si\/de\/wp-json\/wp\/v2\/users\/1"}],"replies":[{"embeddable":true,"href":"https:\/\/www.kovan.si\/de\/wp-json\/wp\/v2\/comments?post=72862"}],"version-history":[{"count":19,"href":"https:\/\/www.kovan.si\/de\/wp-json\/wp\/v2\/pages\/72862\/revisions"}],"predecessor-version":[{"id":87633,"href":"https:\/\/www.kovan.si\/de\/wp-json\/wp\/v2\/pages\/72862\/revisions\/87633"}],"wp:featuredmedia":[{"embeddable":true,"href":"https:\/\/www.kovan.si\/de\/wp-json\/wp\/v2\/media\/72609"}],"wp:attachment":[{"href":"https:\/\/www.kovan.si\/de\/wp-json\/wp\/v2\/media?parent=72862"}],"wp:term":[{"taxonomy":"yst_prominent_words","embeddable":true,"href":"https:\/\/www.kovan.si\/de\/wp-json\/wp\/v2\/yst_prominent_words?post=72862"}],"curies":[{"name":"wp","href":"https:\/\/api.w.org\/{rel}","templated":true}]}}