{"id":72868,"date":"2016-10-12T19:52:24","date_gmt":"2016-10-12T19:52:24","guid":{"rendered":"http:\/\/www.kovan.si\/de\/vertretungsprogramm\/saet-group\/"},"modified":"2017-01-04T15:36:26","modified_gmt":"2017-01-04T15:36:26","slug":"saet-group","status":"publish","type":"page","link":"https:\/\/www.kovan.si\/de\/vertretungsprogramm\/saet-group\/","title":{"rendered":"Saet Group"},"content":{"rendered":"<p>[vc_row type=&#8221;container&#8221; padding_top=&#8221;&#8221; padding_bottom=&#8221;&#8221; css=&#8221;.vc_custom_1449576470084{margin-bottom: 0px !important;}&#8221;][vc_column width=&#8221;1\/2&#8243;][vc_column_text]Induktoren, Duschen und K\u00fchlsysteme f\u00fcr H\u00e4rten. Kontrollsysteme, Vorrichtung zur thermischen Behandlung, H\u00e4rtung, Anlassen, Schmieden, Loten, Stauchen, Polymerisation, Vorschub und Manipulation.<\/p>\n<p>Die offizielle Webseite: <a href=\"http:\/\/www.saetgroup.com\/\">www.saetgroup.com<\/a>[\/vc_column_text][\/vc_column][vc_column width=&#8221;1\/2&#8243;][vc_single_image image=&#8221;71674&#8243; img_size=&#8221;medium&#8221;][vc_images_carousel images=&#8221;71307,71308,71309&#8243; img_size=&#8221;390&#215;267&#8243; mode=&#8221;vertical&#8221; speed=&#8221;4000&#8243; autoplay=&#8221;yes&#8221; wrap=&#8221;yes&#8221; css=&#8221;.vc_custom_1476302011891{margin-bottom: 0px !important;padding-bottom: 0px !important;}&#8221;][vc_column_text]<\/p>\n<div style=\"color: #fff; padding: 15px; background: #222; position: relative; text-align: center; line-height: 1.45em; border-bottom-left-radius: 7px; font-size: 14px; margin-top: 0px; margin-bottom: 0px;\">Saet group<\/div>\n<p>[\/vc_column_text][\/vc_column][\/vc_row][vc_row type=&#8221;container&#8221; padding_top=&#8221;&#8221; padding_bottom=&#8221;&#8221; css=&#8221;.vc_custom_1444503683289{margin-bottom: 0px !important;}&#8221;][vc_column][vc_separator color=&#8221;#e2e2e2&#8243; type=&#8221;normal&#8221; thickness=&#8221;1&#8243; up=&#8221;&#8221; down=&#8221;&#8221; el_class=&#8221;dotted&#8221;][\/vc_column][\/vc_row][vc_row type=&#8221;container&#8221; padding_top=&#8221;&#8221; padding_bottom=&#8221;&#8221;][vc_column][vc_column_text]<\/p>\n<h2>Holen Sie sich das Angebot<\/h2>\n<p>[\/vc_column_text]<div role=\"form\" class=\"wpcf7\" id=\"wpcf7-f72926-o1\" lang=\"en-US\" dir=\"ltr\">\n<div class=\"screen-reader-response\"><\/div>\n<form action=\"\/de\/wp-json\/wp\/v2\/pages\/72868#wpcf7-f72926-o1\" method=\"post\" class=\"wpcf7-form\" novalidate=\"novalidate\">\n<div style=\"display: none;\">\n<input type=\"hidden\" name=\"_wpcf7\" value=\"72926\" \/>\n<input type=\"hidden\" name=\"_wpcf7_version\" value=\"5.1.5\" \/>\n<input type=\"hidden\" name=\"_wpcf7_locale\" value=\"en_US\" \/>\n<input type=\"hidden\" name=\"_wpcf7_unit_tag\" value=\"wpcf7-f72926-o1\" \/>\n<input type=\"hidden\" name=\"_wpcf7_container_post\" value=\"0\" \/>\n<\/div>\n<div class=\"row\">\n<div class=\"col-lg-6 col-md-6\">\n<p>Ihr Name (obligatorisch)<br \/>\n    <span class=\"wpcf7-form-control-wrap your-name\"><input type=\"text\" name=\"your-name\" value=\"\" size=\"40\" class=\"wpcf7-form-control wpcf7-text wpcf7-validates-as-required\" aria-required=\"true\" aria-invalid=\"false\" \/><\/span> <\/p>\n<p>Ihre E-Mail Adresse (obligatorisch)<br \/>\n    <span class=\"wpcf7-form-control-wrap your-email\"><input type=\"email\" name=\"your-email\" value=\"\" size=\"40\" class=\"wpcf7-form-control wpcf7-text wpcf7-email wpcf7-validates-as-required wpcf7-validates-as-email\" aria-required=\"true\" aria-invalid=\"false\" \/><\/span> <\/p>\n<p>Ihre Telefonnummer (obligatorisch)<br \/>\n<span class=\"wpcf7-form-control-wrap your-phone\"><input type=\"tel\" name=\"your-phone\" value=\"\" size=\"40\" class=\"wpcf7-form-control wpcf7-text wpcf7-tel wpcf7-validates-as-required wpcf7-validates-as-tel\" aria-required=\"true\" aria-invalid=\"false\" \/><\/span><\/p>\n<p>Name des Unternehmens<br \/>\n    <span class=\"wpcf7-form-control-wrap company-name\"><input type=\"text\" name=\"company-name\" value=\"\" size=\"40\" class=\"wpcf7-form-control wpcf7-text\" aria-invalid=\"false\" \/><\/span> <\/p>\n<\/div>\n<div class=\"col-lg-6 col-md-6\">\n<p>Ihre Anforderungen<br \/>\n    <span class=\"wpcf7-form-control-wrap your-requirements\"><textarea name=\"your-requirements\" cols=\"40\" rows=\"10\" class=\"wpcf7-form-control wpcf7-textarea\" aria-invalid=\"false\"><\/textarea><\/span> <\/p>\n<\/div>\n<\/div>\n<p><input type=\"submit\" value=\"Schicken\" class=\"wpcf7-form-control wpcf7-submit\" \/><\/p>\n<div class=\"wpcf7-response-output wpcf7-display-none\"><\/div><\/form><\/div>[\/vc_column][\/vc_row]<\/p>\n","protected":false},"excerpt":{"rendered":"<p>[vc_row type=&#8221;container&#8221; padding_top=&#8221;&#8221; padding_bottom=&#8221;&#8221; css=&#8221;.vc_custom_1449576470084{margin-bottom: 0px !important;}&#8221;][vc_column width=&#8221;1\/2&#8243;][vc_column_text]Induktoren, Duschen und K\u00fchlsysteme f\u00fcr H\u00e4rten. Kontrollsysteme, Vorrichtung zur thermischen Behandlung, H\u00e4rtung, Anlassen, Schmieden, Loten, Stauchen, Polymerisation, Vorschub und Manipulation. Die offizielle Webseite: www.saetgroup.com[\/vc_column_text][\/vc_column][vc_column width=&#8221;1\/2&#8243;][vc_single_image image=&#8221;71674&#8243; img_size=&#8221;medium&#8221;][vc_images_carousel images=&#8221;71307,71308,71309&#8243; img_size=&#8221;390&#215;267&#8243; mode=&#8221;vertical&#8221; speed=&#8221;4000&#8243; autoplay=&#8221;yes&#8221; wrap=&#8221;yes&#8221; css=&#8221;.vc_custom_1476302011891{margin-bottom: 0px !important;padding-bottom: 0px !important;}&#8221;][vc_column_text] Saet group [\/vc_column_text][\/vc_column][\/vc_row][vc_row type=&#8221;container&#8221; padding_top=&#8221;&#8221; padding_bottom=&#8221;&#8221; css=&#8221;.vc_custom_1444503683289{margin-bottom: 0px !important;}&#8221;][vc_column][vc_separator color=&#8221;#e2e2e2&#8243; [&hellip;]<\/p>\n","protected":false},"author":1,"featured_media":72495,"parent":72862,"menu_order":0,"comment_status":"closed","ping_status":"closed","template":"","meta":[],"yst_prominent_words":[],"_links":{"self":[{"href":"https:\/\/www.kovan.si\/de\/wp-json\/wp\/v2\/pages\/72868"}],"collection":[{"href":"https:\/\/www.kovan.si\/de\/wp-json\/wp\/v2\/pages"}],"about":[{"href":"https:\/\/www.kovan.si\/de\/wp-json\/wp\/v2\/types\/page"}],"author":[{"embeddable":true,"href":"https:\/\/www.kovan.si\/de\/wp-json\/wp\/v2\/users\/1"}],"replies":[{"embeddable":true,"href":"https:\/\/www.kovan.si\/de\/wp-json\/wp\/v2\/comments?post=72868"}],"version-history":[{"count":4,"href":"https:\/\/www.kovan.si\/de\/wp-json\/wp\/v2\/pages\/72868\/revisions"}],"predecessor-version":[{"id":72969,"href":"https:\/\/www.kovan.si\/de\/wp-json\/wp\/v2\/pages\/72868\/revisions\/72969"}],"up":[{"embeddable":true,"href":"https:\/\/www.kovan.si\/de\/wp-json\/wp\/v2\/pages\/72862"}],"wp:featuredmedia":[{"embeddable":true,"href":"https:\/\/www.kovan.si\/de\/wp-json\/wp\/v2\/media\/72495"}],"wp:attachment":[{"href":"https:\/\/www.kovan.si\/de\/wp-json\/wp\/v2\/media?parent=72868"}],"wp:term":[{"taxonomy":"yst_prominent_words","embeddable":true,"href":"https:\/\/www.kovan.si\/de\/wp-json\/wp\/v2\/yst_prominent_words?post=72868"}],"curies":[{"name":"wp","href":"https:\/\/api.w.org\/{rel}","templated":true}]}}