{"id":72880,"date":"2016-10-11T20:44:21","date_gmt":"2016-10-11T20:44:21","guid":{"rendered":"http:\/\/www.kovan.si\/de\/vertretungsprogramm\/ermaksan\/"},"modified":"2017-01-04T12:25:33","modified_gmt":"2017-01-04T12:25:33","slug":"ermaksan","status":"publish","type":"page","link":"https:\/\/www.kovan.si\/de\/vertretungsprogramm\/ermaksan\/","title":{"rendered":"Ermaksan"},"content":{"rendered":"<p>[vc_row type=&#8221;container&#8221; padding_top=&#8221;&#8221; padding_bottom=&#8221;&#8221; css=&#8221;.vc_custom_1449576470084{margin-bottom: 0px !important;}&#8221;][vc_column width=&#8221;1\/2&#8243;][vc_column_text]Ermaksan ist bekannt f\u00fcr Produktivit\u00e4t und resultatorientierter Entwicklung, sowohl als auch f\u00fcr preisg\u00fcnstige hochtechnologische Produkte in der Bearbeitungsindustrie. Durch alle 49 Jahre des Unternehmers, wird st\u00e4ndig in die neuste Technologie und das Personal investiert.<\/p>\n<p>J\u00e4hrlich werden in einer 80.000m<sup>2 <\/sup>gro\u00dfen und modernen Produktionshalle, die mit Topausr\u00fcstung bestattet ist, 3000 Maschinen gefertigt. Ermaksan, der 700 hochqualifizierte Angestellte\u00a0 hat, exportiert 80% der Produkte unter der ERMAK Marke, \u00fcber Agente in mehr als 70 L\u00e4nder weltweit, von Kanada bis Neuseeland, und bietet technische Unterst\u00fctzung schon seit dem Jahr 1965.<\/p>\n<p>Mit dem Einkauf einer Ermaksan Maschine investieren Sie in Ihre Zukunft. Damit verpflichten wir uns, dass wir ihnen eine Maschine liefern, die ihren Anforderungen entspricht und dass wir Ihnen die bestm\u00f6gliche Kauferfahrung bieten mit Prei\u00df-, Liefer- Qualit\u00e4t-, Ausbildungskriterien und After-Sales technischer Unterst\u00fctzung.<\/p>\n<p>Die offizielle Webseite: <a href=\"http:\/\/www.ermaksan.com.tr\/en-EN\/\">www.ermaksan.com.tr<\/a>[\/vc_column_text][\/vc_column][vc_column width=&#8221;1\/2&#8243;][vc_single_image image=&#8221;71660&#8243; img_size=&#8221;medium&#8221;][vc_images_carousel images=&#8221;71126,71127,71128,71129,71130&#8243; img_size=&#8221;390&#215;267&#8243; mode=&#8221;vertical&#8221; speed=&#8221;4000&#8243; autoplay=&#8221;yes&#8221; wrap=&#8221;yes&#8221; css=&#8221;.vc_custom_1476219347695{margin-bottom: 0px !important;padding-bottom: 0px !important;}&#8221;][vc_separator color=&#8221;#e2e2e2&#8243; type=&#8221;normal&#8221; thickness=&#8221;1&#8243; up=&#8221;&#8221; down=&#8221;&#8221; el_class=&#8221;dotted&#8221;][vc_column_text]<\/p>\n<h4>Catalogues<\/h4>\n<p>[\/vc_column_text][vc_btn title=&#8221;Ermaksan catalogue EPL-Plasma, Fibermak, Speedbend&#8221; style=&#8221;classic&#8221; shape=&#8221;square&#8221; size=&#8221;sm&#8221; i_icon_fontawesome=&#8221;fa fa-file-pdf-o&#8221; link=&#8221;url:http%3A%2F%2Fwww.kovan.si%2Fwp-content%2Fuploads%2F2016%2F10%2FErmaksan-EPL_plasma-Fibermak_Speedbend-1.pdf||target:%20_blank|&#8221; add_icon=&#8221;true&#8221;][\/vc_column][\/vc_row][vc_row type=&#8221;container&#8221; padding_top=&#8221;&#8221; padding_bottom=&#8221;&#8221; css=&#8221;.vc_custom_1444503683289{margin-bottom: 0px !important;}&#8221;][vc_column][vc_separator color=&#8221;#e2e2e2&#8243; type=&#8221;normal&#8221; thickness=&#8221;1&#8243; up=&#8221;&#8221; down=&#8221;&#8221; el_class=&#8221;dotted&#8221;][\/vc_column][\/vc_row][vc_row type=&#8221;container&#8221; padding_top=&#8221;&#8221; padding_bottom=&#8221;&#8221;][vc_column][vc_column_text]<\/p>\n<h2>Holen Sie sich das Angebot<\/h2>\n<p>[\/vc_column_text]<div role=\"form\" class=\"wpcf7\" id=\"wpcf7-f72926-o1\" lang=\"en-US\" dir=\"ltr\">\n<div class=\"screen-reader-response\"><\/div>\n<form action=\"\/de\/wp-json\/wp\/v2\/pages\/72880#wpcf7-f72926-o1\" method=\"post\" class=\"wpcf7-form\" novalidate=\"novalidate\">\n<div style=\"display: none;\">\n<input type=\"hidden\" name=\"_wpcf7\" value=\"72926\" \/>\n<input type=\"hidden\" name=\"_wpcf7_version\" value=\"5.1.5\" \/>\n<input type=\"hidden\" name=\"_wpcf7_locale\" value=\"en_US\" \/>\n<input type=\"hidden\" name=\"_wpcf7_unit_tag\" value=\"wpcf7-f72926-o1\" \/>\n<input type=\"hidden\" name=\"_wpcf7_container_post\" value=\"0\" \/>\n<\/div>\n<div class=\"row\">\n<div class=\"col-lg-6 col-md-6\">\n<p>Ihr Name (obligatorisch)<br \/>\n    <span class=\"wpcf7-form-control-wrap your-name\"><input type=\"text\" name=\"your-name\" value=\"\" size=\"40\" class=\"wpcf7-form-control wpcf7-text wpcf7-validates-as-required\" aria-required=\"true\" aria-invalid=\"false\" \/><\/span> <\/p>\n<p>Ihre E-Mail Adresse (obligatorisch)<br \/>\n    <span class=\"wpcf7-form-control-wrap your-email\"><input type=\"email\" name=\"your-email\" value=\"\" size=\"40\" class=\"wpcf7-form-control wpcf7-text wpcf7-email wpcf7-validates-as-required wpcf7-validates-as-email\" aria-required=\"true\" aria-invalid=\"false\" \/><\/span> <\/p>\n<p>Ihre Telefonnummer (obligatorisch)<br \/>\n<span class=\"wpcf7-form-control-wrap your-phone\"><input type=\"tel\" name=\"your-phone\" value=\"\" size=\"40\" class=\"wpcf7-form-control wpcf7-text wpcf7-tel wpcf7-validates-as-required wpcf7-validates-as-tel\" aria-required=\"true\" aria-invalid=\"false\" \/><\/span><\/p>\n<p>Name des Unternehmens<br \/>\n    <span class=\"wpcf7-form-control-wrap company-name\"><input type=\"text\" name=\"company-name\" value=\"\" size=\"40\" class=\"wpcf7-form-control wpcf7-text\" aria-invalid=\"false\" \/><\/span> <\/p>\n<\/div>\n<div class=\"col-lg-6 col-md-6\">\n<p>Ihre Anforderungen<br \/>\n    <span class=\"wpcf7-form-control-wrap your-requirements\"><textarea name=\"your-requirements\" cols=\"40\" rows=\"10\" class=\"wpcf7-form-control wpcf7-textarea\" aria-invalid=\"false\"><\/textarea><\/span> <\/p>\n<\/div>\n<\/div>\n<p><input type=\"submit\" value=\"Schicken\" class=\"wpcf7-form-control wpcf7-submit\" \/><\/p>\n<div class=\"wpcf7-response-output wpcf7-display-none\"><\/div><\/form><\/div>[\/vc_column][\/vc_row]<\/p>\n","protected":false},"excerpt":{"rendered":"<p>[vc_row type=&#8221;container&#8221; padding_top=&#8221;&#8221; padding_bottom=&#8221;&#8221; css=&#8221;.vc_custom_1449576470084{margin-bottom: 0px !important;}&#8221;][vc_column width=&#8221;1\/2&#8243;][vc_column_text]Ermaksan ist bekannt f\u00fcr Produktivit\u00e4t und resultatorientierter Entwicklung, sowohl als auch f\u00fcr preisg\u00fcnstige hochtechnologische Produkte in der Bearbeitungsindustrie. Durch alle 49 Jahre des Unternehmers, wird st\u00e4ndig in die neuste Technologie und das Personal investiert. J\u00e4hrlich werden in einer 80.000m2 gro\u00dfen und modernen Produktionshalle, die mit Topausr\u00fcstung bestattet ist, [&hellip;]<\/p>\n","protected":false},"author":1,"featured_media":72386,"parent":72862,"menu_order":0,"comment_status":"closed","ping_status":"closed","template":"","meta":[],"yst_prominent_words":[],"_links":{"self":[{"href":"https:\/\/www.kovan.si\/de\/wp-json\/wp\/v2\/pages\/72880"}],"collection":[{"href":"https:\/\/www.kovan.si\/de\/wp-json\/wp\/v2\/pages"}],"about":[{"href":"https:\/\/www.kovan.si\/de\/wp-json\/wp\/v2\/types\/page"}],"author":[{"embeddable":true,"href":"https:\/\/www.kovan.si\/de\/wp-json\/wp\/v2\/users\/1"}],"replies":[{"embeddable":true,"href":"https:\/\/www.kovan.si\/de\/wp-json\/wp\/v2\/comments?post=72880"}],"version-history":[{"count":2,"href":"https:\/\/www.kovan.si\/de\/wp-json\/wp\/v2\/pages\/72880\/revisions"}],"predecessor-version":[{"id":72960,"href":"https:\/\/www.kovan.si\/de\/wp-json\/wp\/v2\/pages\/72880\/revisions\/72960"}],"up":[{"embeddable":true,"href":"https:\/\/www.kovan.si\/de\/wp-json\/wp\/v2\/pages\/72862"}],"wp:featuredmedia":[{"embeddable":true,"href":"https:\/\/www.kovan.si\/de\/wp-json\/wp\/v2\/media\/72386"}],"wp:attachment":[{"href":"https:\/\/www.kovan.si\/de\/wp-json\/wp\/v2\/media?parent=72880"}],"wp:term":[{"taxonomy":"yst_prominent_words","embeddable":true,"href":"https:\/\/www.kovan.si\/de\/wp-json\/wp\/v2\/yst_prominent_words?post=72880"}],"curies":[{"name":"wp","href":"https:\/\/api.w.org\/{rel}","templated":true}]}}