{"id":72894,"date":"2016-10-12T17:24:48","date_gmt":"2016-10-12T17:24:48","guid":{"rendered":"http:\/\/www.kovan.si\/de\/vertretungsprogramm\/tractel-s-s\/"},"modified":"2017-01-04T15:55:32","modified_gmt":"2017-01-04T15:55:32","slug":"tractel-s-s","status":"publish","type":"page","link":"https:\/\/www.kovan.si\/de\/vertretungsprogramm\/tractel-s-s\/","title":{"rendered":"Tractel"},"content":{"rendered":"<p>[vc_row type=&#8221;container&#8221; padding_top=&#8221;&#8221; padding_bottom=&#8221;&#8221; css=&#8221;.vc_custom_1449576470084{margin-bottom: 0px !important;}&#8221;][vc_column width=&#8221;1\/2&#8243;][vc_column_text]<strong>Hebe- und F\u00f6rdereinrichtungen und Arbeitsschutzausr\u00fcstung<\/strong><\/p>\n<p><strong>1.) Hebe- und F\u00f6rdereinrichtungen<\/strong><\/p>\n<p>Die heutigen Produktionsprozesse fordern immer optimalere L\u00f6sungen zwischen den einzelnen Produktionsphasen. Um den Zeitverlust zu verringern, bieten wir effektive, einfache und zuverl\u00e4ssige L\u00f6sungen aus diesem Bereich. Wir bieten Ihnen einfache und zuverl\u00e4ssige Handbet\u00e4tigte und Zugger\u00e4te, Greifern aller Art und auch Arbeitsplattformen. Alles, was im heutigen Arbeitsprozess dringend ben\u00f6tigt wird.<\/p>\n<p>[\/vc_column_text][\/vc_column][vc_column width=&#8221;1\/2&#8243;][vc_single_image image=&#8221;71664&#8243; img_size=&#8221;full&#8221; alignment=&#8221;center&#8221;][vc_images_carousel images=&#8221;71278,71279,71280&#8243; img_size=&#8221;medium&#8221; speed=&#8221;4000&#8243; autoplay=&#8221;yes&#8221; wrap=&#8221;yes&#8221; css=&#8221;.vc_custom_1476300132125{margin-bottom: 0px !important;padding-bottom: 0px !important;}&#8221;][\/vc_column][\/vc_row][vc_row type=&#8221;container&#8221; padding_top=&#8221;&#8221; padding_bottom=&#8221;&#8221; css=&#8221;.vc_custom_1444503683289{margin-bottom: 0px !important;}&#8221;][vc_column][vc_separator color=&#8221;#e2e2e2&#8243; type=&#8221;normal&#8221; thickness=&#8221;1&#8243; up=&#8221;&#8221; down=&#8221;&#8221; el_class=&#8221;dotted&#8221;][vc_column_text]<\/p>\n<h3>Catalogues<\/h3>\n<p>[\/vc_column_text][vc_row_inner][vc_column_inner width=&#8221;1\/3&#8243;][vc_btn title=&#8221;Catalogue of Tractel Carol manual drum winches&#8221; style=&#8221;classic&#8221; shape=&#8221;square&#8221; size=&#8221;sm&#8221; i_icon_fontawesome=&#8221;fa fa-file-pdf-o&#8221; link=&#8221;url:http%3A%2F%2Fwww.kovan.si%2Fwp-content%2Fuploads%2F2016%2F10%2FCarol-manuel-GB-1.pdf|||&#8221; add_icon=&#8221;true&#8221;][vc_btn title=&#8221;Catalogue of Tractel electric, hydraulic or pneumatic hoists with through wire rope&#8221; style=&#8221;classic&#8221; shape=&#8221;square&#8221; size=&#8221;sm&#8221; i_icon_fontawesome=&#8221;fa fa-file-pdf-o&#8221; link=&#8221;url:http%3A%2F%2Fwww.kovan.si%2Fwp-content%2Fuploads%2F2016%2F10%2FTIRAK_GB_2003.pdf|||&#8221; add_icon=&#8221;true&#8221;][vc_btn title=&#8221;Catalogue of Tractel Dynarope tensiometers (series HF36)&#8221; style=&#8221;classic&#8221; shape=&#8221;square&#8221; size=&#8221;sm&#8221; i_icon_fontawesome=&#8221;fa fa-file-pdf-o&#8221; link=&#8221;url:http%3A%2F%2Fwww.kovan.si%2Fwp-content%2Fuploads%2F2016%2F10%2FDYNAROPE_GB_DER.pdf|||&#8221; add_icon=&#8221;true&#8221;][vc_btn title=&#8221;Catalogue of Tractel Dynafor load checking and measuring devices&#8221; style=&#8221;classic&#8221; shape=&#8221;square&#8221; size=&#8221;sm&#8221; i_icon_fontawesome=&#8221;fa fa-file-pdf-o&#8221; link=&#8221;url:http%3A%2F%2Fwww.kovan.si%2Fwp-content%2Fuploads%2F2016%2F10%2FKatalog-DYNAFOR.pdf|||&#8221; add_icon=&#8221;true&#8221;][vc_btn title=&#8221;Catalogue of Tractel Pal-turn load turners&#8221; style=&#8221;classic&#8221; shape=&#8221;square&#8221; size=&#8221;sm&#8221; i_icon_fontawesome=&#8221;fa fa-file-pdf-o&#8221; link=&#8221;url:http%3A%2F%2Fwww.kovan.si%2Fwp-content%2Fuploads%2F2016%2F10%2Fpal-turn-tractel.pdf|||&#8221; add_icon=&#8221;true&#8221;][\/vc_column_inner][vc_column_inner width=&#8221;1\/3&#8243;][vc_btn title=&#8221;Catalogue of Tractel Carol powered drum winches&#8221; style=&#8221;classic&#8221; shape=&#8221;square&#8221; size=&#8221;sm&#8221; i_icon_fontawesome=&#8221;fa fa-file-pdf-o&#8221; link=&#8221;url:http%3A%2F%2Fwww.kovan.si%2Fwp-content%2Fuploads%2F2016%2F10%2FCarol-motorise-GB.pdf|||&#8221; add_icon=&#8221;true&#8221;][vc_btn title=&#8221;Catalogue of Tractel Tirvit cable and wire rope tensioning devices&#8221; style=&#8221;classic&#8221; shape=&#8221;square&#8221; size=&#8221;sm&#8221; i_icon_fontawesome=&#8221;fa fa-file-pdf-o&#8221; link=&#8221;url:http%3A%2F%2Fwww.kovan.si%2Fwp-content%2Fuploads%2F2016%2F10%2FTIRVIT_GB.pdf|||&#8221; add_icon=&#8221;true&#8221;][vc_btn title=&#8221;Catalogue of Tractel Dynarope universal load limiters (series HF32)&#8221; style=&#8221;classic&#8221; shape=&#8221;square&#8221; size=&#8221;sm&#8221; i_icon_fontawesome=&#8221;fa fa-file-pdf-o&#8221; link=&#8221;url:http%3A%2F%2Fwww.kovan.si%2Fwp-content%2Fuploads%2F2016%2F10%2FDYNASAFE_HF32_GB.pdf|||&#8221; add_icon=&#8221;true&#8221;][vc_btn title=&#8221;Catalogue of Tractel Minifor electric hoists&#8221; style=&#8221;classic&#8221; shape=&#8221;square&#8221; size=&#8221;sm&#8221; i_icon_fontawesome=&#8221;fa fa-file-pdf-o&#8221; link=&#8221;url:http%3A%2F%2Fwww.kovan.si%2Fwp-content%2Fuploads%2F2016%2F10%2Fminifor_GB_2003.pdf|||&#8221; add_icon=&#8221;true&#8221;][vc_btn title=&#8221; Catalogue od Tractel pinces\/clamps&#8221; style=&#8221;classic&#8221; shape=&#8221;square&#8221; size=&#8221;sm&#8221; i_icon_fontawesome=&#8221;fa fa-file-pdf-o&#8221; link=&#8221;url:http%3A%2F%2Fwww.kovan.si%2Fwp-content%2Fuploads%2F2016%2F10%2FTOPAL-PINCES-FR_GB.pdf|||&#8221; add_icon=&#8221;true&#8221;][\/vc_column_inner][vc_column_inner width=&#8221;1\/3&#8243;][vc_btn title=&#8221;Catalogue of Tractel Jockey winches with an unlimited length of rope&#8221; style=&#8221;classic&#8221; shape=&#8221;square&#8221; size=&#8221;sm&#8221; i_icon_fontawesome=&#8221;fa fa-file-pdf-o&#8221; link=&#8221;url:http%3A%2F%2Fwww.kovan.si%2Fwp-content%2Fuploads%2F2016%2F10%2FDoc_jockeys_GB.pdf|||&#8221; add_icon=&#8221;true&#8221;][vc_btn title=&#8221;Catalogue of Tractel hydraulic toe jacks&#8221; style=&#8221;classic&#8221; shape=&#8221;square&#8221; size=&#8221;sm&#8221; i_icon_fontawesome=&#8221;fa fa-file-pdf-o&#8221; link=&#8221;url:http%3A%2F%2Fwww.kovan.si%2Fwp-content%2Fuploads%2F2016%2F10%2FDoc_Hydrofor_GB.pdf|||&#8221; add_icon=&#8221;true&#8221;][vc_btn title=&#8221;Catalogue of Tractel Handifor measuring devices&#8221; style=&#8221;classic&#8221; shape=&#8221;square&#8221; size=&#8221;sm&#8221; i_icon_fontawesome=&#8221;fa fa-file-pdf-o&#8221; link=&#8221;url:http%3A%2F%2Fwww.kovan.si%2Fwp-content%2Fuploads%2F2016%2F10%2Fhandifor_Encart_GB_03.pdf|||&#8221; add_icon=&#8221;true&#8221;][vc_btn title=&#8221;Catalogue of Tracte Pakrol skates and trolley skates&#8221; style=&#8221;classic&#8221; shape=&#8221;square&#8221; size=&#8221;sm&#8221; i_icon_fontawesome=&#8221;fa fa-file-pdf-o&#8221; link=&#8221;url:http%3A%2F%2Fwww.kovan.si%2Fwp-content%2Fuploads%2F2016%2F10%2FPAKROL_GB.pdf|||&#8221; add_icon=&#8221;true&#8221;][vc_btn title=&#8221;Catalogue of Tractel of lifting beams and c-hooks&#8221; style=&#8221;classic&#8221; shape=&#8221;square&#8221; size=&#8221;sm&#8221; i_icon_fontawesome=&#8221;fa fa-file-pdf-o&#8221; link=&#8221;url:http%3A%2F%2Fwww.kovan.si%2Fwp-content%2Fuploads%2F2016%2F10%2FpalonniersFR_GB-2.pdf|||&#8221; add_icon=&#8221;true&#8221;][\/vc_column_inner][\/vc_row_inner][\/vc_column][\/vc_row][vc_row type=&#8221;container&#8221; padding_top=&#8221;&#8221; padding_bottom=&#8221;&#8221; css=&#8221;.vc_custom_1444503683289{margin-bottom: 0px !important;}&#8221;][vc_column][vc_separator color=&#8221;#e2e2e2&#8243; type=&#8221;normal&#8221; thickness=&#8221;1&#8243; up=&#8221;&#8221; down=&#8221;20&#8243; el_class=&#8221;dotted&#8221; css=&#8221;.vc_custom_1476731484802{margin-bottom: 20px !important;}&#8221;][\/vc_column][\/vc_row][vc_row type=&#8221;container&#8221; padding_top=&#8221;&#8221; padding_bottom=&#8221;&#8221; css=&#8221;.vc_custom_1449576470084{margin-bottom: 0px !important;}&#8221;][vc_column width=&#8221;1\/2&#8243;][vc_column_text]<\/p>\n<div class=\"ce_text block\">\n<p><strong>2.) Schutzausr\u00fcstung bei Arbeiten auf H\u00f6hen und Tiefen<\/strong><\/p>\n<p>Heutzutage ist die Sicherheit der Arbeiter von h\u00f6chster Bedeutung, vor allem bei H\u00f6hearbeiten. Deshalb ist die Schutzausr\u00fcstung eine Priorit\u00e4t um Unf\u00e4lle zu verhindern. Das Unternehmen Tractel Group fertigt eine extrem hochwertige Schutzausr\u00fcstung, die sich durch einen einfachen Gebrauch und Qualit\u00e4t auszeichnet, was auch die ben\u00f6tigen Zertifikate best\u00e4tigen.<\/p>\n<p>Die offizielle Webseite: <a href=\"http:\/\/www.tractel.com\/\">www.tractel.com<\/a><\/p>\n<\/div>\n<div class=\"ce_text block\"><\/div>\n<p>[\/vc_column_text][vc_btn title=&#8221; Catalogue of Tractel equipment for work at heights&#8221; style=&#8221;classic&#8221; shape=&#8221;square&#8221; size=&#8221;sm&#8221; i_icon_fontawesome=&#8221;fa fa-file-pdf-o&#8221; link=&#8221;url:http%3A%2F%2Fwww.kovan.si%2Fwp-content%2Fuploads%2F2016%2F10%2FCatalogue-EPI_GBm.pdf.pdf|||&#8221; add_icon=&#8221;true&#8221;][\/vc_column][vc_column width=&#8221;1\/2&#8243;][vc_images_carousel images=&#8221;71281,71282&#8243; img_size=&#8221;medium&#8221; speed=&#8221;4000&#8243; autoplay=&#8221;yes&#8221; wrap=&#8221;yes&#8221; css=&#8221;.vc_custom_1476300122500{margin-bottom: 0px !important;padding-bottom: 0px !important;}&#8221;][\/vc_column][\/vc_row][vc_row type=&#8221;container&#8221; padding_top=&#8221;&#8221; padding_bottom=&#8221;&#8221; css=&#8221;.vc_custom_1444503683289{margin-bottom: 0px !important;}&#8221;][vc_column][vc_separator color=&#8221;#e2e2e2&#8243; type=&#8221;normal&#8221; thickness=&#8221;1&#8243; up=&#8221;&#8221; down=&#8221;&#8221; el_class=&#8221;dotted&#8221;][\/vc_column][\/vc_row][vc_row type=&#8221;container&#8221; padding_top=&#8221;&#8221; padding_bottom=&#8221;&#8221;][vc_column][vc_column_text]<\/p>\n<h2>Holen Sie sich das Angebot<\/h2>\n<p>[\/vc_column_text]<div role=\"form\" class=\"wpcf7\" id=\"wpcf7-f72926-o1\" lang=\"en-US\" dir=\"ltr\">\n<div class=\"screen-reader-response\"><\/div>\n<form action=\"\/de\/wp-json\/wp\/v2\/pages\/72894#wpcf7-f72926-o1\" method=\"post\" class=\"wpcf7-form\" novalidate=\"novalidate\">\n<div style=\"display: none;\">\n<input type=\"hidden\" name=\"_wpcf7\" value=\"72926\" \/>\n<input type=\"hidden\" name=\"_wpcf7_version\" value=\"5.1.5\" \/>\n<input type=\"hidden\" name=\"_wpcf7_locale\" value=\"en_US\" \/>\n<input type=\"hidden\" name=\"_wpcf7_unit_tag\" value=\"wpcf7-f72926-o1\" \/>\n<input type=\"hidden\" name=\"_wpcf7_container_post\" value=\"0\" \/>\n<\/div>\n<div class=\"row\">\n<div class=\"col-lg-6 col-md-6\">\n<p>Ihr Name (obligatorisch)<br \/>\n    <span class=\"wpcf7-form-control-wrap your-name\"><input type=\"text\" name=\"your-name\" value=\"\" size=\"40\" class=\"wpcf7-form-control wpcf7-text wpcf7-validates-as-required\" aria-required=\"true\" aria-invalid=\"false\" \/><\/span> <\/p>\n<p>Ihre E-Mail Adresse (obligatorisch)<br \/>\n    <span class=\"wpcf7-form-control-wrap your-email\"><input type=\"email\" name=\"your-email\" value=\"\" size=\"40\" class=\"wpcf7-form-control wpcf7-text wpcf7-email wpcf7-validates-as-required wpcf7-validates-as-email\" aria-required=\"true\" aria-invalid=\"false\" \/><\/span> <\/p>\n<p>Ihre Telefonnummer (obligatorisch)<br \/>\n<span class=\"wpcf7-form-control-wrap your-phone\"><input type=\"tel\" name=\"your-phone\" value=\"\" size=\"40\" class=\"wpcf7-form-control wpcf7-text wpcf7-tel wpcf7-validates-as-required wpcf7-validates-as-tel\" aria-required=\"true\" aria-invalid=\"false\" \/><\/span><\/p>\n<p>Name des Unternehmens<br \/>\n    <span class=\"wpcf7-form-control-wrap company-name\"><input type=\"text\" name=\"company-name\" value=\"\" size=\"40\" class=\"wpcf7-form-control wpcf7-text\" aria-invalid=\"false\" \/><\/span> <\/p>\n<\/div>\n<div class=\"col-lg-6 col-md-6\">\n<p>Ihre Anforderungen<br \/>\n    <span class=\"wpcf7-form-control-wrap your-requirements\"><textarea name=\"your-requirements\" cols=\"40\" rows=\"10\" class=\"wpcf7-form-control wpcf7-textarea\" aria-invalid=\"false\"><\/textarea><\/span> <\/p>\n<\/div>\n<\/div>\n<p><input type=\"submit\" value=\"Schicken\" class=\"wpcf7-form-control wpcf7-submit\" \/><\/p>\n<div class=\"wpcf7-response-output wpcf7-display-none\"><\/div><\/form><\/div>[\/vc_column][\/vc_row][vc_row type=&#8221;container&#8221;][vc_column][vc_column_text]<br \/>\n[\/vc_column_text][\/vc_column][\/vc_row][vc_row type=&#8221;container&#8221; padding_top=&#8221;&#8221; padding_bottom=&#8221;&#8221; css=&#8221;.vc_custom_1444503683289{margin-bottom: 0px !important;}&#8221;][vc_column][vc_separator color=&#8221;#e2e2e2&#8243; type=&#8221;normal&#8221; thickness=&#8221;1&#8243; up=&#8221;&#8221; down=&#8221;&#8221; el_class=&#8221;dotted&#8221;][\/vc_column][\/vc_row]<\/p>\n","protected":false},"excerpt":{"rendered":"<p>[vc_row type=&#8221;container&#8221; padding_top=&#8221;&#8221; padding_bottom=&#8221;&#8221; css=&#8221;.vc_custom_1449576470084{margin-bottom: 0px !important;}&#8221;][vc_column width=&#8221;1\/2&#8243;][vc_column_text]Hebe- und F\u00f6rdereinrichtungen und Arbeitsschutzausr\u00fcstung 1.) Hebe- und F\u00f6rdereinrichtungen Die heutigen Produktionsprozesse fordern immer optimalere L\u00f6sungen zwischen den einzelnen Produktionsphasen. Um den Zeitverlust zu verringern, bieten wir effektive, einfache und zuverl\u00e4ssige L\u00f6sungen aus diesem Bereich. Wir bieten Ihnen einfache und zuverl\u00e4ssige Handbet\u00e4tigte und Zugger\u00e4te, Greifern aller Art und [&hellip;]<\/p>\n","protected":false},"author":1,"featured_media":0,"parent":72862,"menu_order":0,"comment_status":"closed","ping_status":"closed","template":"","meta":[],"yst_prominent_words":[],"_links":{"self":[{"href":"https:\/\/www.kovan.si\/de\/wp-json\/wp\/v2\/pages\/72894"}],"collection":[{"href":"https:\/\/www.kovan.si\/de\/wp-json\/wp\/v2\/pages"}],"about":[{"href":"https:\/\/www.kovan.si\/de\/wp-json\/wp\/v2\/types\/page"}],"author":[{"embeddable":true,"href":"https:\/\/www.kovan.si\/de\/wp-json\/wp\/v2\/users\/1"}],"replies":[{"embeddable":true,"href":"https:\/\/www.kovan.si\/de\/wp-json\/wp\/v2\/comments?post=72894"}],"version-history":[{"count":3,"href":"https:\/\/www.kovan.si\/de\/wp-json\/wp\/v2\/pages\/72894\/revisions"}],"predecessor-version":[{"id":72973,"href":"https:\/\/www.kovan.si\/de\/wp-json\/wp\/v2\/pages\/72894\/revisions\/72973"}],"up":[{"embeddable":true,"href":"https:\/\/www.kovan.si\/de\/wp-json\/wp\/v2\/pages\/72862"}],"wp:attachment":[{"href":"https:\/\/www.kovan.si\/de\/wp-json\/wp\/v2\/media?parent=72894"}],"wp:term":[{"taxonomy":"yst_prominent_words","embeddable":true,"href":"https:\/\/www.kovan.si\/de\/wp-json\/wp\/v2\/yst_prominent_words?post=72894"}],"curies":[{"name":"wp","href":"https:\/\/api.w.org\/{rel}","templated":true}]}}