{"id":72903,"date":"2016-10-12T06:15:44","date_gmt":"2016-10-12T06:15:44","guid":{"rendered":"http:\/\/www.kovan.si\/de\/reproduction-material-marketing\/"},"modified":"2017-01-05T11:22:45","modified_gmt":"2017-01-05T11:22:45","slug":"schwarzmetalurgie-vermarktung","status":"publish","type":"page","link":"https:\/\/www.kovan.si\/de\/schwarzmetalurgie-vermarktung\/","title":{"rendered":"Schwarzmetalurgie Vermarktung"},"content":{"rendered":"<p>[vc_row type=&#8221;container&#8221; padding_top=&#8221;&#8221; padding_bottom=&#8221;&#8221; css=&#8221;.vc_custom_1477167613909{margin-bottom: 0px !important;padding-top: 0px !important;}&#8221;][vc_column width=&#8221;1\/3&#8243; css=&#8221;.vc_custom_1451766709466{margin-bottom: 35px !important;}&#8221;][vc_single_image image=&#8221;71765&#8243; img_size=&#8221;medium&#8221; onclick=&#8221;custom_link&#8221; css_animation=&#8221;bottom-to-top&#8221; link=&#8221;http:\/\/www.kovan.si\/de\/schwarzmetalurgie-vermarktung\/gewaltzte-und-geschmiedete-staehle\/&#8221; css=&#8221;.vc_custom_1483614783968{border-bottom-width: 0px !important;}&#8221; el_class=&#8221;zoom&#8221;][vc_column_text css=&#8221;.vc_custom_1483614776288{margin-top: -15px !important;margin-bottom: 20px !important;padding-right: 5px !important;}&#8221;]<\/p>\n<h4><a href=\"\/?page_id=72905\">Gewaltzte und geschmiedete st\u00e4hle<\/a><\/h4>\n<h6>Gewalzte und geschmiedete St\u00e4hle in verschiedenen Formen und Dimensionen<\/h6>\n<p><a class=\"more-link\" href=\"\/?page_id=72905\">Weiterlesen<\/a>[\/vc_column_text][\/vc_column][vc_column width=&#8221;1\/3&#8243;][vc_single_image image=&#8221;71174&#8243; img_size=&#8221;640&#215;320&#8243; onclick=&#8221;custom_link&#8221; css_animation=&#8221;bottom-to-top&#8221; link=&#8221;http:\/\/www.kovan.si\/de\/schwarzmetalurgie-vermarktung\/geschmiedete-ringe\/&#8221; css=&#8221;.vc_custom_1483614889909{border-bottom-width: 0px !important;}&#8221; el_class=&#8221;zoom&#8221;][vc_column_text css=&#8221;.vc_custom_1483614880861{margin-top: -15px !important;margin-bottom: 20px !important;padding-right: 5px !important;}&#8221;]<\/p>\n<h4><a href=\"\/?page_id=72908\">Geschmiedete Ringe<\/a><\/h4>\n<h6>Geschmiedete Ringe, Wellen und andere Formen der Schmiedest\u00fccke in verschiedenen Dimensionen und Materialqualit\u00e4ten.<\/h6>\n<p><a class=\"more-link\" href=\"\/?page_id=72908\">Weiterlesen<\/a>[\/vc_column_text][\/vc_column][vc_column width=&#8221;1\/3&#8243;][vc_single_image image=&#8221;71762&#8243; img_size=&#8221;large&#8221; onclick=&#8221;custom_link&#8221; css_animation=&#8221;bottom-to-top&#8221; link=&#8221;http:\/\/www.kovan.si\/de\/schwarzmetalurgie-vermarktung\/rohre\/&#8221; css=&#8221;.vc_custom_1483615002985{border-bottom-width: 0px !important;}&#8221; el_class=&#8221;zoom&#8221;][vc_column_text css=&#8221;.vc_custom_1483614993792{margin-top: -15px !important;margin-bottom: 20px !important;padding-right: 0px !important;}&#8221;]<\/p>\n<h4><a href=\"\/?page_id=72910\">Rohre<\/a><\/h4>\n<h6>Dickwandige \u2013 d\u00fcnnwandige, quadrate-, rechteckige Rohre, Rohre f\u00fcr zweckgem\u00e4\u00dfen Verbrauch, warmgewaltzte und k\u00fchlgezogene Rohre<\/h6>\n<p><a class=\"more-link\" href=\"\/?page_id=72910\">Weiterlesen<\/a>[\/vc_column_text][\/vc_column][\/vc_row][vc_row type=&#8221;container&#8221; padding_top=&#8221;&#8221; padding_bottom=&#8221;&#8221; css=&#8221;.vc_custom_1477167549035{margin-bottom: 0px !important;padding-top: 0px !important;}&#8221;][vc_column width=&#8221;1\/3&#8243; css=&#8221;.vc_custom_1451766709466{margin-bottom: 35px !important;}&#8221;][vc_single_image image=&#8221;71755&#8243; img_size=&#8221;640&#215;320&#8243; onclick=&#8221;custom_link&#8221; css_animation=&#8221;bottom-to-top&#8221; link=&#8221;http:\/\/www.kovan.si\/en\/reproduction-material-marketing\/forgings\/&#8221; css=&#8221;.vc_custom_1477167347620{border-bottom-width: 0px !important;}&#8221; el_class=&#8221;zoom&#8221;][vc_column_text css=&#8221;.vc_custom_1483615272850{margin-top: -15px !important;margin-bottom: 20px !important;padding-right: 5px !important;}&#8221;]<\/p>\n<h4><a href=\"\/?page_id=72916\">Forgings<\/a><\/h4>\n<h6>Geschmiedete Ringe, Wellen und andere Formen der Schmiedest\u00fccke in verschiedenen Dimensionen und Materialqualit\u00e4ten.<\/h6>\n<p><a class=\"more-link\" href=\"\/?page_id=72916\">Weiterlesen<\/a>[\/vc_column_text][\/vc_column][vc_column width=&#8221;1\/3&#8243;][vc_single_image image=&#8221;71756&#8243; img_size=&#8221;640&#215;320&#8243; onclick=&#8221;custom_link&#8221; css_animation=&#8221;bottom-to-top&#8221; link=&#8221;http:\/\/www.kovan.si\/de\/schwarzmetalurgie-vermarktung\/stahlprofile\/&#8221; css=&#8221;.vc_custom_1483615036332{border-bottom-width: 0px !important;}&#8221; el_class=&#8221;zoom&#8221;][vc_column_text css=&#8221;.vc_custom_1483615299055{margin-top: -15px !important;margin-bottom: 20px !important;padding-right: 5px !important;}&#8221;]<\/p>\n<h4><a href=\"\/?page_id=72913\">Stahlprofile<\/a><\/h4>\n<h6>Stahlprofile in verschiedenen Formen und Dimensionen<\/h6>\n<div class=\"vc_hidden-sm vc_hidden-xs\" style=\"height: 23px;\"><\/div>\n<p><a class=\"more-link\" href=\"\/?page_id=72913\">Weiterlesen<\/a>[\/vc_column_text][\/vc_column][vc_column width=&#8221;1\/3&#8243;][vc_single_image image=&#8221;71380&#8243; img_size=&#8221;640&#215;320&#8243; onclick=&#8221;custom_link&#8221; css_animation=&#8221;bottom-to-top&#8221; link=&#8221;http:\/\/www.kovan.si\/de\/schwarzmetalurgie-vermarktung\/bleche\/&#8221; css=&#8221;.vc_custom_1483615362432{border-bottom-width: 0px !important;}&#8221; el_class=&#8221;zoom&#8221;][vc_column_text css=&#8221;.vc_custom_1483615354361{margin-top: -15px !important;margin-bottom: 20px !important;padding-right: 5px !important;}&#8221;]<\/p>\n<h4><a href=\"\/?page_id=72918\">Bleche<\/a><\/h4>\n<h6>Bleche in verschiedenen Dimensionen, Materialqualit\u00e4ten und Formen<\/h6>\n<div class=\"vc_hidden-sm vc_hidden-xs\" style=\"height: 23px;\"><\/div>\n<p><a class=\"more-link\" href=\"\/?page_id=72918\">Weiterlesen<\/a>[\/vc_column_text][\/vc_column][\/vc_row]<\/p>\n","protected":false},"excerpt":{"rendered":"<p>[vc_row type=&#8221;container&#8221; padding_top=&#8221;&#8221; padding_bottom=&#8221;&#8221; css=&#8221;.vc_custom_1477167613909{margin-bottom: 0px !important;padding-top: 0px !important;}&#8221;][vc_column width=&#8221;1\/3&#8243; css=&#8221;.vc_custom_1451766709466{margin-bottom: 35px !important;}&#8221;][vc_single_image image=&#8221;71765&#8243; img_size=&#8221;medium&#8221; onclick=&#8221;custom_link&#8221; css_animation=&#8221;bottom-to-top&#8221; link=&#8221;http:\/\/www.kovan.si\/de\/schwarzmetalurgie-vermarktung\/gewaltzte-und-geschmiedete-staehle\/&#8221; css=&#8221;.vc_custom_1483614783968{border-bottom-width: 0px !important;}&#8221; el_class=&#8221;zoom&#8221;][vc_column_text css=&#8221;.vc_custom_1483614776288{margin-top: -15px !important;margin-bottom: 20px !important;padding-right: 5px !important;}&#8221;] Gewaltzte und geschmiedete st\u00e4hle Gewalzte und geschmiedete St\u00e4hle in verschiedenen Formen und Dimensionen Weiterlesen[\/vc_column_text][\/vc_column][vc_column width=&#8221;1\/3&#8243;][vc_single_image image=&#8221;71174&#8243; img_size=&#8221;640&#215;320&#8243; onclick=&#8221;custom_link&#8221; css_animation=&#8221;bottom-to-top&#8221; link=&#8221;http:\/\/www.kovan.si\/de\/schwarzmetalurgie-vermarktung\/geschmiedete-ringe\/&#8221; css=&#8221;.vc_custom_1483614889909{border-bottom-width: 0px !important;}&#8221; el_class=&#8221;zoom&#8221;][vc_column_text css=&#8221;.vc_custom_1483614880861{margin-top: -15px [&hellip;]<\/p>\n","protected":false},"author":1,"featured_media":0,"parent":0,"menu_order":0,"comment_status":"closed","ping_status":"closed","template":"","meta":[],"yst_prominent_words":[],"_links":{"self":[{"href":"https:\/\/www.kovan.si\/de\/wp-json\/wp\/v2\/pages\/72903"}],"collection":[{"href":"https:\/\/www.kovan.si\/de\/wp-json\/wp\/v2\/pages"}],"about":[{"href":"https:\/\/www.kovan.si\/de\/wp-json\/wp\/v2\/types\/page"}],"author":[{"embeddable":true,"href":"https:\/\/www.kovan.si\/de\/wp-json\/wp\/v2\/users\/1"}],"replies":[{"embeddable":true,"href":"https:\/\/www.kovan.si\/de\/wp-json\/wp\/v2\/comments?post=72903"}],"version-history":[{"count":7,"href":"https:\/\/www.kovan.si\/de\/wp-json\/wp\/v2\/pages\/72903\/revisions"}],"predecessor-version":[{"id":73016,"href":"https:\/\/www.kovan.si\/de\/wp-json\/wp\/v2\/pages\/72903\/revisions\/73016"}],"wp:attachment":[{"href":"https:\/\/www.kovan.si\/de\/wp-json\/wp\/v2\/media?parent=72903"}],"wp:term":[{"taxonomy":"yst_prominent_words","embeddable":true,"href":"https:\/\/www.kovan.si\/de\/wp-json\/wp\/v2\/yst_prominent_words?post=72903"}],"curies":[{"name":"wp","href":"https:\/\/api.w.org\/{rel}","templated":true}]}}