{"id":72910,"date":"2016-10-12T20:54:37","date_gmt":"2016-10-12T20:54:37","guid":{"rendered":"http:\/\/www.kovan.si\/de\/schwarzmetalurgie-vermarktung\/tubes\/"},"modified":"2022-10-05T06:48:37","modified_gmt":"2022-10-05T06:48:37","slug":"rohre","status":"publish","type":"page","link":"https:\/\/www.kovan.si\/de\/schwarzmetalurgie-vermarktung\/rohre\/","title":{"rendered":"Rohre"},"content":{"rendered":"<p>[vc_row type=&#8221;container&#8221; padding_top=&#8221;&#8221; padding_bottom=&#8221;&#8221; css=&#8221;.vc_custom_1449576470084{margin-bottom: 0px !important;}&#8221;][vc_column width=&#8221;1\/2&#8243;][vc_column_text]<strong>Nahtlose-, geschwei\u00dfte-, gehonte Rohre<\/strong><\/p>\n<p>Dickwandige \u2013 d\u00fcnnwandige, quadrate-, rechteckige Rohre, Rohre f\u00fcr zweckgem\u00e4\u00dfen Verbrauch, warmgewaltzte und k\u00fchlgezogene Rohre<\/p>\n<p>Materialqualitat: S235, S355, ST35.4 ,E235, E355, 20 MnV6.<\/p>\n<p>Lieferbar auch in anderen Materialqualit\u00e4ten, abh\u00e4ngig von Ihre Anfrage und Forderungen[\/vc_column_text][\/vc_column][vc_column width=&#8221;1\/2&#8243;][vc_single_image image=&#8221;72821&#8243; img_size=&#8221;large&#8221; css=&#8221;.vc_custom_1477167323536{margin-bottom: 0px !important;}&#8221;][\/vc_column][\/vc_row][vc_row type=&#8221;container&#8221; padding_top=&#8221;&#8221; padding_bottom=&#8221;&#8221; css=&#8221;.vc_custom_1444503683289{margin-bottom: 0px !important;}&#8221;][vc_column][vc_separator color=&#8221;#e2e2e2&#8243; type=&#8221;normal&#8221; thickness=&#8221;1&#8243; up=&#8221;&#8221; down=&#8221;&#8221; el_class=&#8221;dotted&#8221;][\/vc_column][\/vc_row][vc_row type=&#8221;container&#8221; padding_top=&#8221;&#8221; padding_bottom=&#8221;&#8221;][vc_column][vc_column_text]<\/p>\n<h2>Holen Sie sich das Angebot<\/h2>\n<p>[\/vc_column_text]<div role=\"form\" class=\"wpcf7\" id=\"wpcf7-f72926-o1\" lang=\"en-US\" dir=\"ltr\">\n<div class=\"screen-reader-response\"><\/div>\n<form action=\"\/de\/wp-json\/wp\/v2\/pages\/72910#wpcf7-f72926-o1\" method=\"post\" class=\"wpcf7-form\" novalidate=\"novalidate\">\n<div style=\"display: none;\">\n<input type=\"hidden\" name=\"_wpcf7\" value=\"72926\" \/>\n<input type=\"hidden\" name=\"_wpcf7_version\" value=\"5.1.5\" \/>\n<input type=\"hidden\" name=\"_wpcf7_locale\" value=\"en_US\" \/>\n<input type=\"hidden\" name=\"_wpcf7_unit_tag\" value=\"wpcf7-f72926-o1\" \/>\n<input type=\"hidden\" name=\"_wpcf7_container_post\" value=\"0\" \/>\n<\/div>\n<div class=\"row\">\n<div class=\"col-lg-6 col-md-6\">\n<p>Ihr Name (obligatorisch)<br \/>\n    <span class=\"wpcf7-form-control-wrap your-name\"><input type=\"text\" name=\"your-name\" value=\"\" size=\"40\" class=\"wpcf7-form-control wpcf7-text wpcf7-validates-as-required\" aria-required=\"true\" aria-invalid=\"false\" \/><\/span> <\/p>\n<p>Ihre E-Mail Adresse (obligatorisch)<br \/>\n    <span class=\"wpcf7-form-control-wrap your-email\"><input type=\"email\" name=\"your-email\" value=\"\" size=\"40\" class=\"wpcf7-form-control wpcf7-text wpcf7-email wpcf7-validates-as-required wpcf7-validates-as-email\" aria-required=\"true\" aria-invalid=\"false\" \/><\/span> <\/p>\n<p>Ihre Telefonnummer (obligatorisch)<br \/>\n<span class=\"wpcf7-form-control-wrap your-phone\"><input type=\"tel\" name=\"your-phone\" value=\"\" size=\"40\" class=\"wpcf7-form-control wpcf7-text wpcf7-tel wpcf7-validates-as-required wpcf7-validates-as-tel\" aria-required=\"true\" aria-invalid=\"false\" \/><\/span><\/p>\n<p>Name des Unternehmens<br \/>\n    <span class=\"wpcf7-form-control-wrap company-name\"><input type=\"text\" name=\"company-name\" value=\"\" size=\"40\" class=\"wpcf7-form-control wpcf7-text\" aria-invalid=\"false\" \/><\/span> <\/p>\n<\/div>\n<div class=\"col-lg-6 col-md-6\">\n<p>Ihre Anforderungen<br \/>\n    <span class=\"wpcf7-form-control-wrap your-requirements\"><textarea name=\"your-requirements\" cols=\"40\" rows=\"10\" class=\"wpcf7-form-control wpcf7-textarea\" aria-invalid=\"false\"><\/textarea><\/span> <\/p>\n<\/div>\n<\/div>\n<p><input type=\"submit\" value=\"Schicken\" class=\"wpcf7-form-control wpcf7-submit\" \/><\/p>\n<div class=\"wpcf7-response-output wpcf7-display-none\"><\/div><\/form><\/div>[\/vc_column][\/vc_row]<\/p>\n","protected":false},"excerpt":{"rendered":"<p>[vc_row type=&#8221;container&#8221; padding_top=&#8221;&#8221; padding_bottom=&#8221;&#8221; css=&#8221;.vc_custom_1449576470084{margin-bottom: 0px !important;}&#8221;][vc_column width=&#8221;1\/2&#8243;][vc_column_text]Nahtlose-, geschwei\u00dfte-, gehonte Rohre Dickwandige \u2013 d\u00fcnnwandige, quadrate-, rechteckige Rohre, Rohre f\u00fcr zweckgem\u00e4\u00dfen Verbrauch, warmgewaltzte und k\u00fchlgezogene Rohre Materialqualitat: S235, S355, ST35.4 ,E235, E355, 20 MnV6. Lieferbar auch in anderen Materialqualit\u00e4ten, abh\u00e4ngig von Ihre Anfrage und Forderungen[\/vc_column_text][\/vc_column][vc_column width=&#8221;1\/2&#8243;][vc_single_image image=&#8221;72821&#8243; img_size=&#8221;large&#8221; css=&#8221;.vc_custom_1477167323536{margin-bottom: 0px !important;}&#8221;][\/vc_column][\/vc_row][vc_row type=&#8221;container&#8221; padding_top=&#8221;&#8221; padding_bottom=&#8221;&#8221; css=&#8221;.vc_custom_1444503683289{margin-bottom: 0px [&hellip;]<\/p>\n","protected":false},"author":1,"featured_media":72821,"parent":72903,"menu_order":0,"comment_status":"closed","ping_status":"closed","template":"","meta":[],"yst_prominent_words":[],"_links":{"self":[{"href":"https:\/\/www.kovan.si\/de\/wp-json\/wp\/v2\/pages\/72910"}],"collection":[{"href":"https:\/\/www.kovan.si\/de\/wp-json\/wp\/v2\/pages"}],"about":[{"href":"https:\/\/www.kovan.si\/de\/wp-json\/wp\/v2\/types\/page"}],"author":[{"embeddable":true,"href":"https:\/\/www.kovan.si\/de\/wp-json\/wp\/v2\/users\/1"}],"replies":[{"embeddable":true,"href":"https:\/\/www.kovan.si\/de\/wp-json\/wp\/v2\/comments?post=72910"}],"version-history":[{"count":5,"href":"https:\/\/www.kovan.si\/de\/wp-json\/wp\/v2\/pages\/72910\/revisions"}],"predecessor-version":[{"id":87587,"href":"https:\/\/www.kovan.si\/de\/wp-json\/wp\/v2\/pages\/72910\/revisions\/87587"}],"up":[{"embeddable":true,"href":"https:\/\/www.kovan.si\/de\/wp-json\/wp\/v2\/pages\/72903"}],"wp:featuredmedia":[{"embeddable":true,"href":"https:\/\/www.kovan.si\/de\/wp-json\/wp\/v2\/media\/72821"}],"wp:attachment":[{"href":"https:\/\/www.kovan.si\/de\/wp-json\/wp\/v2\/media?parent=72910"}],"wp:term":[{"taxonomy":"yst_prominent_words","embeddable":true,"href":"https:\/\/www.kovan.si\/de\/wp-json\/wp\/v2\/yst_prominent_words?post=72910"}],"curies":[{"name":"wp","href":"https:\/\/api.w.org\/{rel}","templated":true}]}}