{"id":72920,"date":"2016-10-12T16:15:36","date_gmt":"2016-10-12T16:15:36","guid":{"rendered":"http:\/\/www.kovan.si\/de\/quality-control\/"},"modified":"2017-01-04T11:54:21","modified_gmt":"2017-01-04T11:54:21","slug":"qualitaetssicherung","status":"publish","type":"page","link":"https:\/\/www.kovan.si\/de\/qualitaetssicherung\/","title":{"rendered":"Qualit\u00e4tssicherung"},"content":{"rendered":"<p>[vc_row type=&#8221;container&#8221; padding_top=&#8221;&#8221; padding_bottom=&#8221;&#8221; css=&#8221;.vc_custom_1449576470084{margin-bottom: 0px !important;}&#8221;][vc_column width=&#8221;1\/2&#8243;][vc_column_text]Weil unser Ziel ein zufriedener Kunde und die Erhaltung und Vergr\u00f6\u00dferung des Markenteiles ist, ist die Qualit\u00e4tssicherung unserer Produkte ein wichtiger Teil des Herstellungsprozesses und unseres Unternehmens \u00fcberhaupt. Neben der Qualit\u00e4tssicherung f\u00fcr unsere Produkte, f\u00fchren wir auch Kontrollen mit verschiedenen Methoden f\u00fcr unsere Kunden durch.<\/p>\n<p>Qualit\u00e4tssicherung in dem Fertigungsprozess wird in mehreren Phasen durchgef\u00fchrt, und zwar:<\/p>\n<ul>\n<li>Eingangskontrolle des Repromateriales<\/li>\n<li>Eingangskontrolle von Halbfertigprodukten<\/li>\n<li>Zwischenkontrolle im Herstellungsprozess<\/li>\n<li>Endkontrolle der Fertigprodukte<\/li>\n<\/ul>\n<p>Beim Kontrollieren werden diese Methoden verwendet:<\/p>\n<ul>\n<li>Visuelle und quantitative Kontrolle<\/li>\n<li>Vermessung des Fertigprodukts<\/li>\n<li>Penetrations- und Ultraschalltest, Magnetpulverpr\u00fcfung<\/li>\n<li>Vermessung der H\u00e4rte und H\u00e4rtetiefe<\/li>\n<li>Schneiden der H\u00e4rte- und Schwei\u00dfmodele um die Qualit\u00e4t zu \u00fcberpr\u00fcfen<\/li>\n<\/ul>\n<p>Bei der Kontrolle benutzen wir allgemeine Ma\u00dfstandarde, die in allen Phasen des Herstellungsprozesses anwesend sind:<\/p>\n<ul>\n<li>Mikrometer f\u00fcr den Au\u00dfen- und Innendurchmesser (MITUTOYO)<\/li>\n<li>Messschieber (MITUTOYO)<\/li>\n<li>Oberfl\u00e4chen-Rauheits-Pr\u00fcfger\u00e4t (MAHR \u2013 MAR SURF PS1)<\/li>\n<li>H\u00e4rtepr\u00fcfger\u00e4t (KRAUTKRAMER BRANSON \u2013 MIC 10)<\/li>\n<li>Ultraschallpr\u00fcfger\u00e4t (OLYMPUS \u2013 EPOCH 600)<\/li>\n<li>Schichtdickenmessung von Chrom\/Zink (MIKROTEST ELEKTRO PHYSIK GERMANY)<\/li>\n<li>und andere<\/li>\n<\/ul>\n<p>[\/vc_column_text][\/vc_column][vc_column width=&#8221;1\/2&#8243;][vc_images_carousel images=&#8221;71579&#8243; img_size=&#8221;390&#215;267&#8243; mode=&#8221;vertical&#8221; autoplay=&#8221;yes&#8221; wrap=&#8221;yes&#8221; css=&#8221;.vc_custom_1477217506998{margin-bottom: 0px !important;padding-bottom: 0px !important;}&#8221;][\/vc_column][\/vc_row][vc_row type=&#8221;container&#8221; padding_top=&#8221;&#8221; padding_bottom=&#8221;&#8221; css=&#8221;.vc_custom_1444503683289{margin-bottom: 0px !important;}&#8221;][vc_column][vc_separator color=&#8221;#e2e2e2&#8243; type=&#8221;normal&#8221; thickness=&#8221;1&#8243; up=&#8221;&#8221; down=&#8221;&#8221; el_class=&#8221;dotted&#8221;][\/vc_column][\/vc_row][vc_row type=&#8221;container&#8221; padding_top=&#8221;&#8221; padding_bottom=&#8221;&#8221;][vc_column][vc_column_text]<\/p>\n<h2>Holen Sie sich das Angebot<\/h2>\n<p>[\/vc_column_text]<div role=\"form\" class=\"wpcf7\" id=\"wpcf7-f72926-o1\" lang=\"en-US\" dir=\"ltr\">\n<div class=\"screen-reader-response\"><\/div>\n<form action=\"\/de\/wp-json\/wp\/v2\/pages\/72920#wpcf7-f72926-o1\" method=\"post\" class=\"wpcf7-form\" novalidate=\"novalidate\">\n<div style=\"display: none;\">\n<input type=\"hidden\" name=\"_wpcf7\" value=\"72926\" \/>\n<input type=\"hidden\" name=\"_wpcf7_version\" value=\"5.1.5\" \/>\n<input type=\"hidden\" name=\"_wpcf7_locale\" value=\"en_US\" \/>\n<input type=\"hidden\" name=\"_wpcf7_unit_tag\" value=\"wpcf7-f72926-o1\" \/>\n<input type=\"hidden\" name=\"_wpcf7_container_post\" value=\"0\" \/>\n<\/div>\n<div class=\"row\">\n<div class=\"col-lg-6 col-md-6\">\n<p>Ihr Name (obligatorisch)<br \/>\n    <span class=\"wpcf7-form-control-wrap your-name\"><input type=\"text\" name=\"your-name\" value=\"\" size=\"40\" class=\"wpcf7-form-control wpcf7-text wpcf7-validates-as-required\" aria-required=\"true\" aria-invalid=\"false\" \/><\/span> <\/p>\n<p>Ihre E-Mail Adresse (obligatorisch)<br \/>\n    <span class=\"wpcf7-form-control-wrap your-email\"><input type=\"email\" name=\"your-email\" value=\"\" size=\"40\" class=\"wpcf7-form-control wpcf7-text wpcf7-email wpcf7-validates-as-required wpcf7-validates-as-email\" aria-required=\"true\" aria-invalid=\"false\" \/><\/span> <\/p>\n<p>Ihre Telefonnummer (obligatorisch)<br \/>\n<span class=\"wpcf7-form-control-wrap your-phone\"><input type=\"tel\" name=\"your-phone\" value=\"\" size=\"40\" class=\"wpcf7-form-control wpcf7-text wpcf7-tel wpcf7-validates-as-required wpcf7-validates-as-tel\" aria-required=\"true\" aria-invalid=\"false\" \/><\/span><\/p>\n<p>Name des Unternehmens<br \/>\n    <span class=\"wpcf7-form-control-wrap company-name\"><input type=\"text\" name=\"company-name\" value=\"\" size=\"40\" class=\"wpcf7-form-control wpcf7-text\" aria-invalid=\"false\" \/><\/span> <\/p>\n<\/div>\n<div class=\"col-lg-6 col-md-6\">\n<p>Ihre Anforderungen<br \/>\n    <span class=\"wpcf7-form-control-wrap your-requirements\"><textarea name=\"your-requirements\" cols=\"40\" rows=\"10\" class=\"wpcf7-form-control wpcf7-textarea\" aria-invalid=\"false\"><\/textarea><\/span> <\/p>\n<\/div>\n<\/div>\n<p><input type=\"submit\" value=\"Schicken\" class=\"wpcf7-form-control wpcf7-submit\" \/><\/p>\n<div class=\"wpcf7-response-output wpcf7-display-none\"><\/div><\/form><\/div>[\/vc_column][\/vc_row]<\/p>\n","protected":false},"excerpt":{"rendered":"<p>[vc_row type=&#8221;container&#8221; padding_top=&#8221;&#8221; padding_bottom=&#8221;&#8221; css=&#8221;.vc_custom_1449576470084{margin-bottom: 0px !important;}&#8221;][vc_column width=&#8221;1\/2&#8243;][vc_column_text]Weil unser Ziel ein zufriedener Kunde und die Erhaltung und Vergr\u00f6\u00dferung des Markenteiles ist, ist die Qualit\u00e4tssicherung unserer Produkte ein wichtiger Teil des Herstellungsprozesses und unseres Unternehmens \u00fcberhaupt. Neben der Qualit\u00e4tssicherung f\u00fcr unsere Produkte, f\u00fchren wir auch Kontrollen mit verschiedenen Methoden f\u00fcr unsere Kunden durch. Qualit\u00e4tssicherung in dem [&hellip;]<\/p>\n","protected":false},"author":1,"featured_media":72670,"parent":0,"menu_order":0,"comment_status":"closed","ping_status":"closed","template":"","meta":[],"yst_prominent_words":[],"_links":{"self":[{"href":"https:\/\/www.kovan.si\/de\/wp-json\/wp\/v2\/pages\/72920"}],"collection":[{"href":"https:\/\/www.kovan.si\/de\/wp-json\/wp\/v2\/pages"}],"about":[{"href":"https:\/\/www.kovan.si\/de\/wp-json\/wp\/v2\/types\/page"}],"author":[{"embeddable":true,"href":"https:\/\/www.kovan.si\/de\/wp-json\/wp\/v2\/users\/1"}],"replies":[{"embeddable":true,"href":"https:\/\/www.kovan.si\/de\/wp-json\/wp\/v2\/comments?post=72920"}],"version-history":[{"count":2,"href":"https:\/\/www.kovan.si\/de\/wp-json\/wp\/v2\/pages\/72920\/revisions"}],"predecessor-version":[{"id":72947,"href":"https:\/\/www.kovan.si\/de\/wp-json\/wp\/v2\/pages\/72920\/revisions\/72947"}],"wp:featuredmedia":[{"embeddable":true,"href":"https:\/\/www.kovan.si\/de\/wp-json\/wp\/v2\/media\/72670"}],"wp:attachment":[{"href":"https:\/\/www.kovan.si\/de\/wp-json\/wp\/v2\/media?parent=72920"}],"wp:term":[{"taxonomy":"yst_prominent_words","embeddable":true,"href":"https:\/\/www.kovan.si\/de\/wp-json\/wp\/v2\/yst_prominent_words?post=72920"}],"curies":[{"name":"wp","href":"https:\/\/api.w.org\/{rel}","templated":true}]}}