{"id":73669,"date":"2017-11-28T08:29:25","date_gmt":"2017-11-28T08:29:25","guid":{"rendered":"http:\/\/www.kovan.si\/de\/?page_id=73669"},"modified":"2017-11-28T09:31:46","modified_gmt":"2017-11-28T09:31:46","slug":"bolzen-fuer-baumaschinen","status":"publish","type":"page","link":"https:\/\/www.kovan.si\/de\/bolzen-fuer-baumaschinen\/","title":{"rendered":"Bolzen f\u00fcr Baumaschinen \u2013 strapazierf\u00e4hig, robust und langlebig"},"content":{"rendered":"<p><a href=\"http:\/\/www.kovan.si\/de\/herstellungsprogramm\/bolzen\/\"><strong>Bolzen f\u00fcr Baumaschinen<\/strong><\/a> geh\u00f6ren zu den wichtigsten Maschinenelementen, ohne welche Maschinen einfach nicht reibungslos funktionieren k\u00f6nnen. Seien es Z\u00e4hne f\u00fcr Bagger oder Lader \u2013 suchen Sie ein umfangreiches Sortiment an Bolzen f\u00fcr Arbeitsmaschinen, sind Sie in unserem Unternehmen richtig. Seit mehr als 15 Jahren geh\u00f6ren wir als Hersteller von <strong>Bolzen f\u00fcr Maschinen<\/strong> und Maschinenelemente zur Nummer 1 auf dem Markt. Unsere Bolzen f\u00fcr Baumaschinen werden in nahezu jedem Industriebereich eingesetzt und finden Verwendung auch in Baumaschinen, wo sie tagt\u00e4glich den h\u00f6chsten Belastungen ausgesetzt werden. Daher ist jeder einzelne Bolzen aus unserem Angebot auf h\u00f6chste Qualit\u00e4t bedacht und \u00fcberzeugt durch Robustheit, Strapazierf\u00e4higkeit und hohe Langlebigkeit.<\/p>\n<h2><img loading=\"lazy\" width=\"300\" height=\"225\" class=\"size-medium wp-image-73674 aligncenter\" src=\"http:\/\/www.kovan.si\/wp-content\/uploads\/2017\/11\/bolzen-fuer-baumaschinen-300x225.jpg\" alt=\"Bolzen f\u00fcr Baumaschinen\" srcset=\"https:\/\/www.kovan.si\/wp-content\/uploads\/2017\/11\/bolzen-fuer-baumaschinen-300x225.jpg 300w, https:\/\/www.kovan.si\/wp-content\/uploads\/2017\/11\/bolzen-fuer-baumaschinen-600x450.jpg 600w, https:\/\/www.kovan.si\/wp-content\/uploads\/2017\/11\/bolzen-fuer-baumaschinen.jpg 800w\" sizes=\"(max-width: 300px) 100vw, 300px\" \/><\/h2>\n<h2>Bolzen f\u00fcr Arbeitsmaschinen \u2013 nur das Beste f\u00fcr beste Performance<\/h2>\n<p>In unserem Angebot finden Sie Bolzen in fast allen erdenklichen Formen und Ausf\u00fchrungen mit Durchmessern von 200 mm bis hin zu 2000 mm. Die von uns angefertigten Bolzen f\u00fcr Baumaschinen bestehen aus erstklassigen Materialien, sodass sie auch t\u00e4glichen Belastungen trotzen k\u00f6nnen. Selbstverst\u00e4ndlich entsprechen unsere <a href=\"http:\/\/www.kovan.si\/de\/\"><strong>Bolzen f\u00fcr Arbeitsmaschinen<\/strong><\/a> bzw. f\u00fcr Baumaschinen den h\u00f6chsten Standards, wodurch sichergestellt wird, dass die <strong>Maschinenelemente<\/strong> reibungslos funktionieren. Gerade auf Baustellen k\u00f6nnen fehlerhafte Produkte zu einem Arbeitsausfall f\u00fchren, was sich in hohen Kosten widerspiegelt. Dessen sind wir uns auch bewusst, also verwenden wir bei der <a href=\"http:\/\/www.kovan.si\/de\/herstellungsprogramm\/\"><strong>Herstellung der Bolzen<\/strong><\/a> (von 200 mm bis zu 2000) nur die feinsten Materialien und hochmoderne Verfahren.<\/p>\n<p><img loading=\"lazy\" width=\"300\" height=\"225\" class=\"size-medium wp-image-73670 aligncenter\" src=\"http:\/\/www.kovan.si\/wp-content\/uploads\/2017\/11\/bolzen-fuer-arbeitsmaschinen-300x225.jpg\" alt=\"Bolzen f\u00fcr Arbeitsmaschinen\" srcset=\"https:\/\/www.kovan.si\/wp-content\/uploads\/2017\/11\/bolzen-fuer-arbeitsmaschinen-300x225.jpg 300w, https:\/\/www.kovan.si\/wp-content\/uploads\/2017\/11\/bolzen-fuer-arbeitsmaschinen-600x450.jpg 600w, https:\/\/www.kovan.si\/wp-content\/uploads\/2017\/11\/bolzen-fuer-arbeitsmaschinen.jpg 800w\" sizes=\"(max-width: 300px) 100vw, 300px\" \/><\/p>\n<h2>Umfangreiches Sortiment durchst\u00f6bern und profitieren.<\/h2>\n<p>Ob Bolzen f\u00fcr Maschinen, Buchsen, Ritzel oder andere Schwei\u00dfkonstruktionen \u2013 unsere Auswahl wird Sie begeistern. Sind Sie in Eile? Kein Problem. Wir haben zahlreiche Materialien auf Lager, also k\u00f6nnen wir <a href=\"http:\/\/www.kovan.si\/de\/quergewindebolzen\/\">Bolzen<\/a> f\u00fcr Baumaschinen problemlos \u00fcber die Nacht anfertigen. Wollen Sie noch mehr dazu erfahren? Dann z\u00f6gern Sie nicht und sehen Sie sich unser Sortiment an. Falls Sie noch weitere Fragen haben, k\u00f6nnen Sie sich nat\u00fcrlich zu jeder Zeit an unseren kompetenten Kundendienst wenden. Wir freuen uns schon darauf, Ihnen behilflich sein zu d\u00fcrfen.<\/p>\n","protected":false},"excerpt":{"rendered":"<p>Bolzen f\u00fcr Baumaschinen geh\u00f6ren zu den wichtigsten Maschinenelementen, ohne welche Maschinen einfach nicht reibungslos funktionieren k\u00f6nnen. Seien es Z\u00e4hne f\u00fcr Bagger oder Lader \u2013 suchen Sie ein umfangreiches Sortiment an Bolzen f\u00fcr Arbeitsmaschinen, sind Sie in unserem Unternehmen richtig. Seit mehr als 15 Jahren geh\u00f6ren wir als Hersteller von Bolzen f\u00fcr Maschinen und Maschinenelemente zur [&hellip;]<\/p>\n","protected":false},"author":1,"featured_media":73674,"parent":0,"menu_order":0,"comment_status":"closed","ping_status":"closed","template":"","meta":[],"yst_prominent_words":[],"_links":{"self":[{"href":"https:\/\/www.kovan.si\/de\/wp-json\/wp\/v2\/pages\/73669"}],"collection":[{"href":"https:\/\/www.kovan.si\/de\/wp-json\/wp\/v2\/pages"}],"about":[{"href":"https:\/\/www.kovan.si\/de\/wp-json\/wp\/v2\/types\/page"}],"author":[{"embeddable":true,"href":"https:\/\/www.kovan.si\/de\/wp-json\/wp\/v2\/users\/1"}],"replies":[{"embeddable":true,"href":"https:\/\/www.kovan.si\/de\/wp-json\/wp\/v2\/comments?post=73669"}],"version-history":[{"count":2,"href":"https:\/\/www.kovan.si\/de\/wp-json\/wp\/v2\/pages\/73669\/revisions"}],"predecessor-version":[{"id":73712,"href":"https:\/\/www.kovan.si\/de\/wp-json\/wp\/v2\/pages\/73669\/revisions\/73712"}],"wp:featuredmedia":[{"embeddable":true,"href":"https:\/\/www.kovan.si\/de\/wp-json\/wp\/v2\/media\/73674"}],"wp:attachment":[{"href":"https:\/\/www.kovan.si\/de\/wp-json\/wp\/v2\/media?parent=73669"}],"wp:term":[{"taxonomy":"yst_prominent_words","embeddable":true,"href":"https:\/\/www.kovan.si\/de\/wp-json\/wp\/v2\/yst_prominent_words?post=73669"}],"curies":[{"name":"wp","href":"https:\/\/api.w.org\/{rel}","templated":true}]}}