{"id":73680,"date":"2017-11-28T08:46:59","date_gmt":"2017-11-28T08:46:59","guid":{"rendered":"http:\/\/www.kovan.si\/de\/?page_id=73680"},"modified":"2017-11-28T08:46:59","modified_gmt":"2017-11-28T08:46:59","slug":"bolzen-mit-gewinde","status":"publish","type":"page","link":"https:\/\/www.kovan.si\/de\/bolzen-mit-gewinde\/","title":{"rendered":"Bolzen mit Gewinde \u2013 das Beste f\u00fcr jeden Einsatz"},"content":{"rendered":"<p><a href=\"http:\/\/www.kovan.si\/de\/\"><strong>Bolzen mit Gewinde<\/strong><\/a> finden Verwendung in nahezu jedem Bereich der Industrie. Ob Sie Elemente fest miteinander verbinden m\u00f6chten, sind Bolzen mit Innengewinde oder mit Gewinde genau das Richtige f\u00fcr Sie. Ganz gleich, in welchem Bereich Sie Bolzen werden m\u00f6chten \u2013 sie m\u00fcssen den h\u00f6chsten Belastungen standhalten. Sie sind auf der Suche nach <strong>Bolzen mit Gewinde aus Edelstahl<\/strong>? Dann sollte Ihnen unser Angebot auf keinen Fall entgehen. Ob in Kr\u00e4nen, <a href=\"http:\/\/www.kovan.si\/de\/bolzen-fuer-baumaschinen\/\">Bergbaumaschinen<\/a> oder anderen Transportger\u00e4ten \u2013 unsere Produkte werden Sie garantiert nicht entt\u00e4uschen.<\/p>\n<p><img loading=\"lazy\" width=\"300\" height=\"150\" class=\"alignnone size-medium wp-image-73681\" src=\"http:\/\/www.kovan.si\/wp-content\/uploads\/2017\/11\/bolzen-mit-gewinde-300x150.jpg\" alt=\"Bolzen mit Gewinde\" srcset=\"https:\/\/www.kovan.si\/wp-content\/uploads\/2017\/11\/bolzen-mit-gewinde-300x150.jpg 300w, https:\/\/www.kovan.si\/wp-content\/uploads\/2017\/11\/bolzen-mit-gewinde-600x300.jpg 600w, https:\/\/www.kovan.si\/wp-content\/uploads\/2017\/11\/bolzen-mit-gewinde.jpg 640w\" sizes=\"(max-width: 300px) 100vw, 300px\" \/><\/p>\n<h2>Bolzen mit Innengewinde \u2013 f\u00fcr jeden Bedarf das Richtige<\/h2>\n<p>Was die <a href=\"http:\/\/www.kovan.si\/de\/herstellungsprogramm\/\">Herstellung von Bolzen<\/a> angelangt, sei es mit <strong>Gewindezapfen und ohne Kopf<\/strong>, gehen wir \u00fcberhaupt keine Kompromisse ein. Daher wird jeder einzelne Bolzen mit Gewinde oder mit Innengewinde aus hochwertigen Materialien (Edelstahl) angefertigt, womit h\u00f6chste Qualit\u00e4t garantiert wird. In unserem Angebot finden Sie eine umfangreiche Auswahl an erstklassigen Produkten in unterschiedlichen Ausf\u00fchrungen, sei es mit oder ohne Kopf, um all Ihren W\u00fcnschen und Anforderungen gen\u00fcgen zu k\u00f6nnen. Aufgrund der gro\u00dfen Vielfalt an Bolzen mit Gewinde finden Sie mit Sicherheit den passenden Bolzen f\u00fcr den jeweiligen Einsatz. Unser Sortiment umfasst Bolzen mit einem Durchmesser von 200 bis zu 2000 m. Selbstverst\u00e4ndlich ist jedes einzelne Produkt nach den h\u00f6chsten Standards hergestellt.<\/p>\n<p><img loading=\"lazy\" width=\"300\" height=\"150\" class=\"alignnone size-medium wp-image-73685\" src=\"http:\/\/www.kovan.si\/wp-content\/uploads\/2017\/11\/bolzen-mit-innengewinde-300x150.jpg\" alt=\"Bolzen mit Innengewinde\" srcset=\"https:\/\/www.kovan.si\/wp-content\/uploads\/2017\/11\/bolzen-mit-innengewinde-300x150.jpg 300w, https:\/\/www.kovan.si\/wp-content\/uploads\/2017\/11\/bolzen-mit-innengewinde-600x300.jpg 600w, https:\/\/www.kovan.si\/wp-content\/uploads\/2017\/11\/bolzen-mit-innengewinde.jpg 640w\" sizes=\"(max-width: 300px) 100vw, 300px\" \/><\/p>\n<h2>Gewindebolzen \u2013 h\u00f6chste Qualit\u00e4t trifft h\u00f6chste Standards<\/h2>\n<p>Auf Wunsch k\u00f6nnen Sie bei uns die <a href=\"http:\/\/www.kovan.si\/de\/herstellungsprogramm\/bolzen\/\">Bolzen thermisch oder chemisch<\/a> bearbeiten lassen. Zum Thema Bolzen mit Gewinde bieten wir Ihnen induktives H\u00e4rten, H\u00e4rten in der Schutzatmosph\u00e4re, Zementierung und noch andere Verfahren, die nichts zu w\u00fcnschen \u00fcbrig lassen werden. Sei es ein <strong>Bolzen mit Gewindezapfen<\/strong> oder mit Innengewinde \u2013 wenn n\u00f6tig, k\u00f6nnen wir Bolzen \u00fcber Nacht anfertigen, also nur noch einer der Vorteile, wenn Sie bei uns Bolzen aus Edelstahl kaufen. Sie haben noch weitere Fragen \u00fcber unser Produktsortiment oder <strong>Bolzen mit Innengewinde<\/strong>? Dann worauf warten Sie noch. Durchst\u00f6bern Sie unsere Website oder kontaktieren Sie unseren Kundendienst. Wir freuen uns schon auf Ihre Anfragen.<\/p>\n","protected":false},"excerpt":{"rendered":"<p>Bolzen mit Gewinde finden Verwendung in nahezu jedem Bereich der Industrie. Ob Sie Elemente fest miteinander verbinden m\u00f6chten, sind Bolzen mit Innengewinde oder mit Gewinde genau das Richtige f\u00fcr Sie. Ganz gleich, in welchem Bereich Sie Bolzen werden m\u00f6chten \u2013 sie m\u00fcssen den h\u00f6chsten Belastungen standhalten. Sie sind auf der Suche nach Bolzen mit Gewinde [&hellip;]<\/p>\n","protected":false},"author":1,"featured_media":73681,"parent":0,"menu_order":0,"comment_status":"closed","ping_status":"closed","template":"","meta":[],"yst_prominent_words":[],"_links":{"self":[{"href":"https:\/\/www.kovan.si\/de\/wp-json\/wp\/v2\/pages\/73680"}],"collection":[{"href":"https:\/\/www.kovan.si\/de\/wp-json\/wp\/v2\/pages"}],"about":[{"href":"https:\/\/www.kovan.si\/de\/wp-json\/wp\/v2\/types\/page"}],"author":[{"embeddable":true,"href":"https:\/\/www.kovan.si\/de\/wp-json\/wp\/v2\/users\/1"}],"replies":[{"embeddable":true,"href":"https:\/\/www.kovan.si\/de\/wp-json\/wp\/v2\/comments?post=73680"}],"version-history":[{"count":1,"href":"https:\/\/www.kovan.si\/de\/wp-json\/wp\/v2\/pages\/73680\/revisions"}],"predecessor-version":[{"id":73689,"href":"https:\/\/www.kovan.si\/de\/wp-json\/wp\/v2\/pages\/73680\/revisions\/73689"}],"wp:featuredmedia":[{"embeddable":true,"href":"https:\/\/www.kovan.si\/de\/wp-json\/wp\/v2\/media\/73681"}],"wp:attachment":[{"href":"https:\/\/www.kovan.si\/de\/wp-json\/wp\/v2\/media?parent=73680"}],"wp:term":[{"taxonomy":"yst_prominent_words","embeddable":true,"href":"https:\/\/www.kovan.si\/de\/wp-json\/wp\/v2\/yst_prominent_words?post=73680"}],"curies":[{"name":"wp","href":"https:\/\/api.w.org\/{rel}","templated":true}]}}