{"id":73691,"date":"2017-11-28T09:01:39","date_gmt":"2017-11-28T09:01:39","guid":{"rendered":"http:\/\/www.kovan.si\/de\/?page_id=73691"},"modified":"2017-11-28T09:01:39","modified_gmt":"2017-11-28T09:01:39","slug":"bolzen-mit-kopf","status":"publish","type":"page","link":"https:\/\/www.kovan.si\/de\/bolzen-mit-kopf\/","title":{"rendered":"Bolzen mit Kopf \u2013 beste Qualit\u00e4t f\u00fcr beste Performance"},"content":{"rendered":"<p><strong>Bolzen mit Kopf<\/strong> geh\u00f6rten zu unerl\u00e4sslichen Elementen in fast jedem Bereich der Industrie, wo die zu verbindenden Elemente trotz der Verbindung ihre Beweglichkeit behalten m\u00fcssen. Dazu geh\u00f6ren auch Gabelkopfbolzen, die unter anderem bei Kr\u00e4nen und Baggern zu finden sind. Ganz gleich, ob Sie sich f\u00fcr Bolzen mit Kopf oder ohne Kopf interessieren \u2013 in unserem Unternehmen sind Sie genau an der richtigen Adresse. Schon seit mehreren Jahren geh\u00f6ren wir zu einem der f\u00fchrenden Hersteller in Sachen Gabelkopfbolzen, <a href=\"http:\/\/www.kovan.si\/de\/\"><strong>Bolzen mit Gewindekopf<\/strong><\/a> und Rundkopfbolzen und sind f\u00fcr h\u00f6chste Qualit\u00e4t ohne Kompromisse bekannt. Jedes einzelne Produkt aus unserem Sortiment l\u00e4sst garantiert keine W\u00fcnsche offen.<\/p>\n<p><img loading=\"lazy\" width=\"300\" height=\"150\" class=\"alignnone size-medium wp-image-73692\" src=\"http:\/\/www.kovan.si\/wp-content\/uploads\/2017\/11\/bolzen-mit-kopf-300x150.jpg\" alt=\"Bolzen mit Kopf\" srcset=\"https:\/\/www.kovan.si\/wp-content\/uploads\/2017\/11\/bolzen-mit-kopf-300x150.jpg 300w, https:\/\/www.kovan.si\/wp-content\/uploads\/2017\/11\/bolzen-mit-kopf-600x300.jpg 600w, https:\/\/www.kovan.si\/wp-content\/uploads\/2017\/11\/bolzen-mit-kopf.jpg 640w\" sizes=\"(max-width: 300px) 100vw, 300px\" \/><\/p>\n<h2>Gabelkopfbolzen \u2013 robust, fest und beweglich<\/h2>\n<p>Es spielt \u00fcberhaupt keine Rolle, ob Sie sich f\u00fcr Bolzen mit Kopf, ohne Kopf oder f\u00fcr Rundkopfbolzen interessieren. Unser Angebot wird Sie bestimmt begeistern. Mit mehr als 15 Jahren Erfahrung in der Produktion von Produkten wie <strong>Gabelkopfbolzen<\/strong>, wissen wir genau, worauf es bei der <a href=\"http:\/\/www.kovan.si\/de\/herstellungsprogramm\/\">Herstellung<\/a> ankommt. So profitieren Sie mit unseren Bolzen mit Kopf von erstklassiger Qualit\u00e4t, die den h\u00f6chsten Standards in der Branche gen\u00fcgt. Da jeder einzelne Gabelkopfbolzen oder ein anderes Produkt aus den besten Materialien angefertigt wird, k\u00f6nnen unsere Produkte auch den h\u00f6chsten Belastungen in der Industrie trotzen. Unsere <strong>Bolzen mit oder ohne Kopf<\/strong> oder mit <a href=\"http:\/\/www.kovan.si\/de\/bolzen-mit-gewinde\/\">Gewindekopf<\/a> sind f\u00fcr jeden Einsatz geeignet, sei dieser noch so anspruchsvoll.<\/p>\n<p><img loading=\"lazy\" width=\"300\" height=\"150\" class=\"alignnone size-medium wp-image-73696\" src=\"http:\/\/www.kovan.si\/wp-content\/uploads\/2017\/11\/gabelkopfbolzen-300x150.jpg\" alt=\"Gabelkopfbolzen\" srcset=\"https:\/\/www.kovan.si\/wp-content\/uploads\/2017\/11\/gabelkopfbolzen-300x150.jpg 300w, https:\/\/www.kovan.si\/wp-content\/uploads\/2017\/11\/gabelkopfbolzen-600x300.jpg 600w, https:\/\/www.kovan.si\/wp-content\/uploads\/2017\/11\/gabelkopfbolzen.jpg 640w\" sizes=\"(max-width: 300px) 100vw, 300px\" \/><\/p>\n<h2>Angebot durchst\u00f6bern und Gabelkopfbolzen bestellen<\/h2>\n<p>In unserem Unternehmen sind Sie von <a href=\"http:\/\/www.kovan.si\/de\/herstellungsprogramm\/bolzen\/\">erstklassigen Bolzen<\/a> mit Kopf nur noch ein paar Schritte entfernt. Wenn n\u00f6tig, k\u00f6nnen wir Gabelkopfbolzen oder andere Produkte in weniger als 24 Stunden anfertigen, also sollten Sie nicht z\u00f6gern. Sie wollen noch mehr zum Thema Gabelkopfbolzen oder <strong>Rundkopfbolzen<\/strong> erfahren? Dann treten Sie mit unserem kompetenten Kundendienst noch heute in Verbindung. Unsere erfahrenen Angestellten und Experten freuen sich schon darauf, Ihnen behilflich sein zu d\u00fcrften \u2013 zu jeder Zeit. Herzlich willkommen bei Kovan!<\/p>\n","protected":false},"excerpt":{"rendered":"<p>Bolzen mit Kopf geh\u00f6rten zu unerl\u00e4sslichen Elementen in fast jedem Bereich der Industrie, wo die zu verbindenden Elemente trotz der Verbindung ihre Beweglichkeit behalten m\u00fcssen. Dazu geh\u00f6ren auch Gabelkopfbolzen, die unter anderem bei Kr\u00e4nen und Baggern zu finden sind. Ganz gleich, ob Sie sich f\u00fcr Bolzen mit Kopf oder ohne Kopf interessieren \u2013 in unserem [&hellip;]<\/p>\n","protected":false},"author":1,"featured_media":73692,"parent":0,"menu_order":0,"comment_status":"closed","ping_status":"closed","template":"","meta":[],"yst_prominent_words":[],"_links":{"self":[{"href":"https:\/\/www.kovan.si\/de\/wp-json\/wp\/v2\/pages\/73691"}],"collection":[{"href":"https:\/\/www.kovan.si\/de\/wp-json\/wp\/v2\/pages"}],"about":[{"href":"https:\/\/www.kovan.si\/de\/wp-json\/wp\/v2\/types\/page"}],"author":[{"embeddable":true,"href":"https:\/\/www.kovan.si\/de\/wp-json\/wp\/v2\/users\/1"}],"replies":[{"embeddable":true,"href":"https:\/\/www.kovan.si\/de\/wp-json\/wp\/v2\/comments?post=73691"}],"version-history":[{"count":1,"href":"https:\/\/www.kovan.si\/de\/wp-json\/wp\/v2\/pages\/73691\/revisions"}],"predecessor-version":[{"id":73700,"href":"https:\/\/www.kovan.si\/de\/wp-json\/wp\/v2\/pages\/73691\/revisions\/73700"}],"wp:featuredmedia":[{"embeddable":true,"href":"https:\/\/www.kovan.si\/de\/wp-json\/wp\/v2\/media\/73692"}],"wp:attachment":[{"href":"https:\/\/www.kovan.si\/de\/wp-json\/wp\/v2\/media?parent=73691"}],"wp:term":[{"taxonomy":"yst_prominent_words","embeddable":true,"href":"https:\/\/www.kovan.si\/de\/wp-json\/wp\/v2\/yst_prominent_words?post=73691"}],"curies":[{"name":"wp","href":"https:\/\/api.w.org\/{rel}","templated":true}]}}