{"id":73702,"date":"2017-11-28T09:25:04","date_gmt":"2017-11-28T09:25:04","guid":{"rendered":"http:\/\/www.kovan.si\/de\/?page_id=73702"},"modified":"2017-11-28T09:25:04","modified_gmt":"2017-11-28T09:25:04","slug":"quergewindebolzen","status":"publish","type":"page","link":"https:\/\/www.kovan.si\/de\/quergewindebolzen\/","title":{"rendered":"Quergewindebolzen \u2013 f\u00fcr jeden Einsatz das richtige Produkt"},"content":{"rendered":"<p><strong>Quergewindebolzen<\/strong> ist ein wichtiges Element in Bereich der Verbindungs- bzw. Befestigungstechnik, denn es handelt es um einen Mehrzweckverbinder, der eigentlich auch als Quermutterbolzen bezeichnet wird. Sei es im Innen- oder M\u00f6belausbau \u2013 gute Quergewindebolzen oder Bolzengewinde finden immer Verwendung. Sie sind auch auf der Suche nach erstklassigen Quergewindebolzen, <strong>Bolzen mit DIN Gewinde<\/strong> bzw. Innengewinde? Dann steht Ihnen unser Unternehmen zu jeder Zeit mit Rat und Tat zur Seite. Schon seit mehr als 10 Jahren sind wir als einer der f\u00fchrenden Anbieter in Sachen Herstellung eines <a href=\"http:\/\/www.kovan.si\/de\/\">Bolzen Gewindes<\/a> bzw. der Quergewindebolzen auf dem Markt pr\u00e4sent und somit Ihre erste Anlaufstelle f\u00fcr Produkte wie <a href=\"http:\/\/www.kovan.si\/de\/bolzen-mit-gewinde\/\">Bolzengewinde<\/a>.<\/p>\n<p><img loading=\"lazy\" width=\"300\" height=\"225\" class=\"alignnone size-medium wp-image-73703\" src=\"http:\/\/www.kovan.si\/wp-content\/uploads\/2017\/11\/bolzengewinde-300x225.jpg\" alt=\"bolzengewinde\" srcset=\"https:\/\/www.kovan.si\/wp-content\/uploads\/2017\/11\/bolzengewinde-300x225.jpg 300w, https:\/\/www.kovan.si\/wp-content\/uploads\/2017\/11\/bolzengewinde-600x450.jpg 600w, https:\/\/www.kovan.si\/wp-content\/uploads\/2017\/11\/bolzengewinde.jpg 640w\" sizes=\"(max-width: 300px) 100vw, 300px\" \/><\/p>\n<h2>Bolzengewinde \u2013 beste Materialien f\u00fcr beste Ergebnisse<\/h2>\n<p>Ein Bolzengewinde ist nichts anderes als ein <a href=\"http:\/\/www.kovan.si\/de\/herstellungsprogramm\/bolzen\/\">Bolzen<\/a> mit Au\u00dfengewinde, besser bekannt auch als Schraube. Diese finden Sie nat\u00fcrlich in H\u00fclle und F\u00fclle in unserem Angebot, wo Ihnen auch Produkte wie Quergewindebolzen und <strong>Bolzen mit Innengewinde<\/strong> sowie andere Schwei\u00dfkonstruktionen zur Auswahl stehen. Unsere Quergewindebolzen oder Bolzengewinde werden in verschiedenen Bereichen eingesetzt, also sind h\u00f6chste Qualit\u00e4t und Einhaltung h\u00f6chster Standards ein Muss. Uns ist es mehr als bewusst, wie die <a href=\"http:\/\/www.kovan.si\/de\/herstellungsprogramm\/\"><strong>Herstellung eines Bolzen Gewindes<\/strong><\/a> erfolgen muss und welche Materialien bzw. Verfahren verwendet sein sollen. So entspricht jeder einzelne Artikel aus unserem Sortiment der DIN-Norm \u2013 den internationalen Qualit\u00e4tsstandards. Ob Sie ein Bolzengewinde oder einen Quergewindebolzen suche \u2013 bei uns finden Sie das richitge Produkt.<\/p>\n<p><img loading=\"lazy\" width=\"300\" height=\"225\" class=\"alignnone size-medium wp-image-73707\" src=\"http:\/\/www.kovan.si\/wp-content\/uploads\/2017\/11\/quergewindebolzen-300x225.jpg\" alt=\"quergewindebolzen\" srcset=\"https:\/\/www.kovan.si\/wp-content\/uploads\/2017\/11\/quergewindebolzen-300x225.jpg 300w, https:\/\/www.kovan.si\/wp-content\/uploads\/2017\/11\/quergewindebolzen-600x450.jpg 600w, https:\/\/www.kovan.si\/wp-content\/uploads\/2017\/11\/quergewindebolzen.jpg 640w\" sizes=\"(max-width: 300px) 100vw, 300px\" \/><\/p>\n<h2>Quergewindebolzen \u2013 robust, langlebig und hochwertig<\/h2>\n<p>Ein hochwertiger Quergewindebolzen ist ein wahres Multitalent, was auch f\u00fcr ein Bolzengewinde gilt. Sei es, um Holzelemente oder andere Komponenten miteinander zu verbinden \u2013 unsere Produkte lassen bestimmt nichts zu w\u00fcnschen \u00fcbrig. Sie wollen noch mehr zum Thema Quergewindebolzen bzw. <strong>Bolzengewinde<\/strong> erfahren? Dann worauf warten Sie noch. Sie k\u00f6nnen einfach unsere Website und unser Sortiment durchst\u00f6bern oder Sie sehen sich unsere Produkte wie Quergewindebolzen vor Ort an. Bei zus\u00e4tzlichen Fragen \u00fcber Quergewindebolzen stehen Ihnen unsere kompetenten Mitarbeiter gerne zur Verf\u00fcgung.<\/p>\n","protected":false},"excerpt":{"rendered":"<p>Quergewindebolzen ist ein wichtiges Element in Bereich der Verbindungs- bzw. Befestigungstechnik, denn es handelt es um einen Mehrzweckverbinder, der eigentlich auch als Quermutterbolzen bezeichnet wird. Sei es im Innen- oder M\u00f6belausbau \u2013 gute Quergewindebolzen oder Bolzengewinde finden immer Verwendung. Sie sind auch auf der Suche nach erstklassigen Quergewindebolzen, Bolzen mit DIN Gewinde bzw. Innengewinde? Dann [&hellip;]<\/p>\n","protected":false},"author":1,"featured_media":73707,"parent":0,"menu_order":0,"comment_status":"closed","ping_status":"closed","template":"","meta":[],"yst_prominent_words":[],"_links":{"self":[{"href":"https:\/\/www.kovan.si\/de\/wp-json\/wp\/v2\/pages\/73702"}],"collection":[{"href":"https:\/\/www.kovan.si\/de\/wp-json\/wp\/v2\/pages"}],"about":[{"href":"https:\/\/www.kovan.si\/de\/wp-json\/wp\/v2\/types\/page"}],"author":[{"embeddable":true,"href":"https:\/\/www.kovan.si\/de\/wp-json\/wp\/v2\/users\/1"}],"replies":[{"embeddable":true,"href":"https:\/\/www.kovan.si\/de\/wp-json\/wp\/v2\/comments?post=73702"}],"version-history":[{"count":1,"href":"https:\/\/www.kovan.si\/de\/wp-json\/wp\/v2\/pages\/73702\/revisions"}],"predecessor-version":[{"id":73711,"href":"https:\/\/www.kovan.si\/de\/wp-json\/wp\/v2\/pages\/73702\/revisions\/73711"}],"wp:featuredmedia":[{"embeddable":true,"href":"https:\/\/www.kovan.si\/de\/wp-json\/wp\/v2\/media\/73707"}],"wp:attachment":[{"href":"https:\/\/www.kovan.si\/de\/wp-json\/wp\/v2\/media?parent=73702"}],"wp:term":[{"taxonomy":"yst_prominent_words","embeddable":true,"href":"https:\/\/www.kovan.si\/de\/wp-json\/wp\/v2\/yst_prominent_words?post=73702"}],"curies":[{"name":"wp","href":"https:\/\/api.w.org\/{rel}","templated":true}]}}