{"id":88276,"date":"2024-08-28T06:10:51","date_gmt":"2024-08-28T06:10:51","guid":{"rendered":"https:\/\/www.kovan.si\/yuchai-gradbena-mehanizacija\/yuchai-u27-premium\/"},"modified":"2024-08-30T12:44:33","modified_gmt":"2024-08-30T12:44:33","slug":"yuchai-u27-premium","status":"publish","type":"page","link":"https:\/\/www.kovan.si\/en\/yuchai-construction-machines\/yuchai-u27-premium\/","title":{"rendered":"YUCHAI U27 PREMIUM"},"content":{"rendered":"<p>[vc_row type=&#8221;container&#8221; padding_top=&#8221;&#8221; padding_bottom=&#8221;&#8221; css=&#8221;.vc_custom_1449576470084{margin-bottom: 0px !important;}&#8221;][vc_column width=&#8221;1\/2&#8243;][vc_column_text]Advantages of the Model:<\/p>\n<ul>\n<li>Euro V Engine (YANMAR engine)<\/li>\n<li>Load-sensitive hydraulic system<\/li>\n<li>Superior work efficiency<\/li>\n<li>Low fuel consumption<\/li>\n<li>Standard with rubber tracks<\/li>\n<\/ul>\n<p>[\/vc_column_text][vc_btn title=&#8221;Brochure YUCHAI U27 premium&#8221; style=&#8221;classic&#8221; color=&#8221;orange&#8221; size=&#8221;sm&#8221; i_icon_fontawesome=&#8221;fa fa-file-pdf-o&#8221; link=&#8221;url:https%3A%2F%2Fwww.kovan.si%2Fwp-content%2Fuploads%2F2024%2F08%2F6594b32a7f1b0.pdf|title:Yochai%20%E2%80%93%20Gradbena%20Mehanizacija||&#8221; add_icon=&#8221;true&#8221;][\/vc_column][vc_column width=&#8221;1\/2&#8243;][vc_gallery type=&#8221;nivo&#8221; interval=&#8221;3&#8243; images=&#8221;88056,88060,88064,88068,88072,88076,88080&#8243; img_size=&#8221;large&#8221;][\/vc_column][\/vc_row][vc_row equal_height=&#8221;yes&#8221; content_placement=&#8221;bottom&#8221; type=&#8221;container&#8221; el_class=&#8221;prednosti-row&#8221;][vc_column width=&#8221;1\/2&#8243;][vc_single_image image=&#8221;88086&#8243; img_size=&#8221;large&#8221;][\/vc_column][vc_column width=&#8221;1\/2&#8243;][vc_cta h2=&#8221;High Configuration&#8221;]U27 is a zero tail excavator with a compact body, equipped with an international brand Yanmar engine, and a load-sensing valve.[\/vc_cta][vc_cta h2=&#8221;Pilot Control&#8221;]Levi in desni upravljalni krmilnik, gladko delovanje in bolj\u0161a stabilnost. Enostavno vzdr\u017eevanje in nizki obratovalni stro\u0161ki.[\/vc_cta][vc_cta h2=&#8221;Zero Tail&#8221;]Celotno telo ne presega \u0161irine obeh strani goseni\u010darja, tako da bagra pri obra\u010danju ne bo ovirala nobena ovira. Enostavno delovanje v ozkem prostoru..[\/vc_cta][\/vc_column][\/vc_row][vc_row type=&#8221;container&#8221;][vc_column][vc_separator color=&#8221;#e2e2e2&#8243; type=&#8221;normal&#8221; thickness=&#8221;1&#8243; up=&#8221;&#8221; down=&#8221;&#8221; el_class=&#8221;dotted&#8221;][vc_column_text]<\/p>\n<h4>Specifications<\/h4>\n<p>[\/vc_column_text][\/vc_column][\/vc_row][vc_row type=&#8221;container&#8221;][vc_column][vc_column_text]<\/p>\n<p>[\/vc_column_text][\/vc_column][\/vc_row][vc_row type=&#8221;container&#8221; padding_top=&#8221;&#8221; padding_bottom=&#8221;&#8221; css=&#8221;.vc_custom_1444503683289{margin-bottom: 0px !important;}&#8221;][vc_column][vc_separator color=&#8221;#e2e2e2&#8243; type=&#8221;normal&#8221; thickness=&#8221;1&#8243; up=&#8221;&#8221; down=&#8221;&#8221; el_class=&#8221;dotted&#8221;][\/vc_column][\/vc_row][vc_row type=&#8221;container&#8221; padding_top=&#8221;&#8221; padding_bottom=&#8221;&#8221;][vc_column]<div role=\"form\" class=\"wpcf7\" id=\"wpcf7-f71994-o1\" lang=\"en-US\" dir=\"ltr\">\n<div class=\"screen-reader-response\"><\/div>\n<form action=\"\/en\/wp-json\/wp\/v2\/pages\/88276#wpcf7-f71994-o1\" method=\"post\" class=\"wpcf7-form\" novalidate=\"novalidate\">\n<div style=\"display: none;\">\n<input type=\"hidden\" name=\"_wpcf7\" value=\"71994\" \/>\n<input type=\"hidden\" name=\"_wpcf7_version\" value=\"5.1.5\" \/>\n<input type=\"hidden\" name=\"_wpcf7_locale\" value=\"en_US\" \/>\n<input type=\"hidden\" name=\"_wpcf7_unit_tag\" value=\"wpcf7-f71994-o1\" \/>\n<input type=\"hidden\" name=\"_wpcf7_container_post\" value=\"0\" \/>\n<\/div>\n<div class=\"row\">\n<div class=\"col-lg-6 col-md-6\">\n<p>Yout name (required)<br \/>\n    <span class=\"wpcf7-form-control-wrap your-name\"><input type=\"text\" name=\"your-name\" value=\"\" size=\"40\" class=\"wpcf7-form-control wpcf7-text wpcf7-validates-as-required\" aria-required=\"true\" aria-invalid=\"false\" \/><\/span> <\/p>\n<p>Your email (required)<br \/>\n    <span class=\"wpcf7-form-control-wrap your-email\"><input type=\"email\" name=\"your-email\" value=\"\" size=\"40\" class=\"wpcf7-form-control wpcf7-text wpcf7-email wpcf7-validates-as-required wpcf7-validates-as-email\" aria-required=\"true\" aria-invalid=\"false\" \/><\/span> <\/p>\n<p>Your phone (required)<br \/>\n<span class=\"wpcf7-form-control-wrap your-phone\"><input type=\"tel\" name=\"your-phone\" value=\"\" size=\"40\" class=\"wpcf7-form-control wpcf7-text wpcf7-tel wpcf7-validates-as-required wpcf7-validates-as-tel\" aria-required=\"true\" aria-invalid=\"false\" \/><\/span><\/p>\n<p>Company name<br \/>\n    <span class=\"wpcf7-form-control-wrap company-name\"><input type=\"text\" name=\"company-name\" value=\"\" size=\"40\" class=\"wpcf7-form-control wpcf7-text\" aria-invalid=\"false\" \/><\/span> <\/p>\n<\/div>\n<div class=\"col-lg-6 col-md-6\">\n<p>Your requirements<br \/>\n    <span class=\"wpcf7-form-control-wrap your-requirements\"><textarea name=\"your-requirements\" cols=\"40\" rows=\"10\" class=\"wpcf7-form-control wpcf7-textarea\" aria-invalid=\"false\"><\/textarea><\/span> <\/p>\n<\/div>\n<\/div>\n<p><input type=\"submit\" value=\"Send\" class=\"wpcf7-form-control wpcf7-submit\" \/><\/p>\n<div class=\"wpcf7-response-output wpcf7-display-none\"><\/div><\/form><\/div>[\/vc_column][\/vc_row]<\/p>\n<table><!-- BASIC PARAMETERS --><\/p>\n<tbody>\n<tr class=\"first\">\n<th colspan=\"2\">BASIC PARAMETERS<\/th>\n<\/tr>\n<tr class=\"second\">\n<td>Machine weight<\/td>\n<td>2600\/2740 kg<\/td>\n<\/tr>\n<tr class=\"first\">\n<td>Blade capacity<\/td>\n<td>0,09 m\u00b3<\/td>\n<\/tr>\n<tr class=\"second\">\n<td>Width of bucket<\/td>\n<td>510 mm<\/td>\n<\/tr>\n<p><!-- OPERATING PARAMETERS --><\/p>\n<tr class=\"first\">\n<th colspan=\"2\">PARAMETERS OF OPERATION<\/th>\n<\/tr>\n<tr class=\"second\">\n<td>Motor<\/td>\n<td>YANMAR 3TNV76 \/ 3TNV80F<\/td>\n<\/tr>\n<tr class=\"first\">\n<td>Engine power<\/td>\n<td>14.5\/2400 &#8211; 15.2\/2500 kW\/rpm<\/td>\n<\/tr>\n<tr class=\"second\">\n<td>Maximum climb capability<\/td>\n<td>30\u00b0<\/td>\n<\/tr>\n<tr class=\"first\">\n<td>Maximum arm digging force<\/td>\n<td>14.4 kN<\/td>\n<\/tr>\n<tr class=\"second\">\n<td>Maximum digging force of a spoon<\/td>\n<td>23,4 kN<\/td>\n<\/tr>\n<tr class=\"first\">\n<td>Speed of travel<\/td>\n<td>2,3\/4,2 km\/h<\/td>\n<\/tr>\n<tr class=\"second\">\n<td>Maximum tractive effort<\/td>\n<td>26 kN<\/td>\n<\/tr>\n<tr class=\"first\">\n<td>Platform turning speed<\/td>\n<td>10 &#8211; 12 rpm<\/td>\n<\/tr>\n<p><!-- WORKING PARAMETERS --><\/p>\n<tr class=\"second\">\n<th colspan=\"2\">WORKING PARAMETERS<\/th>\n<\/tr>\n<tr class=\"first\">\n<td>Maximum digging height<\/td>\n<td>4170 mm<\/td>\n<\/tr>\n<tr class=\"second\">\n<td>Maximum digging depth<\/td>\n<td>2540 mm<\/td>\n<\/tr>\n<tr class=\"first\">\n<td>Maximum digging radius<\/td>\n<td>4520 mm<\/td>\n<\/tr>\n<tr class=\"second\">\n<td>Maximum digging radius at ground level<\/td>\n<td>4400 mm<\/td>\n<\/tr>\n<tr class=\"first\">\n<td>Maximum height of disposal<\/td>\n<td>2780 mm<\/td>\n<\/tr>\n<tr class=\"second\">\n<td>Maximum turning radius<\/td>\n<td>1950 mm<\/td>\n<\/tr>\n<tr class=\"first\">\n<td>Maximum vertical digging depth<\/td>\n<td>2240 mm<\/td>\n<\/tr>\n<p><!-- TRANSPORT DIMENSIONS --><\/p>\n<tr class=\"second\">\n<th colspan=\"2\">TRANSPORT DIMENSIONS<\/th>\n<\/tr>\n<tr class=\"first\">\n<td>Total length<\/td>\n<td>34110 mm<\/td>\n<\/tr>\n<tr class=\"second\">\n<td>Total width<\/td>\n<td>1500 mm<\/td>\n<\/tr>\n<tr class=\"first\">\n<td>Cumulative height<\/td>\n<td>2490 mm<\/td>\n<\/tr>\n<p><!-- OTHER PARAMETERS --><\/p>\n<tr class=\"second\">\n<th colspan=\"2\">OTHER PARAMETERS<\/th>\n<\/tr>\n<tr class=\"first\">\n<td>Chassis width<\/td>\n<td>1500 mm<\/td>\n<\/tr>\n<tr class=\"second\">\n<td>Rail length<\/td>\n<td>2040 mm<\/td>\n<\/tr>\n<tr class=\"first\">\n<td>Line width<\/td>\n<td>250 mm<\/td>\n<\/tr>\n<tr class=\"second\">\n<td>Height between chassis and ground<\/td>\n<td>320 mm<\/td>\n<\/tr>\n<tr class=\"first\">\n<td>Height between platform and floor<\/td>\n<td>525 mm<\/td>\n<\/tr>\n<tr class=\"second\">\n<td>Tail turning radius<\/td>\n<td>750 mm<\/td>\n<\/tr>\n<tr class=\"first\">\n<td>Down the centre of the rollers<\/td>\n<td>1590 mm<\/td>\n<\/tr>\n<tr class=\"second\">\n<td>Fuel tank capacity<\/td>\n<td>30 L<\/td>\n<\/tr>\n<tr class=\"first\">\n<td>Hydraulic oil tank capacity<\/td>\n<td>25 L<\/td>\n<\/tr>\n<tr class=\"second\">\n<td>Hydraulic width<\/td>\n<td>1590 mm<\/td>\n<\/tr>\n<tr class=\"first\">\n<td>Working pressure<\/td>\n<td>24 MPa<\/td>\n<\/tr>\n<tr class=\"second\">\n<td>Arm length<\/td>\n<td>1150 mm<\/td>\n<\/tr>\n<tr class=\"first\">\n<td>Frame length<\/td>\n<td>2020 mm<\/td>\n<\/tr>\n<\/tbody>\n<\/table>\n","protected":false},"excerpt":{"rendered":"<p>[vc_row type=&#8221;container&#8221; padding_top=&#8221;&#8221; padding_bottom=&#8221;&#8221; css=&#8221;.vc_custom_1449576470084{margin-bottom: 0px !important;}&#8221;][vc_column width=&#8221;1\/2&#8243;][vc_column_text]Advantages of the Model: Euro V Engine (YANMAR engine) Load-sensitive hydraulic system Superior work efficiency Low fuel consumption Standard with rubber tracks [\/vc_column_text][vc_btn title=&#8221;Brochure YUCHAI U27 premium&#8221; style=&#8221;classic&#8221; color=&#8221;orange&#8221; size=&#8221;sm&#8221; i_icon_fontawesome=&#8221;fa fa-file-pdf-o&#8221; link=&#8221;url:https%3A%2F%2Fwww.kovan.si%2Fwp-content%2Fuploads%2F2024%2F08%2F6594b32a7f1b0.pdf|title:Yochai%20%E2%80%93%20Gradbena%20Mehanizacija||&#8221; add_icon=&#8221;true&#8221;][\/vc_column][vc_column width=&#8221;1\/2&#8243;][vc_gallery type=&#8221;nivo&#8221; interval=&#8221;3&#8243; images=&#8221;88056,88060,88064,88068,88072,88076,88080&#8243; img_size=&#8221;large&#8221;][\/vc_column][\/vc_row][vc_row equal_height=&#8221;yes&#8221; content_placement=&#8221;bottom&#8221; type=&#8221;container&#8221; el_class=&#8221;prednosti-row&#8221;][vc_column width=&#8221;1\/2&#8243;][vc_single_image image=&#8221;88086&#8243; img_size=&#8221;large&#8221;][\/vc_column][vc_column width=&#8221;1\/2&#8243;][vc_cta h2=&#8221;High [&hellip;]<\/p>\n","protected":false},"author":1,"featured_media":88080,"parent":88272,"menu_order":0,"comment_status":"closed","ping_status":"closed","template":"","meta":[],"yst_prominent_words":[],"_links":{"self":[{"href":"https:\/\/www.kovan.si\/en\/wp-json\/wp\/v2\/pages\/88276"}],"collection":[{"href":"https:\/\/www.kovan.si\/en\/wp-json\/wp\/v2\/pages"}],"about":[{"href":"https:\/\/www.kovan.si\/en\/wp-json\/wp\/v2\/types\/page"}],"author":[{"embeddable":true,"href":"https:\/\/www.kovan.si\/en\/wp-json\/wp\/v2\/users\/1"}],"replies":[{"embeddable":true,"href":"https:\/\/www.kovan.si\/en\/wp-json\/wp\/v2\/comments?post=88276"}],"version-history":[{"count":3,"href":"https:\/\/www.kovan.si\/en\/wp-json\/wp\/v2\/pages\/88276\/revisions"}],"predecessor-version":[{"id":88279,"href":"https:\/\/www.kovan.si\/en\/wp-json\/wp\/v2\/pages\/88276\/revisions\/88279"}],"up":[{"embeddable":true,"href":"https:\/\/www.kovan.si\/en\/wp-json\/wp\/v2\/pages\/88272"}],"wp:featuredmedia":[{"embeddable":true,"href":"https:\/\/www.kovan.si\/en\/wp-json\/wp\/v2\/media\/88080"}],"wp:attachment":[{"href":"https:\/\/www.kovan.si\/en\/wp-json\/wp\/v2\/media?parent=88276"}],"wp:term":[{"taxonomy":"yst_prominent_words","embeddable":true,"href":"https:\/\/www.kovan.si\/en\/wp-json\/wp\/v2\/yst_prominent_words?post=88276"}],"curies":[{"name":"wp","href":"https:\/\/api.w.org\/{rel}","templated":true}]}}