{"id":73091,"date":"2016-10-11T21:01:35","date_gmt":"2016-10-11T21:01:35","guid":{"rendered":"http:\/\/www.kovan.si\/hr\/sic-marking\/"},"modified":"2023-09-05T06:31:06","modified_gmt":"2023-09-05T06:31:06","slug":"sic-marking","status":"publish","type":"page","link":"https:\/\/www.kovan.si\/hr\/zastopski-program\/sic-marking\/","title":{"rendered":"Markirne naprave SIC MARKING"},"content":{"rendered":"<p>[vc_row type=&#8221;container&#8221; padding_top=&#8221;&#8221; padding_bottom=&#8221;&#8221; css=&#8221;.vc_custom_1449576470084{margin-bottom: 0px !important;}&#8221;][vc_column width=&#8221;1\/2&#8243;][vc_column_text]U svijetu industrije svaki dan se pojavljuje potreba po markiranju. Svaki proizvod trebao bih da sadr\u017ei marku. Na taj na\u010din uvijek mo\u017ee da se prona\u0111e. Da bi taj proces bio \u0161to lak\u0161i markiranje mora da bude mehansko, zna\u010di probijanje ili pisanje. Na tom podru\u010dju proizvo\u0111a\u010d Sic je jedan od najboljih i najpoznatijih u svijetu a Kovan d.o.o. ima tu \u010dast, da jih prezentira u Sloveniji i u Hrvatskoj.<\/p>\n<p>Sic naprave za markiranje se prvenstveno koriste u automobilskoj industriji, svemirskoj industriji, metalnoj industriji, elektro- industriji, industriji plasti\u010dnih masa, u vojnoj industriji i industriji medicinskih ure\u0111aja. Sve naprave nude rje\u0161enja s tehnologijom za trajno obilje\u017eavanje i pisanje na sve vrste materijala, od plastike pa sve do \u010delika sa tvrdo\u0107om 62Hrc.\u00a0Sic naprave za markiranje mo\u017ee biti prijenosne, stubno namije\u0161\u010dene ili integrirane u proizvodne linije. Sve to ovisi od kupaca. Sve naprave imaju srednji kontroler na kojeg namijestimo razli\u010dite programe, s pomo\u010djo kojih naprava radi samostalno ili za rad samostalno ili podre\u0111eno.<\/p>\n<p>Vi\u0161e puta smo ve\u0107 naglasili, da je sljedivost iznimnog zna\u010daja u svijetu industrije. SIC MARKING je tako postigao vi\u0161e metoda, sa kojima bi se procesi ozna\u010divanja potpuno optimizirali ili pojednostavili. Proizvo\u0111a\u0107 je tako ravio tri metode: tehnologiju lasera, tehnologiju pisanja i tehnologiju probijanja. Kao rezultat laserske tehnologije stoje automatizacija proizvodnog procesa i visoka razina kontrole. Su\u0161tina je u visoko frekven\u010dnom snopu energije, koji dolazi od laserskog izvora. On se potom poja\u010da i usmijeri na mijesto ozna\u010davanja. U unutra\u0161njosti materiala su izra\u0111ene tri operacije: graviranje, \u017earenje i na kraju pjenjenje. Laserska tehnologija tako v svijetu zna\u010di potpunost u ozna\u010divanju!<\/p>\n<p>Kod tehnologije pisanja me\u0111utim diamant ili karbid prodire kroz povr\u0161inu i napravi dubok \u017elijeb. Ova metoda stvara iznimno kvalitetan pe\u010dat i je idealan kod produkta, gdje se zahtijeva opti\u010dko prepoznavanje znakova (OCR).<\/p>\n<p>Kod tehnologije probijanja se isto koristi diamant ili karbid. On je tako u kontaktu sa povr\u0161inom i stvara to\u010dku. Rezultat je tako odre\u0111eni slijed to\u010daka, koji predstavlja ili slovo, broj, logotip i 2D podatak matri\u010dne kode. Frekvencija se mo\u017ee pode\u0161avat sa kontrolom brzine x i y pokreta. A budu\u010di, da je tijekom svakog pulsa prisutno stalno mjerjenje elektri\u010dne struje to zna\u010di potpuno kontrolu funkcioniranja.[\/vc_column_text][\/vc_column][vc_column width=&#8221;1\/2&#8243;][vc_single_image image=&#8221;87622&#8243; img_size=&#8221;medium&#8221; alignment=&#8221;center&#8221;][vc_images_carousel images=&#8221;73092,73093,73094&#8243; img_size=&#8221;390&#215;267&#8243; mode=&#8221;vertical&#8221; speed=&#8221;4000&#8243; autoplay=&#8221;yes&#8221; wrap=&#8221;yes&#8221; css=&#8221;.vc_custom_1476219512461{margin-bottom: 0px !important;padding-bottom: 0px !important;}&#8221;][vc_column_text]<\/p>\n<div style=\"color: #fff; padding: 15px; background: #222; position: relative; text-align: center; line-height: 1.45em; border-bottom-left-radius: 7px; font-size: 14px; margin-top: 0px; margin-bottom: 0px;\">Naprave za markiranje<\/div>\n<p>[\/vc_column_text][vc_separator color=&#8221;&#8221; type=&#8221;normal&#8221; thickness=&#8221;&#8221; up=&#8221;&#8221; down=&#8221;&#8221;][vc_video link=&#8221;https:\/\/www.youtube.com\/watch?v=Zycjya2IuxI&amp;feature=youtu.be&#8221; css=&#8221;.vc_custom_1479974059178{margin-bottom: 0px !important;border-bottom-width: 0px !important;padding-bottom: 0px !important;}&#8221;][vc_column_text]<\/p>\n<div style=\"color: #fff; padding: 15px; background: #222; position: relative; text-align: center; line-height: 1.45em; border-bottom-left-radius: 7px; font-size: 14px; margin-top: 0px; margin-bottom: 0px;\">Promocijski film<\/div>\n<p>[\/vc_column_text][\/vc_column][\/vc_row][vc_row type=&#8221;container&#8221; padding_top=&#8221;&#8221; padding_bottom=&#8221;&#8221; css=&#8221;.vc_custom_1444503683289{margin-bottom: 0px !important;}&#8221;][vc_column][vc_separator color=&#8221;#e2e2e2&#8243; type=&#8221;normal&#8221; thickness=&#8221;1&#8243; up=&#8221;&#8221; down=&#8221;&#8221; el_class=&#8221;dotted&#8221;][vc_column_text]<\/p>\n<h3>Katalozi<\/h3>\n<p>[\/vc_column_text][vc_row_inner][vc_column_inner width=&#8221;1\/3&#8243;][vc_btn title=&#8221;Series e10 &#8211; column mounted dot peen marking machines&#8221; style=&#8221;classic&#8221; shape=&#8221;square&#8221; size=&#8221;sm&#8221; i_icon_fontawesome=&#8221;fa fa-file-pdf-o&#8221; link=&#8221;url:http%3A%2F%2Fwww.kovan.si%2Fwp-content%2Fuploads%2F2016%2F10%2Fe10_range_column_2013-1.pdf|||&#8221; add_icon=&#8221;true&#8221;][vc_btn title=&#8221;Series e10 &#8211; portable marking machines&#8221; style=&#8221;classic&#8221; shape=&#8221;square&#8221; size=&#8221;sm&#8221; i_icon_fontawesome=&#8221;fa fa-file-pdf-o&#8221; link=&#8221;url:http%3A%2F%2Fwww.kovan.si%2Fwp-content%2Fuploads%2F2016%2F10%2Fe10_range_portable_2013-1.pdf|||&#8221; add_icon=&#8221;true&#8221;][vc_btn title=&#8221;e10R control unit&#8221; style=&#8221;classic&#8221; shape=&#8221;square&#8221; size=&#8221;sm&#8221; i_icon_fontawesome=&#8221;fa fa-file-pdf-o&#8221; link=&#8221;url:http%3A%2F%2Fwww.kovan.si%2Fwp-content%2Fuploads%2F2016%2F10%2F1-_flyer_e10_r_us-1.pdf|||&#8221; add_icon=&#8221;true&#8221;][\/vc_column_inner][vc_column_inner width=&#8221;1\/3&#8243;][vc_btn title=&#8221;Series e10 &#8211; integrated dot peen marking machines&#8221; style=&#8221;classic&#8221; shape=&#8221;square&#8221; size=&#8221;sm&#8221; i_icon_fontawesome=&#8221;fa fa-file-pdf-o&#8221; link=&#8221;url:http%3A%2F%2Fwww.kovan.si%2Fwp-content%2Fuploads%2F2016%2F10%2Fe10_range__integrated_mp_2014-1.pdf|||&#8221; add_icon=&#8221;true&#8221;][vc_btn title=&#8221;Series e9&#8243; style=&#8221;classic&#8221; shape=&#8221;square&#8221; size=&#8221;sm&#8221; i_icon_fontawesome=&#8221;fa fa-file-pdf-o&#8221; link=&#8221;url:http%3A%2F%2Fwww.kovan.si%2Fwp-content%2Fuploads%2F2016%2F10%2Fe9_range_2013-1.pdf|||&#8221; add_icon=&#8221;true&#8221;][vc_btn title=&#8221; i53 marking head&#8221; style=&#8221;classic&#8221; shape=&#8221;square&#8221; size=&#8221;sm&#8221; i_icon_fontawesome=&#8221;fa fa-file-pdf-o&#8221; link=&#8221;url:http%3A%2F%2Fwww.kovan.si%2Fwp-content%2Fuploads%2F2016%2F10%2Fflyer_e10r_i53_us_hd-1.pdf|||&#8221; add_icon=&#8221;true&#8221;][\/vc_column_inner][vc_column_inner width=&#8221;1\/3&#8243;][vc_btn title=&#8221; Series e10 &#8211; integrated scribing marking heads&#8221; style=&#8221;classic&#8221; shape=&#8221;square&#8221; size=&#8221;sm&#8221; i_icon_fontawesome=&#8221;fa fa-file-pdf-o&#8221; link=&#8221;url:http%3A%2F%2Fwww.kovan.si%2Fwp-content%2Fuploads%2F2016%2F10%2Fe10_range_integrated_s_2013-1.pdf|||&#8221; add_icon=&#8221;true&#8221;][vc_btn title=&#8221;e10 control unit&#8221; style=&#8221;classic&#8221; shape=&#8221;square&#8221; size=&#8221;sm&#8221; i_icon_fontawesome=&#8221;fa fa-file-pdf-o&#8221; link=&#8221;url:http%3A%2F%2Fwww.kovan.si%2Fwp-content%2Fuploads%2F2016%2F10%2F2-_flyer_e10_us-1.pdf|||&#8221; add_icon=&#8221;true&#8221;][vc_btn title=&#8221; Fiber laser marking machines&#8221; style=&#8221;classic&#8221; shape=&#8221;square&#8221; size=&#8221;sm&#8221; i_icon_fontawesome=&#8221;fa fa-file-pdf-o&#8221; link=&#8221;url:http%3A%2F%2Fwww.kovan.si%2Fwp-content%2Fuploads%2F2016%2F10%2Fflyer_laser_fibre_us_2013-1.pdf|||&#8221; add_icon=&#8221;true&#8221;][\/vc_column_inner][\/vc_row_inner][\/vc_column][\/vc_row][vc_row type=&#8221;container&#8221; padding_top=&#8221;&#8221; padding_bottom=&#8221;&#8221; css=&#8221;.vc_custom_1444503683289{margin-bottom: 0px !important;}&#8221;][vc_column][vc_separator color=&#8221;#e2e2e2&#8243; type=&#8221;normal&#8221; thickness=&#8221;1&#8243; up=&#8221;&#8221; down=&#8221;&#8221; el_class=&#8221;dotted&#8221;][\/vc_column][\/vc_row][vc_row type=&#8221;container&#8221; padding_top=&#8221;&#8221; padding_bottom=&#8221;&#8221;][vc_column]<div role=\"form\" class=\"wpcf7\" id=\"wpcf7-f73098-o1\" lang=\"en-US\" dir=\"ltr\">\n<div class=\"screen-reader-response\"><\/div>\n<form action=\"\/hr\/wp-json\/wp\/v2\/pages\/73091#wpcf7-f73098-o1\" method=\"post\" class=\"wpcf7-form\" novalidate=\"novalidate\">\n<div style=\"display: none;\">\n<input type=\"hidden\" name=\"_wpcf7\" value=\"73098\" \/>\n<input type=\"hidden\" name=\"_wpcf7_version\" value=\"5.1.5\" \/>\n<input type=\"hidden\" name=\"_wpcf7_locale\" value=\"en_US\" \/>\n<input type=\"hidden\" name=\"_wpcf7_unit_tag\" value=\"wpcf7-f73098-o1\" \/>\n<input type=\"hidden\" name=\"_wpcf7_container_post\" value=\"0\" \/>\n<\/div>\n<p><br><\/p>\n<div class=\"container\">\n<div class=\"vc_row wpb_row vc_row-fluid\">\n<div class=\"wpb_column vc_column_container vc_col-sm-6\">\n<div class=\"vc_column-inner \">\n<div class=\"wpb_wrapper\">\n<div class=\"wpb_text_column wpb_content_element \">\n<div class=\"wpb_wrapper\">\n<h2>Dobite ponudu<\/h2>\n<\/p><\/div><\/div>\n<\/div>\n<\/div>\n<\/div>\n<div class=\"wpb_column vc_column_container vc_col-sm-6\">\n<div class=\"vc_column-inner \">\n<div class=\"wpb_wrapper\">\n<div class=\"separator  transparent   \" style=\"margin-top:21px;\"><\/div>\n<div style=\"margin-bottom:0px;\" class=\"wpb_text_column wpb_content_element  vc_custom_1488306207636\">\n<div class=\"wpb_wrapper\">\n<p style=\"margin-bottom:0px;\">Ili dobite savjet od kvalificiranog savjetnika<\/p>\n<\/p><\/div><\/div>\n<div class=\"vc_btn3-container vc_btn3-inline\"><a class=\"call-proizvodni vc_general vc_btn3 vc_btn3-size-md vc_btn3-shape-rounded vc_btn3-style-modern vc_btn3-icon-left vc_btn3-color-warning\" href=\"tel:00386 41 313 355\" title=\"\"><i class=\"vc_btn3-icon fa fa-volume-control-phone\"><\/i> Pozovite 00386 (0)41 313 355<\/a><\/div>\n<\/div>\n<\/div>\n<\/div>\n<\/div>\n<\/div>\n<div class=\"row\">\n<div class=\"col-lg-6 col-md-6\">\n<p>Va\u0161e ime*<br \/>\n    <span class=\"wpcf7-form-control-wrap your-name\"><input type=\"text\" name=\"your-name\" value=\"\" size=\"40\" class=\"wpcf7-form-control wpcf7-text wpcf7-validates-as-required\" aria-required=\"true\" aria-invalid=\"false\" \/><\/span> <\/p>\n<p>Va\u0161a epo\u0161ta*<br \/>\n    <span class=\"wpcf7-form-control-wrap your-email\"><input type=\"email\" name=\"your-email\" value=\"\" size=\"40\" class=\"wpcf7-form-control wpcf7-text wpcf7-email wpcf7-validates-as-required wpcf7-validates-as-email\" aria-required=\"true\" aria-invalid=\"false\" \/><\/span> <\/p>\n<p>Va\u0161 tel.broj*<br \/>\n<span class=\"wpcf7-form-control-wrap your-phone\"><input type=\"tel\" name=\"your-phone\" value=\"\" size=\"40\" class=\"wpcf7-form-control wpcf7-text wpcf7-tel wpcf7-validates-as-required wpcf7-validates-as-tel\" aria-required=\"true\" aria-invalid=\"false\" \/><\/span><\/p>\n<p>Ime produze\u010da<br \/>\n    <span class=\"wpcf7-form-control-wrap company-name\"><input type=\"text\" name=\"company-name\" value=\"\" size=\"40\" class=\"wpcf7-form-control wpcf7-text\" aria-invalid=\"false\" \/><\/span> <\/p>\n<\/div>\n<div class=\"col-lg-6 col-md-6\">\n<p>Va\u0161e zahtjeve<br \/>\n    <span class=\"wpcf7-form-control-wrap your-requirements\"><textarea name=\"your-requirements\" cols=\"40\" rows=\"10\" class=\"wpcf7-form-control wpcf7-textarea\" aria-invalid=\"false\"><\/textarea><\/span> <\/p>\n<\/div>\n<\/div>\n<p><input type=\"submit\" value=\"\u0160alji\" class=\"wpcf7-form-control wpcf7-submit\" \/><\/p>\n<div class=\"wpcf7-response-output wpcf7-display-none\"><\/div><\/form><\/div>[\/vc_column][\/vc_row]<\/p>\n","protected":false},"excerpt":{"rendered":"<p>[vc_row type=&#8221;container&#8221; padding_top=&#8221;&#8221; padding_bottom=&#8221;&#8221; css=&#8221;.vc_custom_1449576470084{margin-bottom: 0px !important;}&#8221;][vc_column width=&#8221;1\/2&#8243;][vc_column_text]U svijetu industrije svaki dan se pojavljuje potreba po markiranju. Svaki proizvod trebao bih da sadr\u017ei marku. Na taj na\u010din uvijek mo\u017ee da se prona\u0111e. Da bi taj proces bio \u0161to lak\u0161i markiranje mora da bude mehansko, zna\u010di probijanje ili pisanje. Na tom podru\u010dju proizvo\u0111a\u010d Sic je jedan [&hellip;]<\/p>\n","protected":false},"author":1,"featured_media":73092,"parent":73393,"menu_order":0,"comment_status":"closed","ping_status":"closed","template":"","meta":[],"yst_prominent_words":[],"_links":{"self":[{"href":"https:\/\/www.kovan.si\/hr\/wp-json\/wp\/v2\/pages\/73091"}],"collection":[{"href":"https:\/\/www.kovan.si\/hr\/wp-json\/wp\/v2\/pages"}],"about":[{"href":"https:\/\/www.kovan.si\/hr\/wp-json\/wp\/v2\/types\/page"}],"author":[{"embeddable":true,"href":"https:\/\/www.kovan.si\/hr\/wp-json\/wp\/v2\/users\/1"}],"replies":[{"embeddable":true,"href":"https:\/\/www.kovan.si\/hr\/wp-json\/wp\/v2\/comments?post=73091"}],"version-history":[{"count":8,"href":"https:\/\/www.kovan.si\/hr\/wp-json\/wp\/v2\/pages\/73091\/revisions"}],"predecessor-version":[{"id":87639,"href":"https:\/\/www.kovan.si\/hr\/wp-json\/wp\/v2\/pages\/73091\/revisions\/87639"}],"up":[{"embeddable":true,"href":"https:\/\/www.kovan.si\/hr\/wp-json\/wp\/v2\/pages\/73393"}],"wp:featuredmedia":[{"embeddable":true,"href":"https:\/\/www.kovan.si\/hr\/wp-json\/wp\/v2\/media\/73092"}],"wp:attachment":[{"href":"https:\/\/www.kovan.si\/hr\/wp-json\/wp\/v2\/media?parent=73091"}],"wp:term":[{"taxonomy":"yst_prominent_words","embeddable":true,"href":"https:\/\/www.kovan.si\/hr\/wp-json\/wp\/v2\/yst_prominent_words?post=73091"}],"curies":[{"name":"wp","href":"https:\/\/api.w.org\/{rel}","templated":true}]}}