{"id":73101,"date":"2016-10-12T06:15:44","date_gmt":"2016-10-12T06:15:44","guid":{"rendered":"http:\/\/www.kovan.si\/hr\/trzenje\/"},"modified":"2017-03-16T20:58:14","modified_gmt":"2017-03-16T20:58:14","slug":"materiali-crne-metalurgije","status":"publish","type":"page","link":"https:\/\/www.kovan.si\/hr\/materiali-crne-metalurgije\/","title":{"rendered":"Materiali crne metalurgije"},"content":{"rendered":"<p>[vc_row type=&#8221;container&#8221;][vc_column][vc_column_text]Kovan d.o.o. budi materiale svih dimenzija i kvaliteta. Na\u0161a prijednost pred drugima je u tome, da mo\u017eemo uvijek ponudit tra\u017eeni material. Na\u0161i glavni proizvodu su slijede\u010di:[\/vc_column_text][\/vc_column][\/vc_row][vc_row type=&#8221;container&#8221; padding_top=&#8221;&#8221; padding_bottom=&#8221;&#8221; css=&#8221;.vc_custom_1479800003783{margin-bottom: 0px !important;padding-top: 0px !important;}&#8221;][vc_column width=&#8221;1\/3&#8243; css=&#8221;.vc_custom_1451766709466{margin-bottom: 35px !important;}&#8221;][vc_single_image image=&#8221;71765&#8243; img_size=&#8221;medium&#8221; onclick=&#8221;custom_link&#8221; css_animation=&#8221;bottom-to-top&#8221; link=&#8221;http:\/\/www.kovan.si\/hr\/materiali-crne-metalurgije\/valjani-i-kovani-celik\/&#8221; css=&#8221;.vc_custom_1489582236888{border-bottom-width: 0px !important;}&#8221; el_class=&#8221;zoom&#8221;][vc_column_text css=&#8221;.vc_custom_1489698023903{margin-top: -15px !important;margin-bottom: 20px !important;padding-right: 5px !important;}&#8221;]<\/p>\n<h4><a href=\"\/?page_id=73308\">Valjani i kovani \u010delik <\/a><\/h4>\n<h6>Valjani i kovanog \u010delika razli\u010ditih oblika i veli\u010dina (okrugli, kvadratni, ravni, \u0161esterokutni konstrukcijski, za cementaciju, itd.)<\/h6>\n<div class=\"vc_hidden-sm vc_hidden-xs\" style=\"height: 23px;\"><\/div>\n<p><a class=\"more-link\" href=\"\/?page_id=73308\">Pro\u010ditaj vi\u0161e<\/a>[\/vc_column_text][\/vc_column][vc_column width=&#8221;1\/3&#8243;][vc_single_image image=&#8221;71174&#8243; img_size=&#8221;640&#215;320&#8243; onclick=&#8221;custom_link&#8221; css_animation=&#8221;bottom-to-top&#8221; link=&#8221;http:\/\/www.kovan.si\/hr\/materiali-crne-metalurgije\/valjani-kovani-prstenovi\/&#8221; css=&#8221;.vc_custom_1489582376887{border-bottom-width: 0px !important;}&#8221; el_class=&#8221;zoom&#8221;][vc_column_text css=&#8221;.vc_custom_1489582559118{margin-top: -15px !important;margin-bottom: 20px !important;padding-right: 5px !important;}&#8221;]<\/p>\n<h4><a href=\"\/?page_id=73314\">Valjani, kovani prstenovi <\/a><\/h4>\n<h6>Valjani, kovani prstenovi razli\u010ditih veli\u010dina i razli\u010ditih osobina. Navedene kvalitete su naj\u010de\u0161\u0107e, na\u0161a mogu\u010dnost je naravno ponudit i ostale.<\/h6>\n<p><a class=\"more-link\" href=\"\/?page_id=73314\">Pro\u010ditaj vi\u0161e<\/a>[\/vc_column_text][\/vc_column][vc_column width=&#8221;1\/3&#8243;][vc_single_image image=&#8221;71762&#8243; img_size=&#8221;large&#8221; onclick=&#8221;custom_link&#8221; css_animation=&#8221;bottom-to-top&#8221; link=&#8221;http:\/\/www.kovan.si\/hr\/materiali-crne-metalurgije\/bezsivne-varene-i-honane-cijevi\/&#8221; css=&#8221;.vc_custom_1489583054089{border-bottom-width: 0px !important;}&#8221; el_class=&#8221;zoom&#8221;][vc_column_text css=&#8221;.vc_custom_1489582529896{margin-top: -15px !important;margin-bottom: 20px !important;padding-right: 0px !important;}&#8221;]<\/p>\n<h4><a href=\"\/?page_id=73319\">Cijevi <\/a><\/h4>\n<h6>Bez\u0161ivne, varene i honane cijevi (debelo-stijenske, tanko-stijenske, pravokutne, kvadratne cijevi namijenjene za vru\u0107e ili hladno valjanje)<\/h6>\n<p><a class=\"more-link\" href=\"\/?page_id=73319\">Pro\u010ditaj vi\u0161e<\/a>[\/vc_column_text][\/vc_column][\/vc_row][vc_row type=&#8221;container&#8221; padding_top=&#8221;&#8221; padding_bottom=&#8221;&#8221; css=&#8221;.vc_custom_1477166921902{margin-bottom: 0px !important;padding-top: 0px !important;}&#8221;][vc_column width=&#8221;1\/3&#8243; css=&#8221;.vc_custom_1451766709466{margin-bottom: 35px !important;}&#8221;][vc_single_image image=&#8221;71755&#8243; img_size=&#8221;640&#215;320&#8243; onclick=&#8221;custom_link&#8221; css_animation=&#8221;bottom-to-top&#8221; link=&#8221;http:\/\/www.kovan.si\/hr\/materiali-crne-metalurgije\/kovani-prstenovi-i-ostali-obliki-razlicitih-oblika-i-kvaliteta\/&#8221; css=&#8221;.vc_custom_1489583027729{border-bottom-width: 0px !important;}&#8221; el_class=&#8221;zoom&#8221;][vc_column_text css=&#8221;.vc_custom_1489698004527{margin-top: -15px !important;margin-bottom: 20px !important;padding-right: 5px !important;}&#8221;]<\/p>\n<h4><a href=\"\/?page_id=73322\">Kovani prstenovi<\/a><\/h4>\n<h6>Kovani prstenovi i ostali obliki razli\u010ditih oblika i kvaliteta.<\/h6>\n<div class=\"vc_hidden-sm vc_hidden-xs\" style=\"height: 23px;\"><\/div>\n<p><a class=\"more-link\" href=\"\/?page_id=73322\">Pro\u010ditaj vi\u0161e<\/a>[\/vc_column_text][\/vc_column][vc_column width=&#8221;1\/3&#8243;][vc_single_image image=&#8221;71756&#8243; img_size=&#8221;640&#215;320&#8243; onclick=&#8221;custom_link&#8221; css_animation=&#8221;bottom-to-top&#8221; link=&#8221;http:\/\/www.kovan.si\/hr\/materiali-crne-metalurgije\/celicni-profili\/&#8221; css=&#8221;.vc_custom_1489610395960{border-bottom-width: 0px !important;}&#8221; el_class=&#8221;zoom&#8221;][vc_column_text css=&#8221;.vc_custom_1489610384947{margin-top: -15px !important;margin-bottom: 20px !important;padding-right: 5px !important;}&#8221;]<\/p>\n<h4><a href=\"\/?page_id=73333\">\u010celi\u010dni profili<\/a><\/h4>\n<h6>\u010celi\u010dni profili razli\u010ditih dimenzija i kvaliteta<\/h6>\n<div class=\"vc_hidden-sm vc_hidden-xs\" style=\"height: 23px;\"><\/div>\n<p><a class=\"more-link\" href=\"\/?page_id=73333\">Pro\u010ditaj vi\u0161e<\/a>[\/vc_column_text][\/vc_column][vc_column width=&#8221;1\/3&#8243;][vc_single_image image=&#8221;71380&#8243; img_size=&#8221;640&#215;320&#8243; onclick=&#8221;custom_link&#8221; css_animation=&#8221;bottom-to-top&#8221; link=&#8221;http:\/\/www.kovan.si\/hr\/materiali-crne-metalurgije\/limovi-razlicitih-dimenzija\/&#8221; css=&#8221;.vc_custom_1489610516038{border-bottom-width: 0px !important;}&#8221; el_class=&#8221;zoom&#8221;][vc_column_text css=&#8221;.vc_custom_1489610488943{margin-top: -15px !important;margin-bottom: 20px !important;padding-right: 5px !important;}&#8221;]<\/p>\n<h4><a href=\"\/?page_id=73338\">Limovi<\/a><\/h4>\n<h6>Limovi razli\u010ditih dimenzija, kvaliteta i oblika .<\/h6>\n<div class=\"vc_hidden-sm vc_hidden-xs\" style=\"height: 23px;\"><\/div>\n<p><a class=\"more-link\" href=\"\/?page_id=73338\">Pro\u010ditaj vi\u0161e<\/a>[\/vc_column_text][\/vc_column][\/vc_row]<\/p>\n","protected":false},"excerpt":{"rendered":"<p>[vc_row type=&#8221;container&#8221;][vc_column][vc_column_text]Kovan d.o.o. budi materiale svih dimenzija i kvaliteta. Na\u0161a prijednost pred drugima je u tome, da mo\u017eemo uvijek ponudit tra\u017eeni material. Na\u0161i glavni proizvodu su slijede\u010di:[\/vc_column_text][\/vc_column][\/vc_row][vc_row type=&#8221;container&#8221; padding_top=&#8221;&#8221; padding_bottom=&#8221;&#8221; css=&#8221;.vc_custom_1479800003783{margin-bottom: 0px !important;padding-top: 0px !important;}&#8221;][vc_column width=&#8221;1\/3&#8243; css=&#8221;.vc_custom_1451766709466{margin-bottom: 35px !important;}&#8221;][vc_single_image image=&#8221;71765&#8243; img_size=&#8221;medium&#8221; onclick=&#8221;custom_link&#8221; css_animation=&#8221;bottom-to-top&#8221; link=&#8221;http:\/\/www.kovan.si\/hr\/materiali-crne-metalurgije\/valjani-i-kovani-celik\/&#8221; css=&#8221;.vc_custom_1489582236888{border-bottom-width: 0px !important;}&#8221; el_class=&#8221;zoom&#8221;][vc_column_text css=&#8221;.vc_custom_1489698023903{margin-top: -15px !important;margin-bottom: 20px !important;padding-right: 5px !important;}&#8221;] [&hellip;]<\/p>\n","protected":false},"author":1,"featured_media":0,"parent":0,"menu_order":0,"comment_status":"closed","ping_status":"closed","template":"","meta":[],"yst_prominent_words":[],"_links":{"self":[{"href":"https:\/\/www.kovan.si\/hr\/wp-json\/wp\/v2\/pages\/73101"}],"collection":[{"href":"https:\/\/www.kovan.si\/hr\/wp-json\/wp\/v2\/pages"}],"about":[{"href":"https:\/\/www.kovan.si\/hr\/wp-json\/wp\/v2\/types\/page"}],"author":[{"embeddable":true,"href":"https:\/\/www.kovan.si\/hr\/wp-json\/wp\/v2\/users\/1"}],"replies":[{"embeddable":true,"href":"https:\/\/www.kovan.si\/hr\/wp-json\/wp\/v2\/comments?post=73101"}],"version-history":[{"count":12,"href":"https:\/\/www.kovan.si\/hr\/wp-json\/wp\/v2\/pages\/73101\/revisions"}],"predecessor-version":[{"id":73443,"href":"https:\/\/www.kovan.si\/hr\/wp-json\/wp\/v2\/pages\/73101\/revisions\/73443"}],"wp:attachment":[{"href":"https:\/\/www.kovan.si\/hr\/wp-json\/wp\/v2\/media?parent=73101"}],"wp:term":[{"taxonomy":"yst_prominent_words","embeddable":true,"href":"https:\/\/www.kovan.si\/hr\/wp-json\/wp\/v2\/yst_prominent_words?post=73101"}],"curies":[{"name":"wp","href":"https:\/\/api.w.org\/{rel}","templated":true}]}}