{"id":73111,"date":"2015-10-09T17:51:30","date_gmt":"2015-10-09T17:51:30","guid":{"rendered":"http:\/\/www.kovan.si\/hr\/sorniki\/"},"modified":"2017-05-09T08:55:28","modified_gmt":"2017-05-09T08:55:28","slug":"svornjaci","status":"publish","type":"page","link":"https:\/\/www.kovan.si\/hr\/proizvodni-program\/svornjaci\/","title":{"rendered":"Svornjak i Svornjaci razli\u010ditih oblika do promjera od 200 mm i du\u017eine 2000 mm."},"content":{"rendered":"<p>[vc_row type=&#8221;container&#8221; padding_top=&#8221;&#8221; padding_bottom=&#8221;&#8221; css=&#8221;.vc_custom_1449576470084{margin-bottom: 0px !important;}&#8221;][vc_column width=&#8221;1\/2&#8243;][vc_column_text]Poduze\u010de Kovani d.o.o. proizvodi svornjace razli\u010ditih oblika do promjera od 200 mm i du\u017eine 2000 mm.<\/p>\n<p>Na\u0161i proizvodi vezani su za tehni\u010dku dokumentaciju ili uzorka. Prikladni su za ugradnju u rudarske strojeve, dizalice, transportne sustave i druge aplikacije.<\/p>\n<p>Svornjaci su izra\u0111eni od najkvalitetnijih materijala kupljenih od poznatih europskih dobavlja\u010da (kvalitete 42CrMo4V, 30CrNiMo8V, 16MnCr5, CK 45, St 52-3, X2CrNiMoN 2253, &#8230;). Svi svornjaci su proizvedeni u skladu s osnovnim standardima i kvalitetu. Na zahtjev kupca mo\u017ee se pridobiti i druge certifikate (npr. Lloyd certifikata, DNV, ABS, &#8230;)<\/p>\n<ul>\n<li>Svornjaci mo\u017ee biti i toplinsko ili kemijsko tretirani:<\/li>\n<li>\u00a0Induktivno kaljenje<\/li>\n<li>\u00a0Kalenje u za\u0161titnoj atmosferi<\/li>\n<li>\u00a0Nikljanje<\/li>\n<li>\u00a0Cementiranje<\/li>\n<li>\u00a0Cinkanje (bijelo, crno, zlatno)<\/li>\n<li>\u00a0Tvrdo kromiranje<\/li>\n<\/ul>\n<p>&nbsp;<\/p>\n<h2>Sto je Svornjak<\/h2>\n<p>Svornjak je u na\u0161oj proizvodnji prisutan ve\u010d od ranih po\u010detaka. Mogli bih ga nazvat i sinonim za na\u0161e poduze\u0107e. Zbog toga u na\u0161oj proizvodnji glavni ulog imaju CNC horizontalni strugovi. Iz godine u godinu na\u0161 glavni zadatak jest imati dobre strojeve sa pogonskim alatima, da na njima mo\u017eemo izraditi sve \u0161to klienat za\u017eeli uz naru\u0111bu za svornjak. Na\u0161i redovni kupci po\u0161tuju to\u010dnost, dosljednost i kratak rok isporuke kad \u0161alju ili upit ili naru\u0111bu za svornjak.<\/p>\n<p>&nbsp;<\/p>\n<p>Svornjak bih mogli ozna\u010dit za strojni elemenat, koji je izra\u0111en iz okruglek \u010delika i je sastavni dio skoro svakog radnog stroja, gdje pojedini dijelovi morajo biti spojeni u vezu koja se mora rastaviti. Postoje svornjaci sa glavom, sa navojem, \u0161uplji i glatki. Prisutni su u metalnoj, zrakoplovnoj industriji pa dalje u elektro industriji itd. Zbog svih tih razloga smo u na\u0161em poduze\u010du orientirani na to, da stalno poku\u0161avamo osnovni produkat pobolj\u0161ati i tako\u0111er nadograditi. Da svaki na\u0161 produkat tvrtku ostavi u savr\u0161enom stanju moramo naravno imati odjel za kontrolu. Radnici tamo se brine, da su elementi izra\u0111eni bez grije\u0161ki i tako prave me\u0111u-fazno i kona\u010dno kontrolo.<\/p>\n<h2>Za\u0161to se upotrebljava svornjak<\/h2>\n<p>Na\u0161ih ciljnih aplikacija ima puno. Pravimo svornjake za bager, traktor i ostalu te\u0161ku ma\u0161ineriju. Me\u0111utim radni strojevi naravno ne predstavljaju cijele populacije na\u0161ih ciljnih kupaca. Na\u0161 glavni ulog, \u017eelja i naravno cilj je izraditi svaki svornjak, kojeg kupac po\u017eeli. Ako upit ili naru\u0111ba slu\u010dajno prelazi kapacitet na\u0161e vlastite proizvodnje, koristimo na\u0161e pouzdane kooperante. Oni su sa nama ve\u0107 od ranih po\u010detaka i u njih imamo potpuno povjerenje.[\/vc_column_text][\/vc_column][vc_column width=&#8221;1\/2&#8243;][vc_images_carousel images=&#8221;71739,71740,71738,71741,71737,71218,71217&#8243; img_size=&#8221;390&#215;267&#8243; mode=&#8221;vertical&#8221; autoplay=&#8221;yes&#8221; wrap=&#8221;yes&#8221; css=&#8221;.vc_custom_1477045648902{margin-bottom: 0px !important;padding-bottom: 0px !important;}&#8221;][vc_column_text]<\/p>\n<div style=\"color: #fff; padding: 15px; background: #222; position: relative; text-align: center; line-height: 1.45em; border-bottom-left-radius: 7px; font-size: 14px; margin-top: 0px; margin-bottom: 0px;\">Na\u0161a proizvodnja<\/div>\n<p>[\/vc_column_text][\/vc_column][\/vc_row][vc_row type=&#8221;container&#8221; padding_top=&#8221;&#8221; padding_bottom=&#8221;&#8221; css=&#8221;.vc_custom_1444503683289{margin-bottom: 0px !important;}&#8221;][vc_column][vc_separator color=&#8221;#e2e2e2&#8243; type=&#8221;normal&#8221; thickness=&#8221;1&#8243; up=&#8221;&#8221; down=&#8221;&#8221; el_class=&#8221;dotted&#8221;][\/vc_column][\/vc_row][vc_row type=&#8221;container&#8221; padding_top=&#8221;&#8221; padding_bottom=&#8221;&#8221;][vc_column]<div role=\"form\" class=\"wpcf7\" id=\"wpcf7-f73272-o1\" lang=\"en-US\" dir=\"ltr\">\n<div class=\"screen-reader-response\"><\/div>\n<form action=\"\/hr\/wp-json\/wp\/v2\/pages\/73111#wpcf7-f73272-o1\" method=\"post\" class=\"wpcf7-form\" novalidate=\"novalidate\">\n<div style=\"display: none;\">\n<input type=\"hidden\" name=\"_wpcf7\" value=\"73272\" \/>\n<input type=\"hidden\" name=\"_wpcf7_version\" value=\"5.1.5\" \/>\n<input type=\"hidden\" name=\"_wpcf7_locale\" value=\"en_US\" \/>\n<input type=\"hidden\" name=\"_wpcf7_unit_tag\" value=\"wpcf7-f73272-o1\" \/>\n<input type=\"hidden\" name=\"_wpcf7_container_post\" value=\"0\" \/>\n<\/div>\n<p><br><\/p>\n<div class=\"container\">\n<div class=\"vc_row wpb_row vc_row-fluid\">\n<div class=\"wpb_column vc_column_container vc_col-sm-6\">\n<div class=\"vc_column-inner \">\n<div class=\"wpb_wrapper\">\n<div class=\"wpb_text_column wpb_content_element \">\n<div class=\"wpb_wrapper\">\n<h2>Dobite ponudu<\/h2>\n<\/p><\/div><\/div>\n<\/div>\n<\/div>\n<\/div>\n<div class=\"wpb_column vc_column_container vc_col-sm-6\">\n<div class=\"vc_column-inner \">\n<div class=\"wpb_wrapper\">\n<div class=\"separator  transparent   \" style=\"margin-top:21px;\"><\/div>\n<div style=\"margin-bottom:0px;\" class=\"wpb_text_column wpb_content_element  vc_custom_1488306207636\">\n<div class=\"wpb_wrapper\">\n<p style=\"margin-bottom:0px;\">Ili dobite savjet od kvalificiranog savjetnika<\/p>\n<\/p><\/div><\/div>\n<div class=\"vc_btn3-container vc_btn3-inline\"><a class=\"call-proizvodni vc_general vc_btn3 vc_btn3-size-md vc_btn3-shape-rounded vc_btn3-style-modern vc_btn3-icon-left vc_btn3-color-warning\" href=\"tel:00 386 40 415 041\" title=\"\"><i class=\"vc_btn3-icon fa fa-volume-control-phone\"><\/i> Pozovite 00386 (0)40 415 041<\/a><\/div>\n<\/div>\n<\/div>\n<\/div>\n<\/div>\n<\/div>\n<div class=\"row\">\n<div class=\"col-lg-6 col-md-6\">\n<p>Va\u0161e ime*<br \/>\n    <span class=\"wpcf7-form-control-wrap your-name\"><input type=\"text\" name=\"your-name\" value=\"\" size=\"40\" class=\"wpcf7-form-control wpcf7-text wpcf7-validates-as-required\" aria-required=\"true\" aria-invalid=\"false\" \/><\/span> <\/p>\n<p>Va\u0161a epo\u0161ta*<br \/>\n    <span class=\"wpcf7-form-control-wrap your-email\"><input type=\"email\" name=\"your-email\" value=\"\" size=\"40\" class=\"wpcf7-form-control wpcf7-text wpcf7-email wpcf7-validates-as-required wpcf7-validates-as-email\" aria-required=\"true\" aria-invalid=\"false\" \/><\/span> <\/p>\n<p>Va\u0161 tel.broj*<br \/>\n<span class=\"wpcf7-form-control-wrap your-phone\"><input type=\"tel\" name=\"your-phone\" value=\"\" size=\"40\" class=\"wpcf7-form-control wpcf7-text wpcf7-tel wpcf7-validates-as-required wpcf7-validates-as-tel\" aria-required=\"true\" aria-invalid=\"false\" \/><\/span><\/p>\n<p>Ime produze\u010da<br \/>\n    <span class=\"wpcf7-form-control-wrap company-name\"><input type=\"text\" name=\"company-name\" value=\"\" size=\"40\" class=\"wpcf7-form-control wpcf7-text\" aria-invalid=\"false\" \/><\/span> <\/p>\n<\/div>\n<div class=\"col-lg-6 col-md-6\">\n<p>Va\u0161e zahtjeve<br \/>\n    <span class=\"wpcf7-form-control-wrap your-requirements\"><textarea name=\"your-requirements\" cols=\"40\" rows=\"10\" class=\"wpcf7-form-control wpcf7-textarea\" aria-invalid=\"false\"><\/textarea><\/span> <\/p>\n<\/div>\n<\/div>\n<p><input type=\"submit\" value=\"\u0160alji\" class=\"wpcf7-form-control wpcf7-submit\" \/><\/p>\n<div class=\"wpcf7-response-output wpcf7-display-none\"><\/div><\/form><\/div>[\/vc_column][\/vc_row]<\/p>\n","protected":false},"excerpt":{"rendered":"<p>[vc_row type=&#8221;container&#8221; padding_top=&#8221;&#8221; padding_bottom=&#8221;&#8221; css=&#8221;.vc_custom_1449576470084{margin-bottom: 0px !important;}&#8221;][vc_column width=&#8221;1\/2&#8243;][vc_column_text]Poduze\u010de Kovani d.o.o. proizvodi svornjace razli\u010ditih oblika do promjera od 200 mm i du\u017eine 2000 mm. Na\u0161i proizvodi vezani su za tehni\u010dku dokumentaciju ili uzorka. Prikladni su za ugradnju u rudarske strojeve, dizalice, transportne sustave i druge aplikacije. Svornjaci su izra\u0111eni od najkvalitetnijih materijala kupljenih od poznatih europskih [&hellip;]<\/p>\n","protected":false},"author":1,"featured_media":73171,"parent":73349,"menu_order":1,"comment_status":"closed","ping_status":"closed","template":"","meta":[],"yst_prominent_words":[],"_links":{"self":[{"href":"https:\/\/www.kovan.si\/hr\/wp-json\/wp\/v2\/pages\/73111"}],"collection":[{"href":"https:\/\/www.kovan.si\/hr\/wp-json\/wp\/v2\/pages"}],"about":[{"href":"https:\/\/www.kovan.si\/hr\/wp-json\/wp\/v2\/types\/page"}],"author":[{"embeddable":true,"href":"https:\/\/www.kovan.si\/hr\/wp-json\/wp\/v2\/users\/1"}],"replies":[{"embeddable":true,"href":"https:\/\/www.kovan.si\/hr\/wp-json\/wp\/v2\/comments?post=73111"}],"version-history":[{"count":7,"href":"https:\/\/www.kovan.si\/hr\/wp-json\/wp\/v2\/pages\/73111\/revisions"}],"predecessor-version":[{"id":73521,"href":"https:\/\/www.kovan.si\/hr\/wp-json\/wp\/v2\/pages\/73111\/revisions\/73521"}],"up":[{"embeddable":true,"href":"https:\/\/www.kovan.si\/hr\/wp-json\/wp\/v2\/pages\/73349"}],"wp:featuredmedia":[{"embeddable":true,"href":"https:\/\/www.kovan.si\/hr\/wp-json\/wp\/v2\/media\/73171"}],"wp:attachment":[{"href":"https:\/\/www.kovan.si\/hr\/wp-json\/wp\/v2\/media?parent=73111"}],"wp:term":[{"taxonomy":"yst_prominent_words","embeddable":true,"href":"https:\/\/www.kovan.si\/hr\/wp-json\/wp\/v2\/yst_prominent_words?post=73111"}],"curies":[{"name":"wp","href":"https:\/\/api.w.org\/{rel}","templated":true}]}}