{"id":73174,"date":"2015-10-09T16:17:48","date_gmt":"2015-10-09T16:17:48","guid":{"rendered":"http:\/\/www.kovan.si\/hr\/puse\/"},"modified":"2018-01-11T08:11:32","modified_gmt":"2018-01-11T08:11:32","slug":"caura","status":"publish","type":"page","link":"https:\/\/www.kovan.si\/hr\/proizvodni-program\/caura\/","title":{"rendered":"\u010caura (\u010dahura) i \u010caure razli\u010ditih oblika do promjera 400 mm."},"content":{"rendered":"<p>[vc_row type=&#8221;container&#8221; padding_top=&#8221;&#8221; padding_bottom=&#8221;&#8221; css=&#8221;.vc_custom_1449576470084{margin-bottom: 0px !important;}&#8221;][vc_column width=&#8221;1\/2&#8243;][vc_column_text]Poduze\u010de Kovani d.o.o. proizvodi \u010daure (\u010dahure) razli\u010ditih oblika do promjera 400 mm.<\/p>\n<p>Na\u0161i proizvodi vezani su za tehni\u010dku dokumentaciju ili uzorka. Prikladni su za ugradnju u rudarske strojeve, dizalice, transportne sustave i druge aplikacije.<\/p>\n<p>\u010caure\u00a0(\u010dahure) su izra\u0111ene od najkvalitetnijih materijala kupljenih od poznatih europskih dobavlja\u010da (kvalitete 42CrMo4V, 30CrNiMo8V, 16MnCr5, CK 45, St 52-3, X2CrNiMoN 2253, &#8230;). Sve \u010daure su proizvedene u skladu s osnovnim standardima i kvalitetu. Na zahtjev kupca mo\u017ee se pridobiti i druge certifikate (npr. Lloyd certifikata, DNV, ABS, &#8230;)<\/p>\n<ul>\n<li>\u010caure\u00a0(\u010dahure) mo\u017ee biti i toplinsko ili kemijsko tretirani:<\/li>\n<li>Induktivno kaljenje<\/li>\n<li>Kalenje u za\u0161titnoj atmosferi<\/li>\n<li>Nikljanje<\/li>\n<li>Cementiranje<\/li>\n<li>Cinkanje (bijelo, crno, zlatno)<\/li>\n<li>Tvrdo kromiranje<\/li>\n<\/ul>\n<h2>\u010caure\u00a0(\u010dahure) na\u0161e proizvodnje<\/h2>\n<p>\u010caura\u00a0(\u010dahura) ima pored svornjaka za poduze\u010de Kovan d.o.o. poseban zna\u010daj. Je elemenat koji je izra\u0111en iz okrugle cijevi i je namijenjen za uskla\u0111ivanje dva cilindri\u010dna elementa te je u na\u0161oj proizvodnji prisutan ve\u010d od ranih po\u010detaka.<\/p>\n<p>&nbsp;<\/p>\n<p>\u010caure\u00a0(\u010dahure) mo\u017ee bit, kao svi ostali produkti, izra\u0111ene iz razli\u0107itih materiala, ali u na\u0161oj proizvodnji naj\u010de\u0161\u010da su 42CrMo4V i 30CrNiMo8V. Sve \u010daure su izra\u0111ene sa najve\u0107om precizno\u0161\u0107u i kao svi ostali na\u0161i produkti ostavi proizvodnju u savr\u0161enom stanju. Na\u0161 strojni park je onaj koji se brine, da su na\u0161i osnovni produkti uvijek u toku vremena, zato i taj mora uvijek bit bez nedostataka.<\/p>\n<p>&nbsp;<\/p>\n<p>Trenutno imamo mogu\u010dnost izradit \u010daure razli\u010ditih oblika do promjera 400 mm i jih na kraju i toplinsko obradit. Zna\u010di kod nas produkti mo\u017ee bit induktivno kaleni, cinkani, tvrdo kromirani, nikljani, cementirani, kaleni u za\u0161titnoj atmosferi, itd.<\/p>\n<p>&nbsp;<\/p>\n<p>\u010caura\u00a0(\u010dahura) isto kao svornjak nije prisutna samo u gra\u0111evinskoj industriji, nego jo mo\u017eemo na\u010di i u automobilskoj, zrakoplovnoj industriji, itd. Trenutno \u010daure izra\u0111ujemo u skladu sa osnovnim standardom ali ako kupac \u017eeli imamo mogu\u010dnost ponudit i certifikat sa neovisne institucije kao na primjer Lloyds certificate, DNV, ABS, itd.<\/p>\n<h2>\u010caure\u00a0(\u010dahure) najvi\u0161e kvalitete<\/h2>\n<p>Na\u0161a misija je posti\u0107i najvi\u0161e standarde i kvalitetu i tu se i proizvodnja \u010dauri naravno ne razlikuje od drugih proizvoda. Zna\u010di i tu smo poznati po odli\u010dnom kvalitetu i kratkim rokovima isporuke. Ponekad smo tako sposobni izradit produkt u roku od 24 sata. Za nas je najbitniji zadovoljan kupac, zato kod nas nema granica. Kovan d.o.o. je tako najbolji partner na rom podru\u010dju!!![\/vc_column_text][\/vc_column][vc_column width=&#8221;1\/2&#8243;][vc_images_carousel images=&#8221;71747,71748,71749,71750&#8243; img_size=&#8221;390&#215;267&#8243; mode=&#8221;vertical&#8221; autoplay=&#8221;yes&#8221; wrap=&#8221;yes&#8221; css=&#8221;.vc_custom_1476986583024{margin-bottom: 0px !important;padding-bottom: 0px !important;}&#8221;][vc_column_text]<\/p>\n<div style=\"color: #fff; padding: 15px; background: #222; position: relative; text-align: center; line-height: 1.45em; border-bottom-left-radius: 7px; font-size: 14px; margin-top: 0px; margin-bottom: 0px;\">\u010caure razli\u010ditih oblika<\/div>\n<p>[\/vc_column_text][vc_separator color=&#8221;#e2e2e2&#8243; type=&#8221;normal&#8221; thickness=&#8221;1&#8243; up=&#8221;&#8221; down=&#8221;&#8221; el_class=&#8221;dotted&#8221;]<div role=\"form\" class=\"wpcf7\" id=\"wpcf7-f73525-o1\" lang=\"en-US\" dir=\"ltr\">\n<div class=\"screen-reader-response\"><\/div>\n<form action=\"\/hr\/wp-json\/wp\/v2\/pages\/73174#wpcf7-f73525-o1\" method=\"post\" class=\"wpcf7-form\" novalidate=\"novalidate\">\n<div style=\"display: none;\">\n<input type=\"hidden\" name=\"_wpcf7\" value=\"73525\" \/>\n<input type=\"hidden\" name=\"_wpcf7_version\" value=\"5.1.5\" \/>\n<input type=\"hidden\" name=\"_wpcf7_locale\" value=\"en_US\" \/>\n<input type=\"hidden\" name=\"_wpcf7_unit_tag\" value=\"wpcf7-f73525-o1\" \/>\n<input type=\"hidden\" name=\"_wpcf7_container_post\" value=\"0\" \/>\n<\/div>\n<div class=\"container\">\n<div class=\"vc_row wpb_row vc_row-fluid\">\n<div class=\"wpb_column vc_column_container vc_col-sm-12\">\n<div class=\"vc_column-inner \">\n<div class=\"wpb_wrapper\">\n<div class=\"separator  transparent   \" style=\"margin-top:21px;\"><\/div>\n<div style=\"margin-bottom:0px;\" class=\"wpb_text_column wpb_content_element  vc_custom_1488306207636\">\n<div class=\"wpb_wrapper\">\n<p style=\"margin-bottom:0px;\">Pozovite  za savijet<\/p>\n<\/p><\/div><\/div>\n<div class=\"vc_btn3-container vc_btn3-inline\"><a class=\"call-proizvodni vc_general vc_btn3 vc_btn3-size-md vc_btn3-shape-rounded vc_btn3-style-modern vc_btn3-icon-left vc_btn3-color-warning\" href=\"tel:00 386 40 415 041\" title=\"\"><i class=\"vc_btn3-icon fa fa-volume-control-phone\"><\/i> Pozovite  00386 (0)40 415 041<\/a><\/div>\n<\/div>\n<\/div>\n<\/div>\n<div class=\"wpb_column vc_column_container vc_col-sm-12\">\n<div class=\"vc_column-inner \">\n<div class=\"wpb_wrapper\">\n<div class=\"wpb_text_column wpb_content_element \">\n<div class=\"wpb_wrapper\">\n<h2>Dobite ponudu<\/h2>\n<\/p><\/div><\/div><\/div>\n<\/div>\n<\/div>\n<\/div>\n<\/div>\n<div class=\"row\">\n<div class=\"col-lg-12 col-md-12\">\n<p>Va\u0161e ime*<br \/>\n      <span class=\"wpcf7-form-control-wrap your-name\"><input type=\"text\" name=\"your-name\" value=\"\" size=\"40\" class=\"wpcf7-form-control wpcf7-text wpcf7-validates-as-required\" aria-required=\"true\" aria-invalid=\"false\" \/><\/span> <\/p>\n<p>Va\u0161a epo\u0161ta*<br \/>\n      <span class=\"wpcf7-form-control-wrap your-email\"><input type=\"email\" name=\"your-email\" value=\"\" size=\"40\" class=\"wpcf7-form-control wpcf7-text wpcf7-email wpcf7-validates-as-required wpcf7-validates-as-email\" aria-required=\"true\" aria-invalid=\"false\" \/><\/span> <\/p>\n<p>Va\u0161 tel.broj*<br \/>\n      <span class=\"wpcf7-form-control-wrap your-phone\"><input type=\"tel\" name=\"your-phone\" value=\"\" size=\"40\" class=\"wpcf7-form-control wpcf7-text wpcf7-tel wpcf7-validates-as-required wpcf7-validates-as-tel\" aria-required=\"true\" aria-invalid=\"false\" \/><\/span><\/p>\n<p>Ime produze\u010da<br \/>\n      <span class=\"wpcf7-form-control-wrap company-name\"><input type=\"text\" name=\"company-name\" value=\"\" size=\"40\" class=\"wpcf7-form-control wpcf7-text\" aria-invalid=\"false\" \/><\/span> <\/p>\n<\/p><\/div>\n<div class=\"col-lg-12 col-md-12\">\n<p>Va\u0161e zahtjeve<br \/>\n      <span class=\"wpcf7-form-control-wrap your-requirements\"><textarea name=\"your-requirements\" cols=\"40\" rows=\"10\" class=\"wpcf7-form-control wpcf7-textarea\" aria-invalid=\"false\"><\/textarea><\/span> <\/p>\n<\/p><\/div>\n<\/div>\n<p><input type=\"submit\" value=\"\u0160alji\" class=\"wpcf7-form-control wpcf7-submit\" \/><\/p>\n<div class=\"wpcf7-response-output wpcf7-display-none\"><\/div><\/form><\/div>[\/vc_column][\/vc_row][vc_row type=&#8221;container&#8221; padding_top=&#8221;&#8221; padding_bottom=&#8221;&#8221; css=&#8221;.vc_custom_1444503683289{margin-bottom: 0px !important;}&#8221;][vc_column][\/vc_column][\/vc_row][vc_row type=&#8221;container&#8221; padding_top=&#8221;&#8221; padding_bottom=&#8221;&#8221;][vc_column][\/vc_column][\/vc_row]<\/p>\n","protected":false},"excerpt":{"rendered":"<p>[vc_row type=&#8221;container&#8221; padding_top=&#8221;&#8221; padding_bottom=&#8221;&#8221; css=&#8221;.vc_custom_1449576470084{margin-bottom: 0px !important;}&#8221;][vc_column width=&#8221;1\/2&#8243;][vc_column_text]Poduze\u010de Kovani d.o.o. proizvodi \u010daure (\u010dahure) razli\u010ditih oblika do promjera 400 mm. Na\u0161i proizvodi vezani su za tehni\u010dku dokumentaciju ili uzorka. Prikladni su za ugradnju u rudarske strojeve, dizalice, transportne sustave i druge aplikacije. \u010caure\u00a0(\u010dahure) su izra\u0111ene od najkvalitetnijih materijala kupljenih od poznatih europskih dobavlja\u010da (kvalitete 42CrMo4V, 30CrNiMo8V, [&hellip;]<\/p>\n","protected":false},"author":1,"featured_media":73185,"parent":73349,"menu_order":2,"comment_status":"closed","ping_status":"closed","template":"","meta":[],"yst_prominent_words":[],"_links":{"self":[{"href":"https:\/\/www.kovan.si\/hr\/wp-json\/wp\/v2\/pages\/73174"}],"collection":[{"href":"https:\/\/www.kovan.si\/hr\/wp-json\/wp\/v2\/pages"}],"about":[{"href":"https:\/\/www.kovan.si\/hr\/wp-json\/wp\/v2\/types\/page"}],"author":[{"embeddable":true,"href":"https:\/\/www.kovan.si\/hr\/wp-json\/wp\/v2\/users\/1"}],"replies":[{"embeddable":true,"href":"https:\/\/www.kovan.si\/hr\/wp-json\/wp\/v2\/comments?post=73174"}],"version-history":[{"count":6,"href":"https:\/\/www.kovan.si\/hr\/wp-json\/wp\/v2\/pages\/73174\/revisions"}],"predecessor-version":[{"id":73730,"href":"https:\/\/www.kovan.si\/hr\/wp-json\/wp\/v2\/pages\/73174\/revisions\/73730"}],"up":[{"embeddable":true,"href":"https:\/\/www.kovan.si\/hr\/wp-json\/wp\/v2\/pages\/73349"}],"wp:featuredmedia":[{"embeddable":true,"href":"https:\/\/www.kovan.si\/hr\/wp-json\/wp\/v2\/media\/73185"}],"wp:attachment":[{"href":"https:\/\/www.kovan.si\/hr\/wp-json\/wp\/v2\/media?parent=73174"}],"wp:term":[{"taxonomy":"yst_prominent_words","embeddable":true,"href":"https:\/\/www.kovan.si\/hr\/wp-json\/wp\/v2\/yst_prominent_words?post=73174"}],"curies":[{"name":"wp","href":"https:\/\/api.w.org\/{rel}","templated":true}]}}