{"id":73192,"date":"2016-10-12T15:40:30","date_gmt":"2016-10-12T15:40:30","guid":{"rendered":"http:\/\/www.kovan.si\/hr\/zobniski-venci\/"},"modified":"2017-02-21T11:56:45","modified_gmt":"2017-02-21T11:56:45","slug":"zubati-vijenci","status":"publish","type":"page","link":"https:\/\/www.kovan.si\/hr\/proizvodni-program\/zubati-vijenci\/","title":{"rendered":"Zubati vijenci"},"content":{"rendered":"<p>[vc_row type=&#8221;container&#8221; padding_top=&#8221;&#8221; padding_bottom=&#8221;&#8221; css=&#8221;.vc_custom_1449576470084{margin-bottom: 0px !important;}&#8221;][vc_column width=&#8221;1\/2&#8243;][vc_column_text]Proizvodnja i remont zubatih vijenaca od promjera 200 mm do promjera 5000 mm. Svi proizvodi vezani su za tehni\u010dku dokumentaciju ili uzorac. Zubate vijence izradimo u razli\u010ditim oblikama i formama:<\/p>\n<ul>\n<li>\u00a0Vanjsko ili unutarnje ozubljenje<\/li>\n<li>\u00a0Jedno-, dvo- ili tri redni kugli\u010dni zubati vijenci<\/li>\n<li>\u00a0Jedno-, dvo- ili tri redni valj\u010dni zubati vijenci vijenci<\/li>\n<\/ul>\n<p>Prikladni su za ugradnju u rudarske strojeve, dizalice, transportne sustave i druge aplikacije.<\/p>\n<p>Zubati vijenci su izra\u0111eni od najkvalitetnijih materijala kupljenih od poznatih europskih dobavlja\u010da (kvalitete 42CrMo4V, 30CrNiMo8V, 16MnCr5, CK 45, St 52-3, X2CrNiMoN 2253, &#8230;). Svi zubati vijenci su proizvedeni u skladu s osnovnim standardima i kvalitetu. Na zahtjev kupca mo\u017ee se pridobiti i druge certifikate (npr. Lloyd certifikata, DNV, ABS, &#8230;)<\/p>\n<h2>REMONT ZUBATIH VIJENACA<\/h2>\n<p>Nakon isporuke deformiranog zubatog vijenca mi ga u najkra\u0107em mogu\u0107em vrijemenu demontiramo i diagnosticiramo grije\u0161ku. Na temelju izvje\u0161\u0107a \u0161aljemo Vam ponudu za popravak ili proizvodnju novog.<\/p>\n<ul>\n<li>\u00a0Pogre\u0161ke deformiranih zubatih vijenaca:<\/li>\n<li>\u00a0Prevelik radialno-aksialan zazor zubatog vijenaca<\/li>\n<li>\u00a0Deformirani zubi zubatog vijenaca<\/li>\n<li>\u00a0Puknut vanjski ili unutra\u0161nji prsten<\/li>\n<\/ul>\n<p>Mogu\u010d popravak:<\/p>\n<ul>\n<li>\u00a0Proizvodnja novog prstena, umjesto deformiranog<\/li>\n<li>\u00a0Remont zazora uz pomo\u010d mehani\u010dke obrade i ugradnja novih kugla i odstojnica<\/li>\n<\/ul>\n<p>[\/vc_column_text][\/vc_column][vc_column width=&#8221;1\/2&#8243;][vc_images_carousel images=&#8221;71743,71964,71414&#8243; img_size=&#8221;390&#215;267&#8243; mode=&#8221;vertical&#8221; autoplay=&#8221;yes&#8221; wrap=&#8221;yes&#8221; css=&#8221;.vc_custom_1477045865375{margin-bottom: 0px !important;padding-bottom: 0px !important;}&#8221;][vc_column_text]<\/p>\n<div style=\"color: #fff; padding: 15px; background: #222; position: relative; text-align: center; line-height: 1.45em; border-bottom-left-radius: 7px; font-size: 14px; margin-top: 0px; margin-bottom: 0px;\">Na\u0161a proizvodnja<\/div>\n<p>[\/vc_column_text][\/vc_column][\/vc_row][vc_row type=&#8221;container&#8221; padding_top=&#8221;&#8221; padding_bottom=&#8221;&#8221; css=&#8221;.vc_custom_1444503683289{margin-bottom: 0px !important;}&#8221;][vc_column][vc_separator color=&#8221;#e2e2e2&#8243; type=&#8221;normal&#8221; thickness=&#8221;1&#8243; up=&#8221;&#8221; down=&#8221;&#8221; el_class=&#8221;dotted&#8221;][\/vc_column][\/vc_row][vc_row type=&#8221;container&#8221; padding_top=&#8221;&#8221; padding_bottom=&#8221;&#8221;][vc_column][vc_column_text]<\/p>\n<h2>Dobite ponudu<\/h2>\n<p>[\/vc_column_text]<div role=\"form\" class=\"wpcf7\" id=\"wpcf7-f73098-o1\" lang=\"en-US\" dir=\"ltr\">\n<div class=\"screen-reader-response\"><\/div>\n<form action=\"\/hr\/wp-json\/wp\/v2\/pages\/73192#wpcf7-f73098-o1\" method=\"post\" class=\"wpcf7-form\" novalidate=\"novalidate\">\n<div style=\"display: none;\">\n<input type=\"hidden\" name=\"_wpcf7\" value=\"73098\" \/>\n<input type=\"hidden\" name=\"_wpcf7_version\" value=\"5.1.5\" \/>\n<input type=\"hidden\" name=\"_wpcf7_locale\" value=\"en_US\" \/>\n<input type=\"hidden\" name=\"_wpcf7_unit_tag\" value=\"wpcf7-f73098-o1\" \/>\n<input type=\"hidden\" name=\"_wpcf7_container_post\" value=\"0\" \/>\n<\/div>\n<p><br><\/p>\n<div class=\"container\">\n<div class=\"vc_row wpb_row vc_row-fluid\">\n<div class=\"wpb_column vc_column_container vc_col-sm-6\">\n<div class=\"vc_column-inner \">\n<div class=\"wpb_wrapper\">\n<div class=\"wpb_text_column wpb_content_element \">\n<div class=\"wpb_wrapper\">\n<h2>Dobite ponudu<\/h2>\n<\/p><\/div><\/div>\n<\/div>\n<\/div>\n<\/div>\n<div class=\"wpb_column vc_column_container vc_col-sm-6\">\n<div class=\"vc_column-inner \">\n<div class=\"wpb_wrapper\">\n<div class=\"separator  transparent   \" style=\"margin-top:21px;\"><\/div>\n<div style=\"margin-bottom:0px;\" class=\"wpb_text_column wpb_content_element  vc_custom_1488306207636\">\n<div class=\"wpb_wrapper\">\n<p style=\"margin-bottom:0px;\">Ili dobite savjet od kvalificiranog savjetnika<\/p>\n<\/p><\/div><\/div>\n<div class=\"vc_btn3-container vc_btn3-inline\"><a class=\"call-proizvodni vc_general vc_btn3 vc_btn3-size-md vc_btn3-shape-rounded vc_btn3-style-modern vc_btn3-icon-left vc_btn3-color-warning\" href=\"tel:00386 41 313 355\" title=\"\"><i class=\"vc_btn3-icon fa fa-volume-control-phone\"><\/i> Pozovite 00386 (0)41 313 355<\/a><\/div>\n<\/div>\n<\/div>\n<\/div>\n<\/div>\n<\/div>\n<div class=\"row\">\n<div class=\"col-lg-6 col-md-6\">\n<p>Va\u0161e ime*<br \/>\n    <span class=\"wpcf7-form-control-wrap your-name\"><input type=\"text\" name=\"your-name\" value=\"\" size=\"40\" class=\"wpcf7-form-control wpcf7-text wpcf7-validates-as-required\" aria-required=\"true\" aria-invalid=\"false\" \/><\/span> <\/p>\n<p>Va\u0161a epo\u0161ta*<br \/>\n    <span class=\"wpcf7-form-control-wrap your-email\"><input type=\"email\" name=\"your-email\" value=\"\" size=\"40\" class=\"wpcf7-form-control wpcf7-text wpcf7-email wpcf7-validates-as-required wpcf7-validates-as-email\" aria-required=\"true\" aria-invalid=\"false\" \/><\/span> <\/p>\n<p>Va\u0161 tel.broj*<br \/>\n<span class=\"wpcf7-form-control-wrap your-phone\"><input type=\"tel\" name=\"your-phone\" value=\"\" size=\"40\" class=\"wpcf7-form-control wpcf7-text wpcf7-tel wpcf7-validates-as-required wpcf7-validates-as-tel\" aria-required=\"true\" aria-invalid=\"false\" \/><\/span><\/p>\n<p>Ime produze\u010da<br \/>\n    <span class=\"wpcf7-form-control-wrap company-name\"><input type=\"text\" name=\"company-name\" value=\"\" size=\"40\" class=\"wpcf7-form-control wpcf7-text\" aria-invalid=\"false\" \/><\/span> <\/p>\n<\/div>\n<div class=\"col-lg-6 col-md-6\">\n<p>Va\u0161e zahtjeve<br \/>\n    <span class=\"wpcf7-form-control-wrap your-requirements\"><textarea name=\"your-requirements\" cols=\"40\" rows=\"10\" class=\"wpcf7-form-control wpcf7-textarea\" aria-invalid=\"false\"><\/textarea><\/span> <\/p>\n<\/div>\n<\/div>\n<p><input type=\"submit\" value=\"\u0160alji\" class=\"wpcf7-form-control wpcf7-submit\" \/><\/p>\n<div class=\"wpcf7-response-output wpcf7-display-none\"><\/div><\/form><\/div>[\/vc_column][\/vc_row]<\/p>\n","protected":false},"excerpt":{"rendered":"<p>[vc_row type=&#8221;container&#8221; padding_top=&#8221;&#8221; padding_bottom=&#8221;&#8221; css=&#8221;.vc_custom_1449576470084{margin-bottom: 0px !important;}&#8221;][vc_column width=&#8221;1\/2&#8243;][vc_column_text]Proizvodnja i remont zubatih vijenaca od promjera 200 mm do promjera 5000 mm. Svi proizvodi vezani su za tehni\u010dku dokumentaciju ili uzorac. Zubate vijence izradimo u razli\u010ditim oblikama i formama: \u00a0Vanjsko ili unutarnje ozubljenje \u00a0Jedno-, dvo- ili tri redni kugli\u010dni zubati vijenci \u00a0Jedno-, dvo- ili tri redni valj\u010dni [&hellip;]<\/p>\n","protected":false},"author":1,"featured_media":73198,"parent":73349,"menu_order":5,"comment_status":"closed","ping_status":"closed","template":"","meta":[],"yst_prominent_words":[],"_links":{"self":[{"href":"https:\/\/www.kovan.si\/hr\/wp-json\/wp\/v2\/pages\/73192"}],"collection":[{"href":"https:\/\/www.kovan.si\/hr\/wp-json\/wp\/v2\/pages"}],"about":[{"href":"https:\/\/www.kovan.si\/hr\/wp-json\/wp\/v2\/types\/page"}],"author":[{"embeddable":true,"href":"https:\/\/www.kovan.si\/hr\/wp-json\/wp\/v2\/users\/1"}],"replies":[{"embeddable":true,"href":"https:\/\/www.kovan.si\/hr\/wp-json\/wp\/v2\/comments?post=73192"}],"version-history":[{"count":2,"href":"https:\/\/www.kovan.si\/hr\/wp-json\/wp\/v2\/pages\/73192\/revisions"}],"predecessor-version":[{"id":73200,"href":"https:\/\/www.kovan.si\/hr\/wp-json\/wp\/v2\/pages\/73192\/revisions\/73200"}],"up":[{"embeddable":true,"href":"https:\/\/www.kovan.si\/hr\/wp-json\/wp\/v2\/pages\/73349"}],"wp:featuredmedia":[{"embeddable":true,"href":"https:\/\/www.kovan.si\/hr\/wp-json\/wp\/v2\/media\/73198"}],"wp:attachment":[{"href":"https:\/\/www.kovan.si\/hr\/wp-json\/wp\/v2\/media?parent=73192"}],"wp:term":[{"taxonomy":"yst_prominent_words","embeddable":true,"href":"https:\/\/www.kovan.si\/hr\/wp-json\/wp\/v2\/yst_prominent_words?post=73192"}],"curies":[{"name":"wp","href":"https:\/\/api.w.org\/{rel}","templated":true}]}}