{"id":73251,"date":"2017-02-28T16:59:17","date_gmt":"2017-02-28T16:59:17","guid":{"rendered":"http:\/\/www.kovan.si\/hr\/o-podjetju-kovan-d-o-o\/"},"modified":"2017-03-15T09:37:05","modified_gmt":"2017-03-15T09:37:05","slug":"o-podjetju-kovan-d-o-o","status":"publish","type":"page","link":"https:\/\/www.kovan.si\/hr\/o-podjetju-kovan-d-o-o\/","title":{"rendered":"O produze\u0107u Kovan d.o.o."},"content":{"rendered":"<p>[vc_row type=&#8221;container&#8221;][vc_column width=&#8221;1\/2&#8243;][vc_column_text]<\/p>\n<h2>O nama<\/h2>\n<p>Poduze\u010de Kovan d.o.o. osnovano je 2008 godini, ali njegov prethodnik Andrej \u010crnkovi\u010d s.p. je zapo\u010deo svoju djelatnost u 2002 godini. Na\u0161a ekipa je sastavljena od <strong>mladih, uspije\u0161nih i najbitnije vrlo ambicioznih pojedinaca<\/strong>. To je rezultat na\u0161eg promicanja obrazovanja i prijenos novog poznavanja na zaposlenike. Iz godine u godinu poku\u0161amo osnovat ve\u010du specializaciju i naravno ostvarit ve\u0107e ciljeve. Sve to radimo uz razvoj novih proizvoda, pobolj\u0161anja tehnologije, prilago\u0111avaju\u0107i se okolini.<\/p>\n<p>U na\u0161em poduze\u010du se bavimo sa <strong>proizvodnjom<\/strong> i <strong>trgovinu<\/strong>. Glavne aktivnosti proizvodne djelatnosti su proizvodnja razli\u010ditih strojnih dijelova, tokarenje, glodanje, varenje, unutra\u0161nje i vanjsko ozubljenje, rezanje na tra\u010dnim pilama, induktivno kalenje, spaljivanje slomljenih bu\u0161ilica ili vijaka u razli\u010ditima ku\u0107i\u0161tima, izvr\u0161enje kontrole proizvoda sa ultrazvukom i ure\u0111ajom za mjerenje povr\u0161inske obrade i \u010dvrsto\u0107u proizvoda i na kraju remont kliznih elemenata na radnim strojevima.<\/p>\n<p>Trgovina se posebno bavi sa marketingom materiala crne metalurgije (otkivci, valjani obru\u010di, \u010delik, cijevi,\u2026). Na tome segmentu se razlikujemo od ostalih dobavlja\u010da u tome, da mo\u017eemo ponudit posebne kvalitete i nestandardne dimenzije tra\u017eenog materiala. Uz to bavimo se i sa marketingom strojeva i ure\u0111aja svijetskih proizvo\u0111a\u0107a za potrebe industrije metala.<\/p>\n<p>Nudimo vama ponudu cijelog proizvodnog procesa: od reza materiala i strojeva za obradu do ure\u0111aja za manipulaciju i markiranje.[\/vc_column_text][\/vc_column][vc_column width=&#8221;1\/2&#8243;][vc_single_image image=&#8221;71964&#8243; img_size=&#8221;large&#8221;][vc_row_inner][vc_column_inner width=&#8221;1\/2&#8243;][vc_single_image source=&#8221;external_link&#8221; alignment=&#8221;center&#8221; custom_src=&#8221;http:\/\/www.companywall.biz\/image\/Bonitet?id=74072&amp;type=2&#8243;][\/vc_column_inner][vc_column_inner width=&#8221;1\/2&#8243;][vc_single_image source=&#8221;external_link&#8221; alignment=&#8221;center&#8221; custom_src=&#8221;http:\/\/aaa.bisnode.si\/banner\/banner_bonitetna_ocena.php?id=2372380&amp;type=1&amp;lang=si&#8221;][\/vc_column_inner][\/vc_row_inner][\/vc_column][\/vc_row][vc_row full_width=&#8221;stretch_row&#8221; type=&#8221;container&#8221; css=&#8221;.vc_custom_1488301841765{background-color: #1c1c1c !important;}&#8221;][vc_column][vc_column_text]<\/p>\n<h3 style=\"text-align: center; color: #fff;\">Na\u0161a unikatnost se ka\u017ee v podpori celotnemu nabavnemu procesu, kvaliteto pa vedno znova dokazujemo s hitrimi dobavnimi roki in najbolj\u0161o ceno v primerjavi s kvaliteto. Rezultat \u2013 zadovoljstvo kupca! \u00a0<a href=\"\/?page_id=71465\">Pridobite ponudbo.<\/a><\/h3>\n<p>[\/vc_column_text][\/vc_column][\/vc_row]<\/p>\n","protected":false},"excerpt":{"rendered":"<p>[vc_row type=&#8221;container&#8221;][vc_column width=&#8221;1\/2&#8243;][vc_column_text] O nama Poduze\u010de Kovan d.o.o. osnovano je 2008 godini, ali njegov prethodnik Andrej \u010crnkovi\u010d s.p. je zapo\u010deo svoju djelatnost u 2002 godini. Na\u0161a ekipa je sastavljena od mladih, uspije\u0161nih i najbitnije vrlo ambicioznih pojedinaca. To je rezultat na\u0161eg promicanja obrazovanja i prijenos novog poznavanja na zaposlenike. Iz godine u godinu poku\u0161amo osnovat [&hellip;]<\/p>\n","protected":false},"author":1,"featured_media":0,"parent":0,"menu_order":0,"comment_status":"closed","ping_status":"closed","template":"page-full-width.php","meta":[],"yst_prominent_words":[],"_links":{"self":[{"href":"https:\/\/www.kovan.si\/hr\/wp-json\/wp\/v2\/pages\/73251"}],"collection":[{"href":"https:\/\/www.kovan.si\/hr\/wp-json\/wp\/v2\/pages"}],"about":[{"href":"https:\/\/www.kovan.si\/hr\/wp-json\/wp\/v2\/types\/page"}],"author":[{"embeddable":true,"href":"https:\/\/www.kovan.si\/hr\/wp-json\/wp\/v2\/users\/1"}],"replies":[{"embeddable":true,"href":"https:\/\/www.kovan.si\/hr\/wp-json\/wp\/v2\/comments?post=73251"}],"version-history":[{"count":3,"href":"https:\/\/www.kovan.si\/hr\/wp-json\/wp\/v2\/pages\/73251\/revisions"}],"predecessor-version":[{"id":73254,"href":"https:\/\/www.kovan.si\/hr\/wp-json\/wp\/v2\/pages\/73251\/revisions\/73254"}],"wp:attachment":[{"href":"https:\/\/www.kovan.si\/hr\/wp-json\/wp\/v2\/media?parent=73251"}],"wp:term":[{"taxonomy":"yst_prominent_words","embeddable":true,"href":"https:\/\/www.kovan.si\/hr\/wp-json\/wp\/v2\/yst_prominent_words?post=73251"}],"curies":[{"name":"wp","href":"https:\/\/api.w.org\/{rel}","templated":true}]}}