{"id":73291,"date":"2016-10-11T19:09:03","date_gmt":"2016-10-11T19:09:03","guid":{"rendered":"http:\/\/www.kovan.si\/hr\/storitve\/"},"modified":"2023-06-15T06:08:47","modified_gmt":"2023-06-15T06:08:47","slug":"usluge","status":"publish","type":"page","link":"https:\/\/www.kovan.si\/hr\/usluge\/","title":{"rendered":"Usluge i Indukcijsko Kaljenje"},"content":{"rendered":"<p>[vc_row type=&#8221;container&#8221; padding_top=&#8221;&#8221; padding_bottom=&#8221;&#8221; css=&#8221;.vc_custom_1449576470084{margin-bottom: 0px !important;}&#8221;][vc_column width=&#8221;1\/2&#8243;][vc_column_text]<\/p>\n<p>Kovan d.o.o. je tvrtka koja pru\u017ea sveobuhvatna rje\u0161enja. Klijent koji nas je ve\u0107 isprobao zna da na\u0161a paleta sposobnosti prema\u0161uje uobi\u010dajeno. Osim standardnih usluga strojne obrade poput struganja, frezanja, bu\u0161enja i zup\u010danika, kod nas mo\u017eete prona\u0107i i ponudu toplinske obrade.<\/p>\n<h2>\u0160to je indukcijsko kaljenje?<\/h2>\n<p>Toplinska obrada (indukcijsko kaljenje) podrazumijeva zagrijavanje \u017eeljenog metala i zatim ponovno hla\u0111enje. Prva faza naziva se austenitizacija, a druga faza je transformacija austenita. Toplinska obrada (indukcijsko kaljenje) je potrebna kada \u017eelimo dobiti odre\u0111ena svojstva \u010delika koja su najbolja za odre\u0111enu primjenu. Ovim postupkom dobivamo \u017eeljenu mikrostrukturu i optimalnu kombinaciju mehani\u010dkih svojstava. Da bismo mogli provoditi toplinsku obradu, moramo dobro poznavati procese koji se odvijaju tijekom zagrijavanja i hla\u0111enja \u010delika.<\/p>\n<p>Zagrijavanje materijala mo\u017ee se provoditi uranjanjem u kupke, plinskim grijanjem i indukcijskim zagrijavanjem (s visokofrekventnom strujom). U slu\u010daju indukcijskog zagrijavanja, visokofrekventna elektri\u010dna struja prolazi kroz \u017eari\u0161nu petlju i stvara promjenjivo magnetsko polje. To magnetsko polje inducira struju na povr\u0161ini metala. Frekvencija odre\u0111uje dubinu do koje \u017eelimo zagrijavati proizvod.<\/p>\n<p>Indukcijsko kaljenje, koje je jedna od mnogih usluga koje nudimo, ima mnoge prednosti u odnosu na druge toplinske obrade. Pogodno je posebno za serijske narud\u017ebe jer omogu\u0107uje lak\u0161u automatizaciju postupka, bolju regulaciju dubine kaljenja, ve\u0107e brzine i manje deformacije proizvoda.<\/p>\n<p>Dakle, Kovan d.o.o. nudi cjelovito rje\u0161enje, od strojne do toplinske obrade! Isprobajte nas!<\/p>\n<h2>Ostale Usluge<\/h2>\n<ul>\n<li>\u00a0CNC struganje (DO FI 460 x 1500 mm)<\/li>\n<li>\u00a0Klasi\u010dno struganje (do FI 400 x 2000 mm)<\/li>\n<li>\u00a0Struganje na vertikalnom strugu (do FI 5000 mm)<\/li>\n<li>\u00a0CNC i klasi\u010dno glodanje<\/li>\n<li>\u00a0CNC I klasi\u010dno bu\u0161enje<\/li>\n<li>\u00a0Vanjsko ozubljenje (do FI 5000 mm i M=50)<\/li>\n<li>\u00a0Unutranje ozubljenje (do FI 2000 mm)<\/li>\n<li>\u00a0Rezanje na tra\u010dnim pilama (do FI 420)<\/li>\n<li>\u00a0Bravarske usluge i usluge varenja<\/li>\n<li>\u00a0Rezanje sa plazma robotom<\/li>\n<li>\u00a0Induktivno kalenje<\/li>\n<li>\u00a0Ultrazvu\u010dna kontrola vara i materiala<\/li>\n<li>\u00a0spaljivanje slomljenih bu\u0161ilica ili vijaka u razli\u010ditima ku\u0107i\u0161tima<\/li>\n<\/ul>\n<h3>USLUGE OD PROVJERENE KOOPERACIJE<\/h3>\n<ul>\n<li>\u00a0Cinkanje (bijelo, crno, zlatno)<\/li>\n<li>\u00a0Kalenje u za\u0161titnoj atmosferi<\/li>\n<li>\u00a0Gas i plazma nitriranje<\/li>\n<li>\u00a0Cementiranje<\/li>\n<li>\u00a0Tvrdo kromiranje<\/li>\n<\/ul>\n<p>[\/vc_column_text][\/vc_column][vc_column width=&#8221;1\/2&#8243;][vc_video link=&#8221;https:\/\/www.youtube.com\/watch?v=sjp0HX4hIWY&#8221; css=&#8221;.vc_custom_1476213060888{margin-bottom: 0px !important;padding-bottom: 0px !important;}&#8221;][vc_column_text]<\/p>\n<div style=\"color: #fff; padding: 15px; background: #222; position: relative; text-align: center; line-height: 1.45em; border-bottom-left-radius: 7px; font-size: 14px; margin-top: 0px; margin-bottom: 0px;\">Na\u0161a prozvodnja<\/div>\n<p>[\/vc_column_text][\/vc_column][\/vc_row][vc_row type=&#8221;container&#8221; padding_top=&#8221;&#8221; padding_bottom=&#8221;&#8221; css=&#8221;.vc_custom_1444503683289{margin-bottom: 0px !important;}&#8221;][vc_column][vc_separator color=&#8221;#e2e2e2&#8243; type=&#8221;normal&#8221; thickness=&#8221;1&#8243; up=&#8221;&#8221; down=&#8221;&#8221; el_class=&#8221;dotted&#8221;][\/vc_column][\/vc_row][vc_row type=&#8221;container&#8221; padding_top=&#8221;&#8221; padding_bottom=&#8221;&#8221;][vc_column]<div role=\"form\" class=\"wpcf7\" id=\"wpcf7-f73272-o1\" lang=\"en-US\" dir=\"ltr\">\n<div class=\"screen-reader-response\"><\/div>\n<form action=\"\/hr\/wp-json\/wp\/v2\/pages\/73291#wpcf7-f73272-o1\" method=\"post\" class=\"wpcf7-form\" novalidate=\"novalidate\">\n<div style=\"display: none;\">\n<input type=\"hidden\" name=\"_wpcf7\" value=\"73272\" \/>\n<input type=\"hidden\" name=\"_wpcf7_version\" value=\"5.1.5\" \/>\n<input type=\"hidden\" name=\"_wpcf7_locale\" value=\"en_US\" \/>\n<input type=\"hidden\" name=\"_wpcf7_unit_tag\" value=\"wpcf7-f73272-o1\" \/>\n<input type=\"hidden\" name=\"_wpcf7_container_post\" value=\"0\" \/>\n<\/div>\n<p><br><\/p>\n<div class=\"container\">\n<div class=\"vc_row wpb_row vc_row-fluid\">\n<div class=\"wpb_column vc_column_container vc_col-sm-6\">\n<div class=\"vc_column-inner \">\n<div class=\"wpb_wrapper\">\n<div class=\"wpb_text_column wpb_content_element \">\n<div class=\"wpb_wrapper\">\n<h2>Dobite ponudu<\/h2>\n<\/p><\/div><\/div>\n<\/div>\n<\/div>\n<\/div>\n<div class=\"wpb_column vc_column_container vc_col-sm-6\">\n<div class=\"vc_column-inner \">\n<div class=\"wpb_wrapper\">\n<div class=\"separator  transparent   \" style=\"margin-top:21px;\"><\/div>\n<div style=\"margin-bottom:0px;\" class=\"wpb_text_column wpb_content_element  vc_custom_1488306207636\">\n<div class=\"wpb_wrapper\">\n<p style=\"margin-bottom:0px;\">Ili dobite savjet od kvalificiranog savjetnika<\/p>\n<\/p><\/div><\/div>\n<div class=\"vc_btn3-container vc_btn3-inline\"><a class=\"call-proizvodni vc_general vc_btn3 vc_btn3-size-md vc_btn3-shape-rounded vc_btn3-style-modern vc_btn3-icon-left vc_btn3-color-warning\" href=\"tel:00 386 40 415 041\" title=\"\"><i class=\"vc_btn3-icon fa fa-volume-control-phone\"><\/i> Pozovite 00386 (0)40 415 041<\/a><\/div>\n<\/div>\n<\/div>\n<\/div>\n<\/div>\n<\/div>\n<div class=\"row\">\n<div class=\"col-lg-6 col-md-6\">\n<p>Va\u0161e ime*<br \/>\n    <span class=\"wpcf7-form-control-wrap your-name\"><input type=\"text\" name=\"your-name\" value=\"\" size=\"40\" class=\"wpcf7-form-control wpcf7-text wpcf7-validates-as-required\" aria-required=\"true\" aria-invalid=\"false\" \/><\/span> <\/p>\n<p>Va\u0161a epo\u0161ta*<br \/>\n    <span class=\"wpcf7-form-control-wrap your-email\"><input type=\"email\" name=\"your-email\" value=\"\" size=\"40\" class=\"wpcf7-form-control wpcf7-text wpcf7-email wpcf7-validates-as-required wpcf7-validates-as-email\" aria-required=\"true\" aria-invalid=\"false\" \/><\/span> <\/p>\n<p>Va\u0161 tel.broj*<br \/>\n<span class=\"wpcf7-form-control-wrap your-phone\"><input type=\"tel\" name=\"your-phone\" value=\"\" size=\"40\" class=\"wpcf7-form-control wpcf7-text wpcf7-tel wpcf7-validates-as-required wpcf7-validates-as-tel\" aria-required=\"true\" aria-invalid=\"false\" \/><\/span><\/p>\n<p>Ime produze\u010da<br \/>\n    <span class=\"wpcf7-form-control-wrap company-name\"><input type=\"text\" name=\"company-name\" value=\"\" size=\"40\" class=\"wpcf7-form-control wpcf7-text\" aria-invalid=\"false\" \/><\/span> <\/p>\n<\/div>\n<div class=\"col-lg-6 col-md-6\">\n<p>Va\u0161e zahtjeve<br \/>\n    <span class=\"wpcf7-form-control-wrap your-requirements\"><textarea name=\"your-requirements\" cols=\"40\" rows=\"10\" class=\"wpcf7-form-control wpcf7-textarea\" aria-invalid=\"false\"><\/textarea><\/span> <\/p>\n<\/div>\n<\/div>\n<p><input type=\"submit\" value=\"\u0160alji\" class=\"wpcf7-form-control wpcf7-submit\" \/><\/p>\n<div class=\"wpcf7-response-output wpcf7-display-none\"><\/div><\/form><\/div>[\/vc_column][\/vc_row]<\/p>\n","protected":false},"excerpt":{"rendered":"<p>[vc_row type=&#8221;container&#8221; padding_top=&#8221;&#8221; padding_bottom=&#8221;&#8221; css=&#8221;.vc_custom_1449576470084{margin-bottom: 0px !important;}&#8221;][vc_column width=&#8221;1\/2&#8243;][vc_column_text] Kovan d.o.o. je tvrtka koja pru\u017ea sveobuhvatna rje\u0161enja. Klijent koji nas je ve\u0107 isprobao zna da na\u0161a paleta sposobnosti prema\u0161uje uobi\u010dajeno. Osim standardnih usluga strojne obrade poput struganja, frezanja, bu\u0161enja i zup\u010danika, kod nas mo\u017eete prona\u0107i i ponudu toplinske obrade. \u0160to je indukcijsko kaljenje? Toplinska obrada (indukcijsko [&hellip;]<\/p>\n","protected":false},"author":1,"featured_media":0,"parent":0,"menu_order":0,"comment_status":"closed","ping_status":"closed","template":"","meta":[],"yst_prominent_words":[],"_links":{"self":[{"href":"https:\/\/www.kovan.si\/hr\/wp-json\/wp\/v2\/pages\/73291"}],"collection":[{"href":"https:\/\/www.kovan.si\/hr\/wp-json\/wp\/v2\/pages"}],"about":[{"href":"https:\/\/www.kovan.si\/hr\/wp-json\/wp\/v2\/types\/page"}],"author":[{"embeddable":true,"href":"https:\/\/www.kovan.si\/hr\/wp-json\/wp\/v2\/users\/1"}],"replies":[{"embeddable":true,"href":"https:\/\/www.kovan.si\/hr\/wp-json\/wp\/v2\/comments?post=73291"}],"version-history":[{"count":4,"href":"https:\/\/www.kovan.si\/hr\/wp-json\/wp\/v2\/pages\/73291\/revisions"}],"predecessor-version":[{"id":87601,"href":"https:\/\/www.kovan.si\/hr\/wp-json\/wp\/v2\/pages\/73291\/revisions\/87601"}],"wp:attachment":[{"href":"https:\/\/www.kovan.si\/hr\/wp-json\/wp\/v2\/media?parent=73291"}],"wp:term":[{"taxonomy":"yst_prominent_words","embeddable":true,"href":"https:\/\/www.kovan.si\/hr\/wp-json\/wp\/v2\/yst_prominent_words?post=73291"}],"curies":[{"name":"wp","href":"https:\/\/api.w.org\/{rel}","templated":true}]}}