{"id":73376,"date":"2015-10-06T12:21:51","date_gmt":"2015-10-06T12:21:51","guid":{"rendered":"http:\/\/www.kovan.si\/hr\/kovan-proizvodnja-kovinskih-izdelkov\/"},"modified":"2023-06-30T12:18:23","modified_gmt":"2023-06-30T12:18:23","slug":"kovan-proizvodnja-kovinskih-izdelkov","status":"publish","type":"page","link":"https:\/\/www.kovan.si\/hr\/","title":{"rendered":"Kovan \u2013 proizvodnja metalnih proizvoda"},"content":{"rendered":"<p>[vc_row type=&#8221;full_page_width&#8221; padding_top=&#8221;&#8221; padding_bottom=&#8221;&#8221; css=&#8221;.vc_custom_1451747024312{margin-bottom: 12px !important;}&#8221;][vc_column css=&#8221;.vc_custom_1451675335363{margin-bottom: -35px !important;padding-right: 0px !important;padding-left: 0px !important;}&#8221;][layerslider_vc id=&#8221;4&#8243;][\/vc_column][\/vc_row][vc_row type=&#8221;container&#8221; css=&#8221;.vc_custom_1477211790261{margin-bottom: 0px !important;}&#8221;][vc_column width=&#8221;5\/6&#8243; offset=&#8221;vc_hidden-lg vc_hidden-md&#8221; css=&#8221;.vc_custom_1477211830660{margin-bottom: -40px !important;}&#8221;][vc_column_text]<a href=\"http:\/\/www.bisnode.si\/produkti-in-resitve\/aaa\" target=\"_blank\" rel=\"noopener noreferrer\"><img loading=\"lazy\" class=\"aligncenter\" src=\"http:\/\/aaa.bisnode.si\/banner\/banner_bonitetna_ocena.php?id=2372380&amp;type=2&amp;lang=en\" width=\"372\" height=\"100\" border=\"0\" \/><\/a>[\/vc_column_text][\/vc_column][vc_column width=&#8221;1\/6&#8243; css=&#8221;.vc_custom_1477211871066{margin-bottom: 0px !important;}&#8221;][\/vc_column][\/vc_row][vc_row type=&#8221;container&#8221; padding_top=&#8221;&#8221; padding_bottom=&#8221;&#8221; css=&#8221;.vc_custom_1490765275223{margin-bottom: 12px !important;}&#8221;][vc_column][vc_column_text]<\/p>\n<h3 style=\"text-align: center;\">Na\u0161a posebnost je to, da podr\u017eavamo cijeli nabavni proces, a kvalitet svaki dan ponovo dokazujemo sa brzima rokovima isporuke i najboljim cijenama u odnosu na kvalitet.\u00a0<a href=\"\/?page_id=73374\">Dobite ponudu.<\/a><\/h3>\n<p>[\/vc_column_text][\/vc_column][\/vc_row][vc_row video_bg=&#8221;yes&#8221; video_bg_url=&#8221;&#8221; video_bg_parallax=&#8221;content-moving&#8221; type=&#8221;container&#8221; padding_top=&#8221;&#8221; padding_bottom=&#8221;&#8221; css=&#8221;.vc_custom_1489667943633{margin-top: 30px !important;margin-bottom: 15px !important;}&#8221;][vc_column width=&#8221;1\/3&#8243;][vc_single_image image=&#8221;71022&#8243; img_size=&#8221;640&#215;320&#8243; onclick=&#8221;custom_link&#8221; link=&#8221;http:\/\/www.kovan.si\/hr\/proizvodni-program\/&#8221; el_class=&#8221;zoom&#8221; css=&#8221;.vc_custom_1489666136647{margin-bottom: -10px !important;}&#8221;][vc_column_text]<\/p>\n<h4 class=\"feature\"><a href=\"\/?page_id=73349\">Proizvodni program<\/a><\/h4>\n<p><span style=\"color: #999999;\">Fokusiramo se na proizvodnjo vitalnih rezervnih djelova razli\u010dnitih aplikacija. <\/span>[\/vc_column_text][\/vc_column][vc_column width=&#8221;1\/3&#8243;][vc_single_image image=&#8221;71076&#8243; img_size=&#8221;640&#215;320&#8243; onclick=&#8221;custom_link&#8221; link=&#8221;http:\/\/www.kovan.si\/hr\/usluge\/&#8221; el_class=&#8221;zoom&#8221; css=&#8221;.vc_custom_1489666339068{margin-bottom: -10px !important;}&#8221;][vc_column_text]<\/p>\n<h4 class=\"feature\"><a href=\"\/?page_id=73291\">Proizvodne Usluge<\/a><\/h4>\n<p><span style=\"color: #999999;\"> Vr\u0161imo razne usluge za mehani\u010dke i toplinske obrade.<\/span>[\/vc_column_text][\/vc_column][vc_column width=&#8221;1\/3&#8243;][vc_single_image image=&#8221;73389&#8243; img_size=&#8221;640&#215;320&#8243; onclick=&#8221;custom_link&#8221; link=&#8221;http:\/\/www.kovan.si\/hr\/zastopstva\/sic-marking\/&#8221; el_class=&#8221;zoom&#8221; css=&#8221;.vc_custom_1489666806462{margin-bottom: -10px !important;}&#8221;][vc_column_text]<\/p>\n<h4 class=\"feature\"><a href=\"\/?page_id=73091\">Markirne naprave SIC MARKING<\/a><\/h4>\n<p><span style=\"color: #999999;\">Naprave nude rje\u0161enja s tehnologijom za trajno obilje\u017eavanje i pisanje na sve vrste materijala.<\/span>[\/vc_column_text][\/vc_column][\/vc_row][vc_row type=&#8221;container&#8221; padding_top=&#8221;&#8221; padding_bottom=&#8221;&#8221; css=&#8221;.vc_custom_1451746999255{margin-bottom: 35px !important;}&#8221;][vc_column width=&#8221;1\/3&#8243;][vc_single_image image=&#8221;73382&#8243; img_size=&#8221;large&#8221; onclick=&#8221;custom_link&#8221; link=&#8221;http:\/\/www.kovan.si\/hr\/materiali-crne-metalurgije\/&#8221; el_class=&#8221;zoom&#8221; css=&#8221;.vc_custom_1489666840975{margin-bottom: -10px !important;}&#8221;][vc_column_text]<\/p>\n<h4 class=\"feature\"><a href=\"\/?page_id=73101\">Materiali crne metalurgije<\/a><\/h4>\n<p><span style=\"color: #999999;\">Na\u0161a prijednost pred drugima je u tome, da mo\u017eemo uvijek ponudit tra\u017eeni material. <\/span>[\/vc_column_text][\/vc_column][vc_column width=&#8221;1\/3&#8243;][vc_single_image image=&#8221;73305&#8243; img_size=&#8221;640&#215;320&#8243; onclick=&#8221;custom_link&#8221; link=&#8221;http:\/\/www.kovan.si\/hr\/rezervni-dijelovi-za-sve-tipe-gradevinskih-strojeva\/&#8221; el_class=&#8221;zoom&#8221; css=&#8221;.vc_custom_1489667063936{margin-bottom: -10px !important;}&#8221;][vc_column_text]<\/p>\n<h4 class=\"feature\"><a href=\"\/?page_id=73294\">Rezervni djelovi za sve tipe gra\u0111evinskih strojeva<\/a><\/h4>\n<p><span style=\"color: #999999;\">Poduze\u010de Kovan d.o.o. se bavi sa proizvodnjom i marketingom razli\u010ditih rezervnih dijelova.<\/span>[\/vc_column_text][\/vc_column][vc_column width=&#8221;1\/3&#8243;][vc_single_image image=&#8221;73386&#8243; img_size=&#8221;640&#215;320&#8243; onclick=&#8221;custom_link&#8221; link=&#8221;http:\/\/www.kovan.si\/hr\/o-podjetju-kovan-d-o-o\/&#8221; el_class=&#8221;zoom&#8221; css=&#8221;.vc_custom_1489667049170{margin-bottom: -10px !important;}&#8221;][vc_column_text]<\/p>\n<h4 class=\"feature\"><a href=\"\/?page_id=73251\">O nama<\/a><\/h4>\n<p><span style=\"color: #999999;\">Na\u0161a ekipa je sastavljena od mladih, uspije\u0161nih i najbitnije vrlo ambicioznih pojedinaca. <\/span>[\/vc_column_text][\/vc_column][\/vc_row][vc_row type=&#8221;container&#8221; padding_top=&#8221;&#8221; padding_bottom=&#8221;&#8221; css=&#8221;.vc_custom_1444833000148{margin-bottom: 15px !important;}&#8221;][vc_column][vc_separator color=&#8221;#e0e0e0&#8243; type=&#8221;normal&#8221; thickness=&#8221;1&#8243; up=&#8221;&#8221; down=&#8221;&#8221;][\/vc_column][\/vc_row][vc_row type=&#8221;container&#8221; padding_top=&#8221;&#8221; padding_bottom=&#8221;&#8221; css=&#8221;.vc_custom_1497437852628{margin-bottom: 10px !important;padding-top: 10px !important;}&#8221;][vc_column css=&#8221;.vc_custom_1451773427166{margin-bottom: 0px !important;}&#8221;][vc_column_text css=&#8221;.vc_custom_1497438086010{margin-bottom: 0px !important;}&#8221;]<\/p>\n<h2 style=\"margin-top: 22px; margin-bottom: 22px;\">Novosti<\/h2>\n<p>[\/vc_column_text][vc_basic_grid post_type=&#8221;post&#8221; max_items=&#8221;3&#8243; grid_id=&#8221;vc_gid:1688127473913-d6cec3e3-0d18-4&#8243;][\/vc_column][\/vc_row][vc_row type=&#8221;container&#8221; padding_top=&#8221;&#8221; padding_bottom=&#8221;&#8221; css=&#8221;.vc_custom_1476989606037{margin-bottom: 10px !important;padding-top: 10px !important;}&#8221;][vc_column css=&#8221;.vc_custom_1451773427166{margin-bottom: 0px !important;}&#8221;][vc_column_text css=&#8221;.vc_custom_1489667090873{margin-bottom: 0px !important;}&#8221;]<\/p>\n<h2 style=\"margin-top: 22px;\">O nama<\/h2>\n<p>[\/vc_column_text][vc_column_text]<\/p>\n<h5 style=\"text-align: justify;\"><span style=\"color: #666666;\">Poduze\u010de Kovan d.o.o. osnovano je 2008 godini, ali njegov prethodnik Andrej \u010crnkovi\u010d s.p. je zapo\u010deo svoju djelatnost u 2002 godini. Na\u0161a ekipa je sastavljena od mladih, uspije\u0161nih i najbitnije vrlo ambicioznih pojedinaca. To je rezultat na\u0161eg promicanja obrazovanja i prijenos novog poznavanja na zaposlenike. Iz godine u godinu poku\u0161amo osnovat ve\u010du specializaciju i naravno ostvarit ve\u0107e ciljeve. Sve to radimo uz razvoj novih proizvoda, pobolj\u0161anja tehnologije, prilago\u0111avaju\u0107i se okolini.<\/span><\/h5>\n<h5 style=\"text-align: justify;\"><span style=\"color: #666666;\">U na\u0161em poduze\u010du se bavimo sa proizvodnjom i trgovinu. Glavne aktivnosti proizvodne djelatnosti su proizvodnja razli\u010ditih strojnih dijelova, tokarenje, glodanje, varenje, unutra\u0161nje i vanjsko ozubljenje, rezanje na tra\u010dnim pilama, induktivno kalenje, spaljivanje slomljenih bu\u0161ilica ili vijaka u razli\u010ditima ku\u0107i\u0161tima, izvr\u0161enje kontrole proizvoda sa ultrazvukom i ure\u0111ajom za mjerenje povr\u0161inske obrade i \u010dvrsto\u0107u proizvoda i na kraju remont kliznih elemenata na radnim strojevima. <\/span><\/h5>\n<h5 style=\"text-align: justify;\"><span style=\"color: #666666;\">Trgovina se posebno bavi sa marketingom materiala crne metalurgije (otkivci, valjani obru\u010di, \u010delik, cijevi,\u2026). Na tome segmentu se razlikujemo od ostalih dobavlja\u010da u tome, da mo\u017eemo ponudit posebne kvalitete i nestandardne dimenzije tra\u017eenog materiala. Uz to bavimo se i sa marketingom strojeva i ure\u0111aja svijetskih proizvo\u0111a\u0107a za potrebe industrije metala.<\/span><\/h5>\n<h5 style=\"text-align: justify;\"><span style=\"color: #666666;\">Nudimo vama ponudu cijelog proizvodnog procesa: od reza materiala i strojeva za obradu do ure\u0111aja za manipulaciju i markiranje.<\/span><\/h5>\n<p>[\/vc_column_text][\/vc_column][\/vc_row][vc_row type=&#8221;container&#8221; padding_top=&#8221;&#8221; padding_bottom=&#8221;&#8221; css=&#8221;.vc_custom_1449270557833{margin-bottom: 75px !important;}&#8221;][vc_column][vc_separator color=&#8221;#e0e0e0&#8243; type=&#8221;normal&#8221; thickness=&#8221;1&#8243; up=&#8221;&#8221; down=&#8221;20px&#8221;][vc_column_text css=&#8221;.vc_custom_1489667217757{margin-top: 30px !important;margin-bottom: 30px !important;}&#8221;]<\/p>\n<h2 style=\"margin-top: 52px;\">Na\u0161i partneri<\/h2>\n<p>[\/vc_column_text]        \n\t<script type=\"text\/javascript\">\n\n\tjQuery(document).ready(function($) {\n\n\t\t$(\"#owlslider_1524950130\").owlCarousel({\n\t\t\tautoPlay: 4000, \n\t\t\titems : 5,\n\t\t\tpagination : false,\n\t\t\tstopOnHover : true,\n\t\t\titemsDesktop : [1199,4],\n\t\t\titemsDesktopSmall : [979,3]\n\t\t}); \n\t});\n\n\t<\/script>\n\n<div class=\"cg-logos\">\n\t<div class=\"row\">\n\t\t<div id=\"owlslider_1524950130\" class=\"owl-carousel\">\n\t\t\t\t\t\t\t\n\t\t\t\t\n\t\t\t\t<div class=\"item\">\n\t\t\t\t\t<a href=\"http:\/\/www.ermaksan.com.tr\">\n\t\t\t\t\t\t<img alt=\"logo\" src=\"http:\/\/www.kovan.si\/wp-content\/uploads\/2016\/10\/Ermaksan-6.png\">\n\t\t\t\t\t<\/a>\n\t\t\t\t<\/div>\n\n\t\t\t\n\t\t\t\t\n\t\t\t\t<div class=\"item\">\n\t\t\t\t\t<a href=\"http:\/\/www.sahinlermetal.com\">\n\t\t\t\t\t\t<img alt=\"logo\" src=\"http:\/\/www.kovan.si\/wp-content\/uploads\/2016\/10\/Sahinler_Isitan-2.png\">\n\t\t\t\t\t<\/a>\n\t\t\t\t<\/div>\n\n\t\t\t\n\t\t\t\t\n\t\t\t\t<div class=\"item\">\n\t\t\t\t\t<a href=\"http:\/\/www.sic-marking.com\">\n\t\t\t\t\t\t<img alt=\"logo\" src=\"http:\/\/www.kovan.si\/wp-content\/uploads\/2016\/10\/SIC-2.png\">\n\t\t\t\t\t<\/a>\n\t\t\t\t<\/div>\n\n\t\t\t\n\t\t\t\t\n\t\t\t\t<div class=\"item\">\n\t\t\t\t\t<a href=\"http:\/\/www.geka.es\">\n\t\t\t\t\t\t<img alt=\"logo\" src=\"http:\/\/www.kovan.si\/wp-content\/uploads\/2016\/10\/Geka-1.png\">\n\t\t\t\t\t<\/a>\n\t\t\t\t<\/div>\n\n\t\t\t\n\t\t\t\t\n\t\t\t\t<div class=\"item\">\n\t\t\t\t\t<a href=\"www.tractel.com\">\n\t\t\t\t\t\t<img alt=\"logo\" src=\"http:\/\/www.kovan.si\/wp-content\/uploads\/2016\/10\/Tractel.png\">\n\t\t\t\t\t<\/a>\n\t\t\t\t<\/div>\n\n\t\t\t\t\t\t\n\t\t\t\n\t\t<\/div>\n\t<\/div>\n<\/div>\n\n[\/vc_column][\/vc_row][vc_row type=&#8221;container&#8221; padding_top=&#8221;&#8221; padding_bottom=&#8221;&#8221; css=&#8221;.vc_custom_1476912254940{margin-right: 15px !important;margin-bottom: 65px !important;margin-left: 15px !important;border-top-width: 1px !important;border-right-width: 1px !important;border-bottom-width: 1px !important;border-left-width: 1px !important;padding-top: 20px !important;padding-bottom: 10px !important;border-left-color: #e0e0e0 !important;border-left-style: solid !important;border-right-color: #e0e0e0 !important;border-right-style: solid !important;border-top-color: #e0e0e0 !important;border-top-style: solid !important;border-bottom-color: #e0e0e0 !important;border-bottom-style: solid !important;}&#8221;][vc_column][vc_row_inner css=&#8221;.vc_custom_1449279899888{margin-bottom: 0px !important;}&#8221;][vc_column_inner][vc_column_text css=&#8221;.vc_custom_1489667478885{margin-bottom: 20px !important;}&#8221;]<\/p>\n<h4 style=\"text-align: center;\">Provjerite nas i va\u0161i zahtjevi \u0107e biti ispunjeni brzo i dogovorenom roku!\u00a0!<\/h4>\n<p>[\/vc_column_text][\/vc_column_inner][\/vc_row_inner][vc_row_inner css=&#8221;.vc_custom_1451746561576{margin-bottom: -10px !important;}&#8221;][vc_column_inner width=&#8221;1\/4&#8243;][\/vc_column_inner][vc_column_inner width=&#8221;2\/4&#8243;][vc_btn title=&#8221;Provjerite nas&#8221; shape=&#8221;square&#8221; color=&#8221;orange&#8221; size=&#8221;lg&#8221; align=&#8221;center&#8221; link=&#8221;url:https%3A%2F%2Fwww.kovan.si%2Fhr%2Fkontakti%2F|title:Kontakt||&#8221; el_class=&#8221;kovan-orange&#8221;][\/vc_column_inner][vc_column_inner width=&#8221;1\/4&#8243;][\/vc_column_inner][\/vc_row_inner][vc_row_inner][vc_column_inner width=&#8221;1\/4&#8243;][\/vc_column_inner][vc_column_inner width=&#8221;2\/4&#8243;][\/vc_column_inner][vc_column_inner width=&#8221;1\/4&#8243;][\/vc_column_inner][\/vc_row_inner][\/vc_column][\/vc_row][vc_row type=&#8221;full_page_width_inner_container&#8221; padding_top=&#8221;&#8221; padding_bottom=&#8221;&#8221; css=&#8221;.vc_custom_1490765408727{margin-bottom: 0px !important;padding-top: 15px !important;padding-bottom: 55px !important;background: #1a1a1a url(http:\/\/factory.commercegurus.com\/wp-content\/uploads\/2015\/10\/glass_bg.jpg?id=70876) !important;background-position: center !important;background-repeat: no-repeat !important;background-size: cover !important;}&#8221;][vc_column][vc_column_text css=&#8221;.vc_custom_1490765560117{margin-bottom: 25px !important;}&#8221;]<\/p>\n<h2 style=\"text-align: center;\"><span style=\"color: #ffffff;\">Izjave kupaca<\/span><\/h2>\n<p>[\/vc_column_text][vc_separator color=&#8221;#3c3c3c&#8221; type=&#8221;normal&#8221; thickness=&#8221;1&#8243; up=&#8221;&#8221; down=&#8221;&#8221;][vc_tta_pageable no_fill_content_area=&#8221;1&#8243; autoplay=&#8221;4&#8243; active_section=&#8221;1&#8243; pagination_style=&#8221;outline-square&#8221; pagination_color=&#8221;white&#8221;][vc_tta_section title=&#8221;Section 1&#8243; tab_id=&#8221;1476904887994-e70039d4-8659&#8243;][vc_single_image image=&#8221;73383&#8243; img_size=&#8221;medium&#8221; alignment=&#8221;center&#8221; css_animation=&#8221;top-to-bottom&#8221; css=&#8221;.vc_custom_1476343540387{margin-bottom: 0px !important;}&#8221;][vc_column_text css_animation=&#8221;bottom-to-top&#8221;]<\/p>\n<h5><span style=\"color: #ffffff;\">Kovan d.o.o. je na\u0161 dugogodi\u0161nji i strate\u0161ko va\u017ean partner, koji nas uvijek podr\u017eava u na\u0161im zahtijevima sa njihovim na\u010dinom \u00bbKnow how\u00ab. Roki isporuke i njihove brze reakcije na na\u0161e posebne \u017eelje su uvijek vrlo pouzdane. Zbog toga su na\u0161i kupci uvijek vrlo zadovoljni. Njihov kvalitet nama odgovara i dijelomi\u010dno \u010dak i prelazi na\u0161e visoke zahtijeve, sve to zbog visoko-kvalitetnog materiala.<br \/>\n<\/span><\/h5>\n<p>[\/vc_column_text][\/vc_tta_section][vc_tta_section title=&#8221;Section 2&#8243; tab_id=&#8221;1476904888111-84d37570-381c&#8221;][vc_single_image image=&#8221;73387&#8243; img_size=&#8221;medium&#8221; alignment=&#8221;center&#8221; css_animation=&#8221;top-to-bottom&#8221; css=&#8221;.vc_custom_1476906076399{margin-bottom: 0px !important;}&#8221;][vc_column_text css_animation=&#8221;bottom-to-top&#8221;]<\/p>\n<h5><span style=\"color: #ffffff;\">Kao dugogodi\u0161nji partner poduze\u010da Kovan d.o.o. cijenim visok kvalitet njihovih produkta, absolutno po\u0161tovanje roka isporuke i fleksibilnost uz pode\u0161avanje rokov isporuke i proizvoda. Sve to rade na na\u010din, da je kupac 100% zadovoljan.<\/span><\/h5>\n<p><span style=\"color: #666666;\">Christian Bischoff<\/span>[\/vc_column_text][\/vc_tta_section][\/vc_tta_pageable][vc_row_inner css=&#8221;.vc_custom_1451746355599{margin-bottom: -20px !important;padding-top: 40px !important;}&#8221;][vc_column_inner width=&#8221;1\/2&#8243; css=&#8221;.vc_custom_1449529391432{margin-bottom: 35px !important;}&#8221;][\/vc_column_inner][vc_column_inner width=&#8221;1\/2&#8243; css=&#8221;.vc_custom_1449529401726{margin-bottom: 35px !important;}&#8221;][\/vc_column_inner][\/vc_row_inner][vc_separator color=&#8221;#3c3c3c&#8221; type=&#8221;normal&#8221; thickness=&#8221;1&#8243; up=&#8221;&#8221; down=&#8221;&#8221;][\/vc_column][\/vc_row]<\/p>\n","protected":false},"excerpt":{"rendered":"<p>[vc_row type=&#8221;full_page_width&#8221; padding_top=&#8221;&#8221; padding_bottom=&#8221;&#8221; css=&#8221;.vc_custom_1451747024312{margin-bottom: 12px !important;}&#8221;][vc_column css=&#8221;.vc_custom_1451675335363{margin-bottom: -35px !important;padding-right: 0px !important;padding-left: 0px !important;}&#8221;][layerslider_vc id=&#8221;4&#8243;][\/vc_column][\/vc_row][vc_row type=&#8221;container&#8221; css=&#8221;.vc_custom_1477211790261{margin-bottom: 0px !important;}&#8221;][vc_column width=&#8221;5\/6&#8243; offset=&#8221;vc_hidden-lg vc_hidden-md&#8221; css=&#8221;.vc_custom_1477211830660{margin-bottom: -40px !important;}&#8221;][vc_column_text][\/vc_column_text][\/vc_column][vc_column width=&#8221;1\/6&#8243; css=&#8221;.vc_custom_1477211871066{margin-bottom: 0px !important;}&#8221;][\/vc_column][\/vc_row][vc_row type=&#8221;container&#8221; padding_top=&#8221;&#8221; padding_bottom=&#8221;&#8221; css=&#8221;.vc_custom_1490765275223{margin-bottom: 12px !important;}&#8221;][vc_column][vc_column_text] Na\u0161a posebnost je to, da podr\u017eavamo cijeli nabavni proces, a kvalitet svaki dan ponovo dokazujemo sa brzima rokovima isporuke i [&hellip;]<\/p>\n","protected":false},"author":1,"featured_media":0,"parent":0,"menu_order":0,"comment_status":"closed","ping_status":"closed","template":"page-full-width.php","meta":[],"yst_prominent_words":[],"_links":{"self":[{"href":"https:\/\/www.kovan.si\/hr\/wp-json\/wp\/v2\/pages\/73376"}],"collection":[{"href":"https:\/\/www.kovan.si\/hr\/wp-json\/wp\/v2\/pages"}],"about":[{"href":"https:\/\/www.kovan.si\/hr\/wp-json\/wp\/v2\/types\/page"}],"author":[{"embeddable":true,"href":"https:\/\/www.kovan.si\/hr\/wp-json\/wp\/v2\/users\/1"}],"replies":[{"embeddable":true,"href":"https:\/\/www.kovan.si\/hr\/wp-json\/wp\/v2\/comments?post=73376"}],"version-history":[{"count":23,"href":"https:\/\/www.kovan.si\/hr\/wp-json\/wp\/v2\/pages\/73376\/revisions"}],"predecessor-version":[{"id":87612,"href":"https:\/\/www.kovan.si\/hr\/wp-json\/wp\/v2\/pages\/73376\/revisions\/87612"}],"wp:attachment":[{"href":"https:\/\/www.kovan.si\/hr\/wp-json\/wp\/v2\/media?parent=73376"}],"wp:term":[{"taxonomy":"yst_prominent_words","embeddable":true,"href":"https:\/\/www.kovan.si\/hr\/wp-json\/wp\/v2\/yst_prominent_words?post=73376"}],"curies":[{"name":"wp","href":"https:\/\/api.w.org\/{rel}","templated":true}]}}