{"id":73393,"date":"2016-10-11T20:37:38","date_gmt":"2016-10-11T20:37:38","guid":{"rendered":"http:\/\/www.kovan.si\/hr\/zastopstva\/"},"modified":"2023-08-10T16:16:10","modified_gmt":"2023-08-10T16:16:10","slug":"zastopski-program","status":"publish","type":"page","link":"https:\/\/www.kovan.si\/hr\/zastopski-program\/","title":{"rendered":"Zastopski program"},"content":{"rendered":"<p>[vc_row type=&#8221;container&#8221; padding_top=&#8221;&#8221; padding_bottom=&#8221;&#8221; css=&#8221;.vc_custom_1451766655032{margin-bottom: 20px !important;}&#8221;][vc_column width=&#8221;1\/3&#8243; css=&#8221;.vc_custom_1550839667591{margin-bottom: 35px !important;}&#8221;][vc_single_image image=&#8221;73407&#8243; img_size=&#8221;large&#8221; alignment=&#8221;center&#8221; onclick=&#8221;custom_link&#8221; css_animation=&#8221;bottom-to-top&#8221; link=&#8221;http:\/\/www.kovan.si\/kategorija-izdelka\/pilous\/&#8221; css=&#8221;.vc_custom_1476987264404{border-bottom-width: 0px !important;}&#8221; el_class=&#8221;zoom&#8221;][vc_column_text css=&#8221;.vc_custom_1573078060093{margin-top: -15px !important;margin-bottom: 20px !important;padding-right: 0px !important;}&#8221;]<strong>Pilous<\/strong><br \/>\nSmo zastopniki podjetja Pilous-TMJ, ki ima v svojem programu tra\u010dne \u017eage[\/vc_column_text][\/vc_column][vc_column width=&#8221;1\/3&#8243; css=&#8221;.vc_custom_1444993797023{margin-bottom: 35px !important;}&#8221;][vc_single_image image=&#8221;73416&#8243; img_size=&#8221;large&#8221; alignment=&#8221;center&#8221; onclick=&#8221;custom_link&#8221; css_animation=&#8221;bottom-to-top&#8221; link=&#8221;http:\/\/www.kovan.si\/zastopstva\/isitan-sahinnler\/&#8221; css=&#8221;.vc_custom_1476987291653{border-bottom-width: 0px !important;}&#8221; el_class=&#8221;zoom&#8221;][vc_column_text css=&#8221;.vc_custom_1573078070849{margin-top: -15px !important;margin-bottom: 20px !important;padding-right: 10px !important;}&#8221;]<strong>ISITAN \u2013 SAHINNLER<\/strong><br \/>\nStroji za oblikovanje plo\u010devine in profilov[\/vc_column_text][\/vc_column][vc_column width=&#8221;1\/3&#8243; css=&#8221;.vc_custom_1444993804144{margin-bottom: 35px !important;}&#8221;][vc_single_image image=&#8221;73412&#8243; img_size=&#8221;large&#8221; alignment=&#8221;center&#8221; onclick=&#8221;custom_link&#8221; css_animation=&#8221;bottom-to-top&#8221; link=&#8221;http:\/\/www.kovan.si\/zastopstva\/saet-group\/&#8221; css=&#8221;.vc_custom_1476987304129{margin-bottom: 40px !important;border-bottom-width: 0px !important;}&#8221; el_class=&#8221;zoom&#8221;][vc_column_text css=&#8221;.vc_custom_1573078081396{margin-top: -15px !important;margin-bottom: 20px !important;padding-right: 5px !important;}&#8221;]<strong>SAET GROUP<\/strong><br \/>\nInduktorji, tu\u0161i in hladilni sistemi za kaljenje[\/vc_column_text][\/vc_column][\/vc_row][vc_row type=&#8221;container&#8221; padding_top=&#8221;&#8221; padding_bottom=&#8221;&#8221;][vc_column width=&#8221;1\/3&#8243; css=&#8221;.vc_custom_1451766709466{margin-bottom: 35px !important;}&#8221;][vc_single_image image=&#8221;73400&#8243; img_size=&#8221;full&#8221; onclick=&#8221;custom_link&#8221; css_animation=&#8221;bottom-to-top&#8221; link=&#8221;http:\/\/www.kovan.si\/zastopstva\/ermaksan\/&#8221; css=&#8221;.vc_custom_1476987199652{border-bottom-width: 0px !important;}&#8221; el_class=&#8221;zoom&#8221;][vc_column_text css=&#8221;.vc_custom_1573078113164{margin-top: -15px !important;margin-bottom: 20px !important;padding-right: 5px !important;}&#8221;]<strong>Ermaksan<\/strong><br \/>\nObdelovalni stroji<\/p>\n<p>[\/vc_column_text][\/vc_column][vc_column width=&#8221;1\/3&#8243; css=&#8221;.vc_custom_1451766722338{margin-bottom: 35px !important;}&#8221;][vc_single_image image=&#8221;87622&#8243; img_size=&#8221;full&#8221; onclick=&#8221;custom_link&#8221; css_animation=&#8221;bottom-to-top&#8221; link=&#8221;http:\/\/www.kovan.si\/zastopstva\/sic-marking\/&#8221; css=&#8221;.vc_custom_1691684185871{border-bottom-width: 0px !important;}&#8221; el_class=&#8221;zoom&#8221;][vc_column_text css=&#8221;.vc_custom_1573078120898{margin-top: -15px !important;margin-bottom: 20px !important;padding-right: 5px !important;}&#8221;]<strong>SIC Marking<\/strong><br \/>\nNaprave za ozna\u010devanje<\/p>\n<p>[\/vc_column_text][\/vc_column][vc_column width=&#8221;1\/3&#8243; css=&#8221;.vc_custom_1476910696558{margin-top: 0px !important;margin-bottom: 35px !important;}&#8221;][vc_single_image image=&#8221;73413&#8243; img_size=&#8221;large&#8221; alignment=&#8221;center&#8221; onclick=&#8221;custom_link&#8221; css_animation=&#8221;bottom-to-top&#8221; link=&#8221;http:\/\/www.kovan.si\/zastopstva\/maquinaria-geka-s\/&#8221; el_class=&#8221;zoom&#8221;][vc_column_text css=&#8221;.vc_custom_1573078129944{margin-top: -15px !important;margin-bottom: 20px !important;padding-right: 0px !important;}&#8221;]<strong>Geka<\/strong><br \/>\nStroji za prebijanje, rezanje in izsekovanje profilov in plo\u010devin[\/vc_column_text][\/vc_column][\/vc_row][vc_row type=&#8221;container&#8221; padding_top=&#8221;&#8221; padding_bottom=&#8221;&#8221; css=&#8221;.vc_custom_1451766655032{margin-bottom: 20px !important;}&#8221;][vc_column width=&#8221;1\/3&#8243; css=&#8221;.vc_custom_1476982535396{margin-bottom: 35px !important;}&#8221;][vc_single_image image=&#8221;73402&#8243; img_size=&#8221;large&#8221; alignment=&#8221;center&#8221; onclick=&#8221;custom_link&#8221; css_animation=&#8221;bottom-to-top&#8221; link=&#8221;http:\/\/www.kovan.si\/zastopstva\/tractel-s-s\/&#8221; css=&#8221;.vc_custom_1476987226781{border-bottom-width: 0px !important;}&#8221; el_class=&#8221;zoom&#8221;][vc_column_text css=&#8221;.vc_custom_1573078138628{margin-top: -15px !important;margin-bottom: 20px !important;padding-right: 10px !important;}&#8221;]<strong>Tractel<\/strong><br \/>\nNaprave za prena\u0161anje in dvigovanje bremen ter za varovanje pri delu<\/p>\n<p>[\/vc_column_text][\/vc_column][vc_column width=&#8221;1\/3&#8243; css=&#8221;.vc_custom_1444993804144{margin-bottom: 35px !important;}&#8221;][vc_single_image image=&#8221;73403&#8243; img_size=&#8221;large&#8221; alignment=&#8221;center&#8221; onclick=&#8221;custom_link&#8221; css_animation=&#8221;bottom-to-top&#8221; link=&#8221;http:\/\/www.kovan.si\/zastopstva\/messer-cutting-welding-gmbh\/&#8221; css=&#8221;.vc_custom_1476987234112{border-bottom-width: 0px !important;}&#8221; el_class=&#8221;zoom&#8221;][vc_column_text css=&#8221;.vc_custom_1573078146442{margin-top: -15px !important;margin-bottom: 20px !important;padding-right: 5px !important;}&#8221;]<strong>Messer<\/strong><br \/>\nVarilno &#8211; rezalna tehnika<\/p>\n<p>[\/vc_column_text][\/vc_column][vc_column width=&#8221;1\/3&#8243; css=&#8221;.vc_custom_1444993811709{margin-bottom: 35px !important;}&#8221;][vc_single_image image=&#8221;73404&#8243; img_size=&#8221;large&#8221; alignment=&#8221;center&#8221; onclick=&#8221;custom_link&#8221; css_animation=&#8221;bottom-to-top&#8221; link=&#8221;http:\/\/www.kovan.si\/zastopstva\/narex-mte-s-r-o\/&#8221; css=&#8221;.vc_custom_1476987245059{border-bottom-width: 0px !important;}&#8221; el_class=&#8221;zoom&#8221;][vc_column_text css=&#8221;.vc_custom_1573078155577{margin-top: -15px !important;margin-bottom: 20px !important;padding-right: 0px !important;}&#8221;]<strong>Narex MTE<\/strong><br \/>\nOrodja in oprema za vrtanje, frezanje in rezanje notranjih in zunanjih navojev.[\/vc_column_text][\/vc_column][\/vc_row][vc_row type=&#8221;container&#8221; padding_top=&#8221;&#8221; padding_bottom=&#8221;&#8221; css=&#8221;.vc_custom_1451766655032{margin-bottom: 20px !important;}&#8221;][vc_column width=&#8221;1\/3&#8243; css=&#8221;.vc_custom_1444993797023{margin-bottom: 35px !important;}&#8221;][vc_single_image image=&#8221;73405&#8243; img_size=&#8221;large&#8221; alignment=&#8221;center&#8221; onclick=&#8221;custom_link&#8221; css_animation=&#8221;bottom-to-top&#8221; link=&#8221;http:\/\/www.kovan.si\/zastopstva\/krei-ma\/&#8221; css=&#8221;.vc_custom_1476987253690{border-bottom-width: 0px !important;}&#8221; el_class=&#8221;zoom&#8221;][vc_column_text css=&#8221;.vc_custom_1573080372797{margin-top: -15px !important;margin-bottom: 20px !important;padding-right: 10px !important;}&#8221;]<strong>Krei-ma<\/strong><br \/>\nTransportne naprave za industrijo<\/p>\n<p>[\/vc_column_text][\/vc_column][vc_column width=&#8221;1\/3&#8243; css=&#8221;.vc_custom_1444993804144{margin-bottom: 35px !important;}&#8221;][vc_single_image image=&#8221;73406&#8243; img_size=&#8221;large&#8221; alignment=&#8221;center&#8221; onclick=&#8221;custom_link&#8221; css_animation=&#8221;bottom-to-top&#8221; link=&#8221;http:\/\/www.kovan.si\/zastopstva\/alme-gerima-gmbh\/&#8221; css=&#8221;.vc_custom_1476987259143{border-bottom-width: 0px !important;}&#8221; el_class=&#8221;zoom&#8221;][vc_column_text css=&#8221;.vc_custom_1573080366184{margin-top: -15px !important;margin-bottom: 20px !important;padding-right: 5px !important;}&#8221;]<strong>Gerima GmbH<\/strong><br \/>\nRe\u0161itve za vse potrebe priprav zvarnih robov.<\/p>\n<p>[\/vc_column_text][\/vc_column][vc_column width=&#8221;1\/3&#8243; css=&#8221;.vc_custom_1521018408966{margin-bottom: 35px !important;}&#8221;][vc_single_image image=&#8221;73793&#8243; img_size=&#8221;large&#8221; alignment=&#8221;center&#8221; onclick=&#8221;custom_link&#8221; css_animation=&#8221;bottom-to-top&#8221; link=&#8221;http:\/\/www.kovan.si\/zastopstva\/acrobat-hidravlicne-naprave-za-vrezovanje-navojev\/&#8221; css=&#8221;.vc_custom_1521018361687{border-bottom-width: 0px !important;}&#8221; el_class=&#8221;zoom&#8221;][vc_column_text css=&#8221;.vc_custom_1573080359099{margin-top: -15px !important;margin-bottom: 20px !important;padding-right: 0px !important;}&#8221;]<strong>Acrobat<\/strong><br \/>\nHidravli\u010dne naprave za vrezovanje navojev. Naprave so primerne tako za manj\u0161a podjetja, kot tudi za ve\u010dja<\/p>\n<p>[\/vc_column_text][\/vc_column][\/vc_row][vc_row type=&#8221;container&#8221; padding_top=&#8221;&#8221; padding_bottom=&#8221;&#8221; css=&#8221;.vc_custom_1451766655032{margin-bottom: 20px !important;}&#8221;][vc_column width=&#8221;1\/3&#8243;][vc_single_image image=&#8221;73414&#8243; img_size=&#8221;large&#8221; alignment=&#8221;center&#8221; onclick=&#8221;custom_link&#8221; css_animation=&#8221;bottom-to-top&#8221; link=&#8221;http:\/\/www.kovan.si\/zastopstva\/adal\/&#8221; css=&#8221;.vc_custom_1476987272291{border-bottom-width: 0px !important;}&#8221; el_class=&#8221;zoom&#8221;][vc_column_text css=&#8221;.vc_custom_1573080352228{margin-top: -15px !important;margin-bottom: 20px !important;padding-right: 10px !important;}&#8221;]<strong>Adal<\/strong><br \/>\nTra\u010dne \u017eage[\/vc_column_text][\/vc_column][vc_column width=&#8221;1\/3&#8243; css=&#8221;.vc_custom_1444993804144{margin-bottom: 35px !important;}&#8221;][vc_single_image image=&#8221;73409&#8243; img_size=&#8221;large&#8221; alignment=&#8221;center&#8221; onclick=&#8221;custom_link&#8221; css_animation=&#8221;bottom-to-top&#8221; link=&#8221;http:\/\/www.kovan.si\/zastopstva\/listi-tracnih-zag\/&#8221; css=&#8221;.vc_custom_1476987277539{border-bottom-width: 0px !important;}&#8221; el_class=&#8221;zoom&#8221;][vc_column_text css=&#8221;.vc_custom_1573080343386{margin-top: -15px !important;margin-bottom: 20px !important;padding-right: 5px !important;}&#8221;]Listi tra\u010dnih \u017eag<br \/>\nListi tra\u010dnih \u017eag[\/vc_column_text][\/vc_column][vc_column width=&#8221;1\/3&#8243; css=&#8221;.vc_custom_1523961612780{margin-bottom: 35px !important;}&#8221;][vc_single_image image=&#8221;73509&#8243; img_size=&#8221;large&#8221; alignment=&#8221;center&#8221; onclick=&#8221;custom_link&#8221; css_animation=&#8221;bottom-to-top&#8221; link=&#8221;http:\/\/www.kovan.si\/zastopstva\/italpunte-srl\/&#8221; css=&#8221;.vc_custom_1493792334710{margin-bottom: 40px !important;border-bottom-width: 0px !important;}&#8221; el_class=&#8221;zoom&#8221;][vc_column_text css=&#8221;.vc_custom_1573080334880{margin-top: -15px !important;margin-bottom: 20px !important;padding-right: 5px !important;}&#8221;]Italpunte srl<br \/>\nHidravli\u010dna kladiva priznanega italijanskega proizvajalca demoter[\/vc_column_text][\/vc_column][\/vc_row][vc_row type=&#8221;container&#8221; padding_top=&#8221;&#8221; padding_bottom=&#8221;&#8221; css=&#8221;.vc_custom_1451766655032{margin-bottom: 20px !important;}&#8221;][vc_column width=&#8221;1\/3&#8243;][vc_single_image image=&#8221;87499&#8243; img_size=&#8221;large&#8221; alignment=&#8221;center&#8221; onclick=&#8221;custom_link&#8221; css_animation=&#8221;bottom-to-top&#8221; link=&#8221;https:\/\/www.kovan.si\/spider-daljinsko-vodene-kosilnice\/&#8221; css=&#8221;.vc_custom_1615927396608{border-bottom-width: 0px !important;}&#8221; el_class=&#8221;zoom&#8221;][vc_column_text css=&#8221;.vc_custom_1615927422198{margin-top: -15px !important;margin-bottom: 20px !important;padding-right: 10px !important;}&#8221;]<strong>Spider<\/strong><br \/>\n<strong>SPIDER dalinjsko vodene kosilnice<\/strong>\u00a0so namenjene za vzdr\u017eevanje najrazli\u010dnej\u0161ih terenov.[\/vc_column_text][\/vc_column][vc_column width=&#8221;1\/3&#8243; css=&#8221;.vc_custom_1444993804144{margin-bottom: 35px !important;}&#8221;][\/vc_column][vc_column width=&#8221;1\/3&#8243; css=&#8221;.vc_custom_1523961612780{margin-bottom: 35px !important;}&#8221;][\/vc_column][\/vc_row]<\/p>\n","protected":false},"excerpt":{"rendered":"<p>[vc_row type=&#8221;container&#8221; padding_top=&#8221;&#8221; padding_bottom=&#8221;&#8221; css=&#8221;.vc_custom_1451766655032{margin-bottom: 20px !important;}&#8221;][vc_column width=&#8221;1\/3&#8243; css=&#8221;.vc_custom_1550839667591{margin-bottom: 35px !important;}&#8221;][vc_single_image image=&#8221;73407&#8243; img_size=&#8221;large&#8221; alignment=&#8221;center&#8221; onclick=&#8221;custom_link&#8221; css_animation=&#8221;bottom-to-top&#8221; link=&#8221;http:\/\/www.kovan.si\/kategorija-izdelka\/pilous\/&#8221; css=&#8221;.vc_custom_1476987264404{border-bottom-width: 0px !important;}&#8221; el_class=&#8221;zoom&#8221;][vc_column_text css=&#8221;.vc_custom_1573078060093{margin-top: -15px !important;margin-bottom: 20px !important;padding-right: 0px !important;}&#8221;]Pilous Smo zastopniki podjetja Pilous-TMJ, ki ima v svojem programu tra\u010dne \u017eage[\/vc_column_text][\/vc_column][vc_column width=&#8221;1\/3&#8243; css=&#8221;.vc_custom_1444993797023{margin-bottom: 35px !important;}&#8221;][vc_single_image image=&#8221;73416&#8243; img_size=&#8221;large&#8221; alignment=&#8221;center&#8221; onclick=&#8221;custom_link&#8221; css_animation=&#8221;bottom-to-top&#8221; link=&#8221;http:\/\/www.kovan.si\/zastopstva\/isitan-sahinnler\/&#8221; css=&#8221;.vc_custom_1476987291653{border-bottom-width: 0px !important;}&#8221; el_class=&#8221;zoom&#8221;][vc_column_text css=&#8221;.vc_custom_1573078070849{margin-top: -15px [&hellip;]<\/p>\n","protected":false},"author":1,"featured_media":73417,"parent":0,"menu_order":0,"comment_status":"closed","ping_status":"closed","template":"","meta":[],"yst_prominent_words":[],"_links":{"self":[{"href":"https:\/\/www.kovan.si\/hr\/wp-json\/wp\/v2\/pages\/73393"}],"collection":[{"href":"https:\/\/www.kovan.si\/hr\/wp-json\/wp\/v2\/pages"}],"about":[{"href":"https:\/\/www.kovan.si\/hr\/wp-json\/wp\/v2\/types\/page"}],"author":[{"embeddable":true,"href":"https:\/\/www.kovan.si\/hr\/wp-json\/wp\/v2\/users\/1"}],"replies":[{"embeddable":true,"href":"https:\/\/www.kovan.si\/hr\/wp-json\/wp\/v2\/comments?post=73393"}],"version-history":[{"count":18,"href":"https:\/\/www.kovan.si\/hr\/wp-json\/wp\/v2\/pages\/73393\/revisions"}],"predecessor-version":[{"id":87627,"href":"https:\/\/www.kovan.si\/hr\/wp-json\/wp\/v2\/pages\/73393\/revisions\/87627"}],"wp:featuredmedia":[{"embeddable":true,"href":"https:\/\/www.kovan.si\/hr\/wp-json\/wp\/v2\/media\/73417"}],"wp:attachment":[{"href":"https:\/\/www.kovan.si\/hr\/wp-json\/wp\/v2\/media?parent=73393"}],"wp:term":[{"taxonomy":"yst_prominent_words","embeddable":true,"href":"https:\/\/www.kovan.si\/hr\/wp-json\/wp\/v2\/yst_prominent_words?post=73393"}],"curies":[{"name":"wp","href":"https:\/\/api.w.org\/{rel}","templated":true}]}}