{"id":87688,"date":"2024-08-06T08:07:12","date_gmt":"2024-08-06T08:07:12","guid":{"rendered":"https:\/\/www.kovan.si\/?page_id=87688"},"modified":"2025-10-09T11:43:34","modified_gmt":"2025-10-09T11:43:34","slug":"gradevinska-mehanizacija","status":"publish","type":"page","link":"https:\/\/www.kovan.si\/hr\/gradevinska-mehanizacija\/","title":{"rendered":"Gra\u0111evinska mehanizacija"},"content":{"rendered":"<p>[vc_row type=&#8221;full_page_width&#8221; padding_top=&#8221;&#8221; padding_bottom=&#8221;&#8221; css=&#8221;.vc_custom_1722933047471{margin-top: -30px !important;margin-bottom: 12px !important;}&#8221;][vc_column css=&#8221;.vc_custom_1451675335363{margin-bottom: -35px !important;padding-right: 0px !important;padding-left: 0px !important;}&#8221;][layerslider_vc id=&#8221;11&#8243;][\/vc_column][\/vc_row][vc_row full_width=&#8221;stretch_row&#8221; type=&#8221;container&#8221; padding_top=&#8221;&#8221; padding_bottom=&#8221;&#8221; css=&#8221;.vc_custom_1723914273275{margin-bottom: 12px !important;background-color: #ffffff !important;}&#8221;][vc_column][vc_column_text]<\/p>\n<h3 style=\"text-align: center;\">Djelatnost poduze\u0107a KOVAN d.o.o. pro\u0161irili smo u 2024. godini i na djelatnost \u201eGRA\u0110EVINSKE MEHANIZACIJE\u201c, koja obuhva\u0107a vi\u0161e cjelina.<\/h3>\n<p>[\/vc_column_text][\/vc_column][\/vc_row][vc_row full_width=&#8221;stretch_row&#8221; type=&#8221;container&#8221; css=&#8221;.vc_custom_1749189841397{padding-top: 30px !important;padding-bottom: 30px !important;background-color: #ffffff !important;}&#8221;][vc_column][vc_row_inner equal_height=&#8221;yes&#8221; css=&#8221;.vc_custom_1749189783258{margin-top: 0px !important;}&#8221;][vc_column_inner width=&#8221;1\/2&#8243; css=&#8221;.vc_custom_1723914522472{padding-left: 20px !important;}&#8221; offset=&#8221;vc_col-md-offset-0&#8243;][vc_custom_heading text=&#8221;YUCHAI mini bageri&#8221; use_theme_fonts=&#8221;yes&#8221; link=&#8221;url:https%3A%2F%2Fwww.kovan.si%2Fhr%2Fyuchai-gradevinska-mehanizacija%2F|||&#8221;][vc_column_text]Poduze\u0107e Yuchai Heavy Industry, osnovano 1989. godine, prvo je poduze\u0107e za bagere u Kini koje proizvodi mini bagere i prodaje ih \u0161irom svijeta. To je najve\u0107a proizvodna i izvozn\u0430 baza malih bagera u Kini te nacionalno visokotehnolo\u0161ko poduze\u0107e.<\/p>\n<p>Vi\u0161e od 30 godina inovacija i razvoja osigurava kupcima visoku kvalitetu!<\/p>\n<p><a class=\"more-link\" href=\"https:\/\/www.kovan.si\/hr\/yuchai-gradevinska-mehanizacija\/\">Pro\u010ditaj vi\u0161e<\/a>[\/vc_column_text][\/vc_column_inner][vc_column_inner width=&#8221;1\/2&#8243; css=&#8221;.vc_custom_1723913408450{padding-right: 35px !important;padding-left: 35px !important;}&#8221;][vc_single_image image=&#8221;88525&#8243; img_size=&#8221;full&#8221; onclick=&#8221;custom_link&#8221; link=&#8221;https:\/\/www.kovan.si\/hr\/yuchai-gradevinska-mehanizacija\/#mini-bagri&#8221;][\/vc_column_inner][\/vc_row_inner][\/vc_column][\/vc_row][vc_row full_width=&#8221;stretch_row&#8221; type=&#8221;container&#8221; css=&#8221;.vc_custom_1724932820533{padding-top: 50px !important;padding-bottom: 50px !important;background-color: #ffffff !important;}&#8221;][vc_column][vc_row_inner equal_height=&#8221;yes&#8221; css=&#8221;.vc_custom_1456148051953{margin-top: 0px !important;}&#8221;][vc_column_inner width=&#8221;1\/2&#8243; css=&#8221;.vc_custom_1723913372503{padding-left: 20px !important;}&#8221;][vc_single_image image=&#8221;87782&#8243; img_size=&#8221;full&#8221; onclick=&#8221;custom_link&#8221; link=&#8221;https:\/\/www.kovan.si\/hr\/yuchai-gradevinska-mehanizacija#veliki-bagri&#8221;][\/vc_column_inner][vc_column_inner width=&#8221;1\/2&#8243; css=&#8221;.vc_custom_1723913408450{padding-right: 35px !important;padding-left: 35px !important;}&#8221;][vc_custom_heading text=&#8221;YUCHAI bageri&#8221; use_theme_fonts=&#8221;yes&#8221; link=&#8221;url:http%3A%2F%2F%3Ca%20class%3D%22more-link%22%20href%3D%22https%3A%2F%2Fwww.kovan.si%2Fhr%2Fyuchai-gradevinska-mehanizacija|||&#8221;][vc_column_text]<\/p>\n<ul>\n<li>Strukturna pouzdanost<\/li>\n<li>Izvrsna u\u010dinkovitost<\/li>\n<li>U\u0161teda goriva i visoka efikasnost<\/li>\n<li>Potpuno nova velika kabina<\/li>\n<li>Udobno voza\u010dko iskustvo<\/li>\n<li>Jednostavno odr\u017eavanje<\/li>\n<\/ul>\n<p><a class=\"more-link\" href=\"https:\/\/www.kovan.si\/hr\/yuchai-gradevinska-mehanizacija\/\">Pro\u010ditaj vi\u0161e<\/a>[\/vc_column_text][\/vc_column_inner][\/vc_row_inner][\/vc_column][\/vc_row][vc_row type=&#8221;container&#8221;][vc_column][vc_empty_space][vc_custom_heading text=&#8221;Dodatna oprema &#8221; font_container=&#8221;tag:h2|text_align:center&#8221; use_theme_fonts=&#8221;yes&#8221;][\/vc_column][\/vc_row][vc_row type=&#8221;container&#8221;][vc_column][vc_tta_pageable no_fill_content_area=&#8221;1&#8243; autoplay=&#8221;4&#8243; active_section=&#8221;1&#8243; pagination_style=&#8221;flat-rounded&#8221; pagination_color=&#8221;orange&#8221;][vc_tta_section title=&#8221;Section 1&#8243; tab_id=&#8221;1723923338169-13e75855-7e68&#8243;][vc_row_inner css=&#8221;.vc_custom_1749191550565{background-color: #ffffff !important;}&#8221;][vc_column_inner width=&#8221;1\/2&#8243; css=&#8221;.vc_custom_1760009326433{margin-left: 15px !important;padding-left: 10px !important;background-color: #ffffff !important;}&#8221;][vc_single_image image=&#8221;87812&#8243; img_size=&#8221;full&#8221; onclick=&#8221;custom_link&#8221; el_class=&#8221;zoom&#8221; css=&#8221;.vc_custom_1723974873915{margin-bottom: -10px !important;}&#8221;][vc_empty_space][vc_column_text]<\/p>\n<p class=\"ds-markdown-paragraph\">Kvalitetni priklju\u010dci su nu\u017eni, ali samo u potpunoj kombinaciji s brzim spojem, nagibnim motorom i opremom sposobni su djelovati na vrhuncu.<\/p>\n<p class=\"ds-markdown-paragraph\">Stoga je klju\u010dno ono \u0161to je izme\u0111u nose\u0107eg ure\u0111aja i priklju\u010dka.<\/p>\n<p class=\"ds-markdown-paragraph\">Ovdje se oslanjamo na visokokvalitetnu izradu i prakti\u010dna rje\u0161enja kako bismo osigurali siguran, u\u010dinkovit i glatki rad.<\/p>\n<p>[\/vc_column_text][\/vc_column_inner][vc_column_inner width=&#8221;1\/2&#8243;][vc_single_image image=&#8221;88505&#8243; img_size=&#8221;full&#8221; onclick=&#8221;custom_link&#8221; el_class=&#8221;zoom&#8221;][vc_empty_space][vc_column_text]Kvalitetni priklju\u010dci su na prvom mjestu jer su jedini dio koji je u izravnom dodiru s obradnom povr\u0161inom. U poduze\u0107u KOVAN d.o.o. nudimo kvalitetne priklju\u010dke za na\u0161e bagere.[\/vc_column_text][\/vc_column_inner][\/vc_row_inner][\/vc_tta_section][vc_tta_section title=&#8221;Section 2&#8243; tab_id=&#8221;1723923338251-4774e6ff-43c8&#8243;][vc_row_inner css=&#8221;.vc_custom_1749191481961{background-color: #ffffff !important;}&#8221;][vc_column_inner width=&#8221;1\/2&#8243; css=&#8221;.vc_custom_1760009338111{margin-left: 15px !important;padding-left: 10px !important;background-color: #ffffff !important;}&#8221;][vc_single_image image=&#8221;87834&#8243; img_size=&#8221;full&#8221; onclick=&#8221;custom_link&#8221; el_class=&#8221;zoom&#8221; css=&#8221;.vc_custom_1723974891096{margin-bottom: -10px !important;}&#8221;][vc_empty_space][vc_column_text]Glava za mal\u010diranje SEPPI BMS-F je poseban priklju\u010dak za uporabu na razli\u010ditim vrstama bagera, \u017eeljezni\u010dkih ili specijalnih vozila, odnosno \u0161peditera koji odr\u017eavaju<br \/>\n\u017eeljeznice i druga te\u0161ko dostupna podru\u010dja. Ovaj SEPPI bager mal\u010der BMS-F ima vrlo \u010dvrsto ku\u0107i\u0161te i sna\u017ene le\u017eajeve, zbog kojih je<br \/>\nizuzetno otporan, bez obzira na polo\u017eaj u kojem radi.[\/vc_column_text][\/vc_column_inner][vc_column_inner width=&#8221;1\/2&#8243;][vc_single_image image=&#8221;88222&#8243; img_size=&#8221;full&#8221; onclick=&#8221;custom_link&#8221; el_class=&#8221;zoom&#8221; css=&#8221;.vc_custom_1724837383460{margin-bottom: -10px !important;}&#8221;][vc_empty_space][vc_column_text]Tako\u0111er nudimo YUCHAI \u010deki\u0107e otvorenog i zatvorenog tipa, kao i \u010deki\u0107e renomiranog<br \/>\ntalijanskog proizvo\u0111a\u010da Demoter!<\/p>\n<p>Izvedbe:<\/p>\n<p>Monoblock (65 \u2013 550 kg):<br \/>\nIzvedba konstrukcije iz jednog komada, bez veznih elemenata<br \/>\nBez membrane, do 40 % vi\u0161e snage u usporedbi s klasi\u010dnim \u010deki\u0107ima s membranom<\/p>\n<p>CE certifikat<br \/>\nHeavy duty range (450 \u2013 7200 kg):<\/p>\n<p>Klasi\u010dna izvedba konstrukcije, montirana pomo\u0107u osovina<br \/>\nZa sve \u010deki\u0107e nudimo i rezervne dijelove![\/vc_column_text][\/vc_column_inner][\/vc_row_inner][\/vc_tta_section][\/vc_tta_pageable][\/vc_column][\/vc_row][vc_row full_width=&#8221;stretch_row&#8221; type=&#8221;container&#8221; css=&#8221;.vc_custom_1723914286839{padding-top: 30px !important;padding-bottom: 30px !important;background-color: #ffffff !important;}&#8221;][vc_column][vc_row_inner equal_height=&#8221;yes&#8221; css=&#8221;.vc_custom_1456148051953{margin-top: 0px !important;}&#8221;][vc_column_inner width=&#8221;1\/2&#8243; css=&#8221;.vc_custom_1723913372503{padding-left: 20px !important;}&#8221;][vc_custom_heading text=&#8221;Najam strojeva&#8221; use_theme_fonts=&#8221;yes&#8221; link=&#8221;url:https%3A%2F%2Fwww.kovan.si%2Fyochai-gradbena-mehanizacija%2Fyuchai-u17-mini-excavator%2F|||&#8221;][vc_column_text]Nudimo kompletan NAJAM gra\u0111evinske mehanizacije, daljinski upravljanih kosilica za strme terene, dizalica s platformom, dampera i valjaka za brz i u\u010dinkovit rad.<\/p>\n<p>Za vi\u0161e informacija nazovite:<\/p>\n<p><strong>Bruno \u0160olaja<\/strong><br \/>\ntelefon:\u00a0<a href=\"tel:00386 31 802 155\">00386 (0)31 802 155<\/a><br \/>\ne-po\u0161ta: \u00a0<a href=\"mailto:bruno.solaja@kovan.si\">bruno.solaja@kovan.si<\/a>[\/vc_column_text][\/vc_column_inner][vc_column_inner width=&#8221;1\/2&#8243; css=&#8221;.vc_custom_1723913408450{padding-right: 35px !important;padding-left: 35px !important;}&#8221;][vc_single_image image=&#8221;88517&#8243; img_size=&#8221;full&#8221; onclick=&#8221;custom_link&#8221;][\/vc_column_inner][\/vc_row_inner][\/vc_column][\/vc_row][vc_row full_width=&#8221;stretch_row&#8221; type=&#8221;container&#8221; css=&#8221;.vc_custom_1724135465534{padding-top: 30px !important;padding-bottom: 30px !important;}&#8221;][vc_column][vc_row_inner equal_height=&#8221;yes&#8221; css=&#8221;.vc_custom_1456148051953{margin-top: 0px !important;}&#8221;][vc_column_inner width=&#8221;1\/2&#8243; css=&#8221;.vc_custom_1723913372503{padding-left: 20px !important;}&#8221;][vc_single_image image=&#8221;88513&#8243; img_size=&#8221;full&#8221; onclick=&#8221;custom_link&#8221;][\/vc_column_inner][vc_column_inner width=&#8221;1\/2&#8243; css=&#8221;.vc_custom_1723913408450{padding-right: 35px !important;padding-left: 35px !important;}&#8221;][vc_custom_heading text=&#8221;Servis i obnova strojeva&#8221; use_theme_fonts=&#8221;yes&#8221; link=&#8221;|||&#8221;][vc_column_text]Mo\u017eemo vam ponuditi djelomi\u010dne i cjelovite obnove strojeva gra\u0111evinske<br \/>\nmehanizacije, kao \u0161to su:<\/p>\n<ul>\n<li>Obnova podvozja, pregled i popravak ili izrada novog zup\u010dastog vijenca<\/li>\n<li>Navarivanje i tokarenje steznih otvora<\/li>\n<li>Ugradnja novih klinova i \u010dahura vlastite proizvodnje<\/li>\n<li>Svi limarski radovi i cjelovita kozmetika strojeva<\/li>\n<\/ul>\n<p>Za vi\u0161e informacija nazovite na\u0161eg servisera:<\/p>\n<p><strong>Bruno \u0160olaja<\/strong><br \/>\ntelefon:\u00a0<a href=\"tel:00386 31 802 155\">00386 (0)31 802 155<\/a><br \/>\ne-po\u0161ta: \u00a0<a href=\"mailto:bruno.solaja@kovan.si\">bruno.solaja@kovan.si<\/a>[\/vc_column_text][\/vc_column_inner][\/vc_row_inner][\/vc_column][\/vc_row][vc_row type=&#8221;container&#8221; padding_top=&#8221;&#8221; padding_bottom=&#8221;&#8221; css=&#8221;.vc_custom_1444833000148{margin-bottom: 15px !important;}&#8221;][vc_column][vc_separator color=&#8221;#e0e0e0&#8243; type=&#8221;normal&#8221; thickness=&#8221;1&#8243; up=&#8221;&#8221; down=&#8221;&#8221;][\/vc_column][\/vc_row][vc_row type=&#8221;container&#8221; padding_top=&#8221;&#8221; padding_bottom=&#8221;&#8221; css=&#8221;.vc_custom_1476989606037{margin-bottom: 10px !important;padding-top: 10px !important;}&#8221;][vc_column css=&#8221;.vc_custom_1451773427166{margin-bottom: 0px !important;}&#8221;][vc_column_text css=&#8221;.vc_custom_1722946777716{margin-bottom: 0px !important;}&#8221;]<\/p>\n<h2 style=\"margin-top: 22px;\">Zastopanje YUCHAI<\/h2>\n<p>[\/vc_column_text][vc_column_text]Guangxi Yuchai Machinery Group Co., Ltd. (kratica: Yuchai Group) osnovan je 1951. godine, sa sjedi\u0161tem u Yulinu u Autonomnoj regiji Guangxi Zhuang. Dru\u0161tvo djeluje kao investicijski i financijski menad\u017eerski holding, usredoto\u010den na upravljanje kapitalom i imovinom.<\/p>\n<p>Kao velika dr\u017eavna korporacija, Yuchai Group uklju\u010duje vi\u0161e od 30 podru\u017enica u potpunom vlasni\u0161tvu, te holding i dioni\u010dkih dru\u0161tava, s ukupnom imovinom od 41,7 milijardi CNY i oko 16.000 zaposlenika.<\/p>\n<p>Yuchai Group predstavlja vode\u0107u kinesku proizvodnu bazu motora s unutarnjim izgaranjem, s cjelovitom paletom proizvoda. Raspola\u017ee proizvodnim postrojenjima u Guangxiju, Guangdongu, Jiangsuu, Anhuiju, Shandongu, Hubeiju, Sichuanu, Chongqingu i Liaoningu. Godi\u0161nji obujam prodaje prelazi 40 milijardi CNY, a prodaja motora dugi niz godina zauzima vode\u0107u poziciju u struci.<\/p>\n<p>Yuchai Group svrstava se me\u0111u 500 najve\u0107ih kineskih poduze\u0107a i 500 vode\u0107ih kineskih proizvo\u0111a\u010da, me\u0111u 10 najboljih poduze\u0107a u strojogradnji te me\u0111u 100 najvrednijih kineskih brandova, s vrijedno\u0161\u0107u brenda ve\u0107om od 57,2 milijarde CNY.<\/p>\n<p>Kao nacionalna demonstracijska baza za izgradnju poslovne kulture i nacionalni primjer eti\u010dkog i kulturnog napretka, Yuchai Group dobio je priznanja kao \u0161to su &#8220;Predsjedni\u010dka nagrada za kvalitetu Autonomne regije Guangxi Zhuang&#8221; i &#8220;Nominacija za kinesku nagradu za kvalitetu&#8221;, te objavljuje izvje\u0161\u0107e o odr\u017eivom razvoju ve\u0107 13 uzastopnih godina.[\/vc_column_text][\/vc_column][\/vc_row][vc_row type=&#8221;container&#8221; padding_top=&#8221;&#8221; padding_bottom=&#8221;&#8221; css=&#8221;.vc_custom_1476912254940{margin-right: 15px !important;margin-bottom: 65px !important;margin-left: 15px !important;border-top-width: 1px !important;border-right-width: 1px !important;border-bottom-width: 1px !important;border-left-width: 1px !important;padding-top: 20px !important;padding-bottom: 10px !important;border-left-color: #e0e0e0 !important;border-left-style: solid !important;border-right-color: #e0e0e0 !important;border-right-style: solid !important;border-top-color: #e0e0e0 !important;border-top-style: solid !important;border-bottom-color: #e0e0e0 !important;border-bottom-style: solid !important;}&#8221;][vc_column][vc_row_inner css=&#8221;.vc_custom_1449279899888{margin-bottom: 0px !important;}&#8221;][vc_column_inner][vc_column_text css=&#8221;.vc_custom_1760009496319{margin-bottom: 20px !important;}&#8221;]<\/p>\n<h4 style=\"text-align: center;\">Ako imate dodatnih pitanja, po\u0161aljite nam poruku. !<\/h4>\n<p>[\/vc_column_text]<div role=\"form\" class=\"wpcf7\" id=\"wpcf7-f88798-o1\" lang=\"en-US\" dir=\"ltr\">\n<div class=\"screen-reader-response\"><\/div>\n<form action=\"\/hr\/wp-json\/wp\/v2\/pages\/87688#wpcf7-f88798-o1\" method=\"post\" class=\"wpcf7-form\" novalidate=\"novalidate\">\n<div style=\"display: none;\">\n<input type=\"hidden\" name=\"_wpcf7\" value=\"88798\" \/>\n<input type=\"hidden\" name=\"_wpcf7_version\" value=\"5.1.5\" \/>\n<input type=\"hidden\" name=\"_wpcf7_locale\" value=\"en_US\" \/>\n<input type=\"hidden\" name=\"_wpcf7_unit_tag\" value=\"wpcf7-f88798-o1\" \/>\n<input type=\"hidden\" name=\"_wpcf7_container_post\" value=\"0\" \/>\n<\/div>\n<div class=\"container\">\n<div class=\"vc_row wpb_row vc_row-fluid\">\n<div class=\"wpb_column vc_column_container vc_col-sm-6\">\n<div class=\"vc_column-inner \">\n<div class=\"wpb_wrapper\">\n<div class=\"wpb_text_column wpb_content_element \">\n<div class=\"wpb_wrapper\"><\/div><\/div>\n<\/div>\n<\/div>\n<\/div>\n<div class=\"wpb_column vc_column_container vc_col-sm-6\">\n<div class=\"vc_column-inner \">\n<div class=\"wpb_wrapper\">\n<div class=\"separator  transparent   \" style=\"margin-top:21px;\"><\/div>\n<div style=\"margin-bottom:0px;\" class=\"wpb_text_column wpb_content_element  vc_custom_1488306207636\">\n<div class=\"wpb_wrapper\"><\/div><\/div>\n<\/div>\n<\/div>\n<\/div>\n<\/div>\n<\/div>\n<div class=\"row\">\n<div class=\"col-lg-6 col-md-6\">\n<p>Va\u0161e ime (obavezno)<br \/>\n    <span class=\"wpcf7-form-control-wrap your-name\"><input type=\"text\" name=\"your-name\" value=\"\" size=\"40\" class=\"wpcf7-form-control wpcf7-text wpcf7-validates-as-required\" aria-required=\"true\" aria-invalid=\"false\" \/><\/span> <\/p>\n<p>Va\u0161a e-po\u0161ta (obavezno)<br \/>\n    <span class=\"wpcf7-form-control-wrap your-email\"><input type=\"email\" name=\"your-email\" value=\"\" size=\"40\" class=\"wpcf7-form-control wpcf7-text wpcf7-email wpcf7-validates-as-required wpcf7-validates-as-email\" aria-required=\"true\" aria-invalid=\"false\" \/><\/span> <\/p>\n<p>Va\u0161 broj telefona (obavezno)<br \/>\n<span class=\"wpcf7-form-control-wrap your-phone\"><input type=\"tel\" name=\"your-phone\" value=\"\" size=\"40\" class=\"wpcf7-form-control wpcf7-text wpcf7-tel wpcf7-validates-as-required wpcf7-validates-as-tel\" aria-required=\"true\" aria-invalid=\"false\" \/><\/span><\/p>\n<p>Naziv tvrtke<br \/>\n    <span class=\"wpcf7-form-control-wrap company-name\"><input type=\"text\" name=\"company-name\" value=\"\" size=\"40\" class=\"wpcf7-form-control wpcf7-text\" aria-invalid=\"false\" \/><\/span> <\/p>\n<\/div>\n<div class=\"col-lg-6 col-md-6\">\n<p>Va\u0161i zahtjevi<br \/>\n    <span class=\"wpcf7-form-control-wrap your-requirements\"><textarea name=\"your-requirements\" cols=\"40\" rows=\"10\" class=\"wpcf7-form-control wpcf7-textarea\" aria-invalid=\"false\"><\/textarea><\/span> <\/p>\n<\/div>\n<\/div>\n<p><input type=\"submit\" value=\"Po\u0161alji\" class=\"wpcf7-form-control wpcf7-submit\" \/><\/p>\n<div class=\"wpcf7-response-output wpcf7-display-none\"><\/div><\/form><\/div>[\/vc_column_inner][\/vc_row_inner][vc_row_inner disable_element=&#8221;yes&#8221; css=&#8221;.vc_custom_1730660271336{margin-bottom: -10px !important;}&#8221;][vc_column_inner width=&#8221;1\/4&#8243;][\/vc_column_inner][vc_column_inner width=&#8221;2\/4&#8243;][vc_btn title=&#8221;Po\u0161lji&#8221; shape=&#8221;square&#8221; color=&#8221;orange&#8221; size=&#8221;lg&#8221; align=&#8221;center&#8221; link=&#8221;url:http%3A%2F%2Fwww.kovan.si%2Fkontakti%2F|||&#8221; el_class=&#8221;kovan-orange&#8221;][\/vc_column_inner][vc_column_inner width=&#8221;1\/4&#8243;][\/vc_column_inner][\/vc_row_inner][vc_row_inner disable_element=&#8221;yes&#8221;][vc_column_inner width=&#8221;1\/4&#8243;][\/vc_column_inner][vc_column_inner width=&#8221;2\/4&#8243;][\/vc_column_inner][vc_column_inner width=&#8221;1\/4&#8243;][\/vc_column_inner][\/vc_row_inner][\/vc_column][\/vc_row][vc_row type=&#8221;container&#8221; padding_top=&#8221;&#8221; padding_bottom=&#8221;&#8221; css=&#8221;.vc_custom_1449270557833{margin-bottom: 75px !important;}&#8221;][vc_column][vc_separator color=&#8221;#e0e0e0&#8243; type=&#8221;normal&#8221; thickness=&#8221;1&#8243; up=&#8221;&#8221; down=&#8221;20px&#8221;][vc_column_text css=&#8221;.vc_custom_1760009942566{margin-top: 30px !important;margin-bottom: 30px !important;}&#8221;]<\/p>\n<h2 style=\"margin-top: 52px;\">Na\u0161i partneri<\/h2>\n<p>[\/vc_column_text]        \n\t<script type=\"text\/javascript\">\n\n\tjQuery(document).ready(function($) {\n\n\t\t$(\"#owlslider_782269684\").owlCarousel({\n\t\t\tautoPlay: 4000, \n\t\t\titems : 5,\n\t\t\tpagination : false,\n\t\t\tstopOnHover : true,\n\t\t\titemsDesktop : [1199,4],\n\t\t\titemsDesktopSmall : [979,3]\n\t\t}); \n\t});\n\n\t<\/script>\n\n<div class=\"cg-logos\">\n\t<div class=\"row\">\n\t\t<div id=\"owlslider_782269684\" class=\"owl-carousel\">\n\t\t\t\t\t\t\t\n\t\t\t\t\n\t\t\t\t<div class=\"item\">\n\t\t\t\t\t<a href=\"http:\/\/www.ermaksan.com.tr\">\n\t\t\t\t\t\t<img alt=\"logo\" src=\"http:\/\/www.kovan.si\/wp-content\/uploads\/2016\/10\/Ermaksan-6.png\">\n\t\t\t\t\t<\/a>\n\t\t\t\t<\/div>\n\n\t\t\t\n\t\t\t\t\n\t\t\t\t<div class=\"item\">\n\t\t\t\t\t<a href=\"http:\/\/www.sahinlermetal.com\">\n\t\t\t\t\t\t<img alt=\"logo\" src=\"http:\/\/www.kovan.si\/wp-content\/uploads\/2016\/10\/Sahinler_Isitan-2.png\">\n\t\t\t\t\t<\/a>\n\t\t\t\t<\/div>\n\n\t\t\t\n\t\t\t\t\n\t\t\t\t<div class=\"item\">\n\t\t\t\t\t<a href=\"http:\/\/www.sic-marking.com\">\n\t\t\t\t\t\t<img alt=\"logo\" src=\"http:\/\/www.kovan.si\/wp-content\/uploads\/2016\/10\/SIC-2.png\">\n\t\t\t\t\t<\/a>\n\t\t\t\t<\/div>\n\n\t\t\t\n\t\t\t\t\n\t\t\t\t<div class=\"item\">\n\t\t\t\t\t<a href=\"http:\/\/www.geka.es\">\n\t\t\t\t\t\t<img alt=\"logo\" src=\"http:\/\/www.kovan.si\/wp-content\/uploads\/2016\/10\/Geka-1.png\">\n\t\t\t\t\t<\/a>\n\t\t\t\t<\/div>\n\n\t\t\t\n\t\t\t\t\n\t\t\t\t<div class=\"item\">\n\t\t\t\t\t<a href=\"www.tractel.com\">\n\t\t\t\t\t\t<img alt=\"logo\" src=\"http:\/\/www.kovan.si\/wp-content\/uploads\/2016\/10\/Tractel.png\">\n\t\t\t\t\t<\/a>\n\t\t\t\t<\/div>\n\n\t\t\t\t\t\t\n\t\t\t\n\t\t<\/div>\n\t<\/div>\n<\/div>\n\n[\/vc_column][\/vc_row]<\/p>\n","protected":false},"excerpt":{"rendered":"<p>[vc_row type=&#8221;full_page_width&#8221; padding_top=&#8221;&#8221; padding_bottom=&#8221;&#8221; css=&#8221;.vc_custom_1722933047471{margin-top: -30px !important;margin-bottom: 12px !important;}&#8221;][vc_column css=&#8221;.vc_custom_1451675335363{margin-bottom: -35px !important;padding-right: 0px !important;padding-left: 0px !important;}&#8221;][layerslider_vc id=&#8221;11&#8243;][\/vc_column][\/vc_row][vc_row full_width=&#8221;stretch_row&#8221; type=&#8221;container&#8221; padding_top=&#8221;&#8221; padding_bottom=&#8221;&#8221; css=&#8221;.vc_custom_1723914273275{margin-bottom: 12px !important;background-color: #ffffff !important;}&#8221;][vc_column][vc_column_text] Djelatnost poduze\u0107a KOVAN d.o.o. pro\u0161irili smo u 2024. godini i na djelatnost \u201eGRA\u0110EVINSKE MEHANIZACIJE\u201c, koja obuhva\u0107a vi\u0161e cjelina. [\/vc_column_text][\/vc_column][\/vc_row][vc_row full_width=&#8221;stretch_row&#8221; type=&#8221;container&#8221; css=&#8221;.vc_custom_1749189841397{padding-top: 30px !important;padding-bottom: 30px !important;background-color: #ffffff !important;}&#8221;][vc_column][vc_row_inner equal_height=&#8221;yes&#8221; [&hellip;]<\/p>\n","protected":false},"author":1,"featured_media":0,"parent":0,"menu_order":0,"comment_status":"closed","ping_status":"closed","template":"page-full-width.php","meta":[],"yst_prominent_words":[],"_links":{"self":[{"href":"https:\/\/www.kovan.si\/hr\/wp-json\/wp\/v2\/pages\/87688"}],"collection":[{"href":"https:\/\/www.kovan.si\/hr\/wp-json\/wp\/v2\/pages"}],"about":[{"href":"https:\/\/www.kovan.si\/hr\/wp-json\/wp\/v2\/types\/page"}],"author":[{"embeddable":true,"href":"https:\/\/www.kovan.si\/hr\/wp-json\/wp\/v2\/users\/1"}],"replies":[{"embeddable":true,"href":"https:\/\/www.kovan.si\/hr\/wp-json\/wp\/v2\/comments?post=87688"}],"version-history":[{"count":87,"href":"https:\/\/www.kovan.si\/hr\/wp-json\/wp\/v2\/pages\/87688\/revisions"}],"predecessor-version":[{"id":88800,"href":"https:\/\/www.kovan.si\/hr\/wp-json\/wp\/v2\/pages\/87688\/revisions\/88800"}],"wp:attachment":[{"href":"https:\/\/www.kovan.si\/hr\/wp-json\/wp\/v2\/media?parent=87688"}],"wp:term":[{"taxonomy":"yst_prominent_words","embeddable":true,"href":"https:\/\/www.kovan.si\/hr\/wp-json\/wp\/v2\/yst_prominent_words?post=87688"}],"curies":[{"name":"wp","href":"https:\/\/api.w.org\/{rel}","templated":true}]}}