{"id":88734,"date":"2024-08-20T06:56:31","date_gmt":"2024-08-20T06:56:31","guid":{"rendered":"https:\/\/www.kovan.si\/yuchai-u18-mini-excavator\/"},"modified":"2026-01-25T21:29:12","modified_gmt":"2026-01-25T21:29:12","slug":"yuchai-u18-mini-excavator-hr","status":"publish","type":"page","link":"https:\/\/www.kovan.si\/hr\/yuchai-gradevinska-mehanizacija\/yuchai-u18-mini-excavator-hr\/","title":{"rendered":"YUCHAI U18 PREMIUM"},"content":{"rendered":"<p>[vc_row type=&#8221;container&#8221; padding_top=&#8221;&#8221; padding_bottom=&#8221;&#8221; css=&#8221;.vc_custom_1449576470084{margin-bottom: 0px !important;}&#8221;][vc_column width=&#8221;1\/2&#8243;][vc_column_text]Prednosti modela:<\/p>\n<ul>\n<li>Motor Euro V \/ stupanj 4 (motor YANMAR)<\/li>\n<li>Teleskopsko podvozje<\/li>\n<li>Niska potro\u0161nja goriva<\/li>\n<li>Kabina\/streha koja se lako uklanja<\/li>\n<li>Jednostavno odr\u017eavanje<\/li>\n<li>Gumene gusjenice<\/li>\n<li>Vi\u0161enamjenski joystick<\/li>\n<li>Dvojni na\u010din kretanja<\/li>\n<li>3x AUX cijevi<\/li>\n<li>Automatski gas<\/li>\n<li>Protupo\u017earni aparat<\/li>\n<li>Ovjesno sjedalo<\/li>\n<li>Signalno svjetlo<\/li>\n<li>LCD monitor<\/li>\n<li>Vanjsko osvjetljenje na ruci<\/li>\n<li>Osvjetljenje sprijeda<\/li>\n<li>Osvjetljenje straga<\/li>\n<\/ul>\n<p>[\/vc_column_text][vc_row_inner][vc_column_inner][vc_btn title=&#8221;Bro\u0161ura YUCHAI U18 mini excavator&#8221; style=&#8221;classic&#8221; color=&#8221;orange&#8221; size=&#8221;sm&#8221; i_icon_fontawesome=&#8221;fa fa-file-pdf-o&#8221; link=&#8221;url:https%3A%2F%2Fwww.kovan.si%2Fwp-content%2Fuploads%2F2024%2F08%2Fbrosura-U18.pdf|title:Yochai%20%E2%80%93%20Gradbena%20Mehanizacija||&#8221; add_icon=&#8221;true&#8221;][\/vc_column_inner][\/vc_row_inner][vc_row_inner][vc_column_inner][vc_btn title=&#8221;Nju\u0161kalo oglas&#8221; style=&#8221;classic&#8221; color=&#8221;orange&#8221; size=&#8221;sm&#8221; i_icon_fontawesome=&#8221;fa fa-shopping-cart&#8221; link=&#8221;url:https%3A%2F%2Fwww.njuskalo.hr%2Fmini-bageri%2Ftrdnjava-1-1330-kocevje-slovenija-oglas-44769000|title:Yochai%20%E2%80%93%20Gradbena%20Mehanizacija||&#8221; add_icon=&#8221;true&#8221;][\/vc_column_inner][\/vc_row_inner][\/vc_column][vc_column width=&#8221;1\/2&#8243;][vc_gallery type=&#8221;nivo&#8221; interval=&#8221;3&#8243; images=&#8221;87913,87929,87925,87921,87917,87933&#8243; img_size=&#8221;large&#8221;][\/vc_column][\/vc_row][vc_row equal_height=&#8221;yes&#8221; content_placement=&#8221;bottom&#8221; disable_element=&#8221;yes&#8221; type=&#8221;container&#8221; el_class=&#8221;prednosti-row hidden&#8221;][vc_column width=&#8221;1\/2&#8243;][vc_single_image image=&#8221;87983&#8243; img_size=&#8221;large&#8221;][\/vc_column][vc_column width=&#8221;1\/2&#8243;][vc_cta h2=&#8221;Prilagodljivost&#8221;]Gornja ruka, deformacija bez stra\u017enjeg dijela, zamjenjive gusjenice, vi\u0161e od 40 vrsta priklju\u010daka, dvocijevna i \u010detverocijevna kabina te zamjenjiva kabina.[\/vc_cta][vc_cta h2=&#8221;Pobolj\u0161ana stabilnost&#8221;]Integrirana instalacija cijevi, stra\u017enji dio od lijevanog \u010delika, teleskopsko podvozje.[\/vc_cta][vc_cta h2=&#8221;Pobolj\u0161ana udobnost&#8221;]Visoko stra\u017enje sjedalo, pobolj\u0161ani upravlja\u010dki sustav.[\/vc_cta][\/vc_column][\/vc_row][vc_row type=&#8221;container&#8221;][vc_column][vc_separator color=&#8221;#e2e2e2&#8243; type=&#8221;normal&#8221; thickness=&#8221;1&#8243; up=&#8221;&#8221; down=&#8221;&#8221; el_class=&#8221;dotted&#8221;][vc_column_text]<\/p>\n<h4>Tehni\u010dki podaci<\/h4>\n<p>[\/vc_column_text][\/vc_column][\/vc_row][vc_row type=&#8221;container&#8221;][vc_column][vc_column_text]<\/p>\n<table>\n<tbody><!-- OSNOVNI PARAMETRI --><\/p>\n<tr class=\"first\">\n<th colspan=\"2\">OSNOVNI PARAMETRI<\/th>\n<\/tr>\n<tr class=\"second\">\n<td>Te\u017eina stroja<\/td>\n<td>1800\/1880 kg<\/td>\n<\/tr>\n<tr class=\"first\">\n<td>Kapacitet \u017elice<\/td>\n<td>0,05 m\u00b3<\/td>\n<\/tr>\n<tr class=\"second\">\n<td>\u0160irina \u017elice<\/td>\n<td>470 mm<\/td>\n<\/tr>\n<p><!-- PARAMETRI RADA --><\/p>\n<tr class=\"first\">\n<th colspan=\"2\">PARAMETRI RADA<\/th>\n<\/tr>\n<tr class=\"second\">\n<td>Motor<\/td>\n<td>YANMAR 3TNV88 \/ 3TNV88F<\/td>\n<\/tr>\n<tr class=\"first\">\n<td>Snaga motora<\/td>\n<td>14,5\/2400 \u2013 15,2\/2500 kW\/rpm<\/td>\n<\/tr>\n<tr class=\"second\">\n<td>Najve\u0107i uspon<\/td>\n<td>30\u00b0<\/td>\n<\/tr>\n<tr class=\"first\">\n<td>Najve\u0107a sila kopanja ruke<\/td>\n<td>9,5 kN<\/td>\n<\/tr>\n<tr class=\"second\">\n<td>Najve\u0107a sila kopanja \u017elice<\/td>\n<td>17,2 kN<\/td>\n<\/tr>\n<tr class=\"first\">\n<td>Brzina kretanja<\/td>\n<td>2\/4 km\/h<\/td>\n<\/tr>\n<tr class=\"second\">\n<td>Najve\u0107a vu\u010dna sila<\/td>\n<td>22 kN<\/td>\n<\/tr>\n<tr class=\"first\">\n<td>Brzina rotacije platforme<\/td>\n<td>11 rpm<\/td>\n<\/tr>\n<p><!-- RADNI PARAMETRI --><\/p>\n<tr class=\"second\">\n<th colspan=\"2\">RADNI PARAMETRI<\/th>\n<\/tr>\n<tr class=\"first\">\n<td>Najve\u0107a visina kopanja<\/td>\n<td>3615 mm<\/td>\n<\/tr>\n<tr class=\"second\">\n<td>Najve\u0107a dubina kopanja<\/td>\n<td>2300 mm<\/td>\n<\/tr>\n<tr class=\"first\">\n<td>Najve\u0107i radijus kopanja<\/td>\n<td>4125 mm<\/td>\n<\/tr>\n<tr class=\"second\">\n<td>Najve\u0107i radijus kopanja na ravnoj povr\u0161ini<\/td>\n<td>4060 mm<\/td>\n<\/tr>\n<tr class=\"first\">\n<td>Najve\u0107a visina istovara<\/td>\n<td>2500 mm<\/td>\n<\/tr>\n<tr class=\"second\">\n<td>Najve\u0107i radijus okretanja<\/td>\n<td>1690 mm<\/td>\n<\/tr>\n<tr class=\"first\">\n<td>Najve\u0107a vertikalna dubina kopanja<\/td>\n<td>1905 mm<\/td>\n<\/tr>\n<p><!-- TRANSPORTNE DIMENZIJE --><\/p>\n<tr class=\"second\">\n<th colspan=\"2\">TRANSPORTNE DIMENZIJE<\/th>\n<\/tr>\n<tr class=\"first\">\n<td>Ukupna duljina<\/td>\n<td>3750 mm<\/td>\n<\/tr>\n<tr class=\"second\">\n<td>Ukupna \u0161irina<\/td>\n<td>1080 mm<\/td>\n<\/tr>\n<tr class=\"first\">\n<td>Ukupna visina<\/td>\n<td>2350\/2365 mm<\/td>\n<\/tr>\n<p><!-- OSTALI PARAMETRI --><\/p>\n<tr class=\"second\">\n<th colspan=\"2\">OSTALI PARAMETRI<\/th>\n<\/tr>\n<tr class=\"first\">\n<td>\u0160irina podvozja<\/td>\n<td>1080\/1400 mm<\/td>\n<\/tr>\n<tr class=\"second\">\n<td>Duljina gazi\u0161ta<\/td>\n<td>1585 mm<\/td>\n<\/tr>\n<tr class=\"first\">\n<td>\u0160irina gazi\u0161ta<\/td>\n<td>230 mm<\/td>\n<\/tr>\n<tr class=\"second\">\n<td>Visina izme\u0111u podvozja i tla<\/td>\n<td>145 mm<\/td>\n<\/tr>\n<tr class=\"first\">\n<td>Visina izme\u0111u platforme i tla<\/td>\n<td>465 mm<\/td>\n<\/tr>\n<tr class=\"second\">\n<td>Polumjer okretanja stra\u017enjeg dijela<\/td>\n<td>700 mm<\/td>\n<\/tr>\n<tr class=\"first\">\n<td>Udaljenost izme\u0111u sredi\u0161ta valjaka<\/td>\n<td>1230 mm<\/td>\n<\/tr>\n<tr class=\"second\">\n<td>Zapremina spremnika za gorivo<\/td>\n<td>25 L<\/td>\n<\/tr>\n<tr class=\"first\">\n<td>Zapremina spremnika za hidrauli\u010dko ulje<\/td>\n<td>21,5 L<\/td>\n<\/tr>\n<tr class=\"second\">\n<td>\u0160irina tra\u010dnica<\/td>\n<td>850\/1170 mm<\/td>\n<\/tr>\n<tr class=\"first\">\n<td>Radni tlak<\/td>\n<td>24 Mpa<\/td>\n<\/tr>\n<tr class=\"second\">\n<td>Duljina ruke<\/td>\n<td>950 mm<\/td>\n<\/tr>\n<tr class=\"first\">\n<td>Duljina okvira<\/td>\n<td>1828 mm<\/td>\n<\/tr>\n<tr class=\"second\">\n<td>Kut upravlja\u010dke glave<\/td>\n<td>60\u00b0(L)\/70\u00b0<\/td>\n<\/tr>\n<tr class=\"first\">\n<td>Protok<\/td>\n<td>61,6 L\/Min<\/td>\n<\/tr>\n<\/tbody>\n<\/table>\n<p>[\/vc_column_text][\/vc_column][\/vc_row][vc_row type=&#8221;container&#8221; padding_top=&#8221;&#8221; padding_bottom=&#8221;&#8221; css=&#8221;.vc_custom_1444503683289{margin-bottom: 0px !important;}&#8221;][vc_column][vc_separator color=&#8221;#e2e2e2&#8243; type=&#8221;normal&#8221; thickness=&#8221;1&#8243; up=&#8221;&#8221; down=&#8221;&#8221; el_class=&#8221;dotted&#8221;][\/vc_column][\/vc_row][vc_row type=&#8221;container&#8221; padding_top=&#8221;&#8221; padding_bottom=&#8221;&#8221;][vc_column]<div role=\"form\" class=\"wpcf7\" id=\"wpcf7-f73272-o1\" lang=\"en-US\" dir=\"ltr\">\n<div class=\"screen-reader-response\"><\/div>\n<form action=\"\/hr\/wp-json\/wp\/v2\/pages\/88734#wpcf7-f73272-o1\" method=\"post\" class=\"wpcf7-form\" novalidate=\"novalidate\">\n<div style=\"display: none;\">\n<input type=\"hidden\" name=\"_wpcf7\" value=\"73272\" \/>\n<input type=\"hidden\" name=\"_wpcf7_version\" value=\"5.1.5\" \/>\n<input type=\"hidden\" name=\"_wpcf7_locale\" value=\"en_US\" \/>\n<input type=\"hidden\" name=\"_wpcf7_unit_tag\" value=\"wpcf7-f73272-o1\" \/>\n<input type=\"hidden\" name=\"_wpcf7_container_post\" value=\"0\" \/>\n<\/div>\n<p><br><\/p>\n<div class=\"container\">\n<div class=\"vc_row wpb_row vc_row-fluid\">\n<div class=\"wpb_column vc_column_container vc_col-sm-6\">\n<div class=\"vc_column-inner \">\n<div class=\"wpb_wrapper\">\n<div class=\"wpb_text_column wpb_content_element \">\n<div class=\"wpb_wrapper\">\n<h2>Dobite ponudu<\/h2>\n<\/p><\/div><\/div>\n<\/div>\n<\/div>\n<\/div>\n<div class=\"wpb_column vc_column_container vc_col-sm-6\">\n<div class=\"vc_column-inner \">\n<div class=\"wpb_wrapper\">\n<div class=\"separator  transparent   \" style=\"margin-top:21px;\"><\/div>\n<div style=\"margin-bottom:0px;\" class=\"wpb_text_column wpb_content_element  vc_custom_1488306207636\">\n<div class=\"wpb_wrapper\">\n<p style=\"margin-bottom:0px;\">Ili dobite savjet od kvalificiranog savjetnika<\/p>\n<\/p><\/div><\/div>\n<div class=\"vc_btn3-container vc_btn3-inline\"><a class=\"call-proizvodni vc_general vc_btn3 vc_btn3-size-md vc_btn3-shape-rounded vc_btn3-style-modern vc_btn3-icon-left vc_btn3-color-warning\" href=\"tel:00 386 40 415 041\" title=\"\"><i class=\"vc_btn3-icon fa fa-volume-control-phone\"><\/i> Pozovite 00386 (0)40 415 041<\/a><\/div>\n<\/div>\n<\/div>\n<\/div>\n<\/div>\n<\/div>\n<div class=\"row\">\n<div class=\"col-lg-6 col-md-6\">\n<p>Va\u0161e ime*<br \/>\n    <span class=\"wpcf7-form-control-wrap your-name\"><input type=\"text\" name=\"your-name\" value=\"\" size=\"40\" class=\"wpcf7-form-control wpcf7-text wpcf7-validates-as-required\" aria-required=\"true\" aria-invalid=\"false\" \/><\/span> <\/p>\n<p>Va\u0161a epo\u0161ta*<br \/>\n    <span class=\"wpcf7-form-control-wrap your-email\"><input type=\"email\" name=\"your-email\" value=\"\" size=\"40\" class=\"wpcf7-form-control wpcf7-text wpcf7-email wpcf7-validates-as-required wpcf7-validates-as-email\" aria-required=\"true\" aria-invalid=\"false\" \/><\/span> <\/p>\n<p>Va\u0161 tel.broj*<br \/>\n<span class=\"wpcf7-form-control-wrap your-phone\"><input type=\"tel\" name=\"your-phone\" value=\"\" size=\"40\" class=\"wpcf7-form-control wpcf7-text wpcf7-tel wpcf7-validates-as-required wpcf7-validates-as-tel\" aria-required=\"true\" aria-invalid=\"false\" \/><\/span><\/p>\n<p>Ime produze\u010da<br \/>\n    <span class=\"wpcf7-form-control-wrap company-name\"><input type=\"text\" name=\"company-name\" value=\"\" size=\"40\" class=\"wpcf7-form-control wpcf7-text\" aria-invalid=\"false\" \/><\/span> <\/p>\n<\/div>\n<div class=\"col-lg-6 col-md-6\">\n<p>Va\u0161e zahtjeve<br \/>\n    <span class=\"wpcf7-form-control-wrap your-requirements\"><textarea name=\"your-requirements\" cols=\"40\" rows=\"10\" class=\"wpcf7-form-control wpcf7-textarea\" aria-invalid=\"false\"><\/textarea><\/span> <\/p>\n<\/div>\n<\/div>\n<p><input type=\"submit\" value=\"\u0160alji\" class=\"wpcf7-form-control wpcf7-submit\" \/><\/p>\n<div class=\"wpcf7-response-output wpcf7-display-none\"><\/div><\/form><\/div>[\/vc_column][\/vc_row]<\/p>\n","protected":false},"excerpt":{"rendered":"<p>[vc_row type=&#8221;container&#8221; padding_top=&#8221;&#8221; padding_bottom=&#8221;&#8221; css=&#8221;.vc_custom_1449576470084{margin-bottom: 0px !important;}&#8221;][vc_column width=&#8221;1\/2&#8243;][vc_column_text]Prednosti modela: Motor Euro V \/ stupanj 4 (motor YANMAR) Teleskopsko podvozje Niska potro\u0161nja goriva Kabina\/streha koja se lako uklanja Jednostavno odr\u017eavanje Gumene gusjenice Vi\u0161enamjenski joystick Dvojni na\u010din kretanja 3x AUX cijevi Automatski gas Protupo\u017earni aparat Ovjesno sjedalo Signalno svjetlo LCD monitor Vanjsko osvjetljenje na ruci Osvjetljenje sprijeda [&hellip;]<\/p>\n","protected":false},"author":1,"featured_media":87913,"parent":88738,"menu_order":0,"comment_status":"closed","ping_status":"closed","template":"","meta":[],"yst_prominent_words":[],"_links":{"self":[{"href":"https:\/\/www.kovan.si\/hr\/wp-json\/wp\/v2\/pages\/88734"}],"collection":[{"href":"https:\/\/www.kovan.si\/hr\/wp-json\/wp\/v2\/pages"}],"about":[{"href":"https:\/\/www.kovan.si\/hr\/wp-json\/wp\/v2\/types\/page"}],"author":[{"embeddable":true,"href":"https:\/\/www.kovan.si\/hr\/wp-json\/wp\/v2\/users\/1"}],"replies":[{"embeddable":true,"href":"https:\/\/www.kovan.si\/hr\/wp-json\/wp\/v2\/comments?post=88734"}],"version-history":[{"count":6,"href":"https:\/\/www.kovan.si\/hr\/wp-json\/wp\/v2\/pages\/88734\/revisions"}],"predecessor-version":[{"id":88887,"href":"https:\/\/www.kovan.si\/hr\/wp-json\/wp\/v2\/pages\/88734\/revisions\/88887"}],"up":[{"embeddable":true,"href":"https:\/\/www.kovan.si\/hr\/wp-json\/wp\/v2\/pages\/88738"}],"wp:featuredmedia":[{"embeddable":true,"href":"https:\/\/www.kovan.si\/hr\/wp-json\/wp\/v2\/media\/87913"}],"wp:attachment":[{"href":"https:\/\/www.kovan.si\/hr\/wp-json\/wp\/v2\/media?parent=88734"}],"wp:term":[{"taxonomy":"yst_prominent_words","embeddable":true,"href":"https:\/\/www.kovan.si\/hr\/wp-json\/wp\/v2\/yst_prominent_words?post=88734"}],"curies":[{"name":"wp","href":"https:\/\/api.w.org\/{rel}","templated":true}]}}