{"id":88738,"date":"2024-08-06T12:35:28","date_gmt":"2024-08-06T12:35:28","guid":{"rendered":"https:\/\/www.kovan.si\/yuchai-gradbena-mehanizacija\/"},"modified":"2026-02-03T19:54:38","modified_gmt":"2026-02-03T19:54:38","slug":"yuchai-gradevinska-mehanizacija","status":"publish","type":"page","link":"https:\/\/www.kovan.si\/hr\/yuchai-gradevinska-mehanizacija\/","title":{"rendered":"Yuchai &#8211; Gra\u0111evinska mehanizacija"},"content":{"rendered":"<p>[vc_row full_width=&#8221;stretch_row_content_no_spaces&#8221; type=&#8221;container&#8221;][vc_column][layerslider_vc id=&#8221;10&#8243;][\/vc_column][\/vc_row][vc_row type=&#8221;container&#8221;][vc_column][vc_column_text]Program Yuchai obuhva\u0107a nove strojeve za zemljane radove, poput bagera na gumama ili gusjenicama, sa snagom od 1,7 tona do 47 tona. Osim samog stroja,<br \/>\nmo\u017eemo ponuditi i dodatke kao \u0161to su: hidrauli\u010dno prihva\u0107anje priklju\u010daka, iskopna \u017elica, planirna \u017elica, nagibna \u017elica, udarni \u010deki\u0107, sjetvena \u017elica, \u201egreifer\u201c hvataljka,<br \/>\nbu\u0161ilica, dodatna hidrauli\u010dna hvataljka na \u017elici za premje\u0161tanje rubnjaka, kamenja i sli\u010dno.<\/p>\n<p>Tvrtka Yuchai u svom prodajnom programu nudi i elektri\u010dne utovariva\u010de \u201eBobcat\u201c, hvataljke i reza\u010de za potrebe \u0161umarstva, kao i opremu za bu\u0161enje.[\/vc_column_text][\/vc_column][\/vc_row][vc_row full_width=&#8221;stretch_row&#8221; type=&#8221;container&#8221; css=&#8221;.vc_custom_1724354179882{padding-top: 0px !important;padding-bottom: 30px !important;}&#8221; el_class=&#8221;bager-row&#8221;][vc_column width=&#8221;1\/3&#8243;][vc_single_image image=&#8221;88725&#8243; img_size=&#8221;full&#8221; alignment=&#8221;center&#8221; onclick=&#8221;custom_link&#8221;][vc_custom_heading text=&#8221;YUCHAI YC12&#8243; use_theme_fonts=&#8221;yes&#8221;][vc_column_text]<\/p>\n<ul>\n<li>Te\u017eina stroja:\u2026\u2026\u2026\u2026\u2026.<strong>1000 kg<\/strong><\/li>\n<li>Kapacitet \u017elice:\u2026\u2026..<strong>0,02 m\u00b3<\/strong><\/li>\n<li>\u0160irina \u017elice:\u2026\u2026\u2026\u2026\u2026.<strong>356 mm<\/strong><\/li>\n<\/ul>\n<p><a class=\"more-link\" href=\"https:\/\/www.kovan.si\/hr\/yuchai-gradevinska-mehanizacija\/yuchai-yc12\/\">Pro\u010ditajte vi\u0161e<\/a>[\/vc_column_text][\/vc_column][vc_column width=&#8221;1\/3&#8243;][vc_single_image image=&#8221;87739&#8243; img_size=&#8221;full&#8221; onclick=&#8221;custom_link&#8221; link=&#8221;https:\/\/www.kovan.si\/hr\/yuchai-gradevinska-mehanizacija\/yuchai-u18-mini-excavator\/&#8221;][vc_custom_heading text=&#8221;YUCHAI U18 Premium&#8221; use_theme_fonts=&#8221;yes&#8221; link=&#8221;url:https%3A%2F%2Fwww.kovan.si%2Fhr%2Fyuchai-gradevinska-mehanizacija%2Fyuchai-u18-mini-excavator%2F|||&#8221;][vc_column_text]<\/p>\n<ul>\n<li>Te\u017eina stroja:\u2026\u2026\u2026\u2026<strong>1800\/1880 kg<\/strong><\/li>\n<li>Kapacitet \u017elice:\u2026\u2026..<strong>0,05 m\u00b3<\/strong><\/li>\n<li>\u0160irina \u017elice:\u2026\u2026\u2026\u2026\u2026.<strong>470 mm<\/strong><\/li>\n<\/ul>\n<p><a class=\"more-link\" href=\"https:\/\/www.kovan.si\/hr\/yuchai-gradevinska-mehanizacija\/yuchai-u18-mini-excavator\/\">Pro\u010ditajte vi\u0161e<\/a>[\/vc_column_text][\/vc_column][vc_column width=&#8221;1\/3&#8243;][vc_single_image image=&#8221;87995&#8243; img_size=&#8221;full&#8221; onclick=&#8221;custom_link&#8221; link=&#8221;https:\/\/www.kovan.si\/hr\/yuchai-gradevinska-mehanizacija\/yuchai-u20-premium\/&#8221;][vc_custom_heading text=&#8221;YUCHAI U20 PREMIUM&#8221; use_theme_fonts=&#8221;yes&#8221; link=&#8221;url:https%3A%2F%2Fwww.kovan.si%2Fhr%2Fyuchai-gradevinska-mehanizacija%2Fyuchai-u20-premium%2F|||&#8221;][vc_column_text]<\/p>\n<ul>\n<li>Te\u017eina stroja:\u2026\u2026\u2026\u2026\u2026.<strong>1800\/2000 kg<\/strong><\/li>\n<li>Kapacitet \u017elice:\u2026\u2026..<strong>0,05 m\u00b3<\/strong><\/li>\n<li>\u0160irina \u017elice:\u2026\u2026\u2026\u2026\u2026.<strong>470 mm<\/strong><\/li>\n<\/ul>\n<p><a class=\"more-link\" href=\"https:\/\/www.kovan.si\/hr\/yuchai-gradevinska-mehanizacija\/yuchai-u20-premium\/\">Pro\u010ditajte vi\u0161e<\/a>[\/vc_column_text][\/vc_column][\/vc_row][vc_row full_width=&#8221;stretch_row&#8221; type=&#8221;container&#8221; css=&#8221;.vc_custom_1724354179882{padding-top: 0px !important;padding-bottom: 30px !important;}&#8221; el_class=&#8221;bager-row&#8221;][vc_column width=&#8221;1\/3&#8243;][vc_single_image image=&#8221;87867&#8243; img_size=&#8221;full&#8221; onclick=&#8221;custom_link&#8221; link=&#8221;https:\/\/www.kovan.si\/hr\/yuchai-gradevinska-mehanizacija\/yuchai-u27-premium\/&#8221;][vc_custom_heading text=&#8221;YUCHAI U27 Premium&#8221; use_theme_fonts=&#8221;yes&#8221; link=&#8221;url:https%3A%2F%2Fwww.kovan.si%2Fhr%2Fyuchai-gradevinska-mehanizacija%2Fyuchai-u27-premium%2F|||&#8221;][vc_column_text]<\/p>\n<ul>\n<li>Te\u017eina stroja:\u2026\u2026\u2026\u2026\u2026.<strong>2600\/2740 kg<\/strong><\/li>\n<li>Kapacitet \u017elice:\u2026\u2026..<strong>0,09 m\u00b3<\/strong><\/li>\n<li>\u0160irina \u017elice:\u2026\u2026\u2026\u2026\u2026.<strong>510 mm<\/strong><\/li>\n<\/ul>\n<p><a class=\"more-link\" href=\"https:\/\/www.kovan.si\/hr\/yuchai-gradevinska-mehanizacija\/yuchai-u27-premium\/\">Pro\u010ditajte vi\u0161e<\/a>[\/vc_column_text][\/vc_column][vc_column width=&#8221;1\/3&#8243;][vc_single_image image=&#8221;88105&#8243; img_size=&#8221;full&#8221; onclick=&#8221;custom_link&#8221; link=&#8221;https:\/\/www.kovan.si\/hr\/yuchai-gradevinska-mehanizacija\/yuchai-u35-premium\/&#8221;][vc_custom_heading text=&#8221;YUCHAI U35 Premium&#8221; use_theme_fonts=&#8221;yes&#8221; link=&#8221;url:https%3A%2F%2Fwww.kovan.si%2Fhr%2Fyuchai-gradevinska-mehanizacija%2Fyuchai-u35-premium%2F|||&#8221;][vc_column_text]<\/p>\n<ul>\n<li>Te\u017eina stroja:\u2026\u2026\u2026\u2026\u2026.<strong>3860 kg<\/strong><\/li>\n<li>Kapacitet \u017elice:\u2026\u2026..<strong>0,12 m\u00b3<\/strong><\/li>\n<li>\u0160irina \u017elice:\u2026\u2026\u2026\u2026\u2026.<strong>617 mm<\/strong><\/li>\n<\/ul>\n<p><a class=\"more-link\" href=\"https:\/\/www.kovan.si\/hr\/yuchai-gradevinska-mehanizacija\/yuchai-u35-premium\/\">Pro\u010ditajte vi\u0161e<\/a>[\/vc_column_text][\/vc_column][vc_column width=&#8221;1\/3&#8243;][vc_single_image image=&#8221;88904&#8243; img_size=&#8221;full&#8221; onclick=&#8221;custom_link&#8221; link=&#8221;https:\/\/www.kovan.si\/hr\/yuchai-gradevinska-mehanizacija\/yuchai-yc60-premium\/&#8221;][vc_custom_heading text=&#8221;YUCHAI U60 Premium&#8221; use_theme_fonts=&#8221;yes&#8221; link=&#8221;url:https%3A%2F%2Fwww.kovan.si%2Fhr%2Fyuchai-gradevinska-mehanizacija%2Fyuchai-yc60-premium%2F|||&#8221;][vc_column_text]<\/p>\n<ul>\n<li>Te\u017eina stroja:\u2026\u2026\u2026\u2026\u2026.<strong>5600 kg<\/strong><\/li>\n<li>Kapacitet \u017elice:\u2026\u2026..<strong>0,18 m\u00b3<\/strong><\/li>\n<li>\u0160irina \u017elice:\u2026\u2026\u2026\u2026\u2026.<strong>1960&#215;420 mm<\/strong><\/li>\n<\/ul>\n<p><a class=\"more-link\" href=\"https:\/\/www.kovan.si\/hr\/yuchai-gradevinska-mehanizacija\/yuchai-yc60-premium\/\">Pro\u010ditajte vi\u0161e<\/a>[\/vc_column_text][\/vc_column][\/vc_row][vc_row full_width=&#8221;stretch_row&#8221; type=&#8221;container&#8221; css=&#8221;.vc_custom_1724354179882{padding-top: 0px !important;padding-bottom: 30px !important;}&#8221; el_class=&#8221;bager-row&#8221;][vc_column width=&#8221;1\/3&#8243;][vc_single_image image=&#8221;87882&#8243; img_size=&#8221;full&#8221; onclick=&#8221;custom_link&#8221; link=&#8221;https:\/\/www.kovan.si\/hr\/yuchai-gradevinska-mehanizacija\/yuchai-yc80-premium\/&#8221;][vc_custom_heading text=&#8221;YUCHAI YC80 Premium&#8221; use_theme_fonts=&#8221;yes&#8221; link=&#8221;url:https%3A%2F%2Fwww.kovan.si%2Fhr%2Fyuchai-gradevinska-mehanizacija%2Fyuchai-yc80-premium%2F|||&#8221;][vc_column_text]<\/p>\n<ul>\n<li>Te\u017eina stroja:\u2026\u2026\u2026\u2026\u2026.<strong>7800 kg<\/strong><\/li>\n<li>Kapacitet \u017elice:\u2026\u2026..<strong>0,26 m\u00b3<\/strong><\/li>\n<li>\u0160irina \u017elice:\u2026\u2026\u2026\u2026\u2026.<strong>845 mm<\/strong><\/li>\n<\/ul>\n<p><a class=\"more-link\" href=\"https:\/\/www.kovan.si\/hr\/yuchai-gradevinska-mehanizacija\/yuchai-yc80-premium\/\">Pro\u010ditajte vi\u0161e<\/a>[\/vc_column_text][\/vc_column][vc_column width=&#8221;1\/3&#8243;][vc_single_image image=&#8221;88694&#8243; img_size=&#8221;full&#8221; onclick=&#8221;custom_link&#8221; link=&#8221;https:\/\/www.kovan.si\/hr\/yuchai-gradevinska-mehanizacija\/yuchai-yc135-premium\/&#8221;][vc_custom_heading text=&#8221;YUCHAI YC135&#8243; use_theme_fonts=&#8221;yes&#8221; link=&#8221;url:https%3A%2F%2Fwww.kovan.si%2Fhr%2Fyuchai-gradevinska-mehanizacija%2Fyuchai-yc135-premium%2F|||&#8221;][vc_column_text]<\/p>\n<ul>\n<li>Te\u017eina stroja:\u2026\u2026\u2026\u2026\u2026.<strong>13800 kg<\/strong><\/li>\n<li>Kapacitet \u017elice:\u2026\u2026..<strong>0,52 m\u00b3<\/strong><\/li>\n<li>\u0160irina \u017elice:\u2026\u2026\u2026\u2026\u2026.<strong>934 mm<\/strong><\/li>\n<\/ul>\n<p><a class=\"more-link\" href=\"https:\/\/www.kovan.si\/hr\/yuchai-gradevinska-mehanizacija\/yuchai-yc135-premium\/\">Pro\u010ditajte vi\u0161e<\/a>[\/vc_column_text][\/vc_column][vc_column width=&#8221;1\/3&#8243;][vc_single_image image=&#8221;88706&#8243; img_size=&#8221;full&#8221; onclick=&#8221;custom_link&#8221; link=&#8221;https:\/\/www.kovan.si\/hr\/yuchai-gradevinska-mehanizacija\/yuchai-yc215-premium\/&#8221;][vc_custom_heading text=&#8221;YUCHAI YC215&#8243; use_theme_fonts=&#8221;yes&#8221; link=&#8221;url:https%3A%2F%2Fwww.kovan.si%2Fhr%2Fyuchai-gradevinska-mehanizacija%2Fyuchai-yc215-premium%2F|||&#8221;][vc_column_text]<\/p>\n<ul>\n<li>Te\u017eina stroja:\u2026\u2026\u2026\u2026\u2026.<strong>22300 kg<\/strong><\/li>\n<li>Kapacitet \u017elice:\u2026\u2026..<strong>0,9 &#8211; 1,1 m\u00b3<\/strong><\/li>\n<li>Snaga motora: <strong>140\/2200 kW\/rpm<\/strong><\/li>\n<\/ul>\n<p><a class=\"more-link\" href=\"https:\/\/www.kovan.si\/hr\/yuchai-gradevinska-mehanizacija\/yuchai-yc215-premium\/\">Pro\u010ditajte vi\u0161e<\/a>[\/vc_column_text][\/vc_column][\/vc_row]<\/p>\n","protected":false},"excerpt":{"rendered":"<p>[vc_row full_width=&#8221;stretch_row_content_no_spaces&#8221; type=&#8221;container&#8221;][vc_column][layerslider_vc id=&#8221;10&#8243;][\/vc_column][\/vc_row][vc_row type=&#8221;container&#8221;][vc_column][vc_column_text]Program Yuchai obuhva\u0107a nove strojeve za zemljane radove, poput bagera na gumama ili gusjenicama, sa snagom od 1,7 tona do 47 tona. Osim samog stroja, mo\u017eemo ponuditi i dodatke kao \u0161to su: hidrauli\u010dno prihva\u0107anje priklju\u010daka, iskopna \u017elica, planirna \u017elica, nagibna \u017elica, udarni \u010deki\u0107, sjetvena \u017elica, \u201egreifer\u201c hvataljka, bu\u0161ilica, dodatna hidrauli\u010dna hvataljka [&hellip;]<\/p>\n","protected":false},"author":1,"featured_media":0,"parent":0,"menu_order":0,"comment_status":"closed","ping_status":"closed","template":"page-full-width.php","meta":[],"yst_prominent_words":[],"_links":{"self":[{"href":"https:\/\/www.kovan.si\/hr\/wp-json\/wp\/v2\/pages\/88738"}],"collection":[{"href":"https:\/\/www.kovan.si\/hr\/wp-json\/wp\/v2\/pages"}],"about":[{"href":"https:\/\/www.kovan.si\/hr\/wp-json\/wp\/v2\/types\/page"}],"author":[{"embeddable":true,"href":"https:\/\/www.kovan.si\/hr\/wp-json\/wp\/v2\/users\/1"}],"replies":[{"embeddable":true,"href":"https:\/\/www.kovan.si\/hr\/wp-json\/wp\/v2\/comments?post=88738"}],"version-history":[{"count":7,"href":"https:\/\/www.kovan.si\/hr\/wp-json\/wp\/v2\/pages\/88738\/revisions"}],"predecessor-version":[{"id":88909,"href":"https:\/\/www.kovan.si\/hr\/wp-json\/wp\/v2\/pages\/88738\/revisions\/88909"}],"wp:attachment":[{"href":"https:\/\/www.kovan.si\/hr\/wp-json\/wp\/v2\/media?parent=88738"}],"wp:term":[{"taxonomy":"yst_prominent_words","embeddable":true,"href":"https:\/\/www.kovan.si\/hr\/wp-json\/wp\/v2\/yst_prominent_words?post=88738"}],"curies":[{"name":"wp","href":"https:\/\/api.w.org\/{rel}","templated":true}]}}